{"id":2747,"date":"2021-01-05T16:47:58","date_gmt":"2021-01-05T21:47:58","guid":{"rendered":"https:\/\/www.moneybob.com\/home\/"},"modified":"2026-04-07T17:08:01","modified_gmt":"2026-04-07T17:08:01","slug":"home-2","status":"publish","type":"page","link":"https:\/\/www.moneybob.com\/es\/","title":{"rendered":"Home"},"content":{"rendered":"<div class=\"gb-container gb-container-c1f1455e\"><div class=\"gb-inside-container\">\n<div class=\"gb-grid-wrapper gb-grid-wrapper-3ad94129\">\n<div class=\"gb-grid-column gb-grid-column-a9445b77\"><div class=\"gb-container gb-container-a9445b77\"><div class=\"gb-inside-container\">\n\n<h1 class=\"gb-headline gb-headline-6758775c gb-headline-text\">Comparador financiero con las mejores ofertas<\/h1>\n\n\n\n<p class=\"has-base-3-color has-text-color has-link-color wp-elements-1c0361e4dd1422c303155eee409254f7\"><strong>Comparar cuentas, pr\u00e9stamos, tarjetas y m\u00e1s<\/strong>&#8230;<\/p>\n\n\n<div class=\"gb-button-wrapper gb-button-wrapper-d82ba490\">\n\n<a class=\"gb-button gb-button-03be1ffa button\" href=\"#productos\"><span class=\"gb-icon\"><svg aria-hidden=\"true\" role=\"img\" height=\"1em\" width=\"1em\" viewBox=\"0 0 256 512\" xmlns=\"http:\/\/www.w3.org\/2000\/svg\"><path fill=\"currentColor\" d=\"M224.3 273l-136 136c-9.4 9.4-24.6 9.4-33.9 0l-22.6-22.6c-9.4-9.4-9.4-24.6 0-33.9l96.4-96.4-96.4-96.4c-9.4-9.4-9.4-24.6 0-33.9L54.3 103c9.4-9.4 24.6-9.4 33.9 0l136 136c9.5 9.4 9.5 24.6.1 34z\"><\/path><\/svg><\/span><span class=\"gb-button-text\">Ver todos los productos y empezar a comparar<\/span><\/a>\n\n<\/div>\n<\/div><\/div><\/div>\n\n<div class=\"gb-grid-column gb-grid-column-b646afd2\"><div class=\"gb-container gb-container-b646afd2\"><div class=\"gb-inside-container\">\n<div class=\"wp-block-image is-resized\">\n<figure class=\"aligncenter size-full\"><img loading=\"lazy\" decoding=\"async\" width=\"545\" height=\"457\" src=\"https:\/\/www.moneybob.com\/wp-content\/uploads\/home-moneybob.png\" alt=\"Moneybob Espa\u00f1a\" class=\"wp-image-7593\" style=\"object-fit:cover\" title=\"\" srcset=\"https:\/\/www.moneybob.com\/wp-content\/uploads\/home-moneybob.png 545w, https:\/\/www.moneybob.com\/wp-content\/uploads\/home-moneybob-300x252.png 300w\" sizes=\"auto, (max-width: 545px) 100vw, 545px\" \/><\/figure>\n<\/div>\n<\/div><\/div><\/div>\n<\/div>\n<\/div><div class=\"gb-shapes\"><div class=\"gb-shape gb-shape-1\"><svg xmlns=\"http:\/\/www.w3.org\/2000\/svg\" viewBox=\"0 0 1200 100\" preserveAspectRatio=\"none\"><path d=\"M1200 100H0V0l400 77.2L1200 0z\"\/><\/svg><\/div><\/div><\/div>\n\n<div class=\"gb-container gb-container-4be02b6a\"><div class=\"gb-inside-container\">\n<div class=\"gb-grid-wrapper gb-grid-wrapper-bb5d0db5\">\n<div class=\"gb-grid-column gb-grid-column-50c092b4\"><div class=\"gb-container gb-container-50c092b4\"><div class=\"gb-inside-container\"><\/div><\/div><\/div>\n\n<div class=\"gb-grid-column gb-grid-column-b733da9b\"><div class=\"gb-container gb-container-b733da9b\"><div class=\"gb-inside-container\">\n\n<h2 class=\"gb-headline gb-headline-18b900c7 gb-headline-text\">Un sitio web de comparaci\u00f3n financiera global<\/h2>\n\n\n\n<p>Todo empez\u00f3 con una idea durante una sesi\u00f3n de brainstorming.. <em>Somos muy buenos ayudando a la gente a comparar productos financieros, y ya lo hacemos en varios pa\u00edses europeos. As\u00ed que, \u00bfpor qu\u00e9 no ampliar nuestro alcance y lanzar un sitio web global en el que podamos ayudar a personas de todo el mundo a tomar las decisiones financieras correctas?<\/em><\/p>\n\n\n\n<p>As\u00ed que en septiembre de 2021 decidimos convertir esta idea en realidad y lanzar Moneybob.com.<\/p>\n\n\n\n<p>Inicialmente nos hemos lanzado en dos pa\u00edses (Pa\u00edses Bajos y Espa\u00f1a) y tenemos la misi\u00f3n de ampliar nuestro alcance a nivel mundial.<\/p>\n\n<\/div><\/div><\/div>\n<\/div>\n<\/div><\/div>\n\n<div class=\"gb-container gb-container-efb08b12\" id=\"productos\"><div class=\"gb-inside-container\">\n<div class=\"gb-grid-wrapper gb-grid-wrapper-783f5227\">\n<div class=\"gb-grid-column gb-grid-column-63f9a1f5\"><div class=\"gb-container gb-container-63f9a1f5\"><div class=\"gb-inside-container\">\n\n<h3 class=\"gb-headline gb-headline-69c991a9\"><span class=\"gb-icon\"><svg aria-hidden=\"true\" role=\"img\" height=\"1em\" width=\"1em\" viewBox=\"0 0 448 512\" xmlns=\"http:\/\/www.w3.org\/2000\/svg\"><path fill=\"currentColor\" d=\"M400 32H48C21.49 32 0 53.49 0 80v352c0 26.51 21.49 48 48 48h352c26.51 0 48-21.49 48-48V80c0-26.51-21.49-48-48-48zm0 400H48V80h352v352zm-35.864-241.724L191.547 361.48c-4.705 4.667-12.303 4.637-16.97-.068l-90.781-91.516c-4.667-4.705-4.637-12.303.069-16.971l22.719-22.536c4.705-4.667 12.303-4.637 16.97.069l59.792 60.277 141.352-140.216c4.705-4.667 12.303-4.637 16.97.068l22.536 22.718c4.667 4.706 4.637 12.304-.068 16.971z\"><\/path><\/svg><\/span><span class=\"gb-headline-text\">Tarjetas de cr\u00e9dito<\/span><\/h3>\n\n\n\n<p class=\"has-text-align-center\">\u00bfUna tarjeta de cr\u00e9dito de prepago? \u00bfUna tarjeta Visa o una Mastercard? Le ayudamos a comparar las tarjetas de cr\u00e9dito y a encontrar la que m\u00e1s le conviene.<\/p>\n\n\n\n<ul class=\"wp-block-list\">\n<li><strong><a href=\"https:\/\/www.moneybob.com\/es\/tarjetas\/\" data-type=\"URL\" data-id=\"https:\/\/www.moneybob.com\/es\/tarjetas\/\">Tarjetas Bancarias<\/a><\/strong><\/li>\n\n\n\n<li><strong><a href=\"https:\/\/www.moneybob.com\/es\/tarjetas\/tarjeta-de-credito\/\" data-type=\"URL\" data-id=\"https:\/\/www.moneybob.com\/es\/tarjetas\/tarjeta-de-credito\/\">Tarjetas de Cr\u00e9dito<\/a><\/strong><\/li>\n\n\n\n<li><strong><a href=\"https:\/\/www.moneybob.com\/es\/tarjetas\/american-express\/\" data-type=\"URL\" data-id=\"https:\/\/www.moneybob.com\/es\/tarjetas\/american-express\/\">American Express<\/a><\/strong><\/li>\n\n\n\n<li><strong><a href=\"https:\/\/www.moneybob.com\/es\/tarjetas\/mastercard\/\" data-type=\"URL\" data-id=\"https:\/\/www.moneybob.com\/es\/tarjetas\/mastercard\/\">Mastercard<\/a><\/strong><\/li>\n\n\n\n<li><strong><a href=\"https:\/\/www.moneybob.com\/es\/tarjetas\/visa\/\" data-type=\"URL\" data-id=\"https:\/\/www.moneybob.com\/es\/tarjetas\/visa\/\">Visa<\/a><\/strong><\/li>\n<\/ul>\n\n<\/div><\/div><\/div>\n\n<div class=\"gb-grid-column gb-grid-column-fa2cfd26\"><div class=\"gb-container gb-container-fa2cfd26\"><div class=\"gb-inside-container\">\n\n<h3 class=\"gb-headline gb-headline-57b18c12\"><span class=\"gb-icon\"><svg aria-hidden=\"true\" role=\"img\" height=\"1em\" width=\"1em\" viewBox=\"0 0 448 512\" xmlns=\"http:\/\/www.w3.org\/2000\/svg\"><path fill=\"currentColor\" d=\"M400 32H48C21.49 32 0 53.49 0 80v352c0 26.51 21.49 48 48 48h352c26.51 0 48-21.49 48-48V80c0-26.51-21.49-48-48-48zm0 400H48V80h352v352zm-35.864-241.724L191.547 361.48c-4.705 4.667-12.303 4.637-16.97-.068l-90.781-91.516c-4.667-4.705-4.637-12.303.069-16.971l22.719-22.536c4.705-4.667 12.303-4.637 16.97.069l59.792 60.277 141.352-140.216c4.705-4.667 12.303-4.637 16.97.068l22.536 22.718c4.667 4.706 4.637 12.304-.068 16.971z\"><\/path><\/svg><\/span><span class=\"gb-headline-text\">Inversi\u00f3n<\/span><\/h3>\n\n\n\n<p class=\"has-text-align-center\">\u00bfPiensa invertir en bolsa? Le ayudamos a encontrar la mejor cuenta de corretaje que se adapte a sus necesidades. Encuentre el mejor broker y empiece a invertir.<\/p>\n\n\n\n<ul class=\"wp-block-list\">\n<li><strong><a href=\"https:\/\/www.moneybob.com\/es\/invertir\/\" data-type=\"URL\" data-id=\"https:\/\/www.moneybob.com\/es\/invertir\/\">Inversiones<\/a><\/strong><\/li>\n\n\n\n<li><strong><a href=\"https:\/\/www.moneybob.com\/es\/invertir\/acciones\/\" data-type=\"URL\" data-id=\"https:\/\/www.moneybob.com\/es\/invertir\/acciones\/\">Acciones<\/a><\/strong><\/li>\n\n\n\n<li><strong><a href=\"https:\/\/www.moneybob.com\/es\/invertir\/bolsa\/\" data-type=\"URL\" data-id=\"https:\/\/www.moneybob.com\/es\/invertir\/bolsa\/\">Bolsa<\/a><\/strong><\/li>\n\n\n\n<li><strong><a href=\"https:\/\/www.moneybob.com\/es\/invertir\/criptomonedas\/\" data-type=\"URL\" data-id=\"https:\/\/www.moneybob.com\/es\/invertir\/criptomonedas\/\">Criptomonedas<\/a><\/strong><\/li>\n\n\n\n<li><strong><a href=\"https:\/\/www.moneybob.com\/es\/invertir\/forex\/\" data-type=\"URL\" data-id=\"https:\/\/www.moneybob.com\/es\/invertir\/forex\/\">Forex<\/a><\/strong><\/li>\n\n\n\n<li><strong><a href=\"https:\/\/www.moneybob.com\/es\/invertir\/brokers\/\" data-type=\"URL\" data-id=\"https:\/\/www.moneybob.com\/es\/invertir\/brokers\/\">Mejores br\u00f3kers<\/a><\/strong><\/li>\n<\/ul>\n\n<\/div><\/div><\/div>\n\n<div class=\"gb-grid-column gb-grid-column-25a6e401\"><div class=\"gb-container gb-container-25a6e401\"><div class=\"gb-inside-container\">\n\n<h3 class=\"gb-headline gb-headline-09f0190b\"><span class=\"gb-icon\"><svg aria-hidden=\"true\" role=\"img\" height=\"1em\" width=\"1em\" viewBox=\"0 0 448 512\" xmlns=\"http:\/\/www.w3.org\/2000\/svg\"><path fill=\"currentColor\" d=\"M400 32H48C21.49 32 0 53.49 0 80v352c0 26.51 21.49 48 48 48h352c26.51 0 48-21.49 48-48V80c0-26.51-21.49-48-48-48zm0 400H48V80h352v352zm-35.864-241.724L191.547 361.48c-4.705 4.667-12.303 4.637-16.97-.068l-90.781-91.516c-4.667-4.705-4.637-12.303.069-16.971l22.719-22.536c4.705-4.667 12.303-4.637 16.97.069l59.792 60.277 141.352-140.216c4.705-4.667 12.303-4.637 16.97.068l22.536 22.718c4.667 4.706 4.637 12.304-.068 16.971z\"><\/path><\/svg><\/span><span class=\"gb-headline-text\">Pr\u00e9stamos<\/span><\/h3>\n\n\n\n<p class=\"has-text-align-center\">\u00bfNecesita un cr\u00e9dito r\u00e1pido, o un pr\u00e9stamo para un coche? Comparamos una amplia gama de pr\u00e9stamos y nos aseguramos de que encuentre el pr\u00e9stamo que le conviene.<\/p>\n\n\n\n<ul class=\"wp-block-list\">\n<li><strong><a href=\"https:\/\/www.moneybob.com\/es\/prestamos\/\" data-type=\"URL\" data-id=\"https:\/\/www.moneybob.com\/es\/prestamos\/\">Pr\u00e9stamos<\/a><\/strong><\/li>\n\n\n\n<li><strong><a href=\"https:\/\/www.moneybob.com\/es\/prestamos\/prestamos-personales\/\" data-type=\"URL\" data-id=\"https:\/\/www.moneybob.com\/es\/prestamos\/prestamos-personales\/\">Pr\u00e9stamos personales<\/a><\/strong><\/li>\n\n\n\n<li><strong><a href=\"https:\/\/www.moneybob.com\/es\/prestamos\/prestamos-rapidos\/\" data-type=\"URL\" data-id=\"https:\/\/www.moneybob.com\/es\/prestamos\/prestamos-rapidos\/\">Pr\u00e9stamos r\u00e1pidos<\/a><\/strong><\/li>\n\n\n\n<li><strong><a href=\"https:\/\/www.moneybob.com\/es\/prestamos\/microcreditos\/\" data-type=\"URL\" data-id=\"https:\/\/www.moneybob.com\/es\/prestamos\/microcreditos\/\">Microcr\u00e9ditos<\/a><\/strong><\/li>\n\n\n\n<li><strong><a href=\"https:\/\/www.moneybob.com\/es\/prestamos\/minicreditos\/\" data-type=\"URL\" data-id=\"https:\/\/www.moneybob.com\/es\/prestamos\/minicreditos\/\">Minicr\u00e9ditos<\/a><\/strong><\/li>\n<\/ul>\n\n<\/div><\/div><\/div>\n\n<div class=\"gb-grid-column gb-grid-column-4522fe1d\"><div class=\"gb-container gb-container-4522fe1d\"><div class=\"gb-inside-container\">\n\n<h3 class=\"gb-headline gb-headline-859b5d81\"><span class=\"gb-icon\"><svg aria-hidden=\"true\" role=\"img\" height=\"1em\" width=\"1em\" viewBox=\"0 0 448 512\" xmlns=\"http:\/\/www.w3.org\/2000\/svg\"><path fill=\"currentColor\" d=\"M400 32H48C21.49 32 0 53.49 0 80v352c0 26.51 21.49 48 48 48h352c26.51 0 48-21.49 48-48V80c0-26.51-21.49-48-48-48zm0 400H48V80h352v352zm-35.864-241.724L191.547 361.48c-4.705 4.667-12.303 4.637-16.97-.068l-90.781-91.516c-4.667-4.705-4.637-12.303.069-16.971l22.719-22.536c4.705-4.667 12.303-4.637 16.97.069l59.792 60.277 141.352-140.216c4.705-4.667 12.303-4.637 16.97.068l22.536 22.718c4.667 4.706 4.637 12.304-.068 16.971z\"><\/path><\/svg><\/span><span class=\"gb-headline-text\">Ahorro<\/span><\/h3>\n\n\n\n<p class=\"has-text-align-center\">\u00bfQuiere ahorrar dinero para un proyecto futuro? Hay muchas opciones diferentes y nosotros te ayudamos a encontrar la cuenta de ahorro adecuada para ti.<\/p>\n\n<\/div><\/div><\/div>\n<\/div>\n\n\n<div style=\"height:9px\" aria-hidden=\"true\" class=\"wp-block-spacer\"><\/div>\n\n\n\n<p class=\"has-text-align-center\"><strong>Rese\u00f1as<\/strong>: <a href=\"https:\/\/www.moneybob.com\/es\/prestamos\/cetelem\/\" data-type=\"URL\" data-id=\"https:\/\/www.moneybob.com\/es\/prestamos\/cetelem\/\">Cetelem<\/a> &#8211; <a href=\"https:\/\/www.moneybob.com\/es\/prestamos\/cofidis\/\" data-type=\"URL\" data-id=\"https:\/\/www.moneybob.com\/es\/prestamos\/cofidis\/\">Cofidis<\/a> &#8211; <a href=\"https:\/\/www.moneybob.com\/es\/prestamos\/creditosi\/\" data-type=\"URL\" data-id=\"https:\/\/www.moneybob.com\/es\/prestamos\/creditosi\/\">Creditosi<\/a> &#8211; <a href=\"https:\/\/www.moneybob.com\/es\/prestamos\/creditea\/\" data-type=\"URL\" data-id=\"https:\/\/www.moneybob.com\/es\/prestamos\/creditea\/\">Creditea<\/a> &#8211; <a href=\"https:\/\/www.moneybob.com\/es\/prestamos\/creditero\/\" data-type=\"URL\" data-id=\"https:\/\/www.moneybob.com\/es\/prestamos\/creditero\/\">Creditero<\/a> &#8211; <a href=\"https:\/\/www.moneybob.com\/es\/invertir\/brokers\/degiro\/\" data-type=\"URL\" data-id=\"https:\/\/www.moneybob.com\/es\/invertir\/brokers\/degiro\/\">DEGIRO<\/a> &#8211; <a href=\"https:\/\/www.moneybob.com\/es\/invertir\/brokers\/etoro\/\" data-type=\"URL\" data-id=\"https:\/\/www.moneybob.com\/es\/invertir\/brokers\/etoro\/\">eToro<\/a> &#8211; <a href=\"https:\/\/www.moneybob.com\/es\/invertir\/brokers\/interactive-brokers\/\" data-type=\"URL\" data-id=\"https:\/\/www.moneybob.com\/es\/invertir\/brokers\/interactive-brokers\/\">Interactive Brokers<\/a> &#8211; <a href=\"https:\/\/www.moneybob.com\/es\/prestamos\/moneyman\/\" data-type=\"URL\" data-id=\"https:\/\/www.moneybob.com\/es\/prestamos\/moneyman\/\">Moneyman<\/a> &#8211;  <a href=\"https:\/\/www.moneybob.com\/es\/prestamos\/quebueno\/\" data-type=\"URL\" data-id=\"https:\/\/www.moneybob.com\/es\/prestamos\/quebueno\/\">Qu\u00e9Bueno<\/a> &#8211; <a href=\"https:\/\/www.moneybob.com\/es\/invertir\/brokers\/trade-republic\/\" data-type=\"URL\" data-id=\"https:\/\/www.moneybob.com\/es\/invertir\/brokers\/trade-republic\/\">Trade Republic<\/a> &#8211; <a href=\"https:\/\/www.moneybob.com\/es\/prestamos\/vivus\/\" data-type=\"URL\" data-id=\"https:\/\/www.moneybob.com\/es\/prestamos\/vivus\/\">Vivus<\/a> &#8211; <a href=\"https:\/\/www.moneybob.com\/es\/prestamos\/wandoo\/\" data-type=\"URL\" data-id=\"https:\/\/www.moneybob.com\/es\/prestamos\/wandoo\/\">Wandoo<\/a> &#8211; <a href=\"https:\/\/www.moneybob.com\/es\/prestamos\/welp\/\" data-type=\"URL\" data-id=\"https:\/\/www.moneybob.com\/es\/prestamos\/welp\/\">Welp<\/a> &#8211; <a href=\"https:\/\/www.moneybob.com\/es\/invertir\/brokers\/xtb\/\" data-type=\"URL\" data-id=\"https:\/\/www.moneybob.com\/es\/invertir\/brokers\/xtb\/\">XTB<\/a><\/p>\n\n\n\n<div style=\"height:99px\" aria-hidden=\"true\" class=\"wp-block-spacer\"><\/div>\n\n\n\n<h2 class=\"wp-block-heading has-text-align-center\" id=\"countries\">Pa\u00edses en los que operamos (pronto)<\/h2>\n\n\n\n<div class=\"wp-block-columns is-layout-flex wp-container-core-columns-is-layout-9d6595d7 wp-block-columns-is-layout-flex\">\n<div class=\"wp-block-column is-layout-flow wp-block-column-is-layout-flow\">\n<h3 class=\"wp-block-heading has-text-align-left\">Asia<\/h3>\n\n\n\n<ul class=\"wp-block-list\">\n<li>India<\/li>\n\n\n\n<li>Indonesia<\/li>\n\n\n\n<li>Malasia<\/li>\n\n\n\n<li><strong><a href=\"https:\/\/www.moneybob.com\/ph\/\" data-type=\"link\" data-id=\"https:\/\/www.moneybob.com\/ph\/\">Filipinas<\/a><\/strong><\/li>\n\n\n\n<li>Vietnam<\/li>\n<\/ul>\n<\/div>\n\n\n\n<div class=\"wp-block-column is-layout-flow wp-block-column-is-layout-flow\">\n<h3 class=\"wp-block-heading has-text-align-left\">\u00c1frica<\/h3>\n\n\n\n<ul class=\"wp-block-list\">\n<li>Argelia<\/li>\n\n\n\n<li>Kenia<\/li>\n\n\n\n<li>Marruecos<\/li>\n\n\n\n<li>Nigeria<\/li>\n\n\n\n<li>Sud\u00e1frica<\/li>\n<\/ul>\n<\/div>\n\n\n\n<div class=\"wp-block-column is-layout-flow wp-block-column-is-layout-flow\">\n<h3 class=\"wp-block-heading has-text-align-left\">Europa<\/h3>\n\n\n\n<ul class=\"wp-block-list\">\n<li>B\u00e9lgica<\/li>\n\n\n\n<li>Francia<\/li>\n\n\n\n<li>Alemania<\/li>\n\n\n\n<li><strong><a href=\"https:\/\/www.moneybob.com\/nl\/\" data-type=\"URL\" data-id=\"https:\/\/www.moneybob.com\/nl\/\">Pa\u00edses Bajos<\/a><\/strong><\/li>\n\n\n\n<li><strong><a href=\"https:\/\/www.moneybob.com\/es\/\" data-type=\"URL\" data-id=\"https:\/\/www.moneybob.com\/es\/\">Espa\u00f1a<\/a><\/strong><\/li>\n<\/ul>\n<\/div>\n\n\n\n<div class=\"wp-block-column is-layout-flow wp-block-column-is-layout-flow\">\n<h3 class=\"wp-block-heading has-text-align-left\">Americas<\/h3>\n\n\n\n<ul class=\"wp-block-list\">\n<li>Argentina<\/li>\n\n\n\n<li>Brazil<\/li>\n\n\n\n<li>Chile<\/li>\n\n\n\n<li>Colombia<\/li>\n\n\n\n<li><strong><a href=\"https:\/\/www.moneybob.com\/mx\/\" data-type=\"link\" data-id=\"https:\/\/www.moneybob.com\/mx\/\">M\u00e9xico<\/a><\/strong><\/li>\n<\/ul>\n<\/div>\n<\/div>\n\n<\/div><div class=\"gb-shapes\"><div class=\"gb-shape gb-shape-1\"><svg xmlns=\"http:\/\/www.w3.org\/2000\/svg\" viewBox=\"0 0 1200 100\" preserveAspectRatio=\"none\"><path d=\"M1200 100H0V0l400 77.2L1200 0z\"\/><\/svg><\/div><\/div><\/div>\n\n<div class=\"gb-container gb-container-879ca80d\"><div class=\"gb-inside-container\">\n\n<h2 class=\"gb-headline gb-headline-39bf0635\"><span class=\"gb-icon\"><svg viewBox=\"0 0 36.7 3\" xmlns=\"http:\/\/www.w3.org\/2000\/svg\"><path d=\"M0 0h36.7v3H0z\"><\/path><\/svg><\/span><span class=\"gb-headline-text\">Novedades<\/span><\/h2>\n\n\n<div class=\"gb-container gb-container-7ce3943f has-text-align-center alignwide\"><div class=\"gb-inside-container\">\n<ul class=\"wp-block-latest-posts__list is-grid columns-3 wp-block-latest-posts\"><li><div class=\"wp-block-latest-posts__featured-image\"><a href=\"https:\/\/www.moneybob.com\/es\/bizum\/\" aria-label=\"Bizum, que es y c\u00f3mo sacarle m\u00e1s rendimiento\"><img loading=\"lazy\" decoding=\"async\" width=\"150\" height=\"150\" src=\"https:\/\/www.moneybob.com\/wp-content\/uploads\/Bizum-150x150.jpg\" class=\"attachment-thumbnail size-thumbnail wp-post-image\" alt=\"Qu\u00e9 es Bizum, para qu\u00e9 sirve y c\u00f3mo sacarle m\u00e1s rendimiento\" style=\"\" title=\"\"><\/a><\/div><a class=\"wp-block-latest-posts__post-title\" href=\"https:\/\/www.moneybob.com\/es\/bizum\/\">Bizum, que es y c\u00f3mo sacarle m\u00e1s rendimiento<\/a><\/li>\n<li><div class=\"wp-block-latest-posts__featured-image\"><a href=\"https:\/\/www.moneybob.com\/es\/descubre-que-significa-el-numero-de-una-tarjeta-de-credito\/\" aria-label=\"Descubre qu\u00e9 significa el n\u00famero de una tarjeta de cr\u00e9dito\"><img loading=\"lazy\" decoding=\"async\" width=\"150\" height=\"150\" src=\"https:\/\/www.moneybob.com\/wp-content\/uploads\/nu\u0301mero_tarjeta_cre\u0301dito-150x150.jpg\" class=\"attachment-thumbnail size-thumbnail wp-post-image\" alt=\"Qu\u00e9 significa el n\u00famero de una tarjeta de cr\u00e9dito\" style=\"\" title=\"\"><\/a><\/div><a class=\"wp-block-latest-posts__post-title\" href=\"https:\/\/www.moneybob.com\/es\/descubre-que-significa-el-numero-de-una-tarjeta-de-credito\/\">Descubre qu\u00e9 significa el n\u00famero de una tarjeta de cr\u00e9dito<\/a><\/li>\n<li><div class=\"wp-block-latest-posts__featured-image\"><a href=\"https:\/\/www.moneybob.com\/es\/como-ensenar-a-ninos-el-valor-del-dinero-y-finanzas-basicas\/\" aria-label=\"C\u00f3mo ense\u00f1ar a ni\u00f1os el valor del dinero y finanzas b\u00e1sicas\"><img loading=\"lazy\" decoding=\"async\" width=\"150\" height=\"150\" src=\"https:\/\/www.moneybob.com\/wp-content\/uploads\/nin\u0303os_valor_dinero-150x150.jpg\" class=\"attachment-thumbnail size-thumbnail wp-post-image\" alt=\"C\u00f3mo ense\u00f1ar a ni\u00f1os el valor del dinero y finanzas b\u00e1sicas.\" style=\"\" title=\"\"><\/a><\/div><a class=\"wp-block-latest-posts__post-title\" href=\"https:\/\/www.moneybob.com\/es\/como-ensenar-a-ninos-el-valor-del-dinero-y-finanzas-basicas\/\">C\u00f3mo ense\u00f1ar a ni\u00f1os el valor del dinero y finanzas b\u00e1sicas<\/a><\/li>\n<\/ul>\n<\/div><\/div>\n<\/div><\/div>","protected":false},"excerpt":{"rendered":"<p>Rese\u00f1as: Cetelem &#8211; Cofidis &#8211; Creditosi &#8211; Creditea &#8211; Creditero &#8211; DEGIRO &#8211; eToro &#8211; Interactive Brokers &#8211; Moneyman &#8211; Qu\u00e9Bueno &#8211; Trade Republic &#8211; &#8230; <\/p>\n<p class=\"read-more-container\"><a title=\"Home\" class=\"read-more button\" href=\"https:\/\/www.moneybob.com\/es\/#more-2747\" aria-label=\"Leer m\u00e1s sobre Home\">Leer m\u00e1s<\/a><\/p>\n","protected":false},"author":3,"featured_media":0,"parent":0,"menu_order":0,"comment_status":"closed","ping_status":"closed","template":"","meta":{"_eb_attr":"","footnotes":""},"class_list":["post-2747","page","type-page","status-publish"],"_links":{"self":[{"href":"https:\/\/www.moneybob.com\/es\/wp-json\/wp\/v2\/pages\/2747","targetHints":{"allow":["GET"]}}],"collection":[{"href":"https:\/\/www.moneybob.com\/es\/wp-json\/wp\/v2\/pages"}],"about":[{"href":"https:\/\/www.moneybob.com\/es\/wp-json\/wp\/v2\/types\/page"}],"author":[{"embeddable":true,"href":"https:\/\/www.moneybob.com\/es\/wp-json\/wp\/v2\/users\/3"}],"replies":[{"embeddable":true,"href":"https:\/\/www.moneybob.com\/es\/wp-json\/wp\/v2\/comments?post=2747"}],"version-history":[{"count":0,"href":"https:\/\/www.moneybob.com\/es\/wp-json\/wp\/v2\/pages\/2747\/revisions"}],"wp:attachment":[{"href":"https:\/\/www.moneybob.com\/es\/wp-json\/wp\/v2\/media?parent=2747"}],"curies":[{"name":"wp","href":"https:\/\/api.w.org\/{rel}","templated":true}]}}