{"id":2984,"date":"2021-10-07T07:25:19","date_gmt":"2021-10-07T07:25:19","guid":{"rendered":"https:\/\/www.moneybob.com\/?page_id=2984"},"modified":"2021-11-10T15:13:47","modified_gmt":"2021-11-10T15:13:47","slug":"contacto-con-nosotros","status":"publish","type":"page","link":"https:\/\/www.moneybob.com\/es\/contacto-con-nosotros\/","title":{"rendered":"Contacto con nosotros"},"content":{"rendered":"\n<div class=\"wp-block-image\"><figure class=\"alignright size-full is-resized\"><img loading=\"lazy\" decoding=\"async\" src=\"https:\/\/www.moneybob.com\/wp-content\/uploads\/moneybob_contact.min_.svg\" alt=\"Contacta con Moneybob.com Espa\u00f1a\" class=\"wp-image-2809\" width=\"301\" height=\"299\" title=\"\"><\/figure><\/div>\n\n\n\n<p>Este sitio web ofrece un servicio gratuito y no cobra a los usuarios. Recibimos una comisi\u00f3n de algunas de las empresas que aparecen en nuestro sitio web.<\/p>\n\n\n\n<p><a href=\"https:\/\/www.moneybob.com\/\" data-type=\"URL\" data-id=\"https:\/\/www.moneybob.com\/\">Moneybob.com<\/a> no es un corredor, prestamista o asesor financiero y no puede ser considerado responsable de cualquier inexactitud con respecto a cualquier dato en este sitio web.<\/p>\n\n\n\n<p>No proporcionamos asesoramiento financiero y para cualquier pregunta o controversia sobre productos espec\u00edficos, p\u00f3ngase en contacto con el proveedor de dicho producto.<\/p>\n\n\n\n<p>Recursos que pueden ser \u00fatiles antes de ponerse en contacto con nosotros:<\/p>\n\n\n\n<ul class=\"wp-block-list\"><li><a href=\"https:\/\/www.moneybob.com\/es\/aviso-legal\/\" data-type=\"page\" data-id=\"2992\">Aviso legal<\/a><\/li><li><a href=\"https:\/\/www.moneybob.com\/es\/sobre-nosotros\/\" data-type=\"URL\" data-id=\"https:\/\/www.moneybob.com\/es\/sobre-nosotros\/\">Sobre nosotros<\/a><\/li><li><a href=\"https:\/\/www.moneybob.com\/es\/politica-de-cookies\/\" data-type=\"URL\" data-id=\"https:\/\/www.moneybob.com\/es\/politica-de-cookies\/\">Pol\u00edtica de cookies<\/a><\/li><li><a href=\"https:\/\/www.moneybob.com\/es\/politica-de-privacidad\/\" data-type=\"URL\" data-id=\"https:\/\/www.moneybob.com\/es\/politica-de-privacidad\/\">Pol\u00edtica de privacidad<\/a><\/li><\/ul>\n\n\n\n<p><code>\n\t<script>\n\tfunction nospam() {\n\t\tvar message = document.forms[\"contact-form-zero\"][\"message\"].value;\n\t\tvar comment = document.getElementById(\"comment\");\n\t\tvar link = message.indexOf(\"http\");\n\t\tif (link > -1) {\n\t\t\tcomment.setCustomValidity(\"Links are welcome, but please remove the https:\/\/ portion of them.\");\n\t\t\tcomment.reportValidity();\n\t\t} else {\n\t\t\tcomment.setCustomValidity(\"\");\n\t\t\tcomment.reportValidity();\n\t\t}\n\t}\n\t<\/script>\n\t<form id=\"contact-form-zero\" name=\"contact-form-zero\" method=\"post\" action=\"#send\">\n\t\t<p id=\"name\"><input type=\"text\" name=\"sign\" placeholder=\"Name\" autocomplete=\"off\" size=\"35\" required><\/p>\n\t\t<p id=\"email\"><input type=\"email\" name=\"email\" placeholder=\"Email\" autocomplete=\"off\" size=\"35\" required><\/p>\n\t\t<p id=\"phone\"><input type=\"tel\" name=\"phone\" placeholder=\"Phone (optional)\" autocomplete=\"off\" size=\"35\"><\/p>\n\t\n\t\t<p id=\"url\"><input type=\"url\" name=\"url\" placeholder=\"URL\" value=\"https:\/\/example.com\/\" autocomplete=\"off\" tabindex=\"-1\" size=\"35\" required><\/p>\n\t\t<p id=\"time\"><input type=\"hidden\" name=\"time\" value=\"1776590908\"><\/p>\n\t\t<p id=\"message\"><textarea id=\"comment\" name=\"message\" placeholder=\"Message\" rows=\"5\" cols=\"100\" onkeyup=\"nospam()\" required><\/textarea><\/p>\n\t\t<div id=\"captcha\"><\/div>\n\t\t<p id=\"submit\"><input type=\"submit\" value=\"Submit\"><\/p>\n\t<\/form>\n\t\n\t\t<style>\n\t\t#contact-form-zero, #contact-form-zero *{box-sizing:border-box;transition:all 0.5s ease}\n\t\t#contact-form-zero input, #contact-form-zero textarea, #contact-form-zero button{width:100%;font-family:arial,sans-serif;font-size:14px;color:#767676;padding:15px;border:1px solid transparent;background:#f6f6f6}\n\t\t#contact-form-zero input:focus, #contact-form-zero textarea:focus, #contact-form-zero button:focus{color:#000;border:1px solid #007acc;outline:0}\n\t\t#contact-form-zero #submit input, #contact-form-zero #submit button{display:inline-block;font-size:18px;color:#fff;text-align:center;text-decoration:none;padding:15px 25px;background:#007acc;cursor:pointer}\n\t\t#contact-form-zero #submit input:hover, #submit input:focus, #contact-form-zero #submit button:hover, #contact-form-zero #submit button:focus{opacity:0.8}\n\t\t#contact-form-zero #url{position:absolute;top:0;left:0;width:0;height:0;opacity:0;z-index:-1}\n\t\t#send{text-align:center;padding:5%}\n\t\t#send.success{color:green}\n\t\t#send.fail{color:red}\n\t\t<\/style>\n\t\t<\/code><\/p>\n\n\n\n<p>Nota: No se responder\u00e1 a los correos electr\u00f3nicos con preguntas sobre asesoramiento financiero o productos espec\u00edficos.<\/p>\n\n\n\n<p>Direcci\u00f3n (no es una direcci\u00f3n de visita):<\/p>\n\n\n\n<p><a href=\"https:\/\/g.page\/r\/CWEMx1deo2U-EBA\" target=\"_blank\" data-type=\"URL\" data-id=\"https:\/\/g.page\/r\/CWEMx1deo2U-EBA\" rel=\"noreferrer noopener nofollow\">Sterk Digital Limited<\/a><br>Moneybob.com<br>Reg: NI676988<br>Titanic Suites, 55-59 Adelaide Street<br>BT2 8 FE, Belfast<br>United Kingdom<\/p>\n","protected":false},"excerpt":{"rendered":"<p>Este sitio web ofrece un servicio gratuito y no cobra a los usuarios. Recibimos una comisi\u00f3n de algunas de las empresas que aparecen en nuestro &#8230; <\/p>\n<p class=\"read-more-container\"><a title=\"Contacto con nosotros\" class=\"read-more button\" href=\"https:\/\/www.moneybob.com\/es\/contacto-con-nosotros\/#more-2984\" aria-label=\"Leer m\u00e1s sobre Contacto con nosotros\">Leer m\u00e1s<\/a><\/p>\n","protected":false},"author":3,"featured_media":0,"parent":0,"menu_order":0,"comment_status":"closed","ping_status":"closed","template":"","meta":{"_eb_attr":"","footnotes":""},"class_list":["post-2984","page","type-page","status-publish"],"_links":{"self":[{"href":"https:\/\/www.moneybob.com\/es\/wp-json\/wp\/v2\/pages\/2984","targetHints":{"allow":["GET"]}}],"collection":[{"href":"https:\/\/www.moneybob.com\/es\/wp-json\/wp\/v2\/pages"}],"about":[{"href":"https:\/\/www.moneybob.com\/es\/wp-json\/wp\/v2\/types\/page"}],"author":[{"embeddable":true,"href":"https:\/\/www.moneybob.com\/es\/wp-json\/wp\/v2\/users\/3"}],"replies":[{"embeddable":true,"href":"https:\/\/www.moneybob.com\/es\/wp-json\/wp\/v2\/comments?post=2984"}],"version-history":[{"count":0,"href":"https:\/\/www.moneybob.com\/es\/wp-json\/wp\/v2\/pages\/2984\/revisions"}],"wp:attachment":[{"href":"https:\/\/www.moneybob.com\/es\/wp-json\/wp\/v2\/media?parent=2984"}],"curies":[{"name":"wp","href":"https:\/\/api.w.org\/{rel}","templated":true}]}}