{"id":2987,"date":"2021-10-07T07:33:48","date_gmt":"2021-10-07T07:33:48","guid":{"rendered":"https:\/\/www.moneybob.com\/?page_id=2987"},"modified":"2021-11-09T20:09:45","modified_gmt":"2021-11-09T20:09:45","slug":"politica-de-cookies","status":"publish","type":"page","link":"https:\/\/www.moneybob.com\/es\/politica-de-cookies\/","title":{"rendered":"Pol\u00edtica de cookies"},"content":{"rendered":"\n<div class=\"wp-block-image\"><figure class=\"alignright size-full is-resized\"><img loading=\"lazy\" decoding=\"async\" src=\"https:\/\/www.moneybob.com\/wp-content\/uploads\/moneybob_cookie_policy.min_.svg\" alt=\"Pol\u00edtica de cookies de Moneybob Espa\u00f1a\" class=\"wp-image-2812\" width=\"365\" height=\"305\" title=\"\"><\/figure><\/div>\n\n\n\n<p><strong>\u00daltima actualizaci\u00f3n: 22 de septiembre de 2021<\/strong><\/p>\n\n\n\n<p>Esta Pol\u00edtica de Cookies explica c\u00f3mo Sterk Digital Limited (\u00abCompa\u00f1\u00eda\u00bb, \u00abnosotros\u00bb, \u00abnos\u00bb y \u00abnuestro\u00bb) utiliza cookies y tecnolog\u00edas similares para reconocerle cuando visita nuestros sitios web en https:\/\/www.moneybob.com, (\u00abSitios web\u00bb). Explica qu\u00e9 son estas tecnolog\u00edas y por qu\u00e9 las utilizamos, as\u00ed como sus derechos para controlar el uso que hacemos de ellas.<\/p>\n\n\n\n<p>En algunos casos podemos utilizar cookies para recoger informaci\u00f3n personal, o que se convierte en informaci\u00f3n personal si la combinamos con otra informaci\u00f3n.<\/p>\n\n\n\n<h2 class=\"wp-block-heading\">\u00bfQu\u00e9 son las cookies?<\/h2>\n\n\n\n<p>Las cookies son peque\u00f1os archivos de datos que se colocan en su ordenador o dispositivo m\u00f3vil cuando visita un sitio web. Los propietarios de sitios web utilizan ampliamente las cookies para que sus sitios web funcionen, o para que lo hagan de forma m\u00e1s eficiente, as\u00ed como para proporcionar informaci\u00f3n de informes.<\/p>\n\n\n\n<p>Las cookies establecidas por el propietario del sitio web (en este caso, Sterk Digital Limited) se denominan \u00abcookies de origen\u00bb. Las cookies establecidas por otras partes distintas del propietario del sitio web se denominan \u00abcookies de terceros\u00bb. Las cookies de terceros permiten que se proporcionen caracter\u00edsticas o funcionalidades de terceros en el sitio web o a trav\u00e9s de \u00e9l (por ejemplo, como publicidad, contenido interactivo y an\u00e1lisis). Las partes que establecen estas cookies de terceros pueden reconocer su ordenador tanto cuando visita el sitio web en cuesti\u00f3n como cuando visita otros sitios web.<\/p>\n\n\n\n<h2 class=\"wp-block-heading\">\u00bfPor qu\u00e9 utilizamos cookies?<\/h2>\n\n\n\n<p>Utilizamos cookies de origen y de terceros por varias razones. Algunas cookies son necesarias por razones t\u00e9cnicas para que nuestros sitios web funcionen, y nos referimos a ellas como cookies \u00abesenciales\u00bb o \u00abestrictamente necesarias\u00bb. Otras cookies tambi\u00e9n nos permiten rastrear y orientar los intereses de nuestros usuarios para mejorar la experiencia en nuestras Propiedades en l\u00ednea. Terceros sirven cookies a trav\u00e9s de nuestros sitios web con fines publicitarios, anal\u00edticos y otros. Esto se describe con m\u00e1s detalle a continuaci\u00f3n.<\/p>\n\n\n\n<p>A continuaci\u00f3n se describen los tipos espec\u00edficos de cookies de origen y de terceros que se sirven a trav\u00e9s de nuestros sitios web y las finalidades que cumplen (tenga en cuenta que las cookies espec\u00edficas que se sirven pueden variar en funci\u00f3n de las Propiedades Online concretas que visite).<\/p>\n\n\n\n<h2 class=\"wp-block-heading\">\u00bfC\u00f3mo puedo controlar las cookies?<\/h2>\n\n\n\n<p>Usted tiene derecho a decidir si acepta o rechaza las cookies. Puede ejercer sus derechos sobre las cookies estableciendo sus preferencias en el Gestor de Consentimiento de Cookies. El Gestor de Consentimiento de Cookies le permite seleccionar qu\u00e9 categor\u00edas de cookies acepta o rechaza. Las cookies esenciales no se pueden rechazar, ya que son estrictamente necesarias para proporcionarle servicios.<\/p>\n\n\n\n<p>El gestor de consentimiento de cookies se encuentra en el banner de notificaci\u00f3n y en nuestro sitio web. Si decide rechazar las cookies, podr\u00e1 seguir utilizando nuestro sitio web, aunque su acceso a algunas funciones y \u00e1reas de nuestro sitio web puede estar restringido. Tambi\u00e9n puede configurar o modificar los controles de su navegador para aceptar o rechazar las cookies. Dado que los medios para rechazar las cookies a trav\u00e9s de los controles de su navegador web var\u00edan de un navegador a otro, debe visitar el men\u00fa de ayuda de su navegador para obtener m\u00e1s informaci\u00f3n.<\/p>\n\n\n\n<p>Adem\u00e1s, la mayor\u00eda de las redes publicitarias le ofrecen la posibilidad de excluirse de la publicidad dirigida. Si desea obtener m\u00e1s informaci\u00f3n, visite https:\/\/www.aboutads.info\/choices\/ o https:\/\/www.youronlinechoices.com.<\/p>\n\n\n\n<p>Los tipos espec\u00edficos de cookies de primera y tercera parte que se sirven a trav\u00e9s de nuestros sitios web y los prop\u00f3sitos que llevan a cabo se describen en la tabla siguiente (tenga en cuenta que las cookies espec\u00edficas que se sirven pueden variar dependiendo de las propiedades en l\u00ednea espec\u00edficas que visite).<\/p>\n\n\n\n<h3 class=\"wp-block-heading\">Cookies esenciales del sitio web:<\/h3>\n\n\n\n<p>Estas cookies son estrictamente necesarias para proporcionarle los servicios disponibles a trav\u00e9s de nuestros sitios web y para utilizar algunas de sus funciones, como el acceso a \u00e1reas seguras.<\/p>\n\n\n\n<h3 class=\"wp-block-heading\">Cookies de rendimiento y funcionalidad:<\/h3>\n\n\n\n<p>Estas cookies se utilizan para mejorar el rendimiento y la funcionalidad de nuestros sitios web, pero no son esenciales para su uso. Sin embargo, sin estas cookies, algunas funciones pueden dejar de estar disponibles.<\/p>\n\n\n\n<h3 class=\"wp-block-heading\">Cookies de an\u00e1lisis y personalizaci\u00f3n:<\/h3>\n\n\n\n<p>Estas cookies recogen informaci\u00f3n que se utiliza de forma agregada para ayudarnos a entender c\u00f3mo se utilizan nuestros sitios web o la eficacia de nuestras campa\u00f1as de marketing, o para ayudarnos a personalizar nuestros sitios web para usted.<\/p>\n\n\n\n<h3 class=\"wp-block-heading\">Cookies publicitarias:<\/h3>\n\n\n\n<p>Estas cookies se utilizan para que los mensajes publicitarios sean m\u00e1s relevantes para usted. Realizan funciones como evitar que el mismo anuncio vuelva a aparecer continuamente, garantizar que los anuncios se muestren correctamente para los anunciantes y, en algunos casos, seleccionar los anuncios que se basan en sus intereses.<\/p>\n\n\n\n<h2 class=\"wp-block-heading\">\u00bfQu\u00e9 pasa con otras tecnolog\u00edas de seguimiento, como las balizas web?<\/h2>\n\n\n\n<p>Las cookies no son la \u00fanica forma de reconocer o rastrear a los visitantes de un sitio web. Podemos utilizar otras tecnolog\u00edas similares de vez en cuando, como las balizas web (a veces llamadas \u00abp\u00edxeles de seguimiento\u00bb o \u00abgifs transparentes\u00bb). Se trata de peque\u00f1os archivos gr\u00e1ficos que contienen un identificador \u00fanico que nos permite reconocer cuando alguien ha visitado nuestros sitios web o ha abierto un correo electr\u00f3nico que los incluye. Esto nos permite, por ejemplo, controlar los patrones de tr\u00e1fico de los usuarios de una p\u00e1gina a otra dentro de un sitio web, entregar o comunicarnos con las cookies, entender si ha llegado al sitio web desde un anuncio en l\u00ednea mostrado en un sitio web de terceros, mejorar el rendimiento del sitio y medir el \u00e9xito de las campa\u00f1as de marketing por correo electr\u00f3nico. En muchos casos, estas tecnolog\u00edas dependen de las cookies para funcionar correctamente, por lo que rechazarlas afectar\u00e1 a su funcionamiento.<\/p>\n\n\n\n<h2 class=\"wp-block-heading\">\u00bfUtilizas cookies de Flash o Local Shared Objects?<\/h2>\n\n\n\n<p>Los sitios web tambi\u00e9n pueden utilizar las llamadas \u00abFlash Cookies\u00bb (tambi\u00e9n conocidas como Local Shared Objects o \u00abLSOs\u00bb) para, entre otras cosas, recopilar y almacenar informaci\u00f3n sobre su uso de nuestros servicios, la prevenci\u00f3n del fraude y para otras operaciones del sitio.<\/p>\n\n\n\n<p>Si no desea que las Flash Cookies se almacenen en su ordenador, puede ajustar la configuraci\u00f3n de su reproductor Flash para bloquear el almacenamiento de las Flash Cookies utilizando las herramientas contenidas en el Panel de Configuraci\u00f3n de Almacenamiento del Sitio Web. Tambi\u00e9n puede controlar las Flash Cookies yendo al Panel de Configuraci\u00f3n de Almacenamiento Global y siguiendo las instrucciones (que pueden incluir instrucciones que explican, por ejemplo, c\u00f3mo eliminar las Flash Cookies existentes (referidas a la \u00abinformaci\u00f3n\u00bb en el sitio de Macromedia), c\u00f3mo evitar que se coloquen LSOs de Flash en su ordenador sin que se le pida, y (para Flash Player 8 y posteriores) c\u00f3mo bloquear las Flash Cookies que no est\u00e1n siendo entregadas por el operador de la p\u00e1gina en la que se encuentra en ese momento).<\/p>\n\n\n\n<p>Tenga en cuenta que la configuraci\u00f3n de Flash Player para restringir o limitar la aceptaci\u00f3n de las cookies de Flash puede reducir o impedir la funcionalidad de algunas aplicaciones de Flash, incluidas, potencialmente, las aplicaciones de Flash utilizadas en relaci\u00f3n con nuestros servicios o contenidos en l\u00ednea.<\/p>\n\n\n\n<h2 class=\"wp-block-heading\">\u00bfSirve la publicidad dirigida?<\/h2>\n\n\n\n<p>Terceras partes pueden servir cookies en su ordenador o dispositivo m\u00f3vil para ofrecer publicidad a trav\u00e9s de nuestros sitios web. Estas empresas pueden utilizar informaci\u00f3n sobre sus visitas a este y otros sitios web para ofrecerle anuncios relevantes sobre bienes y servicios que puedan interesarle. Tambi\u00e9n pueden emplear tecnolog\u00eda que se utiliza para medir la eficacia de los anuncios. Esto se puede lograr mediante el uso de cookies o balizas web para recopilar informaci\u00f3n sobre sus visitas a este y otros sitios con el fin de proporcionar anuncios relevantes sobre bienes y servicios de inter\u00e9s potencial para usted. La informaci\u00f3n recopilada a trav\u00e9s de este proceso no nos permite a nosotros ni a ellos identificar su nombre, datos de contacto u otros detalles que le identifiquen directamente, a menos que usted decida proporcionarlos.<\/p>\n\n\n\n<h2 class=\"wp-block-heading\">Con qu\u00e9 frecuencia actualizar\u00e1n esta Pol\u00edtica de Cookies?<\/h2>\n\n\n\n<p>Es posible que actualicemos esta Pol\u00edtica de Cookies de vez en cuando para reflejar, por ejemplo, los cambios en las cookies que utilizamos o por otras razones operativas, legales o reglamentarias. Por lo tanto, vuelva a visitar esta Pol\u00edtica de Cookies con regularidad para mantenerse informado sobre nuestro uso de las cookies y las tecnolog\u00edas relacionadas.<\/p>\n\n\n\n<p>La fecha que aparece en la parte superior de esta Pol\u00edtica de Cookies indica cu\u00e1ndo se actualiz\u00f3 por \u00faltima vez.<\/p>\n\n\n\n<h2 class=\"wp-block-heading\">\u00bfD\u00f3nde puedo obtener m\u00e1s informaci\u00f3n?<\/h2>\n\n\n\n<p>Si tiene alguna pregunta sobre nuestro uso de cookies u otras tecnolog\u00edas, env\u00edenos un correo electr\u00f3nico a moneybob@sterkdigital.com.<\/p>\n","protected":false},"excerpt":{"rendered":"<p>\u00daltima actualizaci\u00f3n: 22 de septiembre de 2021 Esta Pol\u00edtica de Cookies explica c\u00f3mo Sterk Digital Limited (\u00abCompa\u00f1\u00eda\u00bb, \u00abnosotros\u00bb, \u00abnos\u00bb y \u00abnuestro\u00bb) utiliza cookies y tecnolog\u00edas &#8230; <\/p>\n<p class=\"read-more-container\"><a title=\"Pol\u00edtica de cookies\" class=\"read-more button\" href=\"https:\/\/www.moneybob.com\/es\/politica-de-cookies\/#more-2987\" aria-label=\"Leer m\u00e1s sobre Pol\u00edtica de cookies\">Leer m\u00e1s<\/a><\/p>\n","protected":false},"author":3,"featured_media":0,"parent":0,"menu_order":0,"comment_status":"closed","ping_status":"closed","template":"","meta":{"_eb_attr":"","footnotes":""},"class_list":["post-2987","page","type-page","status-publish"],"_links":{"self":[{"href":"https:\/\/www.moneybob.com\/es\/wp-json\/wp\/v2\/pages\/2987","targetHints":{"allow":["GET"]}}],"collection":[{"href":"https:\/\/www.moneybob.com\/es\/wp-json\/wp\/v2\/pages"}],"about":[{"href":"https:\/\/www.moneybob.com\/es\/wp-json\/wp\/v2\/types\/page"}],"author":[{"embeddable":true,"href":"https:\/\/www.moneybob.com\/es\/wp-json\/wp\/v2\/users\/3"}],"replies":[{"embeddable":true,"href":"https:\/\/www.moneybob.com\/es\/wp-json\/wp\/v2\/comments?post=2987"}],"version-history":[{"count":0,"href":"https:\/\/www.moneybob.com\/es\/wp-json\/wp\/v2\/pages\/2987\/revisions"}],"wp:attachment":[{"href":"https:\/\/www.moneybob.com\/es\/wp-json\/wp\/v2\/media?parent=2987"}],"curies":[{"name":"wp","href":"https:\/\/api.w.org\/{rel}","templated":true}]}}