{"id":2992,"date":"2021-10-07T08:28:17","date_gmt":"2021-10-07T08:28:17","guid":{"rendered":"https:\/\/www.moneybob.com\/?page_id=2992"},"modified":"2021-11-09T20:07:52","modified_gmt":"2021-11-09T20:07:52","slug":"aviso-legal","status":"publish","type":"page","link":"https:\/\/www.moneybob.com\/es\/aviso-legal\/","title":{"rendered":"Aviso legal"},"content":{"rendered":"\n<div class=\"wp-block-image\"><figure class=\"alignright size-full is-resized\"><img loading=\"lazy\" decoding=\"async\" src=\"https:\/\/www.moneybob.com\/wp-content\/uploads\/moneybob_disclaimer.min_.svg\" alt=\"Aviso legal de Moneybob Espa\u00f1a\" class=\"wp-image-2811\" width=\"316\" height=\"229\" title=\"\"><\/figure><\/div>\n\n\n\n<p><strong>\u00daltima actualizaci\u00f3n: 22 de septiembre de 2021<\/strong><\/p>\n\n\n\n<h2 class=\"wp-block-heading\">Aviso legal del sitio web<\/h2>\n\n\n\n<p>La informaci\u00f3n proporcionada por Sterk Digital Limited (\u00abnosotros\u00bb, \u00abnos\u00bb o \u00abnuestro\u00bb) en <a href=\"https:\/\/www.moneybob.com\">https:\/\/www.moneybob.com<\/a> (el \u00abSitio\u00bb) tiene \u00fanicamente fines informativos generales. Toda la informaci\u00f3n del Sitio se proporciona de buena fe, sin embargo no hacemos ninguna representaci\u00f3n o garant\u00eda de ning\u00fan tipo, expresa o impl\u00edcita, con respecto a la exactitud, adecuaci\u00f3n, validez, fiabilidad, disponibilidad o integridad de cualquier informaci\u00f3n en el Sitio. BAJO NINGUNA CIRCUNSTANCIA TENDREMOS NINGUNA RESPONSABILIDAD ANTE USTED POR CUALQUIER P\u00c9RDIDA O DA\u00d1O DE CUALQUIER TIPO INCURRIDO COMO RESULTADO DEL USO DEL SITIO O DE LA CONFIANZA EN CUALQUIER INFORMACI\u00d3N PROPORCIONADA EN EL SITIO. SU USO DEL SITIO Y SU CONFIANZA EN CUALQUIER INFORMACI\u00d3N CONTENIDA EN EL MISMO ES EXCLUSIVAMENTE POR SU CUENTA Y RIESGO.<\/p>\n\n\n\n<h2 class=\"wp-block-heading\">Descargo de responsabilidad de los enlaces externos<\/h2>\n\n\n\n<p>El Sitio puede contener (o se le puede enviar a trav\u00e9s del Sitio) enlaces a otros sitios web o contenidos pertenecientes u originados por terceros o enlaces a sitios web y caracter\u00edsticas en banners u otros anuncios. Dichos enlaces externos no son investigados, supervisados o comprobados por nosotros en cuanto a su exactitud, adecuaci\u00f3n, validez, fiabilidad, disponibilidad o integridad. NO GARANTIZAMOS NI AVALAMOS LA EXACTITUD O FIABILIDAD DE LA INFORMACI\u00d3N OFRECIDA POR LOS SITIOS WEB DE TERCEROS ENLAZADOS A TRAV\u00c9S DEL SITIO O DE CUALQUIER SITIO WEB O ELEMENTO ENLAZADO EN CUALQUIER BANNER U OTRO TIPO DE PUBLICIDAD. NO SEREMOS PARTE NI NOS RESPONSABILIZAREMOS EN MODO ALGUNO DE SUPERVISAR CUALQUIER TRANSACCI\u00d3N ENTRE USTED Y TERCEROS PROVEEDORES DE PRODUCTOS O SERVICIOS.<\/p>\n\n\n\n<p>La exhibici\u00f3n de productos de pr\u00e9stamos, tarjetas de cr\u00e9dito u otros productos financieros, ofrecidos por terceros, en el sitio web no implica, sugiere o constituye de ninguna manera un patrocinio, recomendaci\u00f3n, opini\u00f3n, consejo o aprobaci\u00f3n de MoneyBob a favor\/en contra de dichos terceros o sus productos. USTED ACEPTA QUE MONEYBOB NO ES DE NINGUNA MANERA RESPONSABLE DE LA EXACTITUD, PUNTUALIDAD O INTEGRIDAD DE LA INFORMACI\u00d3N QUE PUEDA OBTENER DE ESTOS TERCEROS.SU INTERACCI\u00d3N CON CUALQUIER TERCERO AL QUE SE ACCEDA A TRAV\u00c9S DEL SITIO WEB ES BAJO SU PROPIO RIESGO, Y MONEYBOB NO TENDR\u00c1 NINGUNA RESPONSABILIDAD CON RESPECTO A LOS ACTOS, OMISIONES, ERRORES, REPRESENTACIONES, GARANT\u00cdAS, INCUMPLIMIENTOS O NEGLIGENCIA DE DICHOS TERCEROS O POR CUALQUIER LESI\u00d3N PERSONAL, MUERTE, DA\u00d1OS A LA PROPIEDAD, U OTROS DA\u00d1OS O GASTOS RESULTANTES DE SUS INTERACCIONES CON LOS TERCEROS.<\/p>\n\n\n\n<h2 class=\"wp-block-heading\">Descargo de responsabilidad de los afiliados<\/h2>\n\n\n\n<p>El Sitio puede contener enlaces a sitios web afiliados, y nosotros recibimos una comisi\u00f3n de afiliaci\u00f3n por cualquier compra que usted realice en el sitio web afiliado utilizando dichos enlaces. Entre nuestros afiliados se encuentran los siguientes:<\/p>\n\n\n\n<ul class=\"wp-block-list\"><li>Awin<\/li><li>Daisycon<\/li><li>Tradetracker<\/li><li>Impact<\/li><li>Financeads<\/li><\/ul>\n\n\n\n<h2 class=\"wp-block-heading\">Descargo de responsabilidad de los testimonios<\/h2>\n\n\n\n<p>El Sitio puede contener testimonios de usuarios de nuestros productos y\/o servicios. Estos testimonios reflejan las experiencias y opiniones reales de dichos usuarios. Sin embargo, las experiencias son personales para esos usuarios en particular, y no son necesariamente representativas de todos los usuarios de nuestros productos y\/o servicios. No pretendemos, y usted no debe asumir, que todos los usuarios tendr\u00e1n las mismas experiencias. SUS RESULTADOS INDIVIDUALES PUEDEN VARIAR.<\/p>\n\n\n\n<p>Los testimonios que aparecen en el Sitio se presentan en diversas formas, como texto, audio y\/o v\u00eddeo, y son revisados por nosotros antes de ser publicados. Aparecen en el Sitio textualmente tal y como los han dado los usuarios, salvo la correcci\u00f3n de errores gramaticales o de escritura. Algunos testimonios pueden haber sido acortados en aras de la brevedad cuando el testimonio completo conten\u00eda informaci\u00f3n extra\u00f1a no relevante para el p\u00fablico en general.<\/p>\n\n\n\n<p>Los puntos de vista y las opiniones contenidas en los testimonios pertenecen \u00fanicamente al usuario individual y no reflejan nuestros puntos de vista y opiniones. No estamos afiliados a los usuarios que proporcionan testimonios, y los usuarios no son pagados o compensados de otra manera por sus testimonios.<\/p>\n","protected":false},"excerpt":{"rendered":"<p>\u00daltima actualizaci\u00f3n: 22 de septiembre de 2021 Aviso legal del sitio web La informaci\u00f3n proporcionada por Sterk Digital Limited (\u00abnosotros\u00bb, \u00abnos\u00bb o \u00abnuestro\u00bb) en https:\/\/www.moneybob.com &#8230; <\/p>\n<p class=\"read-more-container\"><a title=\"Aviso legal\" class=\"read-more button\" href=\"https:\/\/www.moneybob.com\/es\/aviso-legal\/#more-2992\" aria-label=\"Leer m\u00e1s sobre Aviso legal\">Leer m\u00e1s<\/a><\/p>\n","protected":false},"author":3,"featured_media":0,"parent":0,"menu_order":0,"comment_status":"closed","ping_status":"closed","template":"","meta":{"_eb_attr":"","footnotes":""},"class_list":["post-2992","page","type-page","status-publish"],"_links":{"self":[{"href":"https:\/\/www.moneybob.com\/es\/wp-json\/wp\/v2\/pages\/2992","targetHints":{"allow":["GET"]}}],"collection":[{"href":"https:\/\/www.moneybob.com\/es\/wp-json\/wp\/v2\/pages"}],"about":[{"href":"https:\/\/www.moneybob.com\/es\/wp-json\/wp\/v2\/types\/page"}],"author":[{"embeddable":true,"href":"https:\/\/www.moneybob.com\/es\/wp-json\/wp\/v2\/users\/3"}],"replies":[{"embeddable":true,"href":"https:\/\/www.moneybob.com\/es\/wp-json\/wp\/v2\/comments?post=2992"}],"version-history":[{"count":0,"href":"https:\/\/www.moneybob.com\/es\/wp-json\/wp\/v2\/pages\/2992\/revisions"}],"wp:attachment":[{"href":"https:\/\/www.moneybob.com\/es\/wp-json\/wp\/v2\/media?parent=2992"}],"curies":[{"name":"wp","href":"https:\/\/api.w.org\/{rel}","templated":true}]}}