{"id":4269,"date":"2021-11-18T17:28:17","date_gmt":"2021-11-18T17:28:17","guid":{"rendered":"https:\/\/www.moneybob.com\/?page_id=4269"},"modified":"2022-10-26T17:46:27","modified_gmt":"2022-10-26T17:46:27","slug":"solicitar-tarjeta-de-credito","status":"publish","type":"page","link":"https:\/\/www.moneybob.com\/es\/tarjetas\/solicitar-tarjeta-de-credito\/","title":{"rendered":"Solicitar tarjeta de cr\u00e9dito"},"content":{"rendered":"\n<p>Solicitar tarjeta de cr\u00e9dito puede ser una soluci\u00f3n eficaz para muchas personas que necesitan financiar sus gastos. Las tarjetas de cr\u00e9dito son un producto financiero, y como tal, deben ser utilizadas solo de manera responsable. Los cr\u00e9ditos de las tarjetas, como cualquier otro pr\u00e9stamo, conllevan unos intereses que pueden elevar el precio final de nuestra compra en m\u00e1s de un 25%. Por eso, antes de utilizar una tarjeta de cr\u00e9dito habitualmente es aconsejable echar cuentas y ser conscientes de cu\u00e1nto terminaremos pagando en realidad.<\/p>\n\n\n<div class=\"wp-block-image\">\n<figure class=\"alignright size-full is-resized\"><img loading=\"lazy\" decoding=\"async\" src=\"https:\/\/www.moneybob.com\/wp-content\/uploads\/solicitar-tarjeta-de-cre\u0301dito.jpg\" alt=\"Solicitar tarjeta de cr\u00e9dito\" class=\"wp-image-4285\" width=\"291\" height=\"437\" title=\"\" srcset=\"https:\/\/www.moneybob.com\/wp-content\/uploads\/solicitar-tarjeta-de-cre\u0301dito.jpg 640w, https:\/\/www.moneybob.com\/wp-content\/uploads\/solicitar-tarjeta-de-cre\u0301dito-200x300.jpg 200w\" sizes=\"auto, (max-width: 291px) 100vw, 291px\" \/><figcaption>Solicitar tarjeta.<\/figcaption><\/figure>\n<\/div>\n\n\n<p>Para muchas personas, sacar tarjeta de cr\u00e9dito es una forma de estar protegido frente a imprevistos. La mayor\u00eda de tarjetas de cr\u00e9dito ofrecen la opci\u00f3n de comprar a d\u00e9bito (restando autom\u00e1ticamente nuestras compras del saldo disponible en nuestra cuenta bancaria), de manera que solo hay que recurrir a la opci\u00f3n de compra a cr\u00e9dito cuando realmente es necesario.<\/p>\n\n\n\n<p><strong><a href=\"https:\/\/www.moneybob.com\/es\/tarjetas\/tarjeta-de-credito\/\" data-type=\"page\" data-id=\"4121\">Las tarjetas de cr\u00e9dito<\/a><\/strong> solo funcionan como un pr\u00e9stamo cuando aplazamos los pagos, y en casos puntuales si optamos por cargar las compras a final de mes. Una de las cosas que las hace m\u00e1s atractivas y \u00fatiles es que, a diferencia de los pr\u00e9stamos personales, se mantienen como una opci\u00f3n disponible en cualquier momento: no tienes que empezar a pagar intereses desde que te la conceden, sino desde el momento que utilizas su l\u00ednea de cr\u00e9dito.<\/p>\n\n\n\n<p>Solicitar <strong><a href=\"https:\/\/www.moneybob.com\/es\/tarjetas\/tarjeta-de-credito-online\/\" data-type=\"URL\" data-id=\"https:\/\/www.moneybob.com\/es\/tarjetas\/tarjeta-de-credito-online\/\">tarjeta de cr\u00e9dito online<\/a><\/strong> es un tr\u00e1mite sencillo que te permitir\u00e1 contar con una nueva tarjeta de cr\u00e9dito en menos de dos semanas. El proceso es muy simple y est\u00e1 pensado para que todo el mundo pueda hacerlo, con asistencia especializada en caso de que te quedes atascado en alg\u00fan punto de la solicitud.<\/p>\n\n\n\n<p>Por eso, para lo que debemos emplear tiempo y un poco de esfuerzo al solicitar tarjeta de cr\u00e9dito, es en elegir bien la que m\u00e1s nos conviene. Estos son algunos puntos importantes a tener en cuenta antes de decantarse por una u otra tarjeta de cr\u00e9dito:<\/p>\n\n\n\n<ul class=\"wp-block-list\"><li>Tener claro para qu\u00e9 vamos a usar la tarjeta. Esto nos ayudar\u00e1 a saber qu\u00e9 tipo de tarjeta necesitamos realmente y afinar\u00e1 nuestra b\u00fasqueda de opciones. Lo primero que debes pensar es si ser\u00e1 para el d\u00eda a d\u00eda o estar\u00e1 reservada solo para emergencias.<\/li><\/ul>\n\n\n\n<ul class=\"wp-block-list\"><li>Si la tarjeta de cr\u00e9dito va a ser nuestro recurso para afrontar imprevistos o pagos de urgencia, debemos saber de antemano c\u00f3mo funciona su l\u00ednea de cr\u00e9dito y hasta qu\u00e9 l\u00edmite. Otros detalles importantes son la disponibilidad de efectivo en cajeros (y sus comisiones), y si tiene cargos adicionales por hacer transferencias a cr\u00e9dito a nuestra cuenta bancaria.<\/li><\/ul>\n\n\n\n<ul class=\"wp-block-list\"><li>Si utilizaremos la tarjeta de cr\u00e9dito para financiar una compra importante, conviene pararse a echar cuentas para saber exactamente cu\u00e1les ser\u00e1n el <strong><a href=\"https:\/\/www.youtube.com\/watch?v=ncn5aHkZEWc\" target=\"_blank\" data-type=\"URL\" data-id=\"https:\/\/www.youtube.com\/watch?v=ncn5aHkZEWc\" data-schema-attribute=\"mentions\" rel=\"noreferrer noopener\">TIN y la TAE<\/a><\/strong>, y otros detalles como la cuant\u00eda mensual de los plazos y si podemos saldar el total antes de tiempo sin costes adicionales.<\/li><\/ul>\n\n\n\n<h2 class=\"wp-block-heading\">Solicitar tarjeta de cr\u00e9dito por Internet<\/h2>\n\n\n\n<p>Solicitar tarjeta de cr\u00e9dito por Internet es cada vez m\u00e1s habitual. Tanto si eliges una tarjeta emitida por un banco como por otra empresa financiera, la v\u00eda digital es una opci\u00f3n c\u00f3moda, sencilla y segura para conseguir tu <strong><a href=\"https:\/\/www.moneybob.com\/es\/tarjetas\/tarjeta-de-credito\/\" data-type=\"page\" data-id=\"4121\">nueva tarjeta de cr\u00e9dito<\/a><\/strong>.<\/p>\n\n\n<div class=\"wp-block-image\">\n<figure class=\"alignright size-full is-resized\"><img loading=\"lazy\" decoding=\"async\" src=\"https:\/\/www.moneybob.com\/wp-content\/uploads\/Solicitar-tarjeta-Internet.jpg\" alt=\"Solicitar tarjeta de cr\u00e9dito por Internet\" class=\"wp-image-4291\" width=\"299\" height=\"399\" title=\"\" srcset=\"https:\/\/www.moneybob.com\/wp-content\/uploads\/Solicitar-tarjeta-Internet.jpg 640w, https:\/\/www.moneybob.com\/wp-content\/uploads\/Solicitar-tarjeta-Internet-225x300.jpg 225w\" sizes=\"auto, (max-width: 299px) 100vw, 299px\" \/><figcaption>Solicitar tarjeta por Internet.<\/figcaption><\/figure>\n<\/div>\n\n\n<p>Para solicitar tarjeta de cr\u00e9dito online puedes utilizar el formulario que la mayor\u00eda de comercializadores de tarjetas tienen en su p\u00e1gina web. Muchos bancos ofrecen tambi\u00e9n banca online y su propia app. Algunas como la de <strong><a href=\"https:\/\/www.moneybob.com\/es\/prestamos\/cofidis\/\" data-type=\"URL\" data-id=\"https:\/\/www.moneybob.com\/es\/prestamos\/cofidis\/\">Cofidis<\/a><\/strong> se pueden contratar tambi\u00e9n por tel\u00e9fono.<\/p>\n\n\n\n<p>Recapitulando, las opciones para solicitar tarjeta de cr\u00e9dito por Internet y otros m\u00e9todos no presenciales incluyen:<\/p>\n\n\n\n<ul class=\"wp-block-list\"><li>Por tel\u00e9fono<\/li><li>A trav\u00e9s de una App<\/li><li>A trav\u00e9s de la p\u00e1gina de la entidad emisora<\/li><li>A trav\u00e9s de banca digital<\/li><\/ul>\n\n\n\n<p>Las ventajas de sacar tarjeta de cr\u00e9dito online son varias, adem\u00e1s de la comodidad de poder hacerlo cu\u00e1ndo y desde d\u00f3nde t\u00fa quieras, sin necesidad de esperar colas ni papeleos. Para empezar, lo tendr\u00e1s m\u00e1s f\u00e1cil a la hora de comparar entre diferentes tarjetas y contar\u00e1s siempre con toda la informaci\u00f3n sobre el contrato y condiciones de la tarjeta para descargar e imprimir.<\/p>\n\n\n\n<p>Sacar <strong><a href=\"https:\/\/www.moneybob.com\/es\/tarjetas\/tarjeta-de-credito-online\/\" data-type=\"page\" data-id=\"4233\">tarjeta de cr\u00e9dito online<\/a><\/strong> no implica cambiar de banco. Aunque muchas de las <strong><a href=\"https:\/\/www.moneybob.com\/es\/tarjetas\/\" data-type=\"URL\" data-id=\"https:\/\/www.moneybob.com\/es\/tarjetas\/\">tarjetas<\/a><\/strong> vinculadas a cuentas bancarias que ofrecen los bancos tienen la ventaja de no conllevar comisi\u00f3n de emisi\u00f3n ni mantenimiento, esta ventaja no es exclusiva. Tambi\u00e9n existen tarjetas de cr\u00e9dito <strong><a href=\"https:\/\/www.moneybob.com\/es\/tarjetas\/tarjeta-de-credito-gratis\/\" data-type=\"URL\" data-id=\"https:\/\/www.moneybob.com\/es\/tarjetas\/tarjeta-de-credito-gratis\/\">gratis<\/a><\/strong> emitidas por entidades que vinculan la nueva tarjeta a tu cuenta bancaria habitual, sin que tengas de cambiar de banco.<\/p>\n\n\n\n<h2 class=\"wp-block-heading\">\u00bfC\u00f3mo puedo solicitar una tarjeta de cr\u00e9dito por Internet?<\/h2>\n\n\n\n<p>\u00bfC\u00f3mo puedo solicitar una tarjeta de cr\u00e9dito por Internet? Muy f\u00e1cil. Si ya tienes decidido cu\u00e1l es la mejor tarjeta de cr\u00e9dito para ti, basta con que accedas al sitio web de la entidad emisora o, si se trata de un banco, a su portal de banca online.<\/p>\n\n\n\n<p>El proceso para solicitar tarjeta de cr\u00e9dito online es sencillo, y est\u00e1 configurado para ir gui\u00e1ndote en todos los pasos. Comienza seleccionando el tipo de tarjeta de cr\u00e9dito que quieres contratar y ten a mano la documentaci\u00f3n necesaria, que te indicar\u00e1n al comienzo de la solicitud.<\/p>\n\n\n\n<p>Los requisitos para sacar tarjeta de cr\u00e9dito por Internet son los mismos que de manera presencial, aparte obviamente de contar con una conexi\u00f3n. Igualmente, la mayor\u00eda de bancos y empresas que comercializan tarjetas de cr\u00e9dito tienen exactamente las mismas ofertas, tanto si eliges solicitar tarjeta de cr\u00e9dito online o presencialmente.<\/p>\n\n\n\n<p>Requisitos exigidos a la hora de proceder a sacar tarjeta de cr\u00e9dito:<\/p>\n\n\n\n<ol class=\"wp-block-list\"><li>Ser mayor de edad (18 a\u00f1os). Deber\u00e1s demostrarlo presentando un documento de identidad oficial que no est\u00e9 caducado. Te advertimos que para algunas tarjetas se exige m\u00e1s edad.<\/li><li>Residir legalmente en el pa\u00eds donde se emite la tarjeta.<\/li><li>Demostrar ingresos regulares.<\/li><li>No aparecer en un registro de morosos como ASNEF.<\/li><\/ol>\n\n\n\n<h2 class=\"wp-block-heading\">Preguntas frecuentes sobre c\u00f3mo solicitar tarjeta de cr\u00e9dito<\/h2>\n\n\n<div id=\"rank-math-faq\" class=\"rank-math-block\">\n<div class=\"rank-math-list \">\n<div id=\"faq-question-1637255588529\" class=\"rank-math-list-item\">\n<h3 class=\"rank-math-question \">Solicitar tarjeta de cr\u00e9dito con ASNEF<\/h3>\n<div class=\"rank-math-answer \">\n\n<p>Solicitar <strong><a href=\"https:\/\/www.moneybob.com\/es\/tarjetas\/tarjeta-de-credito-con-asnef\/\" data-type=\"URL\" data-id=\"https:\/\/www.moneybob.com\/es\/tarjetas\/tarjeta-de-credito-con-asnef\/\">tarjeta de cr\u00e9dito con ASNEF<\/a><\/strong> no es posible porque cualquier banco o entidad crediticia lo considerar\u00e1 un factor de riesgo inasumible. Aparecer en un listado de deudores como ASNEF o cualquier otro archivo de este tipo supone un rechazo inmediato de cualquier solicitud de tarjeta de cr\u00e9dito.<\/p>\n\n<\/div>\n<\/div>\n<div id=\"faq-question-1637255596100\" class=\"rank-math-list-item\">\n<h3 class=\"rank-math-question \">Solicitar tarjeta de cr\u00e9dito Cetelem<\/h3>\n<div class=\"rank-math-answer \">\n\n<p>Para solicitar tarjeta de cr\u00e9dito Cetelem Pay, adem\u00e1s de los medios tradicionales puedes utilizar el Espacio Cliente de este banco o la App <strong><a href=\"https:\/\/www.moneybob.com\/es\/prestamos\/cetelem\/\" data-type=\"URL\" data-id=\"https:\/\/www.moneybob.com\/es\/prestamos\/cetelem\/\">Cetelem<\/a><\/strong>. Es una tarjeta gratuita (sin gastos por comisi\u00f3n de emisi\u00f3n ni mantenimiento) que permite:<\/p>\n<p>1. Hacer compras en establecimientos f\u00edsicos y online<br \/>2. Retirar efectivo del cajero<br \/>3. Transferir cr\u00e9dito a tu cuenta bancaria<\/p>\n<p>Si est\u00e1s pensando en solicitar tarjeta de cr\u00e9dito Celetem Pay, te aconsejamos inf\u00f3rmate sobre las comisiones espec\u00edficas y los intereses TIN y TAE para cada una de sus tres formas de pago:<\/p>\n<p>&#8211; Pago completo del cargo el \u00faltimo d\u00eda h\u00e1bil del mes<br \/>&#8211; Pago revolving, con una cuota fija al mes y que conlleva intereses<br \/>&#8211; Pago aplazado en 3, 6 o 12 meses para compras de m\u00e1s de 40\u20ac<\/p>\n<p>Frente a otras tarjetas, la Celetem Pay tiene la gran ventaja de que te permite realizar cancelaciones completas o parciales de la cantidad adeudada cuando quieras, sin costes por cancelaci\u00f3n de deuda.<\/p>\n\n<\/div>\n<\/div>\n<div id=\"faq-question-1637255676191\" class=\"rank-math-list-item\">\n<h3 class=\"rank-math-question \">Solicitar tarjeta de cr\u00e9dito Cofidis<\/h3>\n<div class=\"rank-math-answer \">\n\n<p>Solicitar tarjeta de cr\u00e9dito Cofidis es muy f\u00e1cil, se puede hacer online o por tel\u00e9fono en una l\u00ednea gratuita al solicitar un cr\u00e9dito directo de Cofidis. Es una tarjeta de cr\u00e9dito de la red Euro6000 que no tiene comisiones de emisi\u00f3n ni de mantenimiento. Sus intereses son 18,31% TIN y 19,93% TAE, con un l\u00edmite de cr\u00e9dito m\u00e1ximo de hasta 4.000\u20ac. Entre sus ventajas adicionales est\u00e1n:<\/p>\n<p>&#8211; Seguro de asistencia y accidente en viajes, 24 horas.<br \/>&#8211; Ofertas y descuentos en m\u00e1s de 100 marcas asociadas.<br \/>&#8211; Seguimiento de operaciones a trav\u00e9s del Espacio Cliente Cofidis.<br \/>&#8211; 1 Tarjeta principal + 1 Tarjeta adicional sin cuota anual.<\/p>\n<p>Para solicitar tarjeta de cr\u00e9dito Cofidis no necesitas cambiar de banco. Adem\u00e1s tiene la ventaja de que permite solicitar hasta 2 aplazamientos de cuota durante 12 meses. Al igual que cualquier otra tarjeta de cr\u00e9dito funciona para comprar en establecimientos que acepten <strong><a href=\"https:\/\/www.moneybob.com\/es\/tarjetas\/mastercard\/\" data-type=\"URL\" data-id=\"https:\/\/www.moneybob.com\/es\/tarjetas\/mastercard\/\">MasterCard<\/a><\/strong> y tambi\u00e9n para sacar efectivo de cajeros autom\u00e1ticos.<\/p>\n\n<\/div>\n<\/div>\n<div id=\"faq-question-1637255742991\" class=\"rank-math-list-item\">\n<h3 class=\"rank-math-question \">Solicitar tarjeta de cr\u00e9dito Eroski<\/h3>\n<div class=\"rank-math-answer \">\n\n<p>Lo primero que debes saber antes de solicitar tarjeta de cr\u00e9dito Eroski es que se trata de una tarjeta de fidelizaci\u00f3n que no requiere cambiar de banco. Se ofrece en formato d\u00e9bito\/cr\u00e9dito y con las ventajas de la red de pagos de <strong><a href=\"https:\/\/www.moneybob.com\/es\/tarjetas\/visa\/\" data-type=\"page\" data-id=\"4670\">VISA<\/a><\/strong>.<\/p>\n<p>Es una tarjeta de cr\u00e9dito gratuita (emisi\u00f3n, mantenimiento y renovaci\u00f3n) que tienen la gran ventaja de permitirte ahorrar hasta el 15% en tus compras en Eroski. Su nombre completo es Eroski red Visa de Santander Consumer Finance, y permite tres tipos de pagos:<\/p>\n<p>1. A d\u00e9bito, con deducci\u00f3n autom\u00e1tica sobre el saldo de la cuenta bancaria a la que asocies la tarjeta.<br \/>2. A cr\u00e9dito, con cargo mensual del total de tus compras. Esta opci\u00f3n no conlleva comisiones o intereses adicionales.<br \/>3. A cr\u00e9dito, aplazando los pagos con cuota fija. TIN 19,80%.<\/p>\n<p>Tambi\u00e9n es posible utilizar determinadas promociones de Eroski para hacer compras a plazos con la tarjeta sin tener que pagar intereses ni comisiones y con 0% TIN. Pero estas compras a plazos gratis est\u00e1n limitadas a ofertas especiales y sujetas a unos plazos determinados y para un l\u00edmite m\u00ednimo de gasto.<\/p>\n\n<\/div>\n<\/div>\n<div id=\"faq-question-1637255787794\" class=\"rank-math-list-item\">\n<h3 class=\"rank-math-question \">Solicitar tarjeta de cr\u00e9dito ING<\/h3>\n<div class=\"rank-math-answer \">\n\n<p>Si est\u00e1s considerando solicitar tarjeta de cr\u00e9dito ING, te interesa saber que permite diferentes formas de pago, adem\u00e1s de ahorrarte un 3% en gasolineras de las marcas Galo y Shell. Otra de sus principales ventajas adicionales es que incluye una opci\u00f3n de alertas por SMS gratuitas para estar al tanto de todos los movimientos de la tarjeta.<\/p>\n<p>Una de las cosas m\u00e1s importantes al solicitar tarjeta de cr\u00e9dito ING es que su cuota de alta es gratuita. Es una tarjeta de cr\u00e9dito gratis, sin comisi\u00f3n de emisi\u00f3n ni de mantenimiento, a condici\u00f3n de que:<\/p>\n<p>1. Abras una cuenta n\u00f3mina en ING<br \/>2. Pases el examen de riesgo de ING<\/p>\n<p>Estas dos condiciones se suman a las habituales (ser mayor de edad, residente en Espa\u00f1a y contar con una fuente de ingresos regular). A cambio, podr\u00e1s disfrutar de 3 sistemas de pago distintos:<\/p>\n<p>&#8211; Pago sin intereses ni comisiones a final de mes<br \/>&#8211; Pago aplazado (3, 6, 12 o 18 meses) con TIN 14,06%<br \/>&#8211; Pago aplazado personalizado con TIN 22,05%<\/p>\n<p>Otras ventajas de solicitar tarjeta de cr\u00e9dito ING son los seguros de asistencia y accidente de viaje que incluye y su protecci\u00f3n antifraude. Tambi\u00e9n tendr\u00e1s descuentos de hasta un 10% en las categor\u00edas de tecnolog\u00eda, moda, ocio, alimentaci\u00f3n y viajes de los comercios incluidos dentro de su programa de Shopping Naranja.<\/p>\n\n<\/div>\n<\/div>\n<div id=\"faq-question-1637255855665\" class=\"rank-math-list-item\">\n<h3 class=\"rank-math-question \">Solicitar tarjeta de cr\u00e9dito Santander<\/h3>\n<div class=\"rank-math-answer \">\n\n<p>Si vas a solicitar tarjeta de cr\u00e9dito Santander, te interesa saber que este banco ofrece varias tarjetas de cr\u00e9dito diferentes con cuota de alta gratuita y sin comisi\u00f3n por renovaci\u00f3n. Dos de las m\u00e1s populares son:<\/p>\n<p>1. Tarjeta de cr\u00e9dito Santander One Aplaza. Tambi\u00e9n tiene una versi\u00f3n de d\u00e9bito llamada One. Est\u00e1 asociada a la cuenta Santander One.<\/p>\n<p>2. Tarjeta de cr\u00e9dito Santander LaLiga. Tiene un particular sistema de bonificaci\u00f3n que consiste en una promoci\u00f3n (en la que hay que inscribirse eligiendo un equipo) por la que, si gastas m\u00e1s de 300\u20ac al mes con la tarjeta, te recompensan entre 1\u20ac y 3\u20ac al mes hasta un m\u00e1ximo de 45\u20ac al mes.<\/p>\n\n<\/div>\n<\/div>\n<div id=\"faq-question-1637255888800\" class=\"rank-math-list-item\">\n<h3 class=\"rank-math-question \">Solicitar tarjeta de cr\u00e9dito Sabadell<\/h3>\n<div class=\"rank-math-answer \">\n\n<p>Para solicitar tarjeta de cr\u00e9dito Sabadell necesitas tener cuenta en el banco. Dos de las tarjetas de cr\u00e9dito Sabadell m\u00e1s populares son la Tarjeta SIN Banco Sabadell y la Shopping, ambas sin comisi\u00f3n de emisi\u00f3n o renovaci\u00f3n. Estas son algunas de sus principales caracter\u00edsticas:<\/p>\n<p>&#8211; Solicitar tarjeta de cr\u00e9dito Sabadell SIN Banco. Pagos aplazados 0% TIN que se dividen autom\u00e1ticamente en 3 cuotas para todas las compras de entre 50\u20ac y 3.000\u20ac, con una comisi\u00f3n de 12\u20ac. Compensa si tienes pensado hacer compras de 1.000\u20ac o m\u00e1s, para las que la TAE se queda en 4,43%.<\/p>\n<p>&#8211; Solicitar tarjeta de cr\u00e9dito Sabadell Shopping. Es igual que pedir un pr\u00e9stamo. Permite pagos revolving y pagos aplazados con inter\u00e9s 24% TIN. Si amortizas anticipadamente una parte o el total del cargo no pagas comisi\u00f3n adicional por ello.<\/p>\n\n<\/div>\n<\/div>\n<\/div>\n<\/div>\n\n\n<h2 class=\"wp-block-heading\">Detalles importantes para solicitar tarjeta de cr\u00e9dito<\/h2>\n\n\n\n<p>Como ya hemos mencionado en varias ocasiones, las tarjetas de cr\u00e9dito son productos financieros. No debes sentirte inc\u00f3modo por parar un momento y echar cuentas sobre los intereses de una compra a plazos con tu tarjeta: es la mejor forma de planificar tus gastos, no llevarte sorpresas y hacer que financiar una compra valga realmente la pena. Las tarjetas de cr\u00e9dito pueden ser una herramienta muy \u00fatil para la econom\u00eda del d\u00eda a d\u00eda, y bien utilizas resultan imprescindibles en situaciones de urgencia.<\/p>\n\n\n\n<p>Nuestro consejo es que te sirvas de todas las ventajas que tiene solicitar tarjeta de cr\u00e9dito:<\/p>\n\n\n\n<ul class=\"wp-block-list\"><li>T\u00f3mate tu tiempo para analizar tu situaci\u00f3n y conocer los diferentes tipos de tarjetas disponibles.<\/li><\/ul>\n\n\n\n<ul class=\"wp-block-list\"><li>Antes de decidirte a solicitar una tarjeta online, comp\u00e1rala con otras similares. Es posible que te sorprendas al encontrar una con mejores condiciones o que se adapta mejor a tu estilo de vida.<\/li><\/ul>\n\n\n\n<ul class=\"wp-block-list\"><li>Una vez que tu solicitud de tarjeta haya sido aceptada, descarga el contrato de la tarjeta y l\u00e9elo para conocer c\u00f3mo funciona tu tarjeta de cr\u00e9dito, sacarle el mayor rendimiento a sus ventajas adicionales y saber cu\u00e1les son sus costes en cada operaci\u00f3n que permite.<\/li><\/ul>\n","protected":false},"excerpt":{"rendered":"<p>Solicitar tarjeta de cr\u00e9dito puede ser una soluci\u00f3n eficaz para muchas personas que necesitan financiar sus gastos. Las tarjetas de cr\u00e9dito son un producto financiero, &#8230; <\/p>\n<p class=\"read-more-container\"><a title=\"Solicitar tarjeta de cr\u00e9dito\" class=\"read-more button\" href=\"https:\/\/www.moneybob.com\/es\/tarjetas\/solicitar-tarjeta-de-credito\/#more-4269\" aria-label=\"Leer m\u00e1s sobre Solicitar tarjeta de cr\u00e9dito\">Leer m\u00e1s<\/a><\/p>\n","protected":false},"author":3,"featured_media":0,"parent":3939,"menu_order":0,"comment_status":"closed","ping_status":"closed","template":"","meta":{"_eb_attr":"","footnotes":""},"class_list":["post-4269","page","type-page","status-publish"],"_links":{"self":[{"href":"https:\/\/www.moneybob.com\/es\/wp-json\/wp\/v2\/pages\/4269","targetHints":{"allow":["GET"]}}],"collection":[{"href":"https:\/\/www.moneybob.com\/es\/wp-json\/wp\/v2\/pages"}],"about":[{"href":"https:\/\/www.moneybob.com\/es\/wp-json\/wp\/v2\/types\/page"}],"author":[{"embeddable":true,"href":"https:\/\/www.moneybob.com\/es\/wp-json\/wp\/v2\/users\/3"}],"replies":[{"embeddable":true,"href":"https:\/\/www.moneybob.com\/es\/wp-json\/wp\/v2\/comments?post=4269"}],"version-history":[{"count":0,"href":"https:\/\/www.moneybob.com\/es\/wp-json\/wp\/v2\/pages\/4269\/revisions"}],"up":[{"embeddable":true,"href":"https:\/\/www.moneybob.com\/es\/wp-json\/wp\/v2\/pages\/3939"}],"wp:attachment":[{"href":"https:\/\/www.moneybob.com\/es\/wp-json\/wp\/v2\/media?parent=4269"}],"curies":[{"name":"wp","href":"https:\/\/api.w.org\/{rel}","templated":true}]}}