{"id":4330,"date":"2021-11-19T10:02:11","date_gmt":"2021-11-19T10:02:11","guid":{"rendered":"https:\/\/www.moneybob.com\/?page_id=4330"},"modified":"2021-11-19T10:54:31","modified_gmt":"2021-11-19T10:54:31","slug":"tarjeta-de-credito-gratis","status":"publish","type":"page","link":"https:\/\/www.moneybob.com\/es\/tarjetas\/tarjeta-de-credito-gratis\/","title":{"rendered":"Tarjeta de cr\u00e9dito gratis"},"content":{"rendered":"\n<p>Una tarjeta de cr\u00e9dito gratis es una tarjeta sin comisiones. Estos gastos pueden estar anulados durante un tiempo (por ejemplo, durante el primer a\u00f1o) o indefinidamente. La entidad expedidora puede anunciar que la tarjeta es gratis porque no te cobra por emitirla, renovarla o mantenerla.<\/p>\n\n\n\n<p>Encontrar una tarjeta de cr\u00e9dito gratis es f\u00e1cil, pero necesitas informarte sobre las que cumplen estas caracter\u00edsticas y compararlas para saber cu\u00e1l es la que m\u00e1s te interesa. Porque hay que recordar que las tarjetas gratis sin comisiones conllevan otros gastos derivados de cuotas e intereses. Los tipos m\u00e1s habituales de tarjetas gratis son:<\/p>\n\n\n\n<ol class=\"wp-block-list\"><li>Tarjeta de cr\u00e9dito gratis sin gastos de emisi\u00f3n<\/li><li>Tarjeta de cr\u00e9dito gratis sin comisi\u00f3n de renovaci\u00f3n<\/li><li>Tarjeta de cr\u00e9dito gratis sin coste de emisi\u00f3n ni renovaci\u00f3n<\/li><li>Tarjeta de cr\u00e9dito gratis en su mantenimiento<\/li><\/ol>\n\n\n\n<div class=\"wp-block-image\"><figure class=\"alignright size-full is-resized\"><img loading=\"lazy\" decoding=\"async\" src=\"https:\/\/www.moneybob.com\/wp-content\/uploads\/tarjeta-credito-gratis.jpg\" alt=\"Tarjeta de cr\u00e9dito gratis\" class=\"wp-image-4359\" width=\"309\" height=\"464\" title=\"\" srcset=\"https:\/\/www.moneybob.com\/wp-content\/uploads\/tarjeta-credito-gratis.jpg 640w, https:\/\/www.moneybob.com\/wp-content\/uploads\/tarjeta-credito-gratis-200x300.jpg 200w\" sizes=\"auto, (max-width: 309px) 100vw, 309px\" \/><figcaption>Tarjeta de cr\u00e9dito gratis.<\/figcaption><\/figure><\/div>\n\n\n\n<p>La principal ventaja de una tarjeta de cr\u00e9dito gratis es evidente, pero a menudo su gratuidad va aparejada a alguna condici\u00f3n. Algunos bancos ofrecen una tarjeta gratis al domiciliar la n\u00f3mina o el pago de tres o m\u00e1s recibos mensuales. Otras entidades mantienen esta gratuidad a condici\u00f3n de que la tarjeta se utilice en un n\u00famero m\u00ednimo de transacciones mensuales.<\/p>\n\n\n\n<p>Con todo, una tarjeta de cr\u00e9dito gratis, como cualquier otra, generar\u00e1 gastos si se utiliza para aplazar pagos. Generalmente las tarjetas no cobran intereses cuando se utilizan para compras a cr\u00e9dito y el cargo mensual se devuelve por completo cuando vence el plazo. Pero si aplazas el pago de una o varias de tus compras se te aplicar\u00e1 el TIP (<a href=\"https:\/\/www.youtube.com\/watch?v=Ni05uPnlP7k\" target=\"_blank\" data-type=\"URL\" data-id=\"https:\/\/www.youtube.com\/watch?v=Ni05uPnlP7k\" data-schema-attribute=\"mentions\" rel=\"noreferrer noopener\">y el TAE<\/a>) que corresponda.<\/p>\n\n\n\n<p>Sin embargo, <strong><a href=\"https:\/\/www.moneybob.com\/es\/tarjetas\/tarjeta-de-credito\/\" data-type=\"page\" data-id=\"4121\">las tarjetas de cr\u00e9dito<\/a><\/strong> gratis no dejan de ser tarjetas convencionales. Por eso puede darse el caso de que una tarjeta de cr\u00e9dito gratis tenga otras comisiones, aparte de las de emisi\u00f3n y mantenimiento:<\/p>\n\n\n\n<ul class=\"wp-block-list\"><li>Comisi\u00f3n por duplicado de tarjeta. Es una cantidad que se cobra al titular de la tarjeta cuando necesita un \u201cpl\u00e1stico\u201d nuevo, porque se ha da\u00f1ado, lo ha perdido o se lo han robado.<\/li><\/ul>\n\n\n\n<ul class=\"wp-block-list\"><li>Comisi\u00f3n por consulta de saldo. Algunas entidades te cobrar\u00e1n por consultar el saldo disponible en tu cuenta a trav\u00e9s de un cajero autom\u00e1tico, incluso aunque no llegues a sacar dinero.<\/li><\/ul>\n\n\n\n<ul class=\"wp-block-list\"><li>Comisi\u00f3n por retirada de efectivo. Aunque puede que tu tarjeta de cr\u00e9dito gratis permita sacar dinero sin costes un cierto n\u00famero de veces al mes o si superas cierta cantidad, la mayor\u00eda cobran una comisi\u00f3n cuando utilizas el cajero.<\/li><\/ul>\n\n\n\n<ul class=\"wp-block-list\"><li>Comisi\u00f3n por transferencia de cr\u00e9dito a cuenta. Este gasto se carga cuando transfieres dinero a cr\u00e9dito de la tarjeta directamente a una cuenta bancaria.<\/li><\/ul>\n\n\n\n<p>Adem\u00e1s de estas comisiones, los intereses propios de cualquier tarjeta de cr\u00e9dito deben considerarse siempre como un gasto m\u00e1s derivado del uso de la tarjeta para aplazar cargos.<\/p>\n\n\n\n<p>Elegir la mejor tarjeta de cr\u00e9dito gratis es algo subjetivo, y depende de lo que necesites y el tipo de uso que le vayas a dar en cada momento. Por eso, aunque existen datos objetivos para comparar qu\u00e9 tarjeta es m\u00e1s rentable, es algo a lo que vale la pena dedicarle unos minutos. Puede que te parezca tiempo perdido, pero a la larga ser\u00e1 dinero ahorrado y probablemente de paso consigas algunas ventajas asociadas que te har\u00e1n la vida un poco m\u00e1s f\u00e1cil.<\/p>\n\n\n\n<h2 class=\"wp-block-heading\">\u00bfC\u00f3mo puedo obtener una tarjeta de cr\u00e9dito gratis?<\/h2>\n\n\n\n<p>Ahora que ya sabes lo que es realmente una tarjeta de cr\u00e9dito gratis, llega el momento de fijarse en esos detalles que marcan la diferencia entre unas y otras. Poner en pr\u00e1ctica estos cinco trucos para elegir tarjeta no te llevar\u00e1 m\u00e1s de unos minutos, y a la largo podr\u00eda ahorrarte mucho dinero:<\/p>\n\n\n\n<ol class=\"wp-block-list\"><li>Condiciones de pago. Una tarjeta de cr\u00e9dito gratis te puede permitir comprar a d\u00e9bito (los gastos se restan directamente del saldo disponible en la cuenta), a cr\u00e9dito (abonas el cargo total cuando vence el mes) y a plazos (financias una o varias compras hechas con la tarjeta para pagarlas en cuotas). Necesitar\u00e1s saber cu\u00e1les de estas opciones de pago tiene tu tarjeta y qu\u00e9 condiciones tiene cada una de ellas.<\/li><li>L\u00edmite disponible sin comisiones. Comprueba a cu\u00e1nto asciende el l\u00edmite m\u00e1ximo de cr\u00e9dito sin comisiones.<\/li><li>TIP y TAE. Si vas a usar la opci\u00f3n de pago aplazado, necesitas saber cu\u00e1l ser\u00e1 el Tipo de Inter\u00e9s nominal que te aplicar\u00e1. Conocer la Tasa Anual Equivalente es incluso m\u00e1s importante, porque es lo que te permite hacerte una idea del coste real de la tarjeta: incluye el TIP y las comisiones de la tarjeta a lo largo del a\u00f1o. <\/li><li>Seguros incluidos. Sobre todo si vas a utilizar tu tarjeta para viajar y hacer compras online, algunos de los seguros gratuitos que se vinculan a las compras con tarjeta pueden serte muy \u00fatiles. Van desde asistencia en carretera, pr\u00f3rroga de garant\u00edas, cobertura frente a emergencias\u2026<\/li><li>Otras ventajas asociadas a la tarjeta. Muchas tarjetas de cr\u00e9dito gratis funcionan como tarjetas de fidelidad. Pueden devolverte un porcentaje de lo que compras al mes en determinadas categor\u00edas de sus comercios asociados, o directamente proporcionarte descuentos al repostar en determinadas gasolineras.<\/li><\/ol>\n\n\n\n<h2 class=\"wp-block-heading\">Tarjetas de cr\u00e9dito gratis sin cambiar de banco<\/h2>\n\n\n\n<p>No necesitas cambiar de banco para tener una nueva tarjeta de cr\u00e9dito gratis. Muchos bancos las ofrecen como tarjetas vinculadas a cuentas o pr\u00e9stamos, pero hay otras entidades financieras e incluso comercios que tambi\u00e9n ofertan sus propias tarjetas de cr\u00e9dito gratis. Funcionan vinculando los cargos de la tarjeta a tu cuenta bancaria habitual.<\/p>\n\n\n\n<p>Las tarjetas de cr\u00e9dito gratis <strong><a href=\"https:\/\/www.moneybob.com\/es\/tarjetas\/tarjeta-de-credito-sin-cambiar-de-banco\/\" data-type=\"page\" data-id=\"4303\">sin cambiar de banco<\/a><\/strong> est\u00e1n disponibles tanto en oficinas como a trav\u00e9s de portales online. Son exactamente las mismas, solo que al <strong><a href=\"https:\/\/www.moneybob.com\/es\/tarjetas\/solicitar-tarjeta-de-credito\/\" data-type=\"page\" data-id=\"4269\">solicitar una tarjeta de cr\u00e9dito<\/a><\/strong> gratis online podr\u00e1s comparar con mayor facilidad y realizar el tr\u00e1mite m\u00e1s c\u00f3modamente y sin papeleo.<\/p>\n\n\n\n<p>Actualmente la oferta de tarjetas de cr\u00e9dito gratis sin cambiar de banco es muy extensa, y eso mueve a las entidades a ofrecer mejores condiciones a los consumidores. Pero para algunas personas solicitar la tarjeta de cr\u00e9dito gratis <strong><a href=\"https:\/\/www.moneybob.com\/es\/tarjetas\/tarjeta-de-credito-online\/\" data-type=\"page\" data-id=\"4233\">online<\/a><\/strong> puede resultar problem\u00e1tico. Se sienten inseguros respecto a sus capacidades o creen que no van a ser capaces de resolver el proceso completo.<\/p>\n\n\n\n<p>La mayor\u00eda de entidades ya han pensado en ello, y sus solicitudes digitales para hacerse una tarjeta de cr\u00e9dito gratis sin cambiar de banco est\u00e1n pensadas para guiarte en todos los pasos. Adem\u00e1s casi todas cuentan con asistencia a trav\u00e9s de chat, tel\u00e9fono o email de contacto. Y muchas incluyen un art\u00edculos espec\u00edfico sobre \u201cC\u00f3mo puedo obtener una tarjeta de cr\u00e9dito gratis\u201d en su secci\u00f3n de preguntas frecuentes.<\/p>\n\n\n\n<h2 class=\"wp-block-heading\">Tarjeta de cr\u00e9dito virtual gratis<\/h2>\n\n\n\n<div class=\"wp-block-image\"><figure class=\"alignright size-full is-resized\"><img loading=\"lazy\" decoding=\"async\" src=\"https:\/\/www.moneybob.com\/wp-content\/uploads\/tarjeta-credito-virtual-gratis.jpg\" alt=\"Tarjeta de cr\u00e9dito virtual gratis\" class=\"wp-image-4365\" width=\"284\" height=\"426\" title=\"\" srcset=\"https:\/\/www.moneybob.com\/wp-content\/uploads\/tarjeta-credito-virtual-gratis.jpg 640w, https:\/\/www.moneybob.com\/wp-content\/uploads\/tarjeta-credito-virtual-gratis-200x300.jpg 200w\" sizes=\"auto, (max-width: 284px) 100vw, 284px\" \/><figcaption>Tarjeta de cr\u00e9dito virtual gratis.<\/figcaption><\/figure><\/div>\n\n\n\n<p>Una tarjeta de cr\u00e9dito virtual gratis es un tipo de tarjeta de cr\u00e9dito gratis especialmente pensada para hacer pagos digitales. Las tarjetas virtuales no necesitan \u201cpl\u00e1stico\u201d o soporte f\u00edsico para funcionar. Son bastante parecidas a <strong><a href=\"https:\/\/www.moneybob.com\/es\/tarjetas\/\" data-type=\"page\" data-id=\"3939\">las tarjetas convencionales<\/a><\/strong>, pero su funcionamiento est\u00e1 especialmente pensado para adaptarse a los pagos online.<\/p>\n\n\n\n<p>Dado que cada vez somos m\u00e1s los titulares de una tarjeta de cr\u00e9dito que la utilizamos para nuestras compras online, las tarjetas han evolucionado. Las tarjetas de cr\u00e9dito virtuales gratis generan una datos de un solo uso, que su utilizan en cada una de las compras que hacemos online.<\/p>\n\n\n\n<p>As\u00ed es como en los \u00faltimos a\u00f1os se ha desarrollado la tarjeta de cr\u00e9dito virtual gratis como m\u00e9todo de pago y actualmente es una alternativa segura y hasta tienen sus propias ventajas para comprar por internet:<\/p>\n\n\n\n<ol class=\"wp-block-list\"><li>No muestra los datos de la tarjeta de cr\u00e9dito original, de forma que si alguien consigue ver los datos de nuestra tarjeta de cr\u00e9dito virtual, no le servir\u00e1 para llegar con ella hasta nuestra cuenta bancaria.<\/li><li>Para cada compra online, la tarjeta de cr\u00e9dito virtual gratis generar\u00e1 un n\u00famero y c\u00f3digo de seguridad \u00fanicos, que no servir\u00e1 para ninguna otra compra.<\/li><li>Permite personalizar su uso en tiempo en cantidad, determinando cu\u00e1ndo queremos que est\u00e9 disponible (por ejemplo, solo para realizar compras online durante el d\u00eda de hoy), autorizar una compra en concreto o limitarle el saldo disponible.<\/li><\/ol>\n\n\n\n<h2 class=\"wp-block-heading\">Conseguir una tarjeta de cr\u00e9dito gratis<\/h2>\n\n\n\n<p>Puedes conseguir una tarjeta de cr\u00e9dito gratis sin cambiar de banco, pero no pierdas de vista las ofertas de algunos bancos que ofrecen tarjetas sin comisiones por domiciliar la n\u00f3mina o abrir una nueva cuenta.<\/p>\n\n\n\n<p>Como ya hemos visto, la oferta en tarjetas de cr\u00e9dito gratis es bastante grande actualmente. Esta es una ventaja para los consumidores mejor informados, ya que es f\u00e1cil encontrar tarjetas que realmente se adapten a tu perfil de compras y las entidades tienen que competir por ofrecer sus mejores condiciones.<\/p>\n\n\n\n<p>Por \u00faltimo, te recordamos que las ventajas de una tarjeta de cr\u00e9dito gratis se resumen en el ahorro de dos de sus costes m\u00e1s habituales:<\/p>\n\n\n\n<ol class=\"wp-block-list\"><li>Emisi\u00f3n gratuita. Solicitar una tarjeta de cr\u00e9dito gratis no cuesta nada, mientras que para la mayor\u00eda de tarjetas la emisi\u00f3n tiene un precio que se carga al titular.<\/li><li>Mantenimiento \/ renovaci\u00f3n gratuitos. Casi todas las tarjetas de cr\u00e9dito conllevan una comisi\u00f3n de mantenimiento que puede ser mensual o anual. Tambi\u00e9n tienes que volver a pagar cuando tu tarjeta caduca y necesitas renovarla.<\/li><\/ol>\n","protected":false},"excerpt":{"rendered":"<p>Una tarjeta de cr\u00e9dito gratis es una tarjeta sin comisiones. Estos gastos pueden estar anulados durante un tiempo (por ejemplo, durante el primer a\u00f1o) o &#8230; <\/p>\n<p class=\"read-more-container\"><a title=\"Tarjeta de cr\u00e9dito gratis\" class=\"read-more button\" href=\"https:\/\/www.moneybob.com\/es\/tarjetas\/tarjeta-de-credito-gratis\/#more-4330\" aria-label=\"Leer m\u00e1s sobre Tarjeta de cr\u00e9dito gratis\">Leer m\u00e1s<\/a><\/p>\n","protected":false},"author":3,"featured_media":0,"parent":3939,"menu_order":0,"comment_status":"closed","ping_status":"closed","template":"","meta":{"_eb_attr":"","footnotes":""},"class_list":["post-4330","page","type-page","status-publish"],"_links":{"self":[{"href":"https:\/\/www.moneybob.com\/es\/wp-json\/wp\/v2\/pages\/4330","targetHints":{"allow":["GET"]}}],"collection":[{"href":"https:\/\/www.moneybob.com\/es\/wp-json\/wp\/v2\/pages"}],"about":[{"href":"https:\/\/www.moneybob.com\/es\/wp-json\/wp\/v2\/types\/page"}],"author":[{"embeddable":true,"href":"https:\/\/www.moneybob.com\/es\/wp-json\/wp\/v2\/users\/3"}],"replies":[{"embeddable":true,"href":"https:\/\/www.moneybob.com\/es\/wp-json\/wp\/v2\/comments?post=4330"}],"version-history":[{"count":0,"href":"https:\/\/www.moneybob.com\/es\/wp-json\/wp\/v2\/pages\/4330\/revisions"}],"up":[{"embeddable":true,"href":"https:\/\/www.moneybob.com\/es\/wp-json\/wp\/v2\/pages\/3939"}],"wp:attachment":[{"href":"https:\/\/www.moneybob.com\/es\/wp-json\/wp\/v2\/media?parent=4330"}],"curies":[{"name":"wp","href":"https:\/\/api.w.org\/{rel}","templated":true}]}}