{"id":5744,"date":"2022-06-14T20:02:34","date_gmt":"2022-06-14T20:02:34","guid":{"rendered":"https:\/\/www.moneybob.com\/?page_id=5744"},"modified":"2022-07-08T06:54:40","modified_gmt":"2022-07-08T06:54:40","slug":"bolsa-de-madrid","status":"publish","type":"page","link":"https:\/\/www.moneybob.com\/es\/invertir\/bolsa\/bolsa-de-madrid\/","title":{"rendered":"Bolsa de Madrid"},"content":{"rendered":"\n<p>La Bolsa de Madrid Ibex 35 es el mercado de valores m\u00e1s importante de Espa\u00f1a. Se trata de una de las instituciones financieras m\u00e1s antiguas e influyentes del pa\u00eds. Est\u00e1 integrada en Bolsas y Mercados Espa\u00f1oles (BME). Ubicada en la capital y una de las ciudades de mayor movimiento de inversiones del pa\u00eds, la Bolsa de Madrid tiene la capitalizaci\u00f3n burs\u00e1til m\u00e1s alta registrada en Espa\u00f1a.<\/p>\n\n\n\n<h2 class=\"gb-headline gb-headline-00a0b3e4 gb-headline-text\">A qu\u00e9 hora cierra la Bolsa de Madrid<\/h2>\n\n\n\n<p>\u00bfA qu\u00e9 hora cierra la Bolsa de Madrid? A las 17.00 pm hora de Madrid (CEST). Suele cerrar algunos d\u00edas del a\u00f1o (d\u00edas inh\u00e1biles), aunque muy pocos. Por ejemplo en 2022 estos d\u00edas han sido el Viernes Santo y el d\u00eda despu\u00e9s a Navidad (26 de Diciembre).<\/p>\n\n\n\n<h2 class=\"gb-headline gb-headline-d4a659d9 gb-headline-text\">A qu\u00e9 hora abre la Bolsa de Madrid<\/h2>\n\n\n\n<p>\u00bfA qu\u00e9 hora abre la Bolsa de Madrid? De lunes a viernes no festivos desde las 09.00 am (CEST).<\/p>\n\n\n<div class=\"wp-block-image\">\n<figure class=\"aligncenter size-large\"><img loading=\"lazy\" decoding=\"async\" width=\"1280\" height=\"720\" src=\"https:\/\/www.moneybob.com\/wp-content\/uploads\/madrid-edited.jpg\" alt=\"Bolsa de Madrid\" class=\"wp-image-5758\" title=\"\" srcset=\"https:\/\/www.moneybob.com\/wp-content\/uploads\/madrid-edited.jpg 1280w, https:\/\/www.moneybob.com\/wp-content\/uploads\/madrid-edited-300x169.jpg 300w, https:\/\/www.moneybob.com\/wp-content\/uploads\/madrid-edited-1024x576.jpg 1024w, https:\/\/www.moneybob.com\/wp-content\/uploads\/madrid-edited-768x432.jpg 768w\" sizes=\"auto, (max-width: 1280px) 100vw, 1280px\" \/><figcaption>Madrid.<\/figcaption><\/figure>\n<\/div>\n\n\n<h2 class=\"gb-headline gb-headline-613a1109 gb-headline-text\">La Bolsa de Madrid: historia y curiosidades<\/h2>\n\n\n\n<p>F\u00edsicamente, la Bolsa de Madrid Ibex 35 se encuentra en el Palacio de la Bolsa de Madrid, uno de los edificios m\u00e1s conocidos y emblem\u00e1ticos de la ciudad por sus caracter\u00edsticas art\u00edsticas, su ubicaci\u00f3n y su importancia institucional. El Palacio fue inaugurado el 7 de mayo de 1893.<\/p>\n\n\n\n<p>Previo a la creaci\u00f3n de <strong><a href=\"https:\/\/www.moneybob.com\/es\/invertir\/bolsa\/\" data-type=\"page\" data-id=\"5658\">la Bolsa<\/a><\/strong> de Madrid, existieron algunas figuras financieras primitivas, a las que se les puede considerar como los primeros mercados de valores. En el siglo XIII nace la figura de los Juros Reales, pr\u00e9stamos que contra\u00eddos por los reyes, resultando en una deuda a favor de ciertas personas. En otras palabras, una deuda p\u00fablica.<\/p>\n\n\n\n<p>En el siglo XIV aparecen las verdaderas precursoras de la Bolsa de Madrid. Estas eran las Casas o Lonjas de Contrataci\u00f3n. Creadas como lugares de encuentro entre comerciantes del Mediterr\u00e1neo, en ellas se intercambiaban productos y se alcanzaban acuerdos. Estas instituciones se mantuvieron durante varios siglos y tuvieron su contrapunto en las zonas de interior en las Alh\u00f3ndigas, donde lo que se comerciaba eran principalmente cereales. A partir del siglo XVI se tienen registros de la existencia de corredores de cambio, de vales reales, de aduanas y de lonjas en diferentes puntos estrat\u00e9gicos del actual reino de Espa\u00f1a.<\/p>\n\n\n\n<p>En este sentido, la primera bolsa de comercio de Madrid fue planificada en 1808, en medio de la guerra de independencia espa\u00f1ola, por orden del entonces rey Jos\u00e9 Bonaparte. Se pens\u00f3 en ubicar su sede en el Convento e Iglesia de San Felipe el Real, pero nunca se realiz\u00f3.<\/p>\n\n\n\n<p>Ya con Fernando VII en el trono, se crea propiamente la Bolsa de Madrid. La ley de Creaci\u00f3n y Organizaci\u00f3n de la Bolsa de Madrid fue aprobada por el Rey el 10 de septiembre de 1831. Esta se redact\u00f3 tomando como modelos las legislaciones de las bolsas de Par\u00eds, Londres y Nueva York.<\/p>\n\n\n\n<p>La Bolsa de Madrid fue inaugurada como instituci\u00f3n el 20 de octubre de 1831, con su primera sesi\u00f3n en el consulado de la Plazuela del \u00c1ngel. En estas primeras sesiones se cotizaban empresas privadas como ferrocarriles o bancos, pero las acciones de este tipo solo cubr\u00edan el 1% de la contrataci\u00f3n real, correspondiendo el resto a la deuda p\u00fablica.<\/p>\n\n\n\n<p>Por su parte, el \u00cdndice General de la Bolsa de Madrid (IGBM) fue creado en diciembre de 1940, durante el proceso de recuperaci\u00f3n de la bolsa, luego del final de la Guerra Civil Espa\u00f1ola. Actualmente sobreviven solo 3 de las 100 instituciones que hicieron parte de este \u00edndice: Banco Espa\u00f1ol de Cr\u00e9dito, Inmobiliaria Metropolitana y Telef\u00f3nica.<\/p>\n\n\n\n<p>Seguidamente, tras varias crisis y recuperaciones incompletas, la Bolsa de Madrid logra un poco de estabilidad hacia los a\u00f1os ochenta, con una alza sostenida que llegar\u00eda hasta el \u00abCrack\u00bb de la Bolsa de Nueva York en 1987; a\u00fan as\u00ed, para este mercado la de los a\u00f1os 80 del siglo XX fue una d\u00e9cada de crecimiento exponencial. Desde 1999 se empieza a negociar exclusivamente en euros.<\/p>\n\n\n\n<h3 class=\"gb-headline gb-headline-82f18429 gb-headline-text\">Otras bolsas de importancia en Espa\u00f1a<\/h3>\n\n\n\n<p>Adem\u00e1s de la Bolsa de Madrid, en Espa\u00f1a funcionan otras tres bolsas de valores, ubicadas en las ciudades de mayor crecimiento econ\u00f3mico del pa\u00eds, despu\u00e9s de la capital. Se trata de la Bolsa de Bilbao, la Bolsa de Barcelona y la Bolsa de Valencia.<\/p>\n\n\n\n<h2 class=\"gb-headline gb-headline-e44bd934 gb-headline-text\">Mercado Continuo Bolsa de Madrid<\/h2>\n\n\n\n<p>El Mercado Continuo de la Bolsa de Madrid es un sistema que interconecta con las otras tres bolsas de valores de Espa\u00f1a, para que funcionen como un \u00fanico mercado burs\u00e1til. Esto permite que las acciones est\u00e9n cotizando continuamente y de forma simult\u00e1nea en las cuatro bolsas (Madrid, Bilbao, Valencia y Barcelona).<\/p>\n\n\n\n<p>Para que se d\u00e9 el Mercado Continuo Bolsa de Madrid, existe una plataforma electr\u00f3nica conocida como el Sistema de Interconexi\u00f3n Burs\u00e1til Espa\u00f1ol o SIBE, que permite que en la los cuatro sistemas burs\u00e1tiles operen como un \u00fanico mercado.<\/p>\n\n\n\n<p>Las negociaciones por medio del sistema electr\u00f3nico Bolsa de Madrid Mercado Continuo comenzaron hacia el a\u00f1o 1989 en Espa\u00f1a. En el momento de inicio del mercado continuo, en la bolsa cotizaban 7 valores. Hacia el a\u00f1o 2021 ya se trataba de m\u00e1s de 130 empresas. El Mercado Continuo Bolsa de Madrid est\u00e1 supervisado por la Comisi\u00f3n Nacional del Mercado de Valores (CNMV). De la liquidaci\u00f3n y compensaci\u00f3n est\u00e1 encargada Iberclear, una empresa propiedad de BME.<\/p>\n\n\n\n<h3 class=\"gb-headline gb-headline-45def006 gb-headline-text\">Bolsa de Madrid Mercado Continuo: c\u00f3mo funciona<\/h3>\n\n\n\n<p>Los valores disponibles en el Mercado Continuo Bolsa de Madrid cotizan en el SIBE y forman parte de la contrataci\u00f3n general. Los precios de dichos valores se establecen a partir del cruce de las ofertas de compra y venta.<\/p>\n\n\n\n<h3 class=\"gb-headline gb-headline-e1aa032e gb-headline-text\">Bolsa de Madrid precios de la sesi\u00f3n<\/h3>\n\n\n\n<p>La bolsa de Madrid hoy est\u00e1 abierta a negociaciones en un horario comprendido entre las 9 de la ma\u00f1ana y las 17:30 de la tarde. Se realizan dos subastas al d\u00eda, al momento del cierre y de la apertura. La primera subasta se realiza desde las 8.30 hasta las 9.00 CEST; mientras que la otra se realiza a solo 5 minutos antes de cerrar, es decir de 17:30 a 17:35 CEST.<\/p>\n\n\n\n<p>Durante las subastas se puede negociar en la bolsa o cambiar las condiciones de las negociaciones, pero no se hacen efectivos los acuerdos sino hasta que el mercado se encuentre oficialmente abierto. Se realizan con el fin de fijar precios de apertura o de cierre y para controlar la fluctuaci\u00f3n excesiva.<\/p>\n\n\n\n<h3 class=\"gb-headline gb-headline-e99af89d gb-headline-text\">SIBE<\/h3>\n\n\n\n<p>El SIBE es una plataforma electr\u00f3nica autom\u00e1tica y multilateral. Entr\u00f3 en funcionamiento el 2 de noviembre de 1995, sustituyendo al sistema CATS. No solo funciona para el mercado continuo espa\u00f1ol, sino que tambi\u00e9n se utiliza en otros mercados integrados, como LatIbex, MAB y AIAF. Incluso se ha utilizado en las bolsas de El Salvador y de Venezuela.<\/p>\n\n\n\n<p>Adem\u00e1s de las negociaciones, ofrece informaci\u00f3n en tiempo real sobre las tendencias y las actividades de cada valor. Las unidades m\u00ednimas de contrataci\u00f3n son: una acci\u00f3n, un warrant, un RTF y un Derecho de suscripci\u00f3n.<\/p>\n\n\n\n<h2 class=\"gb-headline gb-headline-e7d316b4 gb-headline-text\">Bolsa de Madrid hoy: empresas del mercado continuo<\/h2>\n\n\n\n<ul class=\"wp-block-list\"><li>ABENGOA A (Suspendido 14\/07\/2020)<\/li><li>ABENGOA B (Suspendido 14\/07\/2020)<\/li><li>ACCIONA<\/li><li>ACCIONA ENER<\/li><li>ACERINOX<\/li><li>ACS<\/li><li>ADOLFO DGUEZ<\/li><li>AEDAS<\/li><li>AENA<\/li><li>AIRBUS SE<\/li><li>AIRTIFICIAL<\/li><li>ALANTRA<\/li><li>ALMIRALL<\/li><li>AMADEUS<\/li><li>AMPER<\/li><li>AMREST<\/li><li>APERAM<\/li><li>APPLUS<\/li><li>ARCELORMITTAL<\/li><li>ARIMA<\/li><li>ATRESMEDIA<\/li><li>ATRYS HEALTH<\/li><li>AUDAX RENOVABLES<\/li><li>CONSTRUCC. Y AUX. DE FERROCARRILES (CAF)<\/li><li>AZKOYEN<\/li><li>BANCO SANTANDER<\/li><li>BANCO SABADELL<\/li><li>BANKINTER<\/li><li>CLINICA BAVIERA<\/li><li>BBVA<\/li><li>BERKELEY<\/li><li>BODEGAS RIOJANAS<\/li><li>BORGES BAIN<\/li><li>CAIXABANK<\/li><li>CAM<\/li><li>CASH (Suspendido 09\/12\/2011)<\/li><li>COCA-COLA EUROPACIFIC PARTNER<\/li><li>CELLNEX<\/li><li>CEVASA &#8211; CIA. ESPA\u00d1OLA VIVIENDAS EN ALQUILER<\/li><li>CIE AUTOMOTIVE<\/li><li>CLEOP &#8211; CIA.LEVANTINA, EDIFICACION DE O.PUBLICAS (Suspendido 12\/06\/2012)<\/li><li>CODERE (Suspendido 20\/12\/2021)<\/li><li>COEMAC &#8211; CORP. EMPRESARIAL DE MAT. CONSTRUCC. (Suspendido 31\/01\/2020)<\/li><li>CORP. ALBA<\/li><li>D.E.ANCLAJE<\/li><li>DURO FELGUERA<\/li><li>DEOLEO<\/li><li>DIA<\/li><li>DOMINION<\/li><li>EBRO FOODS<\/li><li>ECOENER<\/li><li>EDREAMS<\/li><li>ELECNOR<\/li><li>ENAGAS<\/li><li>ENCE<\/li><li>ENDESA<\/li><li>ERCROS<\/li><li>EZENTIS<\/li><li>FAES FARMA<\/li><li>FCC<\/li><li>FERROVIAL<\/li><li>FLUIDRA<\/li><li>G.A.M.<\/li><li>GESTAMP<\/li><li>GRUPO CATALANA OCCIDENTE<\/li><li>GRENERGY<\/li><li>GRIFOLS CL.A<\/li><li>GRIFOLS CL.B<\/li><li>IAG<\/li><li>IBERDROLA<\/li><li>IBERPAPEL<\/li><li>INDITEX<\/li><li>INDRA A<\/li><li>INM.COLONIAL<\/li><li>INM.DEL SUR<\/li><li>INNOVATIVE<\/li><li>LAR ESPA\u00d1A<\/li><li>LIBERTAS 7<\/li><li>LINEA DIRECT<\/li><li>LINGOTES ESP<\/li><li>LOGISTA<\/li><li>MAPFRE<\/li><li>MEDIASET<\/li><li>MELIA HOTELS<\/li><li>MERLIN<\/li><li>METROVACESA<\/li><li>MIQUEL COST.<\/li><li>MONTEBALITO<\/li><li>NATURGY<\/li><li>NATURHOUSE<\/li><li>NEINOR<\/li><li>NEXTIL<\/li><li>NH HOTEL<\/li><li>NICOLAS CORREA<\/li><li>NYESA<\/li><li>OHLA<\/li><li>ORYZON<\/li><li>PESCANOVA<\/li><li>PHARMA MAR<\/li><li>PRIM<\/li><li>PRISA<\/li><li>PROSEGUR<\/li><li>RED ELECTRICA CORPORACION<\/li><li>REALIA<\/li><li>REIG JOFRE<\/li><li>RENTA 4<\/li><li>RENTA CORP.<\/li><li>REPSOL<\/li><li>ROVI<\/li><li>SACYR<\/li><li>SAN JOSE<\/li><li>SIEMENS GAME<\/li><li>SOLARIA<\/li><li>SOLTEC<\/li><li>SQUIRREL<\/li><li>TALGO<\/li><li>T\u00c9CNICAS REUNIDAS<\/li><li>TELEFONICA<\/li><li>TUBACEX<\/li><li>TUBOS REUNIDOS<\/li><li>UNICAJA<\/li><li>URBAS<\/li><li>VIDRALA<\/li><li>VISCOFAN<\/li><li>VOCENTO<\/li><li>ZARDOYA OTIS<\/li><\/ul>\n\n\n\n<h2 class=\"gb-headline gb-headline-aa830e60 gb-headline-text\">Ibex 35<\/h2>\n\n\n\n<p>\u00bfQu\u00e9 es el Ibex 35? El Ibex 35 es el \u00edndice burs\u00e1til de referencia que se aplica a la bolsa espa\u00f1ola. Su funci\u00f3n es medir el comportamiento conjunto de las 35 empresas que lideran el ranking de negociaciones. Es decir, el Ibex 35 hoy son las empresas que participan en m\u00e1s operaciones y despiertan mayor inter\u00e9s por parte de compradores y vendedores. Deben ser empresas que coticen en el SIBE en las cuatro bolsas de Espa\u00f1a.<\/p>\n\n\n\n<h3 class=\"gb-headline gb-headline-19843d39 gb-headline-text\">C\u00f3mo va el Ibex 35<\/h3>\n\n\n\n<p>Los principales par\u00e1metros que se tienen en cuenta para decidir qu\u00e9 empresas forman parte del Ibex 35 son la capitalizaci\u00f3n, la liquidez y el volumen negociado. Dentro de los c\u00e1lculos se maneja que, a mayor capitalizaci\u00f3n burs\u00e1til, m\u00e1s incidencias en el mercado tendr\u00e1 cada movimiento que realice una empresa.<\/p>\n\n\n\n<p>Por lo tanto, no se trata de las empresas m\u00e1s grandes de Espa\u00f1a, como se pudiese pensar, sino de aquellas que est\u00e1n presentes en una mayor cantidad de operaciones: esas son las que definen c\u00f3mo est\u00e1 el Ibex 35. Debido a que la transparencia en la informaci\u00f3n es uno de los puntos clave para el funcionamiento del sistema de la Bolsa, es posible seguir la bolsa de Madrid Ibex 35 en tiempo real en buscadores p\u00fablicos especializados, como Google Finance.<\/p>\n\n\n\n<h3 class=\"gb-headline gb-headline-3df5cfe4 gb-headline-text\">Ibex 35 hoy: C\u00f3mo se selecciona a las 35 empresas<\/h3>\n\n\n\n<p>Los encargados de tomar la decisi\u00f3n de c\u00f3mo est\u00e1 el Ibex 35 hoy en su configuraci\u00f3n se agrupan en un comit\u00e9 de expertos, el Comit\u00e9 Asesor T\u00e9cnico o CAT. Se re\u00fanen dos veces al a\u00f1o, normalmente en los meses de junio y diciembre. En estas reuniones se valora el peso que poseen en el mercado burs\u00e1til todas las compa\u00f1\u00edas que cotizan en Espa\u00f1a y cumplen los requisitos para pertenecer al Ibex 35 Mercado Continuo, para as\u00ed seleccionar las que ser\u00e1n parte del \u00edndice.<\/p>\n\n\n\n<p>Se tienen en cuenta los siguientes factores:<\/p>\n\n\n\n<ul class=\"wp-block-list\"><li>Precio de cada acci\u00f3n.<\/li><li>Volumen de acciones que se intercambian en una sola sesi\u00f3n.<\/li><li>Variaciones respecto a la sesi\u00f3n anterior.<\/li><li>Capitalizaci\u00f3n.<\/li><li>PER (indicador que muestra la rentabilidad de la inversi\u00f3n a lo largo del a\u00f1o).<\/li><li>Rentabilidad por dividendo.<\/li><\/ul>\n\n\n\n<h3 class=\"gb-headline gb-headline-ce0028a7 gb-headline-text\">Cotizaci\u00f3n Ibex 35 \u00bfC\u00f3mo se calcula?<\/h3>\n\n\n\n<p>Para realizar el c\u00e1lculo tras el cual se puede determinar c\u00f3mo est\u00e1 el Ibex 35 se aplica una f\u00f3rmula matem\u00e1tica que toma en cuenta la capitalizaci\u00f3n de los valores que lo componen, adem\u00e1s incorpora un coeficiente de ajuste. Este \u00faltimo interviene con el fin de que el \u00edndice no se vea afectado por ampliaciones de capital, entre otros factores de inter\u00e9s. La f\u00f3rmula es la siguiente:<\/p>\n\n\n<div class=\"wp-block-image\">\n<figure class=\"aligncenter size-full\"><img loading=\"lazy\" decoding=\"async\" width=\"735\" height=\"218\" src=\"https:\/\/www.moneybob.com\/wp-content\/uploads\/image-1.png\" alt=\"Cotizaci\u00f3n Ibex 35 \u00bfC\u00f3mo se calcula?\" class=\"wp-image-5750\" title=\"\" srcset=\"https:\/\/www.moneybob.com\/wp-content\/uploads\/image-1.png 735w, https:\/\/www.moneybob.com\/wp-content\/uploads\/image-1-300x89.png 300w\" sizes=\"auto, (max-width: 735px) 100vw, 735px\" \/><\/figure>\n<\/div>\n\n\n<p>El \u00edndice se calcula a partir de la sesi\u00f3n anterior. El valor obtenido se multiplica por el porcentaje resultante de dividir la suma de las capitalizaciones de las 35 empresas entre la suma de las capitalizaci\u00f3n que se obtuvieron de c\u00f3mo est\u00e1 el Ibex 35 el d\u00eda anterior.<\/p>\n\n\n\n<p>La capitalizaci\u00f3n de cada empresa o de cada valor que pertenece al \u00edndice se calcula al multiplicar el n\u00famero de acciones de cada una de las compa\u00f1\u00edas por el valor de las cotizaciones del d\u00eda del Ibex 35 en tiempo real. Esto se debe calcular cada vez que se genera el \u00edndice, para que sea completamente actualizado.<\/p>\n\n\n\n<p>El coeficiente se aplica a diario con el fin de evitar que una o varias operaciones extra\u00f1as desvirt\u00faen el \u00edndice, generando que sea poco fiable o que afecte negativamente al mercado de la Bolsa Ibex 35, al tener una influencia err\u00f3nea sobre las inversiones del d\u00eda.<\/p>\n\n\n\n<h2 class=\"gb-headline gb-headline-ffb1015a gb-headline-text\">Invertir Ibex 35<\/h2>\n\n\n\n<p>Existen diversas formas de invertir en Ibex 35, las cuales est\u00e1n sujetas a diversas condiciones y variantes, por lo que es importante que las conozcas bien y puedas decidir cu\u00e1l es la que m\u00e1s te conviene:<\/p>\n\n\n\n<ul class=\"wp-block-list\"><li>Invertir en Ibex 35 con la compra de acciones<\/li><li>Invertir en CFDs del Ibex 35<\/li><\/ul>\n\n\n\n<h3 class=\"gb-headline gb-headline-01dee42f gb-headline-text\">Invertir Ibex 35: Comprar acciones<\/h3>\n\n\n\n<p>Esta es la forma cl\u00e1sica de invertir en Ibex 35: comprando acciones de alguna de las empresas que conforman el \u00edndice. En caso de que la empresa que seleccionaste tuviera un alza, obtendr\u00edas ganancias por tus acciones o podr\u00edas venderlas y recuperar un capital superior al <strong><a href=\"https:\/\/www.moneybob.com\/es\/invertir\/\" data-type=\"page\" data-id=\"5596\">invertido<\/a><\/strong>.<\/p>\n\n\n\n<p>Normalmente, estas inversiones son a largo plazo, as\u00ed que se aconseja<\/p>\n\n\n\n<ul class=\"wp-block-list\"><li>mantenerlas un tiempo<\/li><li>establecer un margen de p\u00e9rdidas soportables<\/li><li>llegar a recibir una renta como miembro de la sociedad<\/li><\/ul>\n\n\n\n<p>La cuesti\u00f3n es que las acciones de las empresas del Ibex 35, por lo general, tendr\u00e1n un precio bastante elevado, en comparaci\u00f3n a otras que coticen en la Bolsa de Madrid.<\/p>\n\n\n\n<h3 class=\"gb-headline gb-headline-4738a4f9 gb-headline-text\">Contratos por diferencia Ibex 35<\/h3>\n\n\n\n<p>Los contratos por diferencia o CFD&#8217;s son contratos que imitan un activo subyacente. Es decir, es una forma de invertir en Ibex 35 con la que no est\u00e1s comprando acciones dentro de la bolsa de valores, por lo que te ahorras dichas comisiones, y se pueden realizar tranquilamente desde la plataforma online de tu <strong><a href=\"https:\/\/www.moneybob.com\/es\/invertir\/brokers\/\" data-type=\"page\" data-id=\"5718\">Br\u00f3ker confiable<\/a><\/strong>.<\/p>\n\n\n\n<p>Toma en cuenta que, al invertir en CFD&#8217;s del Ibex 35, dicho contrato est\u00e1 ligado al desempe\u00f1o de las empresas que pertenecen al \u00edndice. Las ventajas de invertir en Ibex 35 con contratos por diferencia son:<\/p>\n\n\n\n<ul class=\"wp-block-list\"><li>El Ibex 35 es un \u00edndice de gran fiabilidad<\/li><li>Los CFD&#8217;s suelen dar ganancias a corto plazo<\/li><li>Necesitas hacer una inversi\u00f3n mucho menor<\/li><\/ul>\n\n\n\n<p>Estos contratos juegan con el alza o la baja del \u00edndice en el mercado, como si de una apuesta se tratase. La idea es realizar una predicci\u00f3n sobre un movimiento del mercado y si al final del d\u00eda este se mantiene, como fue predicho, se obtiene una ganancia de la diferencia. Es una buena manera de obtener ganancias en corto, sin sufrir grandes p\u00e9rdidas por las fluctuaciones del mercado, pero requiere prestar mucha atenci\u00f3n y dedicarle tiempo.<\/p>\n\n\n\n<p>Por otra parte, los CFD&#8217;s tambi\u00e9n se pueden aplicar a Fondos de Inversi\u00f3n Cotizados (ETF), que operan en mercados secundarios y en los que se invierte en acciones, bonos, materias primas, entre otros capitales.<\/p>\n\n\n\n<p>Uno de los br\u00f3ker que te permite invertir en Ibex 35 <strong><a href=\"https:\/\/www.moneybob.com\/es\/invertir\/brokers\/etoro\/\" data-type=\"URL\" data-id=\"https:\/\/www.moneybob.com\/es\/invertir\/brokers\/etoro\/\">es eToro<\/a><\/strong>. Se trata de una de las plataformas de inversiones m\u00e1s importantes del mercado actualmente, operando es una gran cantidad de bolsas de valores, lo que incluye al ecosistema financiero espa\u00f1ol. De esta forma, eToro mantiene abierta la compra de CFD con base en dicho \u00edndice.<\/p>\n\n\n\n<p>Igualmente, <strong><a href=\"https:\/\/www.moneybob.com\/es\/invertir\/brokers\/degiro\/\" data-type=\"URL\" data-id=\"https:\/\/www.moneybob.com\/es\/invertir\/brokers\/degiro\/\">el br\u00f3ker Degiro<\/a><\/strong> es otra de las plataformas ideales para invertir en Ibex 35, ya que adem\u00e1s de la posibilidad de realizar inversiones, tambi\u00e9n ofrece una gran cantidad de informaci\u00f3n sobre el trading con base en el Ibex 35. Permite invertir en acciones, en CFD&#8217;s y en futuros, de forma segura.<\/p>\n\n\n\n<h2 class=\"gb-headline gb-headline-3eb4ac6f gb-headline-text\">Conclusi\u00f3n<\/h2>\n\n\n\n<p>La Bolsa de Madrid es el mercado de valores m\u00e1s importante y determinante de Espa\u00f1a, posicion\u00e1ndose entre los m\u00e1s relevantes del sur de Europa. Por su amplia tradici\u00f3n y por las empresas que cotizan all\u00ed, hablamos de una instituci\u00f3n de gran relevancia a largo plazo, que cuenta con la presencia de miles de inversores, no solo espa\u00f1oles, sino tambi\u00e9n del resto de Europa y del mundo.<\/p>\n\n\n\n<p>La Bolsa de Madrid opera dentro de un sistema que conecta con las otras tres bolsas de Espa\u00f1a; a saber, la de Barcelona, la de Valencia y la de Bilbao. Mediante este sistema, se puede invertir abiertamente en las empresas que cotizan en el Mercado Continuo Espa\u00f1ol. La interconexi\u00f3n se efect\u00faa por medio del Sistema de Interconexi\u00f3n Burs\u00e1til o <a href=\"https:\/\/www.cnmv.es\/TutorialesInversores\/OrdenesValores\/01_CNMV_accesible\/050001.htm\" data-type=\"URL\" data-id=\"https:\/\/www.cnmv.es\/TutorialesInversores\/OrdenesValores\/01_CNMV_accesible\/050001.htm\" data-schema-attribute=\"mentions\" target=\"_blank\" rel=\"noopener\">SIBE<\/a>.<\/p>\n\n\n\n<p>Adem\u00e1s, si deseas invertir en Bolsa de Madrid, hay un elemento que debes tener en cuenta. Se trata del Ibex 35. Este es un \u00edndice burs\u00e1til que se calcula tomando en cuenta las 35 empresas m\u00e1s determinantes dentro de la bolsa de valores de Espa\u00f1a.<\/p>\n\n\n\n<p>El Ibex 35 permite analizar los movimientos generales del mercado, pero adem\u00e1s abre la posibilidad de realizar inversiones m\u00e1s seguras, tomando en cuenta que las empresas pertenecientes al \u00edndice son las m\u00e1s estables y las que mantienen un crecimiento y una capitalizaci\u00f3n relevantes en comparaci\u00f3n al resto de empresas que cotizan dentro de la Bolsa de Madrid y que cumplen con los requisitos para pertenecer a esta indexaci\u00f3n.<\/p>\n\n\n\n<p>As\u00ed mismo, en caso de que desees invertir en la Bolsa de Madrid tomando en cuenta el Ibex 35, lo puedes hacer por medio de alg\u00fan br\u00f3ker o agente autorizado, ya que las bolsas de valores no permiten negociaciones directas de las partes, sin la existencia de un intermediario. A trav\u00e9s de muchos br\u00f3kers online se puede invertir por medio del \u00edndice fuera de la bolsa, con CFD&#8217;s. Inf\u00f3rmate y empieza a crear tu propio portafolio de inversiones.<\/p>\n","protected":false},"excerpt":{"rendered":"<p>La Bolsa de Madrid Ibex 35 es el mercado de valores m\u00e1s importante de Espa\u00f1a. Se trata de una de las instituciones financieras m\u00e1s antiguas &#8230; <\/p>\n<p class=\"read-more-container\"><a title=\"Bolsa de Madrid\" class=\"read-more button\" href=\"https:\/\/www.moneybob.com\/es\/invertir\/bolsa\/bolsa-de-madrid\/#more-5744\" aria-label=\"Leer m\u00e1s sobre Bolsa de Madrid\">Leer m\u00e1s<\/a><\/p>\n","protected":false},"author":3,"featured_media":0,"parent":5658,"menu_order":0,"comment_status":"closed","ping_status":"closed","template":"","meta":{"_eb_attr":"","footnotes":""},"class_list":["post-5744","page","type-page","status-publish"],"_links":{"self":[{"href":"https:\/\/www.moneybob.com\/es\/wp-json\/wp\/v2\/pages\/5744","targetHints":{"allow":["GET"]}}],"collection":[{"href":"https:\/\/www.moneybob.com\/es\/wp-json\/wp\/v2\/pages"}],"about":[{"href":"https:\/\/www.moneybob.com\/es\/wp-json\/wp\/v2\/types\/page"}],"author":[{"embeddable":true,"href":"https:\/\/www.moneybob.com\/es\/wp-json\/wp\/v2\/users\/3"}],"replies":[{"embeddable":true,"href":"https:\/\/www.moneybob.com\/es\/wp-json\/wp\/v2\/comments?post=5744"}],"version-history":[{"count":0,"href":"https:\/\/www.moneybob.com\/es\/wp-json\/wp\/v2\/pages\/5744\/revisions"}],"up":[{"embeddable":true,"href":"https:\/\/www.moneybob.com\/es\/wp-json\/wp\/v2\/pages\/5658"}],"wp:attachment":[{"href":"https:\/\/www.moneybob.com\/es\/wp-json\/wp\/v2\/media?parent=5744"}],"curies":[{"name":"wp","href":"https:\/\/api.w.org\/{rel}","templated":true}]}}