{"id":5803,"date":"2022-06-22T11:26:49","date_gmt":"2022-06-22T11:26:49","guid":{"rendered":"https:\/\/www.moneybob.com\/?page_id=5803"},"modified":"2022-07-08T06:53:46","modified_gmt":"2022-07-08T06:53:46","slug":"telefonica","status":"publish","type":"page","link":"https:\/\/www.moneybob.com\/es\/invertir\/acciones\/telefonica\/","title":{"rendered":"Acciones Telef\u00f3nica"},"content":{"rendered":"<div class=\"wp-block-image\">\n<figure class=\"alignright size-full is-resized\"><img loading=\"lazy\" decoding=\"async\" src=\"https:\/\/www.moneybob.com\/wp-content\/uploads\/Telefonica.png\" alt=\"Acciones Telef\u00f3nica\" class=\"wp-image-5807\" width=\"300\" height=\"300\" title=\"\" srcset=\"https:\/\/www.moneybob.com\/wp-content\/uploads\/Telefonica.png 400w, https:\/\/www.moneybob.com\/wp-content\/uploads\/Telefonica-300x300.png 300w, https:\/\/www.moneybob.com\/wp-content\/uploads\/Telefonica-150x150.png 150w\" sizes=\"auto, (max-width: 300px) 100vw, 300px\" \/><figcaption>Acciones Telef\u00f3nica.<\/figcaption><\/figure>\n<\/div>\n\n\n<p>Las acciones Telef\u00f3nica son uno de los valores de inversi\u00f3n m\u00e1s hist\u00f3ricamente arraigados en <strong><a href=\"https:\/\/www.moneybob.com\/es\/invertir\/bolsa\/\" data-type=\"URL\" data-id=\"https:\/\/www.moneybob.com\/es\/invertir\/bolsa\/\">la Bolsa<\/a><\/strong> Espa\u00f1ola (Ibex 35 Telef\u00f3nica). Actualmente Telef\u00f3nica acciones es una de empresa privada con m\u00e1s de 1,3 millones de accionistas, aunque en ciertos momentos de su dilatada historia fue una empresa mayoritariamente p\u00fablica del Estado Espa\u00f1ol. Desde su privatizaci\u00f3n, cualquiera puede adquirir acciones Telef\u00f3nica hoy.<\/p>\n\n\n\n<p>Telef\u00f3nica acciones est\u00e1 considerada entre las 5 mayores compa\u00f1\u00edas de telecomunicaciones a nivel internacional, por su n\u00famero de clientes, el valor de las acciones de Telef\u00f3nica (poco vol\u00e1til) y su capitalizaci\u00f3n burs\u00e1til.<\/p>\n\n\n\n<p>Los principales due\u00f1os (accionistas) de acciones de Telef\u00f3nica son Banco Bilbao Vizcaya Argentaria SA (6,96%), seguido por la estadounidense BlackRock y CaixaBank, ambas con participaci\u00f3n superior al 5%.<\/p>\n\n\n\n<p>Entre las principales \u00e1reas de negocio en las que se asienta la compa\u00f1\u00eda y que a la postre acaban incidiendo en el precio de acciones Telef\u00f3nica, est\u00e1n:<\/p>\n\n\n\n<ol class=\"wp-block-list\"><li>L\u00edneas telef\u00f3nicas fijas (tradicionales y de fibra \u00f3ptica)<\/li><li>Telefon\u00eda m\u00f3vil<\/li><li>Internet (ADSL y fibra \u00f3ptica FTTH)<\/li><li>Televisi\u00f3n (Movistar+, Movistar TV, Vivo TV)<\/li><li>Producci\u00f3n audiovisual<\/li><\/ol>\n\n\n\n<p>Entre sus filiales tecnol\u00f3gicas est\u00e1n Telef\u00f3nica Infra, Tech, i+D y Global Solutions.<\/p>\n\n\n\n<h2 class=\"gb-headline gb-headline-913c4db9 gb-headline-text\">Sobre Telef\u00f3nica Acciones<\/h2>\n\n\n\n<p>En el Ibex 35 Telef\u00f3nica es Telef\u00f3nica SA (con domicilio en Gran V\u00eda 28, 28013, Madrid). La empresa que genera Telef\u00f3nica acciones tiene actualmente un Capital Social Admitido de 5.639.772.963,00\u20ac. Opera en 16 pa\u00edses y forma parte del \u00edndice del Ibex 35 (entre otros). La cotizaci\u00f3n de acciones Telef\u00f3nica est\u00e1 activa y regulada en las <strong><a href=\"https:\/\/www.moneybob.com\/es\/invertir\/bolsa\/\" data-type=\"URL\" data-id=\"https:\/\/www.moneybob.com\/es\/invertir\/bolsa\/\">bolsas de Espa\u00f1a<\/a><\/strong>, Estados Unidos (<a href=\"https:\/\/www.nyse.com\/index\" target=\"_blank\" data-type=\"URL\" data-id=\"https:\/\/www.nyse.com\/index\" data-schema-attribute=\"mentions\" rel=\"noreferrer noopener\">Nueva York<\/a>), Argentina y Per\u00fa. <\/p>\n\n\n\n<p>Toda la informaci\u00f3n sobre la compa\u00f1\u00eda, las fluctuaciones en el precio de las acciones de Telef\u00f3nica a tiempo real y sus Juntas de Accionistas programadas (adem\u00e1s de otros eventos importantes que puedan afectar a su operatividad y configuraci\u00f3n empresarial) se pueden seguir p\u00fablicamente en la web de la compa\u00f1\u00eda.<\/p>\n\n\n\n<p>Telef\u00f3nica es lo que se conoce como una gran compa\u00f1\u00eda mundial. Los activos que determinan el valor de las acciones de Telef\u00f3nica se reparten (principalmente) entre Europa y Am\u00e9rica Latina, donde es propietaria de marcas como:<\/p>\n\n\n\n<ul class=\"wp-block-list\"><li>Movistar<\/li><li>O2 en varios pa\u00edses de Europa incluyendo Espa\u00f1a<\/li><li>VIVO en Brasil<\/li><\/ul>\n\n\n\n<p>Telef\u00f3nica es por lo tanto su marca institucional como empresa, pero no su marca comercial de servicios.<\/p>\n\n\n\n<p>Para diversificarse y adaptarse a los nuevos tiempos y las exigencias que la sociedad lanza sobre las empresas de telecomunicaciones, Telef\u00f3nica ha cambiado su imagen corporativa, lanzado campa\u00f1as publicitarias realmente impactantes y a\u00f1adido a la l\u00ednea de tel\u00e9fono b\u00e1sica m\u00faltiples servicios entre los que se incluye el popular canal de televisi\u00f3n Movistar+.<\/p>\n\n\n\n<h2 class=\"gb-headline gb-headline-a9f2226a gb-headline-text\">Acciones Telef\u00f3nica: el origen<\/h2>\n\n\n\n<p>El origen de las acciones de Telef\u00f3nica est\u00e1 en la empresa conocida desde sus comienzos como Telef\u00f3nica (Compa\u00f1\u00eda Telef\u00f3nica Nacional de Espa\u00f1a, CTNE). Antes de que nadie hubiera o\u00eddo hablar de las acciones de Telef\u00f3nica, la compa\u00f1\u00eda fue fundada en Madrid en 1924, en la misma calle que donde actualmente se encuentra su sede. Su capital inicial de acciones Telef\u00f3nica era de 1 mill\u00f3n de pesetas, con 2.000 acciones de Telef\u00f3nica que ten\u00edan un valor nominal de 500 pesetas.<\/p>\n\n\n\n<p>En su momento Telef\u00f3nica era un monopolio centrado en el servicio telef\u00f3nico en Espa\u00f1a, pero desde la d\u00e9cada de 1990 su enfoque cambi\u00f3 afectando a su nombre y dando lugar a las acciones Telef\u00f3nica hoy. Desligarse de su imagen como operador \u00fanico durante el franquismo fue uno de sus grandes logros de imagen.<\/p>\n\n\n\n<p>Primero funcion\u00f3 como Telef\u00f3nica SA, con una filial llamada Telef\u00f3nica de Espa\u00f1a, comprando posteriormente \u00e9sta y la parte de Telef\u00f3nica Internacional que no pose\u00eda, fusion\u00e1ndose como una empresa internacional. Estos movimientos supusieron un vuelco en el precio de las acciones Telef\u00f3nica y una gran controversia.<\/p>\n\n\n\n<p>Desde 2007 Telef\u00f3nica acciones sufri\u00f3 otra reorganizaci\u00f3n estructural, centr\u00e1ndose en integrar sus filiales como empresa de telecomunicaciones global en tres grandes \u00e1reas geogr\u00e1ficas:<\/p>\n\n\n\n<ul class=\"wp-block-list\"><li>Espa\u00f1a<\/li><li>Europa<\/li><li>Iberoam\u00e9rica<\/li><\/ul>\n\n\n\n<h2 class=\"gb-headline gb-headline-52240763 gb-headline-text\">Acciones Telef\u00f3nica a lo largo de su historial<\/h2>\n\n\n\n<p>A punto de cumplir un siglo como empresa, Telef\u00f3nica tuvo como principal accionista a ITT, una de las empresas m\u00e1s estables de Estados unidos, generada en 1923 a partir de la expansi\u00f3n de Puerto Rico Telephone Company (Sosthenes Behn), a partir de su expansi\u00f3n al mercado espa\u00f1ol con Telef\u00f3nica. Esto supuso con un fuerte impulso estabilizador para las acciones de Telef\u00f3nica, que en ciertos momentos de su dilatada historia ha visto c\u00f3mo sus valores llegaban a picos hist\u00f3ricos (a la alza y a la baja)<\/p>\n\n\n\n<p>En a\u00f1os posteriores, se hizo p\u00fablico que ITT habr\u00eda financiado al bando sublevado durante la Guerra Civil Espa\u00f1ola con hasta 10 millones de d\u00f3lares y acceso a l\u00edneas de cr\u00e9dito, a cambio del monopolio de los servicios de telefon\u00eda y tel\u00e9grafo en Espa\u00f1a. Aqu\u00ed es donde se forma una de las partes m\u00e1s oscuras del perfil de la compa\u00f1\u00eda, que en determinados momentos ha llegado a incidir en c\u00f3mo era percibida por la sociedad.<\/p>\n\n\n\n<p>Desde 1945 el Estado Espa\u00f1ol adquiri\u00f3 por ley una participaci\u00f3n del 79,6% de Telef\u00f3nica. Posteriormente, sucesivas ampliaciones de capital diluyeron la participaci\u00f3n mayoritaria del Estado en varios momentos, hasta su privatizaci\u00f3n a partir de 1995:<\/p>\n\n\n\n<ol class=\"wp-block-list\"><li>1967, todav\u00eda bajo gobierno franquista<\/li><li>1995, bajo el gobierno en democracia de Felipe Gonz\u00e1lez (PSOE)<\/li><li>1999, bajo el gobierno de Jos\u00e9 Mar\u00eda Aznar (PP)<\/li><\/ol>\n\n\n\n<p>Estos movimientos (y algunos m\u00e1s con los que no hemos querido alargar este resumen sobre su historia) han dado lugar a las acciones de Telef\u00f3nica hoy d\u00eda. Como resultado en el Ibex35 Telef\u00f3nica est\u00e1 posicionada de forma privilegiada.<\/p>\n\n\n\n<h2 class=\"gb-headline gb-headline-1eb14ef5 gb-headline-text\">Comprar acciones Telef\u00f3nica hoy<\/h2>\n\n\n\n<p>\u00bfHas pensado compra acciones Telef\u00f3nica? Puedes comprar acciones de Telef\u00f3nica c\u00f3modamente y con total seguridad a trav\u00e9s de <strong><a href=\"https:\/\/www.moneybob.com\/es\/invertir\/brokers\/\" data-type=\"URL\" data-id=\"https:\/\/www.moneybob.com\/es\/invertir\/brokers\/\">brokers online<\/a><\/strong> como <strong><a href=\"https:\/\/www.moneybob.com\/es\/invertir\/brokers\/degiro\/\" data-type=\"URL\" data-id=\"https:\/\/www.moneybob.com\/es\/invertir\/brokers\/degiro\/\">Degiro<\/a><\/strong> y <strong><a href=\"https:\/\/www.moneybob.com\/es\/invertir\/brokers\/etoro\/\" data-type=\"URL\" data-id=\"https:\/\/www.moneybob.com\/es\/invertir\/brokers\/etoro\/\">eToro<\/a><\/strong>. Estas plataformas de br\u00f3ker online permiten invertir sin l\u00edmite m\u00ednimo o a partir de cantidades realmente bajas (como 50\u20ac), tras un proceso de registro digital sencillo y que no te llevar\u00e1 m\u00e1s de unos minutos.<\/p>\n\n\n\n<p>Est\u00e1n avaladas por algunas de las entidades reguladoras m\u00e1s reputadas del mundo y cuentan con millones de transacciones efectuadas por traders online a diario. Util\u00edzalas para comprar acciones de Telef\u00f3nica desde su versi\u00f3n de escritorio (ordenador) o m\u00f3vil (con app para iOS y Android), adem\u00e1s de seguir al instante el precio de las acciones de Telef\u00f3nica y organizar tus estrategias con alarmas cuando el valor de acciones Telef\u00f3nica llegue al l\u00edmite que t\u00fa marques.<\/p>\n\n\n\n<h2 class=\"gb-headline gb-headline-6c550c65 gb-headline-text\">\u00bfQui\u00e9n puede invertir en acciones Telef\u00f3nica hoy?<\/h2>\n\n\n\n<p>Acciones Telef\u00f3nica hoy es una opci\u00f3n de inversi\u00f3n muy bien valorada por traders poco avezados, novatos y tambi\u00e9n inversores de perfil m\u00e1s cl\u00e1sico. Para resumir: cualquiera puede comprar acciones de Telef\u00f3nica hoy d\u00eda, pero ciertos perfiles de inversor son m\u00e1s proclives a hacerlo.<\/p>\n\n\n\n<p>Por su presencia dentro del Ibex25 Telef\u00f3nica es uno de los valores m\u00e1s conocidos y tambi\u00e9n m\u00e1s asentados en la Bolsa Espa\u00f1ola. Para comprar acciones de Telef\u00f3nica es necesario contar con un br\u00f3ker o intermediario. Este puede ser una persona f\u00edsica, una entidad o incluso una plataforma online regulada.<\/p>\n\n\n\n<p>Pero invertir no es lo \u00fanico que se puede hacer a trav\u00e9s de una plataforma como eToro o Degiro. Aprender c\u00f3mo funciona la bolsa de valores y plantear estrategias utilizando una demo son, junto con la informaci\u00f3n a tiempo real sobre la cotizaci\u00f3n de las acciones de Telef\u00f3nica y otras empresas, otros servicios muy bien valorados por los traders.<\/p>\n\n\n\n<p>Para comprar acciones Telef\u00f3nica online basta con crear una cuenta registr\u00e1ndose en una de estas plataformas. Inicialmente es recomendable utilizar poco capital (50\u20ac bastar\u00e1n) y se pueden seguir las actualizaciones sobre los precios de las acciones de Telef\u00f3nica a trav\u00e9s de la app de la plataforma.<\/p>\n\n\n\n<h2 class=\"gb-headline gb-headline-b7283a18 gb-headline-text\">Precio acciones Telef\u00f3nica<\/h2>\n\n\n\n<p>\u00bfD\u00f3nde puedes conocer a tiempo real la cotizaci\u00f3n de acciones de Telef\u00f3nica? Como explic\u00e1bamos en el p\u00e1rrafo anterior, entre los servicios de los mejores brokers online como DeGiro y eToro est\u00e1 seguir el valor de las acciones de Telef\u00f3nica a tiempo real en cada uno de los mercados en los que cotiza la empresa. Otra opci\u00f3n son los portales y prensa especializada, como:<\/p>\n\n\n\n<ul class=\"wp-block-list\"><li>Bolsaman\u00eda. Este medio especializado en noticias de \u00e1mbito financiero con sede en Espa\u00f1a contiene una gran cantidad de herramientas (adem\u00e1s de noticias) sobre el estado de la bolsa en Espa\u00f1a y otros pa\u00edses, con precios a tiempo real.<\/li><li>Cinco D\u00edas. Es el suplemento (desde 2017) de El Pa\u00eds centrado en informaci\u00f3n econ\u00f3mica. Est\u00e1 considerado el medio de prensa financiera m\u00e1s antiguo de Espa\u00f1a.<\/li><li>Expansi\u00f3n: Junto con Cinco D\u00edas es probablemente el diario financiero especializado m\u00e1s le\u00eddo por los espa\u00f1oles. Su web es una de las m\u00e1s c\u00f3modas de utilizar para inversores, con una gran cantidad de informaci\u00f3n a tiempo real f\u00e1cilmente accesible.<\/li><\/ul>\n\n\n\n<p>Como probablemente ya te habr\u00e1s dado cuenta, el precio de acciones Telef\u00f3nica no suele sufrir grandes fluctuaciones: debido al tama\u00f1o de la empresa y lo consolidado de su trayectoria, comprar acciones de Telef\u00f3nica suele considerarse entre las decisiones con menos riesgo a la hora de invertir.<\/p>\n\n\n\n<h2 class=\"gb-headline gb-headline-b6f7921c gb-headline-text\">C\u00f3mo comprar acciones de Telef\u00f3nica con Degiro<\/h2>\n\n\n\n<p>Degiro es un br\u00f3ker online con sede en Pa\u00edses Bajos que se fund\u00f3 hace algo m\u00e1s de una d\u00e9cada. En Espa\u00f1a, su funcionamiento est\u00e1 regulado por la Comisi\u00f3n Nacional del Mercado de Valores (CNMV), lo que lo convierte en una de las mejores opciones para comprar acciones de Telef\u00f3nica. Sirve tanto para invertir en el Ibex 35 como en otras bolsas, un detalle importante considerando que Telef\u00f3nica tambi\u00e9n cotiza, por ejemplo, en la bolsa de Londres.<\/p>\n\n\n\n<p>Para comprar acciones de Telef\u00f3nica con Degiro necesitas crear una cuenta. Puedes hacerlo desde tu ordenador o descarg\u00e1ndote la app de Degiro en tu m\u00f3vil (sistema operativo Android o iOS). Tres cosas importantes que debes saber si est\u00e1s pensando en usa Degiro para comprar acciones de Telef\u00f3nica:<\/p>\n\n\n\n<ul class=\"wp-block-list\"><li>El proceso de registro exige enviar una imagen de tu DNI, NIE o Pasaporte.<\/li><li>El dep\u00f3sito m\u00ednimo con el que puedes activar tu cuenta en Degiro es 0,01\u20ac<\/li><li>Por defecto, tu cuenta Degiro se activar\u00e1 en la categor\u00eda BASIC.<\/li><\/ul>\n\n\n\n<p>Respecto a esto \u00faltimo, si quieres utilizar las herramientas adicionales de las categor\u00edas ACTIVE o TRADER podr\u00e1s cambiarlas m\u00e1s adelante.<\/p>\n\n\n\n<h2 class=\"gb-headline gb-headline-31c9a067 gb-headline-text\">\u00bfC\u00f3mo comprar acciones de Telef\u00f3nica con eToro?<\/h2>\n\n\n\n<p>Comprar acciones de Telef\u00f3nica con eToro es una excelente opci\u00f3n si tienes 50\u20ac para invertir y no tienes mucha experiencia. eToro est\u00e1 disponible para usuarios de cerca de 150 pa\u00edses para operar en bolsas de valores como la espa\u00f1ola, adem\u00e1s de muchas otras.<\/p>\n\n\n\n<ul class=\"wp-block-list\"><li>Rellena el formulario (con eToro no tienes que enviar tu documento de identidad)<\/li><li>Activa tu cuenta con una inversi\u00f3n m\u00ednima de 50\u20ac<\/li><li>Inicia sesi\u00f3n a trav\u00e9s de tu cuenta con Facebook o Gmail.<\/li><\/ul>\n\n\n\n<p>Nuestra recomendaci\u00f3n si eres un trader inexperto es que te beneficies de una de las mejores herramientas de eToro: su simulador demo de inversiones. Podr\u00e1s dar todos los pasos para comprar acciones de Telef\u00f3nica, aprender a manejar la plataforma y observar durante unos d\u00edas la informaci\u00f3n respecto al precio de sus acciones, sin arriesgar ni un euro.<\/p>\n","protected":false},"excerpt":{"rendered":"<p>Las acciones Telef\u00f3nica son uno de los valores de inversi\u00f3n m\u00e1s hist\u00f3ricamente arraigados en la Bolsa Espa\u00f1ola (Ibex 35 Telef\u00f3nica). Actualmente Telef\u00f3nica acciones es una &#8230; <\/p>\n<p class=\"read-more-container\"><a title=\"Acciones Telef\u00f3nica\" class=\"read-more button\" href=\"https:\/\/www.moneybob.com\/es\/invertir\/acciones\/telefonica\/#more-5803\" aria-label=\"Leer m\u00e1s sobre Acciones Telef\u00f3nica\">Leer m\u00e1s<\/a><\/p>\n","protected":false},"author":3,"featured_media":0,"parent":5676,"menu_order":0,"comment_status":"closed","ping_status":"closed","template":"","meta":{"_eb_attr":"","footnotes":""},"class_list":["post-5803","page","type-page","status-publish"],"_links":{"self":[{"href":"https:\/\/www.moneybob.com\/es\/wp-json\/wp\/v2\/pages\/5803","targetHints":{"allow":["GET"]}}],"collection":[{"href":"https:\/\/www.moneybob.com\/es\/wp-json\/wp\/v2\/pages"}],"about":[{"href":"https:\/\/www.moneybob.com\/es\/wp-json\/wp\/v2\/types\/page"}],"author":[{"embeddable":true,"href":"https:\/\/www.moneybob.com\/es\/wp-json\/wp\/v2\/users\/3"}],"replies":[{"embeddable":true,"href":"https:\/\/www.moneybob.com\/es\/wp-json\/wp\/v2\/comments?post=5803"}],"version-history":[{"count":0,"href":"https:\/\/www.moneybob.com\/es\/wp-json\/wp\/v2\/pages\/5803\/revisions"}],"up":[{"embeddable":true,"href":"https:\/\/www.moneybob.com\/es\/wp-json\/wp\/v2\/pages\/5676"}],"wp:attachment":[{"href":"https:\/\/www.moneybob.com\/es\/wp-json\/wp\/v2\/media?parent=5803"}],"curies":[{"name":"wp","href":"https:\/\/api.w.org\/{rel}","templated":true}]}}