{"id":5814,"date":"2022-06-22T11:56:49","date_gmt":"2022-06-22T11:56:49","guid":{"rendered":"https:\/\/www.moneybob.com\/?page_id=5814"},"modified":"2025-06-05T21:46:42","modified_gmt":"2025-06-05T21:46:42","slug":"santander","status":"publish","type":"page","link":"https:\/\/www.moneybob.com\/es\/invertir\/acciones\/santander\/","title":{"rendered":"Acciones Santander"},"content":{"rendered":"<div class=\"wp-block-image\">\n<figure class=\"alignright size-full is-resized\"><img loading=\"lazy\" decoding=\"async\" width=\"500\" height=\"500\" src=\"https:\/\/www.moneybob.com\/wp-content\/uploads\/BancoSantander.jpg\" alt=\"Acciones Santander\" class=\"wp-image-5822\" style=\"width:250px;height:250px\" title=\"\" srcset=\"https:\/\/www.moneybob.com\/wp-content\/uploads\/BancoSantander.jpg 500w, https:\/\/www.moneybob.com\/wp-content\/uploads\/BancoSantander-300x300.jpg 300w, https:\/\/www.moneybob.com\/wp-content\/uploads\/BancoSantander-150x150.jpg 150w\" sizes=\"auto, (max-width: 500px) 100vw, 500px\" \/><figcaption class=\"wp-element-caption\"><meta http-equiv=\"content-type\" content=\"text\/html; charset=utf-8\">Acciones Santander.<\/figcaption><\/figure>\n<\/div>\n\n\n<p>Las acciones Santander pertenecen a la empresa espa\u00f1ola m\u00e1s importante del mundo y una de las entidades bancarias m\u00e1s fuertes de Europa y Am\u00e9rica Latina. Santander acciones es una opci\u00f3n de inversi\u00f3n que actualmente ofrece una infraestructura financiera s\u00f3lida y bastante confiable.<\/p>\n\n\n\n<p>De hecho, invertir en acciones Santander hoy es hacerlo en la primera entidad bancaria de Espa\u00f1a con capitalizaci\u00f3n burs\u00e1til. Como Banco Santander Acciones tiene m\u00e1s de 150 a\u00f1os de historia, participando en el comercio entre el puerto de Santander e Hispanoam\u00e9rica.<\/p>\n\n\n\n<p>Respecto a las acciones del Santader hoy, para el a\u00f1o 2015 el Banco Santander reforz\u00f3 su capital al ampliarlo a m\u00e1s de 7.000 millones de euros. Esto, adem\u00e1s de otros movimientos como la famosa venta del 51% de los activos inmobiliarios del Banco Popular al fondo Blackstone, han llevado a las acciones Santander de hoy tal y como las conocemos.<\/p>\n\n\n\n<p>Actualmente, Santander acciones se presenta como una de las entidades m\u00e1s importantes del mundo, con m\u00e1s de 250.000 empleados profesionales y 1.500 oficinas, tan solo en Espa\u00f1a, la mayor\u00eda de inversores del mundo se ha visto tentado en alg\u00fan momento por las +. No en vano tienen m\u00e1s de 10.000 sucursales operativas dispersas por todo el mundo.<\/p>\n\n\n\n<p>Acciones Banco Santander cotiza en las m\u00e1s importantes bolsas de valores a nivel mundial, tales como las de Nueva York, Londres, Sao Paulo, Mil\u00e1n, M\u00e9xico, Lisboa y Buenos aires. Cabe destacar que, adem\u00e1s del IBEX35, las Santander Acciones integra 63 \u00edndices burs\u00e1tiles distintos.<\/p>\n\n\n\n<p>Por si fuera poco, acciones de Santander tiene una fuerte presencia internacional, no solo como instituci\u00f3n bancaria de inversi\u00f3n, sino bajo la figura de banca comercial minorista, en los siguientes pa\u00edses:<\/p>\n\n\n\n<ul class=\"wp-block-list\">\n<li>Marruecos.<\/li>\n\n\n\n<li>China.<\/li>\n\n\n\n<li>Reino Unido.<\/li>\n\n\n\n<li>Estados Unidos.<\/li>\n\n\n\n<li>Uruguay.<\/li>\n\n\n\n<li>Espa\u00f1a.<\/li>\n\n\n\n<li>Puerto Rico.<\/li>\n\n\n\n<li>Portugal.<\/li>\n\n\n\n<li>Polonia.<\/li>\n\n\n\n<li>Argentina.<\/li>\n\n\n\n<li>Brasil.<\/li>\n\n\n\n<li>Chile.<\/li>\n\n\n\n<li>Colombia.<\/li>\n\n\n\n<li>Alemania.<\/li>\n\n\n\n<li>M\u00e9xico.<\/li>\n\n\n\n<li>Per\u00fa.<\/li>\n<\/ul>\n\n\n\n<p>La globalidad de Santander acciones hoy lleva a que probablemente siempre haya alguien en alg\u00fan lugar del mundo pregunt\u00e1ndose a c\u00f3mo est\u00e1n las acciones del Santander hoy. En cuanto a la bolsa de valores nacional, las acciones Santander hoy en Espa\u00f1a est\u00e1n entre los valores m\u00e1s populares y demandados. Si lo llevamos a n\u00fameros, podremos decir que aporta m\u00e1s del 11% del valor de dicha entidad financiera, siendo as\u00ed una de las empresas de mayor impacto financiero en el IBEX35.<\/p>\n\n\n\n<p>Sin embargo, dado que la cotizaci\u00f3n de acciones Santander es de orden mundial en los mercados de Europa y Am\u00e9rica, esto tambi\u00e9n supone que forzosamente Banco Santander entra en competencia directa con los grandes bancos locales y con el otro gran gigante espa\u00f1ol de la banca: el BBVA (Banco Bilbao Vizcaya Argentaria).<\/p>\n\n\n\n<p>En este sentido, los principales competidores de Santander acciones hoy<br>son:<\/p>\n\n\n\n<ul class=\"wp-block-list\">\n<li>Brasil: Caixa Econ\u00f4mica Federal, Bradesco, Ita\u00fa, Banco de Brasil.<\/li>\n\n\n\n<li>Chile: BCI, Ita\u00fa, Banco de Chile.<\/li>\n\n\n\n<li>Reino Unido: HSBC, Lloys, Barclays, Royal Bank of Scotland.<\/li>\n\n\n\n<li>Espa\u00f1a: Bankia, Caixabank, Banco Sabadell.<\/li>\n\n\n\n<li>M\u00e9xico: HSBC M\u00e9xico, Banorte.<\/li>\n<\/ul>\n\n\n\n<h2 class=\"gb-headline gb-headline-b91f1dee gb-headline-text\">Acciones Banco Santander: qu\u00e9 son<\/h2>\n\n\n\n<p>En un sentido amplio, las acciones Banco Santander son las porciones en las que se divide el capital de la empresa. Por lo tanto, invertir en acciones de Santander es, en esencia, volverse socio y uno de los due\u00f1os de la entidad, en mayor o menor proporci\u00f3n. El peso que tenga cada uno de los socios (accionistas) de Santander acciones estar\u00e1 definido por el porcentaje de las acciones del Santander que posea.<\/p>\n\n\n\n<p>Uno de los puntos m\u00e1s interesantes en torno a las acciones Santander, al tratarse de un grupo internacional, se puede invertir en acciones dentro de distintos mercados, no solo en alguna de las bolsas espa\u00f1olas. Lo mismo sucede por ejemplo con las <strong><a href=\"https:\/\/www.moneybob.com\/es\/invertir\/acciones\/telefonica\/\" data-type=\"URL\" data-id=\"https:\/\/www.moneybob.com\/es\/invertir\/acciones\/telefonica\/\">acciones de Telef\u00f3nica<\/a><\/strong>.<\/p>\n\n\n\n<p>Para la cotizaci\u00f3n de acciones Santander en otros mercados, la ventaja de invertir en mercados emergentes, es que resulta mucho m\u00e1s probable encontrar las acciones en un alza sostenida, pudiendo obtener ganancias a mediano y largo plazo.<\/p>\n\n\n\n<p>Como desventaja, las acciones de Santander \u2013al igual que sus pares\u2013 se pueden ver afectadas por muchos factores externos, como la situaci\u00f3n pol\u00edtica, comercial y financiera de los pa\u00edses en los que tiene mayor presencia; como por ejemplo, Espa\u00f1a y el Reino Unido. Pero esto tambi\u00e9n determina que lo que hacen las acciones Santander hoy en Espa\u00f1a no tiene por qu\u00e9 suponer un lastre a las de cualquier otro de sus mercados.<\/p>\n\n\n\n<h3 class=\"gb-headline gb-headline-6b6ed274 gb-headline-text\">\u00bfQui\u00e9n puede invertir en Santander acciones?<\/h3>\n\n\n\n<p>Acciones Banco Santander hoy cotiza en distintas bolsas de valores, abiertas a la compra y venta de sus valores, por lo que cualquier inversor que cuenta con un br\u00f3ker autorizado puede invertir en la empresa.<\/p>\n\n\n\n<p>\u00bfPor qu\u00e9 es necesario un br\u00f3ker para invertir y seguir la cotizaci\u00f3n de las acciones Santander? En primer lugar, un inversor no puede participar directamente en las bolsas de valores. Estas entidades financieras exigen que las negociaciones sean llevadas a cabo por profesionales que poseen la formaci\u00f3n y las licencias que aseguren, en la medida de lo posible, que sean intermediarios responsables y que velen por el capital de sus clientes.<\/p>\n\n\n\n<p>De esta manera, se puede invertir en acciones Banco Santander hoy de diversas formas. Las dos principales son:<\/p>\n\n\n\n<ul class=\"wp-block-list\">\n<li>La compra directa de las acciones en la bolsa de valores<\/li>\n\n\n\n<li>La adquisici\u00f3n por medio de CFD&#8217;s o contratos por diferencias.<\/li>\n<\/ul>\n\n\n\n<p>Estos son contratos realizados entre el inversor y el br\u00f3ker, que funcionan como una apuesta realizada respecto a los posibles movimientos de un instrumento financiero.<\/p>\n\n\n\n<p>En este sentido, una de las mayores ventajas de invertir en CFD&#8217;s, sobre todo para los peque\u00f1os inversores, es que permite invertir en acciones con poco capital. En primer lugar, no hace falta contar con la cantidad total, ya que se efect\u00faa con apalancamiento. Como segundo punto a favor, una parte de la inversi\u00f3n es colocada por el otro participante en el contrato.<\/p>\n\n\n\n<p>Ahora bien, la desventaja de este tipo de inversiones, es que por ser una apuesta a corto plazo, es mucho m\u00e1s probable que pierdas todo lo invertido que si te informas a c\u00f3mo est\u00e1n las acciones del Santander por ti mismo, las compras directamente y te conviertes en socio de la empresa. Esta \u00faltima opci\u00f3n no asegura un crecimiento importante, pero s\u00ed una base s\u00f3lida para tu capital porque a la larga cabe esperar que el precio de las acciones de Banco Santander suba.<\/p>\n\n\n\n<h2 class=\"gb-headline gb-headline-afffe4a2 gb-headline-text\">Ibex 35 Santander<\/h2>\n\n\n\n<p>Dentro del \u00edndice IBEX35 Santander posee una gran relevancia, coloc\u00e1ndose como la tercera empresa del ranking, tanto en ponderaci\u00f3n como en capitalizaci\u00f3n. En este \u00edndice, las empresas participantes tienen distintas incidencias, dependiendo de la capitalizaci\u00f3n burs\u00e1til, la liquidez y el n\u00famero de acciones en circulaci\u00f3n.<\/p>\n\n\n\n<p>El IBEX35 es un \u00edndice burs\u00e1til y la principal referencia para la bolsa espa\u00f1ola. Es elaborado por Bolsas y Mercados Espa\u00f1oles (<a href=\"https:\/\/www.bolsasymercados.es\/esp\/Home\" target=\"_blank\" data-type=\"URL\" data-id=\"https:\/\/www.bolsasymercados.es\/esp\/Home\" data-schema-attribute=\"mentions\" rel=\"noreferrer noopener\">BME<\/a>) y est\u00e1 conformado por las 35 empresas con m\u00e1s alto nivel de liquidez que coticen mayoritariamente en el Sistema de Interconexi\u00f3n Burs\u00e1til Espa\u00f1ol, entre las que est\u00e1 incluida Banco Santander adem\u00e1s de algunas otras mundialmente famosas <strong><a href=\"https:\/\/www.moneybob.com\/es\/invertir\/acciones\/telefonica\/\" data-type=\"URL\" data-id=\"https:\/\/www.moneybob.com\/es\/invertir\/acciones\/telefonica\/\">como Telef\u00f3nica<\/a><\/strong>.<\/p>\n\n\n\n<p>Por supuesto, tal como muchas otras empresas, Santander tambi\u00e9n ha visto malos momentos con la crisis econ\u00f3mica en Espa\u00f1a y luego con la pandemia por el COVID-19. En determinados momentos puntuales esto ha afectado al precio de las acciones de Banco Santander, pero sigue siendo de las compa\u00f1\u00edas m\u00e1s relevantes en todo el mercado financiero europeo. Las acciones Santander hoy en bolsa son uno de los consolidados.<\/p>\n\n\n\n<p>Sin embargo, a\u00fan el precio de las acciones de Santander se puede considerar un indicador en las fluctuaciones respecto a los valores de las acciones de las entidades financieras espa\u00f1olas. Adem\u00e1s, es de los que m\u00e1s afecta el IBEX35 y, por consiguiente, el estado actual de los valores de la bolsa espa\u00f1ola.<\/p>\n\n\n\n<h2 class=\"gb-headline gb-headline-e1807dbf gb-headline-text\">Precio Acciones Santander<\/h2>\n\n\n\n<p>Si has invertido o piensas en invertir en Santander acciones, debes consultar peri\u00f3dicamente el precio o a c\u00f3mo est\u00e1n las acciones del Santander respecto a los \u00faltimos d\u00edas.<\/p>\n\n\n\n<p>Por lo tanto, si te est\u00e1s planteando hacer una compra de acciones de una empresa tan importante o si vas a invertir en CFD&#8217;s (las cuales traen consigo un riesgo m\u00e1s pr\u00f3ximo), es imprescindible que est\u00e9s al d\u00eda con las fluctuaciones en la cotizaci\u00f3n de acciones del Banco Santander.<\/p>\n\n\n\n<p>Lo ideal es que te sirvas de gr\u00e1ficas y noticias sobre los posibles movimientos del mercado. Estas las puedes conseguir por medio de un asesor de inversiones o directamente con el br\u00f3ker de tu preferencia. Varios de estos intermediarios de compra-venta ofrecen informaci\u00f3n sobre el mercado y herramientas de an\u00e1lisis, de los que puedes servirte para afianzar tu paso por el entorno financiero.<\/p>\n\n\n\n<p>Ahora, las acciones Banco Santander cotizan en varias de las bolsas m\u00e1s relevantes del mundo y en algunos mercados emergentes, por lo que debes verificar el precio de las acciones en las distintas bolsas y juzgar si es m\u00e1s conveniente apegarte a la estabilidad que pueda tener en Espa\u00f1a o arriesgarte ante el posible crecimiento en alg\u00fan otro mercado.<\/p>\n\n\n\n<h2 class=\"gb-headline gb-headline-3e96a00c gb-headline-text\">Acciones Santander hoy<\/h2>\n\n\n\n<p>\u00bfD\u00f3nde consultar a c\u00f3mo est\u00e1n las acciones del Santander? A continuaci\u00f3n te mostramos una lista de plataformas desde donde puedes ver el precio de las acciones del Santander en tiempo real:<\/p>\n\n\n\n<ul class=\"wp-block-list\">\n<li>Investing: se trata de uno de los portales financieros m\u00e1s exitosos de la actualidad, con m\u00e1s de 21 millones de usuarios por mes y brindando servicios en 44 idiomas diferentes. Adem\u00e1s, ofrece una interesante variedad de aplicaciones para inversiones financieras.<\/li>\n\n\n\n<li>Cinco D\u00edas: se trata del diario econ\u00f3mico m\u00e1s antiguo de la prensa espa\u00f1ola. Desde el 2017 forma parte del proyecto El Pa\u00eds Econom\u00eda, una importante plataforma de informaci\u00f3n financiera, con \u00e9nfasis en Espa\u00f1a. Tambi\u00e9n cuenta con una circulaci\u00f3n de 20.000 ejemplares, siendo una de las fuentes de informaci\u00f3n econ\u00f3mica m\u00e1s reconocida.<\/li>\n\n\n\n<li>Estrategias de Inversi\u00f3n: se trata de un portal de informaci\u00f3n enfocado en la bolsa de valores, con noticias diarias y las actualizaciones m\u00e1s recientes de los mercados de valores, tanto de Espa\u00f1a como en los m\u00e1s importantes del mundo.<\/li>\n\n\n\n<li>Expansi\u00f3n: otro de los m\u00e1s antiguos diarios econ\u00f3micos de Espa\u00f1a, se trata de una fuente de informaci\u00f3n financiera de gran relevancia, reputaci\u00f3n y con un tiraje fenomenal. En su portal web se pueden seguir los precios de los valores en tiempo real.<\/li>\n\n\n\n<li>Bolsaman\u00eda: portal financiero espa\u00f1ol, que ofrece la informaci\u00f3n m\u00e1s actualizada acerca del mercado de valores y sus cotizaciones en tiempo real. Ideal para mantenerse al d\u00eda o complementar la informaci\u00f3n suministrada por otras plataformas.<\/li>\n<\/ul>\n\n\n\n<h2 class=\"gb-headline gb-headline-450f924a gb-headline-text\">Comprar acciones Santander<\/h2>\n\n\n\n<p>Comprar acciones Santander es una excelente forma de comenzar a invertir en un valor conocido y con un panorama brillante, muy prometedor. Pero tambi\u00e9n son excelentes para diversificar tus valores si ya cuentas con otras inversiones previas. Puedes comprar tus acciones Santander completamente en l\u00ednea, utilizando las plataformas de br\u00f3kers como <strong><a href=\"https:\/\/www.moneybob.com\/es\/invertir\/brokers\/degiro\/\" data-type=\"URL\" data-id=\"https:\/\/www.moneybob.com\/es\/invertir\/brokers\/degiro\/\">Degiro<\/a><\/strong> y <strong><a href=\"https:\/\/www.moneybob.com\/es\/invertir\/brokers\/etoro\/\" data-type=\"URL\" data-id=\"https:\/\/www.moneybob.com\/es\/invertir\/brokers\/etoro\/\">eToro<\/a><\/strong>.<\/p>\n\n\n\n<h3 class=\"gb-headline gb-headline-6f325736 gb-headline-text\">\u00bfC\u00f3mo comprar acciones de Santander con DEGIRO?<\/h3>\n\n\n\n<p>Degiro es <strong><a href=\"https:\/\/www.moneybob.com\/es\/invertir\/brokers\/\" data-type=\"URL\" data-id=\"https:\/\/www.moneybob.com\/es\/invertir\/brokers\/\">uno de los br\u00f3kers<\/a><\/strong> de mayor confianza en Europa. Se trata de una empresa de origen holand\u00e9s, con casi 10 a\u00f1os en el mercado de las inversiones financieras. En el caso de Espa\u00f1a, est\u00e1 supervisado por la Comisi\u00f3n Nacional del Mercado de Valores (CNMV) y te permite invertir en las bolsas de valores espa\u00f1olas.<\/p>\n\n\n\n<p>Adem\u00e1s de otros mercados de valores del mundo, puedes directamente invertir en la <strong><a href=\"https:\/\/www.moneybob.com\/es\/invertir\/bolsa\/bolsa-de-madrid\/\" data-type=\"link\" data-id=\"https:\/\/www.moneybob.com\/es\/invertir\/bolsa\/bolsa-de-madrid\/\">Bolsa de Madrid<\/a><\/strong>, recibir informaci\u00f3n y estad\u00edsticas del IBEX35 e incluso invertir propiamente en alguna de las empresas que lo componen.<\/p>\n\n\n\n<p>Como es de esperarse, lo primero que debes hacer para comprar acciones Santander con Degiro es abrir una cuenta en este br\u00f3ker. Es bastante sencillo, todo el proceso se realiza en l\u00ednea, no se exige ning\u00fan tipo de documentaci\u00f3n f\u00edsica. Se debe enviar una imagen del DNI, NIE o pasaporte. El dep\u00f3sito m\u00ednimo para activar la cuenta es de 0,01\u20ac.<\/p>\n\n\n\n<p>Por defecto, se crear\u00e1 una cuenta BASIC, que se puede actualizar a un perfil superior: ACTIVE o TRADER, que te permitir\u00e1n acceder a un mayor n\u00famero de servicios, destinados a usuarios profesionales o, al menos, m\u00e1s experimentados.<\/p>\n\n\n\n<p>Comprar acciones Santander con Degiro es una opci\u00f3n sencilla, c\u00f3moda y segura. Degiro opera en m\u00e1s de 50 mercados burs\u00e1tiles alrededor del mundo, por lo que adem\u00e1s de invertir en acciones de Santander en la Bolsa de Madrid, puedes hacerlo en bolsas extranjeras. Tendr\u00e1s la opci\u00f3n de comprar acciones de Santander en la bolsa de Londres, entre otras.<\/p>\n\n\n\n<p>Otros de los mercados en los que puedes comprar acciones de Santander, utilizando Degiro, son las bolsas de Alemania, de Polonia y de Estados Unidos. Elige la m\u00e1s conveniente, seg\u00fan tus expectativas como inversor.<\/p>\n\n\n\n<h3 class=\"gb-headline gb-headline-8711e2fd gb-headline-text\">\u00bfC\u00f3mo comprar acciones de Santander con eToro?<\/h3>\n\n\n\n<p>eToro es otra de las mejores opciones si est\u00e1s pensando en comprar acciones Santander online. Esta plataforma ofrece sus servicios en todo el mundo, a usuarios de m\u00e1s de 140 pa\u00edses. Entre los mercados disponibles est\u00e1n las bolsas de valores espa\u00f1olas, las cuales permiten comprar acciones Santander, tambi\u00e9n abreviadas como SAN.<\/p>\n\n\n\n<p>El primer paso para comprar acciones Santander con eToro es crear una cuenta, proceso que se realiza de forma online con un dep\u00f3sito m\u00ednimo de apertura de 50 \u20ac. Se exige rellenar un formulario electr\u00f3nico, con datos personales, e iniciar sesi\u00f3n por medio de Facebook o de Gmail.<\/p>\n\n\n\n<p>Si deseas probar el br\u00f3ker y el comportamiento probable del instrumento financiero en cuesti\u00f3n (Acciones del Santander), eToro ofrece la posibilidad de acceder a una cuenta demo completamente gratis. Esta herramienta te permite comprar acciones Santander de manera ficticia mientras pones en pr\u00e1ctica tu t\u00e9cnica y estrategias para realizar inversiones, operando bajo las mismas reglas que el mercado financiero real.<\/p>\n\n\n\n<p>Una vez que est\u00e9s listo para comprar acciones Santander por dinero real, debes elegir el mercado de tu preferencia en el que cotice Banco Santander, y buscar su nombre abreviado.<\/p>\n\n\n\n<p>Una de las principales ventajas de crear una cuenta en eToro para <strong><a href=\"https:\/\/www.moneybob.com\/es\/invertir\/acciones\/\" data-type=\"URL\" data-id=\"https:\/\/www.moneybob.com\/es\/invertir\/acciones\/\">comprar acciones<\/a><\/strong> del Santander, sobre todo si no tienes mucha experiencia en inversiones, es la posibilidad real de acceder a asesor\u00eda especializada y participar de su foro y escuela para inversiones.<\/p>\n","protected":false},"excerpt":{"rendered":"<p>Las acciones Santander pertenecen a la empresa espa\u00f1ola m\u00e1s importante del mundo y una de las entidades bancarias m\u00e1s fuertes de Europa y Am\u00e9rica Latina. &#8230; <\/p>\n<p class=\"read-more-container\"><a title=\"Acciones Santander\" class=\"read-more button\" href=\"https:\/\/www.moneybob.com\/es\/invertir\/acciones\/santander\/#more-5814\" aria-label=\"Leer m\u00e1s sobre Acciones Santander\">Leer m\u00e1s<\/a><\/p>\n","protected":false},"author":3,"featured_media":0,"parent":5676,"menu_order":0,"comment_status":"closed","ping_status":"closed","template":"","meta":{"_eb_attr":"","footnotes":""},"class_list":["post-5814","page","type-page","status-publish"],"_links":{"self":[{"href":"https:\/\/www.moneybob.com\/es\/wp-json\/wp\/v2\/pages\/5814","targetHints":{"allow":["GET"]}}],"collection":[{"href":"https:\/\/www.moneybob.com\/es\/wp-json\/wp\/v2\/pages"}],"about":[{"href":"https:\/\/www.moneybob.com\/es\/wp-json\/wp\/v2\/types\/page"}],"author":[{"embeddable":true,"href":"https:\/\/www.moneybob.com\/es\/wp-json\/wp\/v2\/users\/3"}],"replies":[{"embeddable":true,"href":"https:\/\/www.moneybob.com\/es\/wp-json\/wp\/v2\/comments?post=5814"}],"version-history":[{"count":0,"href":"https:\/\/www.moneybob.com\/es\/wp-json\/wp\/v2\/pages\/5814\/revisions"}],"up":[{"embeddable":true,"href":"https:\/\/www.moneybob.com\/es\/wp-json\/wp\/v2\/pages\/5676"}],"wp:attachment":[{"href":"https:\/\/www.moneybob.com\/es\/wp-json\/wp\/v2\/media?parent=5814"}],"curies":[{"name":"wp","href":"https:\/\/api.w.org\/{rel}","templated":true}]}}