{"id":5828,"date":"2022-07-06T08:21:55","date_gmt":"2022-07-06T08:21:55","guid":{"rendered":"https:\/\/www.moneybob.com\/?page_id=5828"},"modified":"2025-06-05T21:50:13","modified_gmt":"2025-06-05T21:50:13","slug":"bbva","status":"publish","type":"page","link":"https:\/\/www.moneybob.com\/es\/invertir\/acciones\/bbva\/","title":{"rendered":"Acciones BBVA"},"content":{"rendered":"<div class=\"wp-block-image\">\n<figure class=\"alignright size-thumbnail\"><img loading=\"lazy\" decoding=\"async\" width=\"150\" height=\"150\" src=\"https:\/\/www.moneybob.com\/wp-content\/uploads\/Acciones-BBVA-150x150.jpg\" alt=\"Acciones BBVA\" class=\"wp-image-5832\" title=\"\" srcset=\"https:\/\/www.moneybob.com\/wp-content\/uploads\/Acciones-BBVA-150x150.jpg 150w, https:\/\/www.moneybob.com\/wp-content\/uploads\/Acciones-BBVA-300x300.jpg 300w, https:\/\/www.moneybob.com\/wp-content\/uploads\/Acciones-BBVA.jpg 500w\" sizes=\"auto, (max-width: 150px) 100vw, 150px\" \/><\/figure>\n<\/div>\n\n\n<p>Las acciones BBVA son los valores que componen el capital del Banco Bilbao Vizcaya Argentaria, la segunda entidad financiera m\u00e1s grande de Espa\u00f1a y una de las m\u00e1s importantes del mundo. En el Ibex 35 BBVA ocupa un puesto por derecho propio, con una larga trayectoria a sus espaldas: se trata de una empresa espa\u00f1ola con gran estabilidad y una s\u00f3lida base de socios inversionistas.<\/p>\n\n\n\n<p>\u00bfInteresado por BBVA acciones? Al convertirte en un inversor comprando acciones BBVA hoy en cualquiera de las bolsas en las que cotiza esta compa\u00f1\u00eda (no solo en Espa\u00f1a), autom\u00e1ticamente te har\u00e1s socio de BBVA. En resumen, esto quiere decir que ser\u00e1s due\u00f1o de una peque\u00f1a parte del Banco. En teor\u00eda, esto incluye el derecho a ejercer el voto en las decisiones de la compa\u00f1\u00eda y (lo que realmente interesa) recibir beneficios por sus ganancias.<\/p>\n\n\n\n<h3 class=\"wp-block-heading\">Acciones BBVA hoy en las bolsas internacionales<\/h3>\n\n\n\n<p>BBVA acciones es un grupo financiero internacional, que cotiza en distintas bolsas de valores. Adem\u00e1s de la <strong><a href=\"https:\/\/www.moneybob.com\/es\/invertir\/bolsa\/bolsa-de-madrid\/\" data-type=\"link\" data-id=\"https:\/\/www.moneybob.com\/es\/invertir\/bolsa\/bolsa-de-madrid\/\">Bolsa de Madrid<\/a><\/strong> y el Mercado Continuo de las Bolsas de Valores Espa\u00f1olas, se pueden adquirir acciones del BBVA en los mercados de Londres, Nueva York y M\u00e9xico, entre otros.<\/p>\n\n\n\n<p>As\u00ed, las acciones del BBVA han gozado de una importante expansi\u00f3n en varios continentes. De hecho, cuenta con un gran n\u00famero de oficinas comerciales, sucursales y negocios, sobre todo en Am\u00e9rica y Europa, siendo uno de los bancos m\u00e1s importantes de Latinoam\u00e9rica. Adem\u00e1s, desde el 2006 tienen una fuerte presencia en China, donde se espera una gran expansi\u00f3n en los pr\u00f3ximos a\u00f1os.<\/p>\n\n\n\n<p>Sin embargo, el precio de acciones BBVA, al igual que ha sucedido con todo el sector bancario europeo, han sufrido momentos de descenso importantes desde el 2014, a causa de la crisis financiera y de las estrictas regulaciones. Esto hace que la cotizaci\u00f3n de acciones BBVA pase por uno de los momentos m\u00e1s interesantes de su historia, que muchos ven como una oportunidad para invertir en acciones BBVA hoy.<\/p>\n\n\n\n<h2 class=\"gb-headline gb-headline-093541f0 gb-headline-text\">Ibex 35 BBVA: su historia<\/h2>\n\n\n\n<p>BBVA acciones es una de las principales empresas que componen el IBEX35, el \u00edndice burs\u00e1til que sirve como referencia a la bolsa espa\u00f1ola. Esta indexaci\u00f3n se basa en las 35 compa\u00f1\u00edas de m\u00e1s relevancia en el pa\u00eds, entre las que cotizan en el Sistema de Interconexi\u00f3n Burs\u00e1til Espa\u00f1ol. Tambi\u00e9n forma parte del \u00edndice Dow Jones EURO STOXX 50.<\/p>\n\n\n\n<p>El crecimiento de acciones BBVA hoy forma parte de la historia de la econom\u00eda espa\u00f1ola y en el mercado financiero internacional, en los m\u00e1s de 150 a\u00f1os de historia de la instituci\u00f3n. El primer paso al nacimiento de acciones BBVA es la fundaci\u00f3n del Banco de Bilbao, fundado en 1857.<\/p>\n\n\n\n<p>El valor de acciones BBVA se consolid\u00f3 hasta el momento actual por la suma de varias entidades. Inicialmente comenz\u00f3 con la suma de dos de las m\u00e1s antiguas instituciones financieras de Espa\u00f1a: el mismo Banco de Bilbao y el Banco de Vizcaya.<\/p>\n\n\n\n<p>Este \u00faltimo fue fundado en el a\u00f1o 1901, tambi\u00e9n en la ciudad de Bilbao. Ambas instituciones son parte de BBVA acciones hoy, gracias a su crecimiento sostenido a lo largo de todo el siglo XX, expandi\u00e9ndose masivamente por el resto del pa\u00eds y favoreciendo al crecimiento econ\u00f3mico de la regi\u00f3n.<\/p>\n\n\n\n<p>Hacia la d\u00e9cada de los 80 el Banco de Bilbao se pone como objetivo acceder a los negocios financieros modernos, basados en los avances tecnol\u00f3gicos y la desregularizaci\u00f3n, as\u00ed como en los mercados nacionales e internacionales. A la par, el Banco de Vizcaya realizaba una operaci\u00f3n crucial: la compra de Banca Catalana.<\/p>\n\n\n\n<p>En medio de este contexto se lleva a cabo el movimiento m\u00e1s relevante de la historia de acciones del BBVA. Se trata del acuerdo firmado en el a\u00f1o 1988, a trav\u00e9s del cual se formaliza la fusi\u00f3n de ambos bancos, dando como resultado el nacimiento del BBV. Seguidamente, en los a\u00f1os 90 se lleva a cabo la privatizaci\u00f3n de la entidad. Por \u00faltimo, la d\u00e9cada cierra con la compra del Banco Argentaria, quedando completado el consorcio bancario BBVA y la primigenia configuraci\u00f3n de acciones del BBVA tal y como las conocemos en la actualidad.<\/p>\n\n\n\n<p>Todo este proceso hist\u00f3rico es el que ha logrado colocar el valor de acciones entre las m\u00e1s importantes de Espa\u00f1a, convirtiendo al BBVA en una entidad hist\u00f3rica dentro del mercado financiero espa\u00f1ol. Desde la entrada del milenio, ya bajo el nombre actual, la entidad ha sido parte del \u00edndice burs\u00e1til m\u00e1s relevante del pa\u00eds, manteniendo su credibilidad y solidez.<\/p>\n\n\n\n<p>En el IBEX 35 BBVA se posiciona como la cuarta entidad con mayor capitalizaci\u00f3n burs\u00e1til, apenas un puesto por debajo del consorcio bancario <strong><a href=\"https:\/\/www.moneybob.com\/es\/invertir\/acciones\/santander\/\" data-type=\"page\" data-id=\"5814\">Santander<\/a><\/strong>. Hasta el punto de que la cotizaci\u00f3n de acciones BBVA (favorable o desfavorable) es una de las que m\u00e1s afecta el balance econ\u00f3mico de Espa\u00f1a.<\/p>\n\n\n\n<h2 class=\"gb-headline gb-headline-fe1c9010 gb-headline-text\">Acciones BBVA \u00bfQui\u00e9n puede invertir?<\/h2>\n\n\n\n<p>BBVA acciones cotiza en las bolsas de valores de Espa\u00f1a y en varios de los mercados burs\u00e1tiles m\u00e1s importantes, por lo que cualquier inversor puede comprar valores de la empresa, siempre que cuente con el respaldo, asesor\u00eda y representaci\u00f3n de agente de inversiones autorizado (<strong><a href=\"https:\/\/www.moneybob.com\/es\/invertir\/brokers\/\" data-type=\"page\" data-id=\"5718\">br\u00f3ker<\/a><\/strong>).<\/p>\n\n\n\n<p>Si est\u00e1n consultando a c\u00f3mo est\u00e1n las acciones del BBVA para invertir necesitar\u00e1s un br\u00f3ker o intermediario autorizado, con licencia para ejecutar las operaciones que le ordenes. Estas medidas tienen como objetivo el buen funcionamiento de las bolsas, as\u00ed como asegurar que las operaciones sean seguras y proteger la integridad del mercado.<\/p>\n\n\n\n<p>Ahora bien, cada cual debe tomar sus propias decisiones a la hora de invertir en BBVA acciones o cualquier otra gran compa\u00f1\u00eda. Hay quien se lo toma como un compromiso a largo plazo y quien permanece atento a la primera oportunidad para vender con ganancias.<br>Para aquellos inversores valoran BBVA acciones como un medio para obtener ganancias a cambio de inversiones bajas y a corto plazo, existen adem\u00e1s otras opciones interesantes, como los contratos por diferencias. Tambi\u00e9n conocidos como CFD\u2019s, estos instrumentos funcionan como una apuesta entre el inversor y el intermediario, teniendo en cuenta la fluctuaci\u00f3n de un activo en espec\u00edfico.<\/p>\n\n\n\n<p>Para explicarlo de forma sencilla, el inversor coloca su capital con base en una acci\u00f3n (en el IBEX 35 BBVA o cualquier otra interesante en ese momento); planteando una predicci\u00f3n sobre dicho activo, indicando que podr\u00eda descender o aumentar. En caso de que el valor de acciones BBVA suba y la operaci\u00f3n resulte inclinarse seg\u00fan la previsi\u00f3n del inversor, este recibir\u00e1 la ganancia correspondiente. El punto negativo de los CFD\u2019s es que, por las fluctuaciones del mercado, existe el riesgo de que el participante pierda todo su capital en funci\u00f3n de la cotizaci\u00f3n de acciones BBVA o la compa\u00f1\u00eda elegida.<\/p>\n\n\n\n<p>Cabe destacar que, adem\u00e1s de la posibilidad de obtener ganancias con poca inversi\u00f3n, otro de los beneficios para los inversores es que muchos br\u00f3kers realizan estos contratos con apalancamiento, pudiendo invertir incluso con menos de la cantidad inicial.<\/p>\n\n\n\n<h2 class=\"gb-headline gb-headline-8a599933 gb-headline-text\">Comprar acciones BBVA<\/h2>\n\n\n\n<p>Comprar acciones BBVA es un buen movimiento para invertir en valores de una compa\u00f1\u00eda establecida o de a\u00f1adir una nueva inversi\u00f3n en tu portafolio, si ya has experimentado con el mercado burs\u00e1til. Puedes comprar acciones BBVA de forma casi instant\u00e1nea, utilizando las plataformas de br\u00f3kers como DEGIRO y <strong><a href=\"https:\/\/www.moneybob.com\/es\/invertir\/brokers\/etoro\/\" data-type=\"URL\" data-id=\"https:\/\/www.moneybob.com\/es\/invertir\/brokers\/etoro\/\">eToro<\/a><\/strong>.<\/p>\n\n\n\n<h2 class=\"gb-headline gb-headline-b68ddd17 gb-headline-text\">\u00bfC\u00f3mo comprar acciones BBVA con DEGIRO?<\/h2>\n\n\n\n<p><strong><a href=\"https:\/\/www.moneybob.com\/es\/invertir\/brokers\/degiro\/\" data-type=\"URL\" data-id=\"https:\/\/www.moneybob.com\/es\/invertir\/brokers\/degiro\/\">DEGIRO<\/a><\/strong> es una de las mejores opciones para comprar acciones BBVA. Se trata de un br\u00f3ker online de confianza, con una importante presencia en Europa y una trayectoria de casi 10 a\u00f1os. La sede de la empresa se sit\u00faa en Holanda, pa\u00eds donde est\u00e1 registrado como una compa\u00f1\u00eda financiera licenciada. Por otra parte, en Espa\u00f1a, es supervisada por la Comisi\u00f3n Nacional del Mercado de Valores (CNMV) y opera en el mercado continuo espa\u00f1ol.<\/p>\n\n\n\n<p>DEGIRO opera en 18 pa\u00edses, con una cartera de clientes que se eleva a m\u00e1s de 1,6 millones. Sus opciones de <strong><a href=\"https:\/\/www.moneybob.com\/es\/invertir\/acciones\/\" data-type=\"page\" data-id=\"5676\">compra de acciones<\/a><\/strong> BBVA hoy son m\u00faltiples, en varios mercados internacionales. Con la ventaja de que DEGIRO permite operar en distintos mercados y tomar en cuenta diversos \u00edndices burs\u00e1tiles, lo que incluye la bolsa espa\u00f1ola y por supuesto el IBEX35.<\/p>\n\n\n\n<p>Para comprar acciones BBVA con DEGIRO, lo primero que debes hacer es abrir una cuenta. El proceso es bastante sencillo y se realiza completamente en l\u00ednea, sin que sea necesario enviar ning\u00fan tipo de documentaci\u00f3n f\u00edsica. Para activar la nueva cuenta con la que comprar acciones BBVA, debes hacer un dep\u00f3sito m\u00ednimo de 0,01 \u20ac y confirmar tu identidad con una imagen de tu documento de identidad (DNI o pasaporte).<\/p>\n\n\n\n<p>Las cuentas de DEGIRO se crean por defecto en el tipo BASIC. Cuando tu perfil est\u00e9 activo, puedes actualizar a cuenta ACTIVE o cuenta TRADER. Si decides cambiar a usuario profesional, acceder\u00e1s a una mayor cantidad de servicios para la ejecuci\u00f3n de tus operaciones, tales como gr\u00e1ficos con el comportamiento de los mercados, informaci\u00f3n m\u00e1s precisa sobre la cotizaci\u00f3n de acciones de BBVA y mucho m\u00e1s.<\/p>\n\n\n\n<p>Entre los mercados de valores en los que opera DEGIRO, se encuentran las bolsas de Londres y Nueva York, en las que cotizan acciones BBVA. Por lo que, adem\u00e1s de invertir en el mercado espa\u00f1ol, puedes hacerlo en alguna de estas bolsas de valores extranjeras.<\/p>\n\n\n\n<h2 class=\"gb-headline gb-headline-75dcd3cb gb-headline-text\">\u00bfC\u00f3mo comprar acciones de BBVA con eToro?<\/h2>\n\n\n\n<p>eToro opera en m\u00e1s de 140 pa\u00edses, con 15 a\u00f1os de trayectoria como intermediario en operaciones burs\u00e1tiles y otro tipo de inversiones. Adem\u00e1s de la bolsa espa\u00f1ola, permite realizar inversiones en distintos mercados del mundo, algo ideal si est\u00e1s pensando en comprar acciones BBVA utilizando su plataforma.<\/p>\n\n\n\n<p>Lo primero que debes hacer para comprar acciones BBVA con eToro es crear una cuenta. Este proceso se realiza online, por medio de un formulario digital en el que ser\u00e1 necesario aportar una serie de datos personales; as\u00ed como ingresar por medio del correo electr\u00f3nico Gmail o de la red social Facebook. Adem\u00e1s, se debe realizar un dep\u00f3sito de apertura m\u00ednimo de al menos 50\u20ac.<\/p>\n\n\n\n<p>Una vez te hayas registrado y activado tu cuenta, puedes empezar a invertir y comprar acciones BBVA. Busca entre los mercados financieros alguno de los que cuenta con cotizaci\u00f3n de BBVA y verifica sus acciones en la lista de valores disponibles.<\/p>\n\n\n\n<p>Tambi\u00e9n debes saber que eToro est\u00e1 muy valorado por los inversores principiantes, debido a sus servicios de formaci\u00f3n, su escuela para inversores y su modalidad de br\u00f3ker socio-integrador. Es decir, la plataforma permite que los usuarios interact\u00faen como en una red social y ofrece la posibilidad de replicar estrategias de inversores con m\u00e1s experiencia.<\/p>\n\n\n\n<p>Otra herramienta interesante de eToro antes de lanzarte a comprar acciones BBVA a trav\u00e9s de su plataforma online, es la cuenta demo. Con ella que puedes probar el br\u00f3ker y ejecutar inversiones simuladas, como si se tratara del mercado real. Opera con las mismas reglas de las bolsas de valores, incluyendo las fluctuaciones. De esta manera podr\u00e1s realizar inversiones, como experimento, sin tomar riesgos; antes de empezar a hacerlo con tus propios fondos.<\/p>\n\n\n\n<h3 class=\"gb-headline gb-headline-f3f9200d gb-headline-text\">Acciones BBVA hoy<\/h3>\n\n\n\n<p>Si te planteas la posibilidad de proceder con una inversi\u00f3n en acciones BBVA hoy, consulta regularmente la cotizaci\u00f3n de las acciones BBVA. Contrasta esta informaci\u00f3n con otras fuentes oficiales, eval\u00faa el contexto actual y eval\u00faa las tendencias.<\/p>\n\n\n\n<p>Tanto si te decides a comprar acciones BBVA hoy como si prefieres invertir en contratos por diferencia (sobre todo teniendo en cuenta que estos \u00faltimos son de riesgos y ganancias m\u00e1s inmediatos), conocer a c\u00f3mo est\u00e1n las acciones BBVA hoy en bolsa puede hacer la diferencia entre el \u00e9xito o el fracaso de tus operaciones.<\/p>\n\n\n\n<p>Para hacer m\u00e1s f\u00e1cil esta tarea, muchos br\u00f3kers o p\u00e1ginas dedicadas a las inversiones burs\u00e1tiles ofrecen herramientas de an\u00e1lisis del mercado con las que analizar el valor de acciones BBVA minuciosamente. Tambi\u00e9n cuentan con secciones de noticias sobre eventos que pueden afectar las cotizaciones de los valores m\u00e1s importantes o incidir en ciertos mercados. Cuentan con servicios de asesor\u00eda de inversiones que se dedican exclusivamente a procesar toda esta informaci\u00f3n y ofrecerla a su cartera de clientes.<\/p>\n\n\n\n<p>Respecto a BBVA la cotizaci\u00f3n de las acciones de esta empresa es f\u00e1cil de seguir, por tratarse de un valor relevante en todos los mercados en los que participa. Por esta raz\u00f3n, no resulta nada complicado encontrar diferentes p\u00e1ginas web y peri\u00f3dicos financieros en los cuales poder realizar un seguimiento de la fluctuaci\u00f3n del precio de acciones BBVA.<\/p>\n\n\n\n<h3 class=\"gb-headline gb-headline-411cb04e gb-headline-text\">Precio acciones BBVA<\/h3>\n\n\n\n<p>\u00bfD\u00f3nde consultar el precio de acciones BBVA? A continuaci\u00f3n, te mostramos una lista donde puedes ver el precio de las acciones del BBVA actualizado:<\/p>\n\n\n\n<ul class=\"wp-block-list\">\n<li>Bolsaman\u00eda: uno de los portales financieros espa\u00f1oles m\u00e1s populares, ofrece informaci\u00f3n actualizada sobre los precios de los valores y sobre el mercado burs\u00e1til de Espa\u00f1a.<\/li>\n\n\n\n<li>Expansi\u00f3n: se trata de uno de los diarios econ\u00f3micos m\u00e1s antiguos y fundamentales de Espa\u00f1a. Considerado como el peri\u00f3dico m\u00e1s popular dentro de este mercado, ofreciendo informaci\u00f3n actualizada sobre los mercados y sobre las novedades que afectan el precio de los valores.<\/li>\n\n\n\n<li>Cinco D\u00edas: otro de los diarios m\u00e1s relevantes del pa\u00eds, este tiene el honor de ser el primer peri\u00f3dico econ\u00f3mico de la prensa espa\u00f1ola. Tiene un tiraje promedio de 20.000 ejemplares, siendo la fuerte de informaci\u00f3n financiera m\u00e1s respetada de Espa\u00f1a. Desde el a\u00f1o 2017 forma parte del proyecto El Pa\u00eds Econom\u00eda, plataforma espa\u00f1ola de informaci\u00f3n econ\u00f3mica.<\/li>\n\n\n\n<li>Estrategias de Inversi\u00f3n: portal web dedicado a proveer de informaci\u00f3n a los inversores acerca de las novedades del mercado financiero, con actualizaciones diarias y secci\u00f3n de noticias, tanto de la bolsa espa\u00f1ola como de los principales mercados del mundo.<\/li>\n<\/ul>\n\n\n\n<p>Selecciona tu portal favorito y empieza desde hoy a seguir de cerca los movimientos en el precio de acciones BBVA.<\/p>\n","protected":false},"excerpt":{"rendered":"<p>Las acciones BBVA son los valores que componen el capital del Banco Bilbao Vizcaya Argentaria, la segunda entidad financiera m\u00e1s grande de Espa\u00f1a y una &#8230; <\/p>\n<p class=\"read-more-container\"><a title=\"Acciones BBVA\" class=\"read-more button\" href=\"https:\/\/www.moneybob.com\/es\/invertir\/acciones\/bbva\/#more-5828\" aria-label=\"Leer m\u00e1s sobre Acciones BBVA\">Leer m\u00e1s<\/a><\/p>\n","protected":false},"author":4,"featured_media":0,"parent":5676,"menu_order":0,"comment_status":"closed","ping_status":"closed","template":"","meta":{"_eb_attr":"","footnotes":""},"class_list":["post-5828","page","type-page","status-publish"],"_links":{"self":[{"href":"https:\/\/www.moneybob.com\/es\/wp-json\/wp\/v2\/pages\/5828","targetHints":{"allow":["GET"]}}],"collection":[{"href":"https:\/\/www.moneybob.com\/es\/wp-json\/wp\/v2\/pages"}],"about":[{"href":"https:\/\/www.moneybob.com\/es\/wp-json\/wp\/v2\/types\/page"}],"author":[{"embeddable":true,"href":"https:\/\/www.moneybob.com\/es\/wp-json\/wp\/v2\/users\/4"}],"replies":[{"embeddable":true,"href":"https:\/\/www.moneybob.com\/es\/wp-json\/wp\/v2\/comments?post=5828"}],"version-history":[{"count":0,"href":"https:\/\/www.moneybob.com\/es\/wp-json\/wp\/v2\/pages\/5828\/revisions"}],"up":[{"embeddable":true,"href":"https:\/\/www.moneybob.com\/es\/wp-json\/wp\/v2\/pages\/5676"}],"wp:attachment":[{"href":"https:\/\/www.moneybob.com\/es\/wp-json\/wp\/v2\/media?parent=5828"}],"curies":[{"name":"wp","href":"https:\/\/api.w.org\/{rel}","templated":true}]}}