{"id":5839,"date":"2022-07-06T08:51:35","date_gmt":"2022-07-06T08:51:35","guid":{"rendered":"https:\/\/www.moneybob.com\/?page_id=5839"},"modified":"2022-07-08T06:53:02","modified_gmt":"2022-07-08T06:53:02","slug":"iag","status":"publish","type":"page","link":"https:\/\/www.moneybob.com\/es\/invertir\/acciones\/iag\/","title":{"rendered":"Acciones IAG"},"content":{"rendered":"<div class=\"wp-block-image\">\n<figure class=\"alignright size-full\"><img loading=\"lazy\" decoding=\"async\" width=\"197\" height=\"39\" src=\"https:\/\/www.moneybob.com\/wp-content\/uploads\/acciones-IAG.png\" alt=\"Acciones IAG\" class=\"wp-image-5842\" title=\"\"><figcaption>Acciones IAG.<\/figcaption><\/figure>\n<\/div>\n\n\n<p>Bienvenido a nuestra p\u00e1gina sobre acciones IAG. Aqu\u00ed encontrar\u00e1s toda la informaci\u00f3n relevante sobre el origen de la compa\u00f1\u00eda, su actual configuraci\u00f3n y nicho empresarial y datos \u00fatiles sobre el estado de las acciones IAG hoy:<\/p>\n\n\n\n<ul class=\"wp-block-list\"><li>Valor acciones IAG<\/li><li>Precio acciones IAG<\/li><li>Cotizaci\u00f3n acciones IAG<\/li><\/ul>\n\n\n\n<p>Si te interesa enterarte de d\u00f3nde consultar el progreso de acciones IAG hoy, conocer plataformas online fiables desde las que conocer el precio de acciones IAG y, en su caso, comprar \u00a1est\u00e1s en el lugar indicado!<\/p>\n\n\n\n<h2 class=\"gb-headline gb-headline-94ed0c85 gb-headline-text\">IAG acciones<\/h2>\n\n\n\n<p>\u00bfQu\u00e9 es IAG acciones? IAG es un Holding o conglomerado empresarial internacional anglo espa\u00f1ol, surgido en 2011 de la fusi\u00f3n entre Iberia LAE y British Airways. Est\u00e1 entre las 10 principales aerol\u00edneas del mundo por ingresos y n\u00famero de viajeros al a\u00f1o (m\u00e1s de 100 millones).<\/p>\n\n\n\n<p>Dentro del mercado espa\u00f1ol, IAG es una de las empresas m\u00e1s relevantes, formando parte del IBEX35. Esto hace que muchos inversores se interesen por la compra de acciones de IAG y la posibilidad de conseguir beneficios con ellas.<\/p>\n\n\n\n<h2 class=\"gb-headline gb-headline-7ceb47e1 gb-headline-text\">Ibex 35 IAG: Historia<\/h2>\n\n\n\n<p>En IBEX 35 IAG ocupa uno de los lugares m\u00e1s respetados y consolidados desde hace a\u00f1o. Sin embargo, su presencia en el \u00edndice de las 35 principales empresas de la Bolsa Espa\u00f1ola es relativamente reciente. Conozcamos cu\u00e1l es su historia para conocer por qu\u00e9.<\/p>\n\n\n\n<p>En la actualidad International Airlines Group (IAG) agrupa varias marcas de compa\u00f1\u00edas a\u00e9reas. En realidad es el valor y situaci\u00f3n de todas ellas lo que determina el precio de acciones IAG:<\/p>\n\n\n\n<ul class=\"wp-block-list\"><li>Aer Lingus (desde 2015)<\/li><li>British Airways<\/li><li>Iberia<\/li><li>Level (desde 2017)<\/li><li>Vueling<\/li><\/ul>\n\n\n\n<p>Adem\u00e1s tambi\u00e9n sor parte del grupo IAG sus filiares IAG Loyalty, IAG Cargo e IAG GBS, y otras marcas comerciales como Iberia Express o Avios. Las dos compa\u00f1\u00edas espa\u00f1olas del Grupo son Iberia (Madrid) y Vueling (Barcelona): estas son sociedades de International Consolidated Airlines Group SA en Espa\u00f1a.++<\/p>\n\n\n\n<h3 class=\"gb-headline gb-headline-7c49df68 gb-headline-text\">Acciones IAG Iberia<\/h3>\n\n\n\n<p>Actualmente, dentro de acciones IAG Iberia es un valor fundamental. Fundada en 1927, Iberia es la mayor compa\u00f1\u00eda a\u00e9rea espa\u00f1ola y el principal activo con Latinoam\u00e9rica de IAG, por sus conexiones con Europa a trav\u00e9s del aeropuerto de Madrid Barajas y sus conexiones entre pa\u00edses iberoamericanos (actualmente en crecimiento).<\/p>\n\n\n\n<p>En Europa, Vueling (con sede en el aeropuerto de El Prat en Barcelona) se considera la l\u00ednea de bajo coste de Iberia en media distancia, de la misma forma que Level lo es a larga distancia para el conjunto del grupo IAG.<\/p>\n\n\n\n<p>Debido a las p\u00e9rdidas que Iberia sufri\u00f3 en 2012, los resultados de las acciones IAG en 2012 fueron negativos. Esto supuso el inicio de la m\u00e1s importante reestructuraci\u00f3n de la aerol\u00ednea espa\u00f1ola desde su proceso de privatizaci\u00f3n en la d\u00e9cada de los 90.<\/p>\n\n\n\n<h2 class=\"gb-headline gb-headline-da6e59ae gb-headline-text\">Acciones IAG hoy<\/h2>\n\n\n\n<p>Inicialmente dentro de acciones IAG los porcentajes se repart\u00edan en los acuerdos entre un 45% de Iberia y un 55% correspondiente a British Airways. Esto supuso que el precio de las acciones IAG se pagase en su momento 1 a 1 para los accionistas de British Airways y 1 a 1,0205 para los accionistas de Iberia. Esta decisi\u00f3n tambi\u00e9n ha tenido (y mantiene) su peso en el valor de las acciones IAG como grupo.<\/p>\n\n\n\n<p>Dadas las caracter\u00edsticas de este holding, el valor de las acciones IAG se ve afectado tanto por las bolsas Espa\u00f1olas (Madrid, Valencia, Bilbao, Barcelona) como por la de Londres, aunque en distinta medida.<\/p>\n\n\n\n<p>Al contar con un premium listing en Reino Unido, las acciones de IAG se negocian en el mercado principal de la Bolsa de Londres, mientras que las que est\u00e1n en las bolsas espa\u00f1olas lo hacen a trav\u00e9s del Sistema de Interconexi\u00f3n Burs\u00e1til Espa\u00f1ol (Mercado Continuo).<\/p>\n\n\n\n<p>En definitiva, la cotizaci\u00f3n de las acciones IAG se puede seguir por tanto en el Ibex 35 y en la Bolsa de Londres.<\/p>\n\n\n\n<h2 class=\"gb-headline gb-headline-240a608a gb-headline-text\">Comprar acciones IAG<\/h2>\n\n\n\n<p>Comprar acciones IAG es una opci\u00f3n interesante aunque no apta para todos: por ejemplo en 2022 ha llegado a caer hasta un 20% de su valor, recuper\u00e1ndose en pocos d\u00edas para volver a su punto de partida. Estos altibajos en la cotizaci\u00f3n de acciones IAG no son aptas para corazones d\u00e9biles, ni para inversores con prisas.<\/p>\n\n\n\n<p>Si est\u00e1s pensando en comprar acciones IAG, adem\u00e1s de su precio deber\u00e1s valorar la situaci\u00f3n del mercado en ese momento, sus fluctuaciones y tu propia econom\u00eda. A continuaci\u00f3n te damos algunas ideas sobre d\u00f3nde informarte y c\u00f3mo ponerte en marcha para comprar acciones IAG o, si lo prefieres, simular una compra antes de lanzarte a invertir dinero real.<\/p>\n\n\n\n<h3 class=\"gb-headline gb-headline-ac9d7d59 gb-headline-text\">Precio acciones IAG. D\u00f3nde seguirlo<\/h3>\n\n\n\n<p>Toda la informaci\u00f3n a tiempo real sobre IAG acciones se puede seguir directamente a trav\u00e9s de la secci\u00f3n dedicada a Inversores y Accionistas de <a href=\"https:\/\/www.iairgroup.com\/es-es\/inversores-y-accionistas\/resultados-e-informes\" target=\"_blank\" data-type=\"URL\" data-id=\"https:\/\/www.iairgroup.com\/es-es\/inversores-y-accionistas\/resultados-e-informes\" rel=\"noreferrer noopener\">su p\u00e1gina web oficia<\/a>l. Aqu\u00ed tambi\u00e9n puedes hacer un seguimiento d\u00eda a d\u00eda de las \u00faltimas noticias que afectan al grupo y consultar los resultados e informes (cuentas anuales, informes trimestrales, estad\u00edsticas, webcasts\u2026) y por supuesto, el precio de acciones IAG<\/p>\n\n\n\n<p>En el Ibex 35 IAG est\u00e1 integrada por que su sede social y fiscal se encuentra en <strong><a href=\"https:\/\/www.moneybob.com\/es\/invertir\/bolsa\/bolsa-de-madrid\/\" data-type=\"page\" data-id=\"5744\">Madrid<\/a><\/strong>, mientras que su sede corporativa est\u00e1 en Londres. Por ello acciones IAG tambi\u00e9n est\u00e1 presente a trav\u00e9s de diferentes sociedades del grupo en la Bolsa de Londres desde 2011.<\/p>\n\n\n\n<p>Como dato curioso, entre los principales accionistas del grupo se ha contado Qatar Airways, que ha llegado a superar un cuarto del total de las acciones. Adem\u00e1s, IAG tiene peque\u00f1as participaciones e intereses en otras compa\u00f1\u00edas del sector como Flybe, Royal Air Marco o Eurostar.<\/p>\n\n\n\n<p>\u00bfBuscas el mejor sitio para comprar acciones IAG? Puedes comprar acciones IAG en Degiro o en <strong><a href=\"https:\/\/www.moneybob.com\/es\/invertir\/brokers\/etoro\/\" data-type=\"URL\" data-id=\"https:\/\/www.moneybob.com\/es\/invertir\/brokers\/etoro\/\">Etoro<\/a><\/strong>. Te explicamos c\u00f3mo<\/p>\n\n\n\n<h2 class=\"gb-headline gb-headline-32f34f9a gb-headline-text\">Comprar acciones IAG con DEGIRO<\/h2>\n\n\n\n<p>Comprar acciones IAG con DEGIRO es f\u00e1cil y puede hacerse con una inversi\u00f3n inicial muy peque\u00f1a. <strong><a href=\"https:\/\/www.moneybob.com\/es\/invertir\/brokers\/degiro\/\" data-type=\"URL\" data-id=\"https:\/\/www.moneybob.com\/es\/invertir\/brokers\/degiro\/\">DEGIRO<\/a><\/strong> es una plataforma (br\u00f3ker) autorizada para operar en la bolsa espa\u00f1ola y el resto de bolsas en las que cotizan las acciones IAG, como la de Londres.<\/p>\n\n\n\n<p>En los \u00faltimos a\u00f1os DEGIRO ha consolidado su presencia en Europa y concretamente en Espa\u00f1a a partir de contar con la supervisi\u00f3n de la Comisi\u00f3n Nacional del Mercado de Valores (CNMV). La sede de la compa\u00f1\u00eda est\u00e1 en Pa\u00edses Bajos, donde cuenta con la licencia necesaria para formar parte del registro de compa\u00f1\u00edas financieras autorizadas.<\/p>\n\n\n\n<p>Actualmente, adem\u00e1s de en Espa\u00f1a DEGIRO est\u00e1 activo en cerca de una veintena de pa\u00edses, con m\u00e1s de 1 mill\u00f3n y medio de clientes invirtiendo a trav\u00e9s de su p\u00e1gina web. Comprar acciones IAG ser\u00e1 solo una de las m\u00faltiples opciones que tendr\u00e1s si decides abrirte una cuenta en DEGIRO.<\/p>\n\n\n\n<ul class=\"wp-block-list\"><li>Crear una cuenta en DEGIRO para comprar acciones IAG: Reg\u00edstrate en la p\u00e1gina de DEGIRO completando el formulario online.<\/li><li>Activa tu cuenta en DEGIRO: Para poder comprar acciones IAG tendr\u00e1s que hacer un dep\u00f3sito m\u00ednimo inicial de 0,01\u20ac.<\/li><li>Confirma tu cuenta en DEGIRO: Env\u00eda una imagen (fotograf\u00eda o escaneado) de tu DNI, NIE o Pasaporte.<\/li><\/ul>\n\n\n\n<p>Tu primera cuenta en DEGIRO ser\u00e1 de tipo BASIC. Este perfil de usuario es el m\u00e1s sencillo de manejar, aunque tambi\u00e9n el que menos herramientas tiene. Su ventaja es que en caso de que a la larga necesites contratar m\u00e1s servicios para ejecutar tus compraventas, podr\u00e1s pasar de BASIC a ATIVE o TRADER cuando lo desees.<\/p>\n\n\n\n<p>Aunque no seas ACTIVE o TRADER en DEGIRO contar\u00e1s con informaci\u00f3n precisa sobre las fluctuaciones de precios de acciones IAG y otra informaci\u00f3n relevante sobre su comportamiento en los mercados en los que cotizan. Con DEGIRO puedes optar a comprar acciones IAG en el mercado espa\u00f1ol y de Reino Unido, adem\u00e1s de otras compa\u00f1\u00edas y mercados en todo el mundo, de manera informada y totalmente segura.<\/p>\n\n\n\n<h2 class=\"gb-headline gb-headline-de77bc69 gb-headline-text\">Comprar acciones IAG con eToro<\/h2>\n\n\n\n<p><strong><a href=\"https:\/\/www.moneybob.com\/es\/invertir\/acciones\/\" data-type=\"page\" data-id=\"5676\">Comprar acciones<\/a><\/strong> IAG con eToro es una de las mejores opciones para traders novatos. eToro se fund\u00f3 hace unos 15 a\u00f1os y actualmente da servicio a inversores de 140 pa\u00edses diferentes. Al igual que en el caso de DEGIRO, tambi\u00e9n te permitir\u00e1 interesarte por la compra de acciones IAG en la bolsa de Londres y otros lugares. Para comprar acciones IAG con eToro:<\/p>\n\n\n\n<ul class=\"wp-block-list\"><li>Crea una cuenta en eToro, rellenando el formulario de registro con tus datos.<\/li><li>Aporta la documentaci\u00f3n necesaria.<\/li><li>Ingresa en tu cuenta de eToro utilizando tu cuenta en Gmail o en Facebook.<\/li><li>Realiza un primer dep\u00f3sito de apertura de cuenta, por una cantidad de al menos 50\u20ac.<\/li><li>Activa tu cuenta en eToro y ya est\u00e1s listo para empezar a comprar acciones IAG.<\/li><\/ul>\n\n\n\n<p>Si no tienes experiencia con este tipo de plataformas de inversi\u00f3n online, eToro te permite plantear tus compras y ventas en modo demo, con las mismas funciones y sometido a los mismos est\u00e1ndares del mercado que si lo hicieras con dinero real.<\/p>\n\n\n\n<p>Adem\u00e1s, eToro facilita a sus usuarios una gran cantidad de herramientas de informaci\u00f3n, incluyendo interesantes foros, en las que puedes seguir el precio de acciones IAG o cualquier otra empresa que te resulte interesante.<\/p>\n","protected":false},"excerpt":{"rendered":"<p>Bienvenido a nuestra p\u00e1gina sobre acciones IAG. Aqu\u00ed encontrar\u00e1s toda la informaci\u00f3n relevante sobre el origen de la compa\u00f1\u00eda, su actual configuraci\u00f3n y nicho empresarial &#8230; <\/p>\n<p class=\"read-more-container\"><a title=\"Acciones IAG\" class=\"read-more button\" href=\"https:\/\/www.moneybob.com\/es\/invertir\/acciones\/iag\/#more-5839\" aria-label=\"Leer m\u00e1s sobre Acciones IAG\">Leer m\u00e1s<\/a><\/p>\n","protected":false},"author":4,"featured_media":0,"parent":5676,"menu_order":0,"comment_status":"closed","ping_status":"closed","template":"","meta":{"_eb_attr":"","footnotes":""},"class_list":["post-5839","page","type-page","status-publish"],"_links":{"self":[{"href":"https:\/\/www.moneybob.com\/es\/wp-json\/wp\/v2\/pages\/5839","targetHints":{"allow":["GET"]}}],"collection":[{"href":"https:\/\/www.moneybob.com\/es\/wp-json\/wp\/v2\/pages"}],"about":[{"href":"https:\/\/www.moneybob.com\/es\/wp-json\/wp\/v2\/types\/page"}],"author":[{"embeddable":true,"href":"https:\/\/www.moneybob.com\/es\/wp-json\/wp\/v2\/users\/4"}],"replies":[{"embeddable":true,"href":"https:\/\/www.moneybob.com\/es\/wp-json\/wp\/v2\/comments?post=5839"}],"version-history":[{"count":0,"href":"https:\/\/www.moneybob.com\/es\/wp-json\/wp\/v2\/pages\/5839\/revisions"}],"up":[{"embeddable":true,"href":"https:\/\/www.moneybob.com\/es\/wp-json\/wp\/v2\/pages\/5676"}],"wp:attachment":[{"href":"https:\/\/www.moneybob.com\/es\/wp-json\/wp\/v2\/media?parent=5839"}],"curies":[{"name":"wp","href":"https:\/\/api.w.org\/{rel}","templated":true}]}}