{"id":5885,"date":"2022-07-08T04:37:12","date_gmt":"2022-07-08T04:37:12","guid":{"rendered":"https:\/\/www.moneybob.com\/?page_id=5885"},"modified":"2022-07-08T06:55:53","modified_gmt":"2022-07-08T06:55:53","slug":"interactive-brokers","status":"publish","type":"page","link":"https:\/\/www.moneybob.com\/es\/invertir\/brokers\/interactive-brokers\/","title":{"rendered":"Interactive Brokers opiniones"},"content":{"rendered":"\n<p>Interactive Brokers es uno de los brokers online mejor valorados en internet por sus usuarios. Acumula decenas de premios y reconocimientos en sus m\u00e1s de 40 a\u00f1os en el sector. Sus tres caracter\u00edsticas m\u00e1s destacables son sus bajas comisiones, gran cantidad de mercados accesibles y amplia variedad de productos de inversi\u00f3n. Por supuesto, su plataforma ofrece una gran cantidad de herramientas, muchas de nivel profesional pero dise\u00f1adas para resultar accesibles y f\u00e1ciles de utilizar.<\/p>\n\n\n<div class=\"wp-block-image\">\n<figure class=\"alignright size-full is-resized\"><img loading=\"lazy\" decoding=\"async\" src=\"https:\/\/www.moneybob.com\/wp-content\/uploads\/interactive-brokers.png\" alt=\"Interactive Brokers opiniones\" class=\"wp-image-5889\" width=\"236\" height=\"143\" title=\"\" srcset=\"https:\/\/www.moneybob.com\/wp-content\/uploads\/interactive-brokers.png 315w, https:\/\/www.moneybob.com\/wp-content\/uploads\/interactive-brokers-300x181.png 300w\" sizes=\"auto, (max-width: 236px) 100vw, 236px\" \/><figcaption>Interactive Brokers Espa\u00f1a.<\/figcaption><\/figure>\n<\/div>\n\n\n<p>Interactive Broker est\u00e1 considera el principal br\u00f3ker de Estados Unidos en cuanto a tama\u00f1o. Su sede central est\u00e1 en Greenwich (Connecticut), pero acumula oficinas por todo el mundo, incluyendo Suiza, Reino unido, China, India, Australia, Hong Kong y Rusia, entre otros pa\u00edses. En Europa est\u00e1 presente en Hungr\u00eda y Estonia.<\/p>\n\n\n\n<p>Este <strong><a href=\"https:\/\/www.moneybob.com\/es\/invertir\/brokers\/\" data-type=\"page\" data-id=\"5718\">br\u00f3ker online<\/a><\/strong> tiene una plataforma muy bien dise\u00f1ada, pero no est\u00e1 pensada para inversores inexpertos. Aunque definitivamente han hecho muchas adaptaciones y podr\u00edas manejarte invirtiendo desde su plataforma, si no tienes experiencia o no vas a invertir activamente, quiz\u00e1 no sea tu mejor opci\u00f3n para empezar.<\/p>\n\n\n\n<p>En esta gu\u00eda r\u00e1pida sobre Interactive Brokers te explicaremos:<\/p>\n\n\n\n<ul class=\"wp-block-list\"><li>Qu\u00e9 es Interactive Brokers<\/li><li>C\u00f3mo funciona Interactive Broker<\/li><li>En qu\u00e9 puedes invertir con Interactive Broker<\/li><\/ul>\n\n\n\n<p>Interactive Broker est\u00e1 regulado por el <strong><a href=\"https:\/\/www.fca.org.uk\/\" target=\"_blank\" data-type=\"URL\" data-id=\"https:\/\/www.fca.org.uk\/\" data-schema-attribute=\"mentions\" rel=\"noreferrer noopener\">FCA<\/a><\/strong>, <a href=\"https:\/\/asic.gov.au\/\" target=\"_blank\" data-type=\"URL\" data-id=\"https:\/\/asic.gov.au\/\" data-schema-attribute=\"mentions\" rel=\"noreferrer noopener\">ASIC<\/a> y se encuentra registrado en el Banco Central de Irlanda (<strong><a href=\"https:\/\/www.centralbank.ie\/\" target=\"_blank\" data-type=\"URL\" data-id=\"https:\/\/www.centralbank.ie\/\" data-schema-attribute=\"mentions\" rel=\"noreferrer noopener\">CB<\/a><a href=\"https:\/\/www.centralbank.ie\/\" target=\"_blank\" data-type=\"URL\" data-id=\"https:\/\/www.centralbank.ie\/\" rel=\"noreferrer noopener\">I<\/a><\/strong>). Acepta clientes de m\u00e1s de 220 pa\u00edses , negocia en 135 mercados y utiliza m\u00e1s de 20 divisas.<\/p>\n\n\n\n<p>Interactive Brokers es el br\u00f3ker online perfecto si vas hacer inversiones de tama\u00f1o medio\/grande y a concentrar la mayor\u00eda de tus inversiones en bolsa en el entorno europeo m\u00e1s pr\u00f3ximo y las principales bolsas americanas y asi\u00e1ticas. No exige dep\u00f3sito m\u00ednimo para abrir una cuenta (online o por tel\u00e9fono) y da acceso a los siguientes mercados:<\/p>\n\n\n\n<ul class=\"wp-block-list\"><li>\u00c1msterdam<\/li><li>Australia<\/li><li>Espa\u00f1a (Mercado continuo y MAB)<\/li><li>Frankfurt<\/li><li>Hong Kong<\/li><li>Londres<\/li><li>Mil\u00e1n<\/li><li>NASDAQ<\/li><li>NYSE<\/li><li>Par\u00eds<\/li><li>Tokio<\/li><li>Toronto<\/li><\/ul>\n\n\n\n<p>Con Interactive Broker tendr\u00e1s acceso pr\u00e1cticamente a cualquier tipo de producto de inversi\u00f3n, incluyendo <strong><a href=\"https:\/\/www.moneybob.com\/es\/invertir\/acciones\/\" data-type=\"page\" data-id=\"5676\">acciones<\/a><\/strong>, ETFs, futuros, CDFs, opciones, <strong><a href=\"https:\/\/www.moneybob.com\/es\/invertir\/forex\/\" data-type=\"page\" data-id=\"5777\">Forex<\/a><\/strong>, <strong><a href=\"https:\/\/www.moneybob.com\/es\/invertir\/criptomonedas\/\" data-type=\"page\" data-id=\"5630\">criptomonedas<\/a><\/strong> y fondos. Por el momento quedan fuera de su lista warrants, traders y planes de pensiones.<\/p>\n\n\n\n<p>Interactive Brokers no es un br\u00f3ker especializado en social trading ni tampoco en formaci\u00f3n, pero s\u00ed cuenta con herramientas de ambas propuestas y ofrece informaci\u00f3n interesante, sobre todo a partir de revisiones y an\u00e1lisis realizados por profesionales, accesibles a sus usuarios. Tambi\u00e9n ofrece algunos manuales interesantes.<\/p>\n\n\n\n<p>El servicio de atenci\u00f3n al cliente est\u00e1 disponible a trav\u00e9s de chat online, por tel\u00e9fono y a trav\u00e9s de correo electr\u00f3nico.<\/p>\n\n\n\n<h2 class=\"gb-headline gb-headline-44264e2a gb-headline-text\">Interactive Brokers Espa\u00f1a<\/h2>\n\n\n\n<p>Interactive Brokers Espa\u00f1a funciona como una empresa ajustada a la normativa europea al estar registrada en el Banco Central de Irlanda. Por lo tanto es una entidad regulada y fiable, con una dilatada reputaci\u00f3n como br\u00f3ker internacional.<\/p>\n\n\n\n<p>Para abrir una cuenta en Interactive Brokers Espa\u00f1a necesitas rellenar el formulario de registro y aportar:<\/p>\n\n\n\n<ul class=\"wp-block-list\"><li>Copia de DNI, NIE o Pasaporte<\/li><li>Copia de una factura por abono de tasas p\u00fablicas (IBI, impuesto de circulaci\u00f3n\u2026) o de empadronamiento que demuestre tu direcci\u00f3n de residencia en Espa\u00f1a.<\/li><\/ul>\n\n\n\n<p>Interactive Brokers Espa\u00f1a funciona con dos plataformas, una pensada para escritorio y otra para operar eficazmente desde pantallas de dispositivos m\u00f3viles:<\/p>\n\n\n\n<ul class=\"wp-block-list\"><li>Trader Workstation (TWS) de Interactive Brokers es la que tiene todas sus herramientas disponibles y numerosas opciones en cuanto a tipos de \u00f3rdenes.<\/li><li>IBKR es la plataforma m\u00f3vil de Interactive Broker.<\/li><\/ul>\n\n\n\n<p>Las dos plataformas de Interactive Brokers dan acceso a los mismos activos y facilitan informaci\u00f3n a tiempo real, junto con otras herramientas como:<\/p>\n\n\n\n<ul class=\"wp-block-list\"><li>Noticias<\/li><li>Investigaci\u00f3n<\/li><li>Herramientas de dibujo<\/li><li>Gr\u00e1ficos y estad\u00edsticas<\/li><li>Listas de vigilancia<\/li><li>Configuraci\u00f3n de operaciones<\/li><\/ul>\n\n\n\n<p>Si abres una cuenta en Interactive Brokers Espa\u00f1a no necesitas hacer un dep\u00f3sito de inmediato para que comience a estar activa: te dan un plazo de 90 d\u00edas para depositar por primera vez y comenzar a operar con dinero real. En ese tiempo puedes moverte por la plataforma, pero al estar pensada para profesionales, no tiene una versi\u00f3n demo disponible, sino un tipo de cuenta demo.<\/p>\n\n\n\n<p>Con la cuenta demo de Interactive Brokers podr\u00e1s comenzar a utilizar Interactive Brokers paso a paso y familiarizarte tanto con la plataforma como con los mercados. Funciona con un saldo ficticio de $1.000.000 y te da acceso a todas las plataformas de Interactive Brokers, sus productos y todas sus herramientas y opciones de estrategias. Posiblemente sea la mejor cuenta demo de br\u00f3ker online actualmente.<\/p>\n\n\n\n<p>Para pasar de la cuenta demo a la cuenta por dinero real, haz clic en \u201cTerminar una solicitud en curso\u201d desde el acceso a tu cuenta demo. La cuenta por dinero real estar\u00e1 activa tras la verificaci\u00f3n de tus datos y la realizaci\u00f3n de tu primer dep\u00f3sito. Si desde tu cuenta demo has dise\u00f1ado estrategias o realizado personalizaciones en la plataforma, se mantendr\u00e1n en la cuenta por dinero real.<\/p>\n\n\n\n<p>Adem\u00e1s cuentas con otras dos herramientas para comenzar a familiarizarte con la plataforma: el Portal del Cliente y el asistente digital IBot, particularmente \u00fatil para b\u00fasquedas.<\/p>\n\n\n\n<h3 class=\"gb-headline gb-headline-79365b8b gb-headline-text\">Interactive Brokers Espa\u00f1a cuentas<\/h3>\n\n\n\n<p>En Interactive Brokers hay muchos tipos de cuentas diferentes. Los tres grandes grupos son para clientes individuales, para empresas y para asociaciones. A partir de ah\u00ed, el tipo de cuentas var\u00eda para cada territorio nacional. La principal decisi\u00f3n que tendr\u00e1s que tomar para decidirte por una u otra es si vas a invertir con apalancamiento o no.<\/p>\n\n\n\n<p>Si no vas a hacerlo y quieres ce\u00f1irte a invertir \u00fanicamente con los fondos que has depositado, lo mejor es optar por la cuenta individual Efectivo. Es la m\u00e1s limitada pero tambi\u00e9n la m\u00e1s sencilla.<\/p>\n\n\n\n<h2 class=\"gb-headline gb-headline-71088bfa gb-headline-text\">Interactive Brokers comisiones<\/h2>\n\n\n\n<p>Entre sus comisiones Interactive Brokers ha eliminado la cuota mensual de $10 al mes para cuentas de tipo \u00fanico, individual (solo 1 titular) y de peque\u00f1a empresa. Tambi\u00e9n est\u00e1n exentas las cuentas que superen los $100.000 de valor neto de liquidaci\u00f3n. Por eso decimos que es un br\u00f3ker pensado sobre todo para inversiones de nivel medio y grande, aunque accesible para todos.<\/p>\n\n\n\n<p>Consulta la secci\u00f3n Interactive Broker comisiones para cada producto de inversi\u00f3n en el que est\u00e9s interesado. A continuaci\u00f3n te mostramos una lista resumida de las comisiones Interactive Broker para sus productos de inversi\u00f3n m\u00e1s habituales:<\/p>\n\n\n\n<ul class=\"wp-block-list\"><li>Acciones Espa\u00f1a (m\u00ednimo 4\u20ac) 0,1%<\/li><li>Acciones Estados Unidos (m\u00ednimo 1\u20ac) 0,005 por acci\u00f3n<\/li><li>Acciones Europa 0,1%<\/li><li>Acciones Reino Unido 6\u00a3<\/li><li>Divisas spread 0,2pip<\/li><li>Futuros IBEX 3\u20ac<\/li><li>Futuros MINI DAX 0,8\u20ac<\/li><li>Futuros MINI IBEX 0,9\u20ac por contrato<\/li><li>Futuros MINI S&amp;P500 0,85\u20ac<\/li><li>Forex desde $1<\/li><li>Opciones (m\u00ednimo 4,5\u20ac) 0,9\u20ac por contrato<\/li><li>Opciones DAX 1,7\u20ac por contrato<\/li><li>Opciones DAX 2\u20ac<\/li><li>Opciones EURO STOXX 0,35\u20ac por contrato<\/li><li>Opciones MINI IBX 0,8\u20ac<\/li><li>Opciones S&amp;P500 1,7\u20ac<\/li><\/ul>\n\n\n\n<p>Tambi\u00e9n encontrar\u00e1s algunos servicios de pago, como por ejemplo suscripciones de noticias Premium (con cuota mensual). Otros servicios como los filtros para escaneo de mercados, calculadoras y generadores de ideas son gratis.<\/p>\n\n\n\n<h2 class=\"gb-headline gb-headline-13a8148a gb-headline-text\">Interactive Brokers opiniones<\/h2>\n\n\n\n<p>Es f\u00e1cil encontrar sobre Interactive Brokers opiniones positivas, principalmente de inversores activos que buscan una plataforma en la que operar con flexibilidad y rapidez. Algunas de sus herramientas (sobre todo utilizadas desde la plataforma de escritorio) resultan realmente \u00fatiles para conocer la situaci\u00f3n del mercado y trazar una estrategia de inversi\u00f3n:<\/p>\n\n\n\n<ul class=\"wp-block-list\"><li>Cribador de Renta Fija (no disponible en m\u00f3vil)<\/li><li>Explorador de An\u00e1lisis Fundamental. Para consultar tendencias, hacer comparativas, previsiones, valoraciones\u2026<\/li><li>Filtro y escaneado de fondos de inversi\u00f3n (solo en IBKR)<\/li><li>Gesti\u00f3n de efectivo<\/li><li>Investigaci\u00f3n de terceros<\/li><li>Laboratorio de Estrategias de Opciones. Para crear estrategias bas\u00e1ndose en las predicciones de precios y la volatilidad de las acciones<\/li><li>Noticias de medios especializados<\/li><li>Programa de reinversi\u00f3n de dividendos<\/li><li>TWS Market Scanners. Permite partir de 49 esc\u00e1neres preinstalados adem\u00e1s de desarrollar esc\u00e1neres de mercados propios. Abarca la mayor\u00eda de pa\u00edses del mundo y todo tipo de activos<\/li><\/ul>\n\n\n\n<p>Uno de los puntos que ha disparado sobre Interactive Brokers opiniones positivas a nivel social y ecol\u00f3gico es su opci\u00f3n para filtrar el tipo de empresa en el que quieres invertir. Te permite seleccionar aquellas que destaquen por caracter\u00edsticas como su liderazgo \u00e9tico o sus pol\u00edticas de inclusi\u00f3n LGTBI y tambi\u00e9n excluirlas si por ejemplo testan con animales.<\/p>\n\n\n\n<h2 class=\"gb-headline gb-headline-675f6377 gb-headline-text\">Interactive Brokers VS DEGIRO<\/h2>\n\n\n\n<p>En las comparativas de Interactive Brokers vs <strong><a href=\"https:\/\/www.moneybob.com\/es\/invertir\/brokers\/degiro\/\" data-type=\"page\" data-id=\"5847\">DEGIRO<\/a><\/strong> siempre sale a colaci\u00f3n que el primero es un br\u00f3ker de caracter\u00edsticas m\u00e1s profesionales mientras que el segundo resulta m\u00e1s apropiado para novatos. En realidad, las plataformas de ambos est\u00e1n tan bien dise\u00f1adas, que no tiene por qu\u00e9 ser as\u00ed:<\/p>\n\n\n\n<ul class=\"wp-block-list\"><li>Ambos cuentan con una interfaz adaptada, c\u00f3moda, accesible e intuitiva<\/li><li>Ambos cuentan con opci\u00f3n demo (en un simulador y en un tipo de cuenta demo)<\/li><li>Los dos ofrecen muchas herramientas y opciones de cuentas adaptados a diferentes perfiles.<\/li><\/ul>\n\n\n\n<p>Dicho esto, \u00bfqui\u00e9n gana al comparar DEGIRO vs Interactive Brokers? A continuaci\u00f3n analizaremos datos objetivos como el n\u00famero de mercados a los que dan acceso, cu\u00e1les son sus productos de inversi\u00f3n, sus comisiones y su reputaci\u00f3n y fiabilidad.<\/p>\n\n\n\n<ul class=\"wp-block-list\"><li>Interactive Brokers: gana en reputaci\u00f3n y reconocimientos, dado que se fund\u00f3 en la d\u00e9cada de los 70 del siglo pasado y es uno de los brokers m\u00e1s grandes y con m\u00e1s presencia internacional<\/li><li>DEGIRO: gana en accesibilidad, porque est\u00e1 pensado inversores novatos<\/li><li>Interactive Brokers: gana en herramientas e informaci\u00f3n para invertir, porque tienen muchos profesionales entre sus inversores.<\/li><li>DEGIRO: gana entre los peque\u00f1os inversores y quienes buscan invertir como un extra, no como profesionales ni a tiempo completo.<\/li><li>Interactive Brokers: gana en n\u00famero de mercados disponibles (27 a 25 de DEGIRO).<\/li><\/ul>\n\n\n\n<p>Si vas a invertir en Dinamarca, Finlandia, Grecia, Irlanda y Rep\u00fablica Checa, solo podr\u00e1s hacerlo con DEGIRO. Si por el contrario te interesan India, M\u00e9xico, Estonia, Letonia, Lituania o Israel, solo podr\u00e1s hacerlo con Interactive Brokers. Esto ha llevado a que muchos inversores opten por abrirse cuenta en ambas plataformas.<\/p>\n\n\n\n<p>En cuesti\u00f3n de comisiones, el equilibrio Interactive Brokers VS DEGIRO es muy ajustado, porque aunque es cierto que <strong><a href=\"https:\/\/www.moneybob.com\/es\/invertir\/brokers\/degiro\/\" data-type=\"page\" data-id=\"5847\">DEGIRO<\/a><\/strong> tiene una pol\u00edtica de no cobrar por la mayor\u00eda de sus servicios, las comisiones de Interactive Brokers son muy competitivas. Adem\u00e1s, Interactive Brokers compensa ampliamente sus comisiones con la enorme cantidad de servicios adicionales, herramientas, informes y noticias que ofrece.<\/p>\n","protected":false},"excerpt":{"rendered":"<p>Interactive Brokers es uno de los brokers online mejor valorados en internet por sus usuarios. Acumula decenas de premios y reconocimientos en sus m\u00e1s de &#8230; <\/p>\n<p class=\"read-more-container\"><a title=\"Interactive Brokers opiniones\" class=\"read-more button\" href=\"https:\/\/www.moneybob.com\/es\/invertir\/brokers\/interactive-brokers\/#more-5885\" aria-label=\"Leer m\u00e1s sobre Interactive Brokers opiniones\">Leer m\u00e1s<\/a><\/p>\n","protected":false},"author":4,"featured_media":0,"parent":5718,"menu_order":0,"comment_status":"closed","ping_status":"closed","template":"","meta":{"_eb_attr":"","footnotes":""},"class_list":["post-5885","page","type-page","status-publish"],"_links":{"self":[{"href":"https:\/\/www.moneybob.com\/es\/wp-json\/wp\/v2\/pages\/5885","targetHints":{"allow":["GET"]}}],"collection":[{"href":"https:\/\/www.moneybob.com\/es\/wp-json\/wp\/v2\/pages"}],"about":[{"href":"https:\/\/www.moneybob.com\/es\/wp-json\/wp\/v2\/types\/page"}],"author":[{"embeddable":true,"href":"https:\/\/www.moneybob.com\/es\/wp-json\/wp\/v2\/users\/4"}],"replies":[{"embeddable":true,"href":"https:\/\/www.moneybob.com\/es\/wp-json\/wp\/v2\/comments?post=5885"}],"version-history":[{"count":0,"href":"https:\/\/www.moneybob.com\/es\/wp-json\/wp\/v2\/pages\/5885\/revisions"}],"up":[{"embeddable":true,"href":"https:\/\/www.moneybob.com\/es\/wp-json\/wp\/v2\/pages\/5718"}],"wp:attachment":[{"href":"https:\/\/www.moneybob.com\/es\/wp-json\/wp\/v2\/media?parent=5885"}],"curies":[{"name":"wp","href":"https:\/\/api.w.org\/{rel}","templated":true}]}}