{"id":5905,"date":"2022-07-08T06:40:41","date_gmt":"2022-07-08T06:40:41","guid":{"rendered":"https:\/\/www.moneybob.com\/?page_id=5905"},"modified":"2023-11-28T16:48:21","modified_gmt":"2023-11-28T16:48:21","slug":"trade-republic","status":"publish","type":"page","link":"https:\/\/www.moneybob.com\/es\/invertir\/brokers\/trade-republic\/","title":{"rendered":"Trade Republic opiniones"},"content":{"rendered":"\n<p>Trade Republic es uno de los brokers online de perfil internacional y bajas comisiones m\u00e1s recientes, por eso est\u00e1 considerado un \u201cneobroker\u201d. Fundado en Alemania en 2015, comenz\u00f3 a consolidar su presencia en el territorio europeo en 2021 en Francia y Austria, y tambi\u00e9n en Espa\u00f1a. Su plataforma es viable tanto desde dispositivos de sobremesa como desde pantallas m\u00f3viles y actualmente ofrece <strong><a href=\"https:\/\/www.moneybob.com\/es\/invertir\/acciones\/\" data-type=\"page\" data-id=\"5676\">acciones<\/a><\/strong> y ETFs con comisi\u00f3n de 1\u20ac por operaci\u00f3n, planes de inversi\u00f3n (sin comisi\u00f3n) y derivados.<\/p>\n\n\n<div class=\"wp-block-image\">\n<figure class=\"alignright size-full is-resized\"><img loading=\"lazy\" decoding=\"async\" width=\"500\" height=\"500\" src=\"https:\/\/www.moneybob.com\/wp-content\/uploads\/Trade-Republic.png\" alt=\"Trade Republic opiniones\" class=\"wp-image-5908\" style=\"width:250px;height:250px\" title=\"\" srcset=\"https:\/\/www.moneybob.com\/wp-content\/uploads\/Trade-Republic.png 500w, https:\/\/www.moneybob.com\/wp-content\/uploads\/Trade-Republic-300x300.png 300w, https:\/\/www.moneybob.com\/wp-content\/uploads\/Trade-Republic-150x150.png 150w\" sizes=\"auto, (max-width: 500px) 100vw, 500px\" \/><figcaption class=\"wp-element-caption\">Trade Republic Espa\u00f1a.<\/figcaption><\/figure>\n<\/div>\n\n\n<p>Con sede en Berl\u00edn (aunque sus ra\u00edces est\u00e1n en M\u00fanich), su nombre completo es Trade Republic Bank GmbH. Desde 2017 la empresa pertenece a varios socios capitalistas y a partir de 2020 comenz\u00f3 su expansi\u00f3n. En ese momento las estimaciones publicadas por la propia empresa eran que de su 150.000 usuarios con cuenta activa, un tercio eran hombre de unos 30 a\u00f1os y que no hab\u00edan invertido nunca (hasta hacerlo con ellos) comprando acciones o en ETFs.<\/p>\n\n\n\n<p>En esta gu\u00eda r\u00e1pida sobre Trade Republic Spain te pondremos al d\u00eda sobre:<\/p>\n\n\n\n<ul class=\"wp-block-list\">\n<li>Qu\u00e9 es Trade Republic<\/li>\n\n\n\n<li>C\u00f3mo funciona Trade Republic Spain<\/li>\n\n\n\n<li>C\u00f3mo abrir una cuenta de Trade Republic Espa\u00f1a<\/li>\n<\/ul>\n\n\n\n<p>Trade Republic en Espa\u00f1a est\u00e1 considerada una empresa de servicios de inversi\u00f3n, pero no tiene sede en nuestro pa\u00eds aunque est\u00e1 registrado en la CNMV (<a href=\"https:\/\/www.cnmv.es\/Portal\/Consultas\/ESI\/ESISExtranjerasLP.aspx?numero=4873&amp;tipo=CLP\" target=\"_blank\" data-type=\"URL\" data-id=\"https:\/\/www.cnmv.es\/Portal\/Consultas\/ESI\/ESISExtranjerasLP.aspx?numero=4873&amp;tipo=CLP\" data-schema-attribute=\"mentions\" rel=\"noreferrer noopener\">n\u00ba 4873)<\/a>. Exigen un dep\u00f3sito m\u00ednimo de 10\u20ac para los planes de inversi\u00f3n, que se estima que tienen el 80% de sus usuarios.<\/p>\n\n\n\n<h3 class=\"gb-headline gb-headline-6c126e4c gb-headline-text\">C\u00f3mo abrir una cuenta Trade Republic Espa\u00f1a<\/h3>\n\n\n\n<p>Para poder abrir una cuenta de inversi\u00f3n con Trade Republic en Espa\u00f1a necesitas:<\/p>\n\n\n\n<ul class=\"wp-block-list\">\n<li>Tener m\u00e1s de 18 a\u00f1os<\/li>\n\n\n\n<li>Ser titular de una cuenta bancaria SEPA<\/li>\n\n\n\n<li>Poder demostrar que tienes una residencia permanente en Espa\u00f1a<\/li>\n<\/ul>\n\n\n\n<p>En el momento de crear tu cuenta tendr\u00e1s que rellenar el formulario de solicitud y adjuntar una copia de tu DNI, NIE o pasaporte. Adicionalmente se te pedir\u00e1 que incluyas un n\u00famero de tel\u00e9fono (europeo) con el que verificar la cuenta.<\/p>\n\n\n\n<p>No es obligatorio depositar para crear una cuenta, pero s\u00ed si quieres un plan de inversi\u00f3n (10\u20ac). Los sistemas de dep\u00f3sito disponibles son:<\/p>\n\n\n\n<ul class=\"wp-block-list\">\n<li>Transferencia bancaria<\/li>\n\n\n\n<li>Tarjeta VISA, Maestro o MasterCard<\/li>\n\n\n\n<li>Google Pay<\/li>\n\n\n\n<li>Apple Pay<\/li>\n\n\n\n<li>Para las retiradas desde Trade Republic el \u00fanico m\u00e9todo disponible es mediante transferencia bancaria al n\u00famero de cuenta que hayas facilitado al registrarte.<\/li>\n<\/ul>\n\n\n\n<h2 class=\"gb-headline gb-headline-93b4c98d gb-headline-text\">Trade Republic en revisi\u00f3n<\/h2>\n\n\n\n<p>Actualmente Trade Republic ofrece en torno a unos 20 mercados repartidos entre Europa, Estados Unidos (NYSE y NASDAQ), Canad\u00e1 (Toronto) y Asia (Hong Kong y Australia). El mercado espa\u00f1ol (<strong><a href=\"https:\/\/www.moneybob.com\/es\/invertir\/bolsa\/bolsa-de-madrid\/\" data-type=\"page\" data-id=\"5744\">Madrid<\/a><\/strong>) no est\u00e1 en su lista, aunque s\u00ed es posible encontrar algunas empresas espa\u00f1olas entre sus acciones disponibles.<\/p>\n\n\n\n<p>La oferta de productos disponibles con Trade Republic incluye:<\/p>\n\n\n\n<ul class=\"wp-block-list\">\n<li><a href=\"https:\/\/www.moneybob.com\/es\/invertir\/acciones\/\" data-type=\"page\" data-id=\"5676\"><strong>Acciones<\/strong><\/a><\/li>\n\n\n\n<li>ETFs<\/li>\n\n\n\n<li>Warrants<\/li>\n\n\n\n<li><strong><a href=\"https:\/\/www.moneybob.com\/es\/invertir\/criptomonedas\/\" data-type=\"page\" data-id=\"5630\">Criptomonedas<\/a><\/strong><\/li>\n<\/ul>\n\n\n\n<p>Una de las quejas m\u00e1s frecuentes es que Trade Republic tarda en verificar las cuentas. Su proceso es m\u00e1s lento que el de otros br\u00f3ker online porque en realidad no se trata simplemente de un corredor, sino que tambi\u00e9n es un banco. Necesitan un tiempo adicional de verificaci\u00f3n para cumplir con las exigencias del Banco Federal Alem\u00e1n y la Autoridad Federal de Supervisi\u00f3n Financiera.<\/p>\n\n\n\n<p>Con Trade Republic retirar dinero tampoco es tan f\u00e1cil ni tan r\u00e1pido como por ejemplo con <strong><a href=\"https:\/\/www.moneybob.com\/es\/invertir\/brokers\/degiro\/\" data-type=\"page\" data-id=\"5847\">DEGIRO<\/a><\/strong> o <strong><a href=\"https:\/\/www.moneybob.com\/es\/invertir\/brokers\/interactive-brokers\/\" data-type=\"page\" data-id=\"5885\">Interactive Brokers<\/a><\/strong>, porque los procesos de verificaci\u00f3n de cuenta y de aceptaci\u00f3n de solicitud de retirada pueden ser un poco m\u00e1s largos. Las retiradas no son instant\u00e1neas y pueden llegar a demorarse entre 3 y 5 d\u00edas h\u00e1biles normalmente.<\/p>\n\n\n\n<h2 class=\"gb-headline gb-headline-69b96cd5 gb-headline-text\">Trade Republic opiniones<\/h2>\n\n\n\n<p>\u00bfQu\u00e9 es Trade Republic? B\u00e1sicamente se trata de un banco que tambi\u00e9n ofrece servicios de broker online, que est\u00e1n especialmente pensados para operar desde el m\u00f3vil. En pocas palabras, lo que diferencia Trade Republic de otros brokers es que centra sus servicios en ofrecer opciones de inversi\u00f3n r\u00e1pida a trav\u00e9s del m\u00f3vil a personas con poca o ninguna experiencia invirtiendo.<\/p>\n\n\n\n<p>El hecho de que muchos de sus usuarios sean inexpertos (es el target del negocio) ha hecho que \u201cTrade Republic estafa\u201d haya sido un tema recurrente en muchos foros. Trade Republic es fiable en cuanto que est\u00e1 supervisado por dos entidades europeas (Bundesbank y BaFin) y tiene que cumplir las normas de la Uni\u00f3n Europea para todos los territorios (incluyendo Espa\u00f1a) en los que ofrece sus servicios.<\/p>\n\n\n\n<p>Trade Republic es seguro porque cuenta con licencia bancaria. Pero pese a sus ofertas y su interfaz atractiva, puede no ser la mejor opci\u00f3n para invertir por primera vez; o incluso para diversificar tus opciones si ya tienes cierta experiencia como inversor online. Sus activos son bastante limitados en comparaci\u00f3n con <strong><a href=\"https:\/\/www.moneybob.com\/es\/invertir\/brokers\/\" data-type=\"page\" data-id=\"5718\">otros brokers online<\/a><\/strong> como por ejemplo <strong><a href=\"https:\/\/www.moneybob.com\/es\/invertir\/brokers\/etoro\/\" data-type=\"page\" data-id=\"5867\">eToro<\/a><\/strong>.<\/p>\n\n\n\n<h2 class=\"gb-headline gb-headline-df7567dc gb-headline-text\">Comisiones Trade Republic<\/h2>\n\n\n\n<p>La pol\u00edtica de comisiones Trade Republic es una de sus caracter\u00edsticas que m\u00e1s r\u00e1pido les ha hecho pasar de boca en boca. Desde luego son bajas, pero no inexistentes y se basan en mostrarse de forma muy sencilla, algo hasta cierto punto choca con la transparencia de otros brokers online como <strong><a href=\"https:\/\/www.moneybob.com\/es\/invertir\/brokers\/xtb\/\" data-type=\"page\" data-id=\"5895\">XTB<\/a><\/strong>, que muestran detalladamente la comisi\u00f3n y tasa por cada operaci\u00f3n y tipo de cuenta, o aquellos que incluso te facilitan un simulador de comisiones previo a que te decidas a ejecutar una inversi\u00f3n.<\/p>\n\n\n\n<p>Adem\u00e1s de su tasa de 1\u20ac por compra\/venta de acci\u00f3n o EFT, en Trade Republic no hay comisi\u00f3n por ninguno de los siguientes servicios:<\/p>\n\n\n\n<ul class=\"wp-block-list\">\n<li>Apertura de cuenta<\/li>\n\n\n\n<li>Mantenimiento<\/li>\n\n\n\n<li>Inactividad<\/li>\n\n\n\n<li>Depositar<\/li>\n\n\n\n<li>Retirar<\/li>\n\n\n\n<li>Acceder a documentos e informes<\/li>\n<\/ul>\n\n\n\n<h3 class=\"gb-headline gb-headline-8c200ed5 gb-headline-text\">Trade Republic opiniones Espa\u00f1a<\/h3>\n\n\n\n<p>Muchos usuarios espa\u00f1oles se interesaron enormemente por la plataforma a partir de su lanzamiento en nuestro pa\u00eds en 2021, gracias (entre otras cosas) a sus ofertas y promociones, que recordaban a las de los casinos online y casas de apuestas deportivas. Inclu\u00edan 50\u20ac gratis y tambi\u00e9n una promoci\u00f3n \u201cInvita a un amigo\u201d.<\/p>\n\n\n\n<p>Pero en las comparativas con otros broker online como DEGIRO, Trade Republic no resulta tan barato en sus comisiones. Adem\u00e1s, su interfaz resulta m\u00e1s b\u00e1sica que sencilla (porque no tiene ni de lejos las herramientas que por ejemplo se pueden encontrar en XTB) y la cantidad de opciones de inversi\u00f3n que da es muy limitada si se compara por ejemplo con eToro.<\/p>\n\n\n\n<h2 class=\"gb-headline gb-headline-264fe4ac gb-headline-text\">Trade Republic acci\u00f3n gratis<\/h2>\n\n\n\n<p>La oferta de Trade Republic acci\u00f3n gratis fue una t\u00e9cnica publicitaria muy eficaz para lanzar a la plataforma en algunos pa\u00edses, incluyendo Espa\u00f1a.<\/p>\n\n\n\n<p>Tambi\u00e9n, en su momento Trade Republic fue muy popular porque lanzaron una promoci\u00f3n, seg\u00fan la cual pod\u00edas conseguir al abrir tu cuenta con Trade Republic 50\u20ac para invertir. Sin embargo esta promoci\u00f3n hace tiempo que dej\u00f3 de estar activa y por ahora no hay ninguna otra oferta Trade Republic similar.<\/p>\n","protected":false},"excerpt":{"rendered":"<p>Trade Republic es uno de los brokers online de perfil internacional y bajas comisiones m\u00e1s recientes, por eso est\u00e1 considerado un \u201cneobroker\u201d. Fundado en Alemania &#8230; <\/p>\n<p class=\"read-more-container\"><a title=\"Trade Republic opiniones\" class=\"read-more button\" href=\"https:\/\/www.moneybob.com\/es\/invertir\/brokers\/trade-republic\/#more-5905\" aria-label=\"Leer m\u00e1s sobre Trade Republic opiniones\">Leer m\u00e1s<\/a><\/p>\n","protected":false},"author":4,"featured_media":0,"parent":5718,"menu_order":0,"comment_status":"closed","ping_status":"closed","template":"","meta":{"_eb_attr":"","footnotes":""},"class_list":["post-5905","page","type-page","status-publish"],"_links":{"self":[{"href":"https:\/\/www.moneybob.com\/es\/wp-json\/wp\/v2\/pages\/5905","targetHints":{"allow":["GET"]}}],"collection":[{"href":"https:\/\/www.moneybob.com\/es\/wp-json\/wp\/v2\/pages"}],"about":[{"href":"https:\/\/www.moneybob.com\/es\/wp-json\/wp\/v2\/types\/page"}],"author":[{"embeddable":true,"href":"https:\/\/www.moneybob.com\/es\/wp-json\/wp\/v2\/users\/4"}],"replies":[{"embeddable":true,"href":"https:\/\/www.moneybob.com\/es\/wp-json\/wp\/v2\/comments?post=5905"}],"version-history":[{"count":0,"href":"https:\/\/www.moneybob.com\/es\/wp-json\/wp\/v2\/pages\/5905\/revisions"}],"up":[{"embeddable":true,"href":"https:\/\/www.moneybob.com\/es\/wp-json\/wp\/v2\/pages\/5718"}],"wp:attachment":[{"href":"https:\/\/www.moneybob.com\/es\/wp-json\/wp\/v2\/media?parent=5905"}],"curies":[{"name":"wp","href":"https:\/\/api.w.org\/{rel}","templated":true}]}}