{"id":5998,"date":"2022-08-25T14:53:43","date_gmt":"2022-08-25T14:53:43","guid":{"rendered":"https:\/\/www.moneybob.com\/?page_id=5998"},"modified":"2022-10-27T18:36:48","modified_gmt":"2022-10-27T18:36:48","slug":"prestamos-personales","status":"publish","type":"page","link":"https:\/\/www.moneybob.com\/es\/prestamos\/prestamos-personales\/","title":{"rendered":"Pr\u00e9stamos personales"},"content":{"rendered":"\n<p id=\"E616\">Un pr\u00e9stamo personal es una forma sencilla de conseguir financiaci\u00f3n, cuando lo que necesitas es una peque\u00f1a cantidad de dinero de forma urgente. En esta gu\u00eda r\u00e1pida sobre pr\u00e9stamos personales online te lo contamos todo sobre:<\/p>\n\n\n\n<ul class=\"wp-block-list\"><li>C\u00f3mo funcionan los pr\u00e9stamos personales<\/li><li>Qu\u00e9 tipos de cr\u00e9ditos personales existen en Espa\u00f1a<\/li><li>C\u00f3mo pedir un pr\u00e9stamo personal utilizando un simulador<\/li><\/ul>\n\n\n\n<p id=\"E624\">Consulta nuestro listado con los mejores portales de pr\u00e9stamos personales online y ahorra tiempo y energ\u00eda para escoger de forma segura el pr\u00e9stamo personal que mejor se adapta a lo que est\u00e1s buscando.<\/p>\n\n\n<div class=\"wp-block-image\">\n<figure class=\"aligncenter size-large\"><img loading=\"lazy\" decoding=\"async\" width=\"1024\" height=\"683\" src=\"https:\/\/www.moneybob.com\/wp-content\/uploads\/Prestamos-personales-1024x683.jpg\" alt=\"Pr\u00e9stamos personales\" class=\"wp-image-6005\" title=\"\" srcset=\"https:\/\/www.moneybob.com\/wp-content\/uploads\/Prestamos-personales-1024x683.jpg 1024w, https:\/\/www.moneybob.com\/wp-content\/uploads\/Prestamos-personales-300x200.jpg 300w, https:\/\/www.moneybob.com\/wp-content\/uploads\/Prestamos-personales-768x512.jpg 768w, https:\/\/www.moneybob.com\/wp-content\/uploads\/Prestamos-personales.jpg 1280w\" sizes=\"auto, (max-width: 1024px) 100vw, 1024px\" \/><figcaption>Pr\u00e9stamos personales.<\/figcaption><\/figure>\n<\/div>\n\n\n<h2 class=\"gb-headline gb-headline-e2865f26 gb-headline-text\">Pedir un pr\u00e9stamo personal<\/h2>\n\n\n\n<p id=\"E628\">Los portales de pr\u00e9stamos personales online son la forma m\u00e1s c\u00f3moda de pedir un pr\u00e9stamo personal. En primer lugar, porque est\u00e1n obligados por ley a ofrecerte toda la informaci\u00f3n sobre sus condiciones, y a hacerlo de manera comprensiva. Sus ventajas tambi\u00e9n incluyen:<\/p>\n\n\n\n<ol class=\"wp-block-list\"><li>Su gesti\u00f3n online implica pedir un pr\u00e9stamo personal desde la privacidad y comodidad de tu casa o el momento y lugar que t\u00fa decidas.<\/li><li>Poder comparar entre varios pr\u00e9stamos personales antes de decidirte por uno.<\/li><li>Conseguir que el dinero est\u00e9 en tu cuenta en solo minutos.<\/li><li>Tener que aportar la documentaci\u00f3n m\u00ednima.<\/li><li>Contar con m\u00e1s opciones de pr\u00e9stamo personal con el mismo prestamista, una vez que hayas abonado el importe de tu primer pr\u00e9stamo personal.<\/li><\/ol>\n\n\n\n<p id=\"E640\">Pedir un pr\u00e9stamo personal online implica no tener que dar explicaciones y poder escoger comparando y sin la presi\u00f3n de un comercial, tal y como sucede en las oficinas bancarias convencionales.<\/p>\n\n\n\n<p id=\"E642\"><strong>\u00bfQu\u00e9 se necesita para pedir un pr\u00e9stamo personal?<\/strong><\/p>\n\n\n\n<p id=\"E644\">En esta gu\u00eda te explicamos todo lo que necesitar\u00e1s para comparar, simular, elegir y solicitar el cr\u00e9dito personal que m\u00e1s te convenga. Lo que necesitar\u00e1s es:<\/p>\n\n\n\n<ol class=\"wp-block-list\"><li>Una conexi\u00f3n a internet, un tel\u00e9fono y una cuenta de correo electr\u00f3nico para tu solicitud.<\/li><li>Tus datos personales y documentaci\u00f3n.<\/li><li>Manejar un sencillo simulador para hacerte una idea del tipo de pr\u00e9stamo personal que vas a solicitar.<\/li><li>Una cuenta bancaria a tu nombre en la que recibir tu cr\u00e9dito personal<\/li><\/ol>\n\n\n\n<p id=\"E654\">No tienes que cambiar de banco, perder el tiempo esperando por una evaluaci\u00f3n de credenciales ni solicitar cita con un gestor bancario.<\/p>\n\n\n\n<h2 class=\"gb-headline gb-headline-edfbeddd gb-headline-text\">Simulador de pr\u00e9stamo personal<\/h2>\n\n\n\n<p id=\"E658\">Todos los portales de pr\u00e9stamos personales que aparecen en nuestro listado de p\u00e1ginas fiables para pedir un pr\u00e9stamo personal en Espa\u00f1a cuentan con un simulador de pr\u00e9stamo personal como el que te proponemos utilizar a continuaci\u00f3n.<\/p>\n\n\n\n<p id=\"E666\">La funci\u00f3n de un simulador de pr\u00e9stamos personales es calcular las cuotas de tu pr\u00e9stamo personal en solo dos o tres pasos, y cu\u00e1nto tendr\u00e1s que abonar en total. Las dos preguntas clave que tendr\u00e1s que responder para calcular tu pr\u00e9stamo personal son:<\/p>\n\n\n\n<ul class=\"wp-block-list\"><li>Cu\u00e1nto dinero vas a pedir<\/li><li>Cu\u00e1nto tiempo vas a tardar en devolverlo<\/li><\/ul>\n\n\n\n<p id=\"E675\">A diferencia de lo que sucede con un <strong><a href=\"https:\/\/www.moneybob.com\/es\/prestamos\/\" data-type=\"URL\" data-id=\"https:\/\/www.moneybob.com\/es\/prestamos\/\">simulador de pr\u00e9stamos<\/a><\/strong> personales como los de los bancos, las cifras para los micropr\u00e9stamos son mucho m\u00e1s peque\u00f1as. Por eso te encontraras con el simulador de cr\u00e9dito personal se mueve en rangos de entre 50\u20ac y 1.000\u20ac y los plazos de devoluci\u00f3n comienzan a contar a partir de solo 30 d\u00edas.<\/p>\n\n\n\n<h3 class=\"gb-headline gb-headline-2166c93e gb-headline-text\">\u00bfPara qu\u00e9 sirve una calculadora de pr\u00e9stamo personal?<\/h3>\n\n\n\n<p id=\"E683\">Una calculadora de pr\u00e9stamo personal sirve para saber cu\u00e1nto te van a cobrar por prestarte dinero. As\u00ed de sencillo. Y aunque las condiciones del pr\u00e9stamo personal variar\u00e1n dependiendo de tu situaci\u00f3n, hay dos cosas que no fallan:<\/p>\n\n\n\n<ul class=\"wp-block-list\"><li>Si pides m\u00e1s dinero, los intereses ser\u00e1n m\u00e1s altos.<\/li><li>Si tardas m\u00e1s tiempo en devolverlo, los intereses ser\u00e1n tambi\u00e9n m\u00e1s elevados.<\/li><\/ul>\n\n\n\n<p id=\"E689\">Por eso, un simulador de cr\u00e9dito personal debe hacernos recapacitar sobre qu\u00e9 cantidad necesitamos realmente y ser realistas a la hora de plantearnos las cuotas para su devoluci\u00f3n.<\/p>\n\n\n\n<h3 class=\"gb-headline gb-headline-51d60e97 gb-headline-text\">Calcular la cuota del pr\u00e9stamo personal<\/h3>\n\n\n\n<p>El simulador de pr\u00e9stamos personales te ayudara a calcular la cuota del pr\u00e9stamo personal teniendo en cuenta cu\u00e1nto puedes aportar a la devoluci\u00f3n del cr\u00e9dito cada mes, seg\u00fan tus ingresos y gastos. Tambi\u00e9n qu\u00e9 cantidad deber\u00edas pedir, considerando que una vez que est\u00e9s inmerso en una l\u00ednea de cr\u00e9dito activa, te ser\u00e1 muy dif\u00edcil contratar otra en caso de que surjan m\u00e1s imprevistos.<\/p>\n\n\n\n<h2 class=\"gb-headline gb-headline-c8fa3d8a gb-headline-text\">Mejores pr\u00e9stamos personales<\/h2>\n\n\n\n<p>Los mejores pr\u00e9stamos personales son los que se obtienen al cumplir los requisitos de las entidades prestamistas con una puntuaci\u00f3n elevada. Pero subjetivamente, el mejor pr\u00e9stamo personal es aquel que satisface tus necesidades con un menor porcentaje de intereses y gastos. Encontrar el equilibrio entre ambos factores es lo que determinar\u00e1 cu\u00e1les son realmente los mejores pr\u00e9stamos personales para ti.<\/p>\n\n\n\n<h3 class=\"gb-headline gb-headline-054869a5 gb-headline-text\">Inter\u00e9s bajo pr\u00e9stamos personales<\/h3>\n\n\n\n<p id=\"E702\">Los pr\u00e9stamos personales con bajos intereses se obtienen a trav\u00e9s de tres v\u00edas:<\/p>\n\n\n\n<ul class=\"wp-block-list\"><li>Solicitando una cantidad de dinero peque\u00f1a a devolver en poco tiempo.<\/li><li>Contando con requisitos excepcionales para la solicitud de pr\u00e9stamo personal (por ejemplo, la pensi\u00f3n de jubilaci\u00f3n m\u00e1xima cuando a\u00fan tienes una edad dentro de los l\u00edmites m\u00e1ximos establecidos)<\/li><li>Convirti\u00e9ndote en cliente de confianza del prestamista, tras demostrarle que eres de fiar al devolver tus pr\u00e9stamos anteriores con \u00e9l seg\u00fan lo acordado.<\/li><\/ul>\n\n\n\n<p id=\"E710\">Consultar listados con los mejores pr\u00e9stamos personales 2022 y ver su evoluci\u00f3n a partir de revisiones anteriores como las correspondientes a mejores pr\u00e9stamos personales 2021 o rese\u00f1as especializadas en pr\u00e9stamos personales con intereses bajos, tambi\u00e9n te ser\u00e1 de ayuda al principio, pero debes establecer por ti mismo una comparativa: hazlo a trav\u00e9s de los simuladores y podr\u00e1s descubrid por ti mismo d\u00f3nde pedir tu pr\u00e9stamo.<\/p>\n\n\n\n<h3 class=\"gb-headline gb-headline-5dd7ba15 gb-headline-text\">\u00bfEn qu\u00e9 influye el tipo de inter\u00e9s en los pr\u00e9stamos personales?<\/h3>\n\n\n\n<p id=\"E721\">En los pr\u00e9stamos con menos intereses pagas menos por el servicio que recibes. La TAE y el TIN (sobre todo el segundo) son los porcentajes que marcan los intereses de tu pr\u00e9stamo personal. Se consideran pr\u00e9stamos personales a bajo inter\u00e9s los que no superan el 25%, algo poco probable cuando hablamos de <strong><a href=\"https:\/\/www.moneybob.com\/es\/prestamos\/prestamos-rapidos\/\" data-type=\"URL\" data-id=\"https:\/\/www.moneybob.com\/es\/prestamos\/prestamos-rapidos\/\">pr\u00e9stamos r\u00e1pidos<\/a><\/strong>. A cambio, los prestamistas:<\/p>\n\n\n\n<ul class=\"wp-block-list\"><li>No te piden explicaciones<\/li><li>Simplifican al m\u00e1ximo los requisitos para acceder a un pr\u00e9stamo personal<\/li><li>Resuelven las solicitudes de inmediato (15 minutos o menos)<\/li><li>Te permiten disponer del dinero del pr\u00e9stamo en tiempo r\u00e9cord<\/li><\/ul>\n\n\n\n<h3 class=\"gb-headline gb-headline-67cbf626 gb-headline-text\">Pr\u00e9stamos con menor inter\u00e9s VS Pr\u00e9stamos r\u00e1pidos<\/h3>\n\n\n\n<p>Los pr\u00e9stamos personales a bajo inter\u00e9s no siempre son los mejores pr\u00e9stamos. Por ejemplo, en situaciones de urgencia puede ser m\u00e1s importante conseguir el dinero r\u00e1pido y pagar un poco m\u00e1s por poder disponer de ello de inmediato.<\/p>\n\n\n\n<p id=\"E735\">Si buscas pr\u00e9stamos con el inter\u00e9s m\u00e1s bajo entre los pr\u00e9stamos r\u00e1pidos, algunas de las opciones m\u00e1s interesantes est\u00e1n en:<\/p>\n\n\n\n<ul class=\"wp-block-list\"><li><strong><a href=\"https:\/\/www.moneybob.com\/es\/prestamos\/cofidis\/\" data-type=\"URL\" data-id=\"https:\/\/www.moneybob.com\/es\/prestamos\/cofidis\/\">Cofidis<\/a><\/strong><\/li><li><strong><a href=\"https:\/\/www.moneybob.com\/es\/prestamos\/cetelem\/\" data-type=\"page\" data-id=\"6105\">Celetem<\/a><\/strong><\/li><li><strong><a href=\"https:\/\/www.moneybob.com\/es\/prestamos\/moneyman\/\" data-type=\"URL\" data-id=\"https:\/\/www.moneybob.com\/es\/prestamos\/moneyman\/\">MoneyMan<\/a><\/strong><\/li><li><strong><a href=\"https:\/\/www.moneybob.com\/es\/prestamos\/vivus\/\" data-type=\"URL\" data-id=\"https:\/\/www.moneybob.com\/es\/prestamos\/vivus\/\">Vivus<\/a><\/strong><\/li><li><strong><a href=\"https:\/\/www.moneybob.com\/es\/prestamos\/wandoo\/\" data-type=\"URL\" data-id=\"https:\/\/www.moneybob.com\/es\/prestamos\/wandoo\/\">Wandoo<\/a><\/strong><\/li><li><strong><a href=\"https:\/\/www.moneybob.com\/es\/prestamos\/creditea\/\" data-type=\"URL\" data-id=\"https:\/\/www.moneybob.com\/es\/prestamos\/creditea\/\">Creditea<\/a><\/strong><\/li><li><strong><a href=\"https:\/\/www.moneybob.com\/es\/prestamos\/creditosi\/\" data-type=\"URL\" data-id=\"https:\/\/www.moneybob.com\/es\/prestamos\/creditosi\/\">CreditoSi<\/a><\/strong><\/li><li><strong><a href=\"https:\/\/www.moneybob.com\/es\/prestamos\/creditero\/\" data-type=\"URL\" data-id=\"https:\/\/www.moneybob.com\/es\/prestamos\/creditero\/\">Creditero<\/a><\/strong><\/li><li><strong><a href=\"https:\/\/www.moneybob.com\/es\/prestamos\/welp\/\" data-type=\"URL\" data-id=\"https:\/\/www.moneybob.com\/es\/prestamos\/welp\/\">Welp<\/a><\/strong><\/li><li><strong><a href=\"https:\/\/www.moneybob.com\/es\/prestamos\/quebueno\/\" data-type=\"URL\" data-id=\"https:\/\/www.moneybob.com\/es\/prestamos\/quebueno\/\">Qu\u00e9Bueno<\/a><\/strong><\/li><\/ul>\n\n\n\n<p id=\"E778\">En cada uno de estos portales encontrar\u00e1s pr\u00e9stamos con menos intereses cuanto m\u00e1s ajustes la cantidad a solicitar y los plazos de devoluci\u00f3n.<\/p>\n\n\n\n<h2 class=\"gb-headline gb-headline-9ec42794 gb-headline-text\">Pr\u00e9stamos personales baratos<\/h2>\n\n\n\n<p id=\"E784\">Lo pr\u00e9stamos personales baratos tienen una media de honorarios de un 1,1% al d\u00eda. En el caso de los pr\u00e9stamos bancarios, el precio est\u00e1 en torno al 8% TAE y para las tarjetas de cr\u00e9dito asciende a un 18% TAE. En l\u00edneas generales se considera que son pr\u00e9stamos baratos aquellos que no superan el 25% TAE, pero esta consideraci\u00f3n no tiene en cuenta otros servicios adicionales, por los que el prestamista incrementar\u00e1 los porcentajes.<\/p>\n\n\n\n<p id=\"E786\">No hay que olvidar que los pr\u00e9stamos personales r\u00e1pidos ofrecen financiaci\u00f3n cuando muchas entidades bancarias se niegan a darla, y lo hacen en unas condiciones de riesgo (para ellos) mucho m\u00e1s elevadas que la banca tradicional.<\/p>\n\n\n\n<h3 class=\"gb-headline gb-headline-ba5f5832 gb-headline-text\">C\u00f3mo conseguir pr\u00e9stamos m\u00e1s baratos<\/h3>\n\n\n\n<p id=\"E790\">Puedes conseguir pr\u00e9stamos m\u00e1s baratos mejorando tu historial crediticio, dando un valor m\u00e1s elevado que la media de solicitantes en los requisitos obligatorios que se prestan a ello y gan\u00e1ndote la confianza del prestamista. Como ninguna de estas opciones es f\u00e1cil de conseguir (salvo la \u00faltima), tambi\u00e9n puedes optar a renunciar a determinados servicios adicionales en la contrataci\u00f3n de un pr\u00e9stamo personal, como por ejemplo la carencia.<\/p>\n\n\n\n<p id=\"E792\">La carencia de un cr\u00e9dito es un extra que se contrata para \u201csaltarse\u201d una o varias de las cuotas durante la devoluci\u00f3n del pr\u00e9stamo, prolongando su devoluci\u00f3n o incrementando las siguientes. Las carencias, sean totales o parciales, no evitan que el pr\u00e9stamo siga generando intereses durante el \u201ctiempo en pausa\u201d, por lo que terminas pagando m\u00e1s por tu pr\u00e9stamo.<\/p>\n\n\n\n<h3 class=\"gb-headline gb-headline-1a2a0dbd gb-headline-text\">Pr\u00e9stamos personales online r\u00e1pidos<\/h3>\n\n\n\n<p id=\"E798\">Ya hemos mencionado qu\u00e9 son los pr\u00e9stamos personales online r\u00e1pidos, pero no est\u00e1 de m\u00e1s tener claro qu\u00e9 tipo de servicio y ventajas implican los pr\u00e9stamos personales r\u00e1pidos:<\/p>\n\n\n\n<ul class=\"wp-block-list\"><li>Solicitud en cualquier momento y desde cualquier lugar<\/li><li>Gesti\u00f3n de solicitud inmediata<\/li><li>Respuesta a la solicitud en menos de 15 minutos<\/li><li>Dinero en tu cuenta bancaria en menos de 15 minutos tras la aprobaci\u00f3n<\/li><li>Sin preguntas<\/li><\/ul>\n\n\n\n<p id=\"E813\">Ten en cuenta que si solicitas una cantidad superior a 1.000\u20ac es posible que el dinero tarde en llegar a tu cuenta bancaria entre 1 y 2 d\u00edas desde que env\u00edas el contrato firmado. Tambi\u00e9n es posible que te pidan una declaraci\u00f3n de intenciones (para qu\u00e9 vas a utilizar el dinero) si pides una cantidad m\u00e1s elevada.<\/p>\n\n\n\n<p id=\"E815\">Los pr\u00e9stamos personales online r\u00e1pidos y seguros existen y son una opci\u00f3n realista para muchos espa\u00f1oles cada d\u00eda. Lo importante es contratar con empresas de pr\u00e9stamo fiables, que nos permitan acceder a la cantidad que necesitamos y devolverla sin agobios y est\u00e9n avaladas por su reputaci\u00f3n y las licencias y registros pertinentes.<\/p>\n\n\n\n<h3 class=\"gb-headline gb-headline-336fe568 gb-headline-text\">Requisitos de los pr\u00e9stamos personales r\u00e1pidos<\/h3>\n\n\n\n<p>Los pr\u00e9stamos personales r\u00e1pidos tienen muy pocos requisitos y son muy flexibles a la hora de concederse, pero hay algunas cosas que deber\u00e1s cumplir obligatoriamente si quieres que tu solicitud sea aceptada:<\/p>\n\n\n\n<ul class=\"wp-block-list\"><li>Tienes que estar dentro de los l\u00edmites de edad que marca el prestamista. Por ley, este servicio solo se ofrece a mayores de edad (18 a\u00f1os) pero cada portal de pr\u00e9stamos personales r\u00e1pidos puede marcar sus propias franjas de edad. La mayor\u00eda tiene como m\u00ednimo entre 20 y 25 a\u00f1os, y el m\u00e1ximo no supera los 75 a\u00f1os.<\/li><li>Residir legalmente y de forma permanente en Espa\u00f1a.<\/li><li>Contar con una fuente de ingresos permanente demostrable. Puede tratarse de tu n\u00f3mina, tu pensi\u00f3n o tu subsidio. Si eres aut\u00f3nomo pueden pedirte desde los recibos que demuestren el pago de tus cuotas a la declaraci\u00f3n de la renta.<\/li><li>Ser solvente, y eso para los portales de pr\u00e9stamos r\u00e1pidos online implica no estar en un listado de morosos como ASNEF o RAI. Tampoco conviene tener un pr\u00e9stamo vigente de m\u00e1s de 1.000\u20ac.<\/li><li>Tener una cuenta bancaria a tu nombre. Tambi\u00e9n pueden pedirte un correo electr\u00f3nico y un n\u00famero de tel\u00e9fono.<\/li><\/ul>\n\n\n\n<h3 class=\"gb-headline gb-headline-44fa4dc6 gb-headline-text\">\u00bfCu\u00e1ndo hay que sospechar de un pr\u00e9stamo r\u00e1pido?<\/h3>\n\n\n\n<p id=\"E841\">Todos los pr\u00e9stamos r\u00e1pidos online que te proponemos son completamente legales y corresponden a entidades que prestan sus servicios en Espa\u00f1a de forma regulada y acorde con la legislaci\u00f3n. Lamentablemente, la alta demanda de pr\u00e9stamos personales r\u00e1pidos ha llevado a que algunas p\u00e1ginas utilicen los pr\u00e9stamos r\u00e1pidos como una forma de estafa. Sospecha siempre que:<\/p>\n\n\n\n<ul class=\"wp-block-list\"><li>Su oferta sea ostensiblemente mejor que la de la mayor\u00eda y no pida la documentaci\u00f3n o alguno de los requisitos b\u00e1sicos mencionados m\u00e1s arriba.<\/li><li>Te solicita un pago por adelantado a modo de honorarios, comisiones\u2026 Los portales de pr\u00e9stamo fiables te entregan el dinero del pr\u00e9stamo antes de pedirte que empieces a pagar por \u00e9l.<\/li><li>No ofrece informaci\u00f3n sobre su domiciliaci\u00f3n, sus datos, el INE\u2026 y muestra un tel\u00e9fono de contacto en el extranjero o una direcci\u00f3n que parece no ser oficial.<\/li><li>Si su p\u00e1gina web no comienza con https:\/\/<\/li><li>Si no tienen un contrato (es obligatorio por ley)<\/li><li>Si su publicidad no refleja los intereses del pr\u00e9stamo (es obligatorio por ley)<\/li><\/ul>\n\n\n\n<p id=\"E857\">Cancela el proceso, no env\u00edes m\u00e1s informaci\u00f3n ni datos personales y reporta tu caso (si es posible con capturas de pantalla) a <a href=\"https:\/\/www.osi.es\/es\" target=\"_blank\" data-type=\"URL\" data-id=\"https:\/\/www.osi.es\/es\" data-schema-attribute=\"mentions\" rel=\"noreferrer noopener\">la Oficina de Seguridad del Internauta<\/a>.<\/p>\n\n\n\n<h3 class=\"gb-headline gb-headline-df3346ec gb-headline-text\">Conclusi\u00f3n<\/h3>\n\n\n\n<p id=\"E867\">Para terminar recuerda que pedir un pr\u00e9stamo personal puede abrirte muchas posibilidades, siempre que te lo tomes como un anticipo y cuentes con un plan de antemano para devolverlo en plazo.<\/p>\n\n\n\n<p id=\"E870\">Bien utilizados los pr\u00e9stamos personales online son una herramienta poderosa para conseguir financiaci\u00f3n en muy poco tiempo y con muy pocos requisitos. Considera nuestros consejos antes de solicitar el tuyo y no dudes en ponerte en contacto con el servicio de atenci\u00f3n al cliente de la entidad a la que est\u00e1s solicitando tu pr\u00e9stamo personal si tienes cualquier duda.<\/p>\n","protected":false},"excerpt":{"rendered":"<p>Un pr\u00e9stamo personal es una forma sencilla de conseguir financiaci\u00f3n, cuando lo que necesitas es una peque\u00f1a cantidad de dinero de forma urgente. En esta &#8230; <\/p>\n<p class=\"read-more-container\"><a title=\"Pr\u00e9stamos personales\" class=\"read-more button\" href=\"https:\/\/www.moneybob.com\/es\/prestamos\/prestamos-personales\/#more-5998\" aria-label=\"Leer m\u00e1s sobre Pr\u00e9stamos personales\">Leer m\u00e1s<\/a><\/p>\n","protected":false},"author":3,"featured_media":0,"parent":5969,"menu_order":0,"comment_status":"closed","ping_status":"closed","template":"","meta":{"_eb_attr":"","footnotes":""},"class_list":["post-5998","page","type-page","status-publish"],"_links":{"self":[{"href":"https:\/\/www.moneybob.com\/es\/wp-json\/wp\/v2\/pages\/5998","targetHints":{"allow":["GET"]}}],"collection":[{"href":"https:\/\/www.moneybob.com\/es\/wp-json\/wp\/v2\/pages"}],"about":[{"href":"https:\/\/www.moneybob.com\/es\/wp-json\/wp\/v2\/types\/page"}],"author":[{"embeddable":true,"href":"https:\/\/www.moneybob.com\/es\/wp-json\/wp\/v2\/users\/3"}],"replies":[{"embeddable":true,"href":"https:\/\/www.moneybob.com\/es\/wp-json\/wp\/v2\/comments?post=5998"}],"version-history":[{"count":0,"href":"https:\/\/www.moneybob.com\/es\/wp-json\/wp\/v2\/pages\/5998\/revisions"}],"up":[{"embeddable":true,"href":"https:\/\/www.moneybob.com\/es\/wp-json\/wp\/v2\/pages\/5969"}],"wp:attachment":[{"href":"https:\/\/www.moneybob.com\/es\/wp-json\/wp\/v2\/media?parent=5998"}],"curies":[{"name":"wp","href":"https:\/\/api.w.org\/{rel}","templated":true}]}}