{"id":6013,"date":"2022-10-25T05:54:02","date_gmt":"2022-10-25T05:54:02","guid":{"rendered":"https:\/\/www.moneybob.com\/?page_id=6013"},"modified":"2022-10-27T18:22:08","modified_gmt":"2022-10-27T18:22:08","slug":"prestamos-rapidos","status":"publish","type":"page","link":"https:\/\/www.moneybob.com\/es\/prestamos\/prestamos-rapidos\/","title":{"rendered":"Pr\u00e9stamos r\u00e1pidos"},"content":{"rendered":"\n<p>Los pr\u00e9stamos r\u00e1pidos son la mejor forma de conseguir dinero al instante cuando necesitas una cantidad peque\u00f1a y cuentas con una fuente de ingresos regular que te permita devolverlos entre 30 d\u00edas y unos meses. Existen cr\u00e9ditos r\u00e1pidos de muchos tipos diferentes, pero todos ellos comparten las siguientes ventajas.<\/p>\n\n\n\n<h2 class=\"gb-headline gb-headline-5976e92b gb-headline-text\">Ventajas de un pr\u00e9stamo r\u00e1pido<\/h2>\n\n\n\n<p>Un cr\u00e9dito r\u00e1pido se caracteriza porque es accesible para la mayor\u00eda de personas que necesitan una peque\u00f1a cantidad de dinero en poco tiempo. Para ello cuentan con:<\/p>\n\n\n\n<ul class=\"wp-block-list\"><li>Un sistema de solicitud sencillo<\/li><li>Un protocolo de aceptaci\u00f3n muy bien definido que te permite conocer de antemano si tu pr\u00e9stamo r\u00e1pido ser\u00e1 concedido<\/li><li>Muy pocos requisitos<\/li><li>Una tramitaci\u00f3n instant\u00e1nea<\/li><li>Toda la informaci\u00f3n sobre tu cr\u00e9dito r\u00e1pido online personalizada para que la consultes de inmediato desde que comienzas la solicitud<\/li><li>Dinero disponible en unos 10 minutos desde que env\u00edas el contrato firmado<\/li><\/ul>\n\n\n\n<p>Los pr\u00e9stamos r\u00e1pidos online tambi\u00e9n tienen la gran ventaja de que pueden tramitarse en cualquier momento y lugar, de una forma absolutamente privada. No te piden explicaciones, no est\u00e1n sujetos a citas y te permiten comparar sus caracter\u00edsticas tom\u00e1ndote todo el tiempo que necesites.<\/p>\n\n\n<div class=\"wp-block-image\">\n<figure class=\"aligncenter size-large\"><img loading=\"lazy\" decoding=\"async\" width=\"1280\" height=\"721\" src=\"https:\/\/www.moneybob.com\/wp-content\/uploads\/Prestamos-rapidos-edited.jpg\" alt=\"Pr\u00e9stamos r\u00e1pidos\" class=\"wp-image-6025\" title=\"\" srcset=\"https:\/\/www.moneybob.com\/wp-content\/uploads\/Prestamos-rapidos-edited.jpg 1280w, https:\/\/www.moneybob.com\/wp-content\/uploads\/Prestamos-rapidos-edited-300x169.jpg 300w, https:\/\/www.moneybob.com\/wp-content\/uploads\/Prestamos-rapidos-edited-1024x577.jpg 1024w, https:\/\/www.moneybob.com\/wp-content\/uploads\/Prestamos-rapidos-edited-768x433.jpg 768w\" sizes=\"auto, (max-width: 1280px) 100vw, 1280px\" \/><figcaption>Pr\u00e9stamos r\u00e1pidos.<\/figcaption><\/figure>\n<\/div>\n\n\n<h3 class=\"gb-headline gb-headline-ff244be4 gb-headline-text\">Condiciones para pedir un pr\u00e9stamo r\u00e1pido online<\/h3>\n\n\n\n<p>Existen muchos tipos de pr\u00e9stamos r\u00e1pidos, pero todos coinciden en ser muy rigurosos con sus requisitos obligatorios. <strong><a href=\"https:\/\/www.moneybob.com\/es\/prestamos\/\" data-type=\"URL\" data-id=\"https:\/\/www.moneybob.com\/es\/prestamos\/\">Los pr\u00e9stamos online<\/a><\/strong> r\u00e1pidos se conceden a cualquiera que cumpla con estas cinco condiciones:<\/p>\n\n\n\n<ol class=\"wp-block-list\"><li>Solo pueden pedir cr\u00e9ditos r\u00e1pidos online los residentes en Espa\u00f1a de forma permanente y legal.<\/li><li>Para pedir un cr\u00e9dito r\u00e1pido online tienes que estar dentro de la franja de edad que indique el prestamista (habitualmente entre 21 y 65 a\u00f1os)<\/li><li>Los cr\u00e9ditos r\u00e1pidos precisan de muy poca documentaci\u00f3n, pero es obligatorio identificarse con un documento oficial en vigor (<a href=\"https:\/\/www.interior.gob.es\/opencms\/ca\/servicios-al-ciudadano\/tramites-y-gestiones\/dni\/como-obtener-su-dni\/\" target=\"_blank\" data-type=\"URL\" data-id=\"https:\/\/www.interior.gob.es\/opencms\/ca\/servicios-al-ciudadano\/tramites-y-gestiones\/dni\/como-obtener-su-dni\/\" data-schema-attribute=\"mentions\" rel=\"noreferrer noopener\">DNI<\/a> o pasaporte) y acreditar una fuente de ingresos regular (recibos de n\u00f3mina, pensi\u00f3n, prestaci\u00f3n o cuota de aut\u00f3nomos)<\/li><li>Cualquier pr\u00e9stamo online r\u00e1pido exige ser solvente: por eso no te lo dar\u00e1n si est\u00e1s en un listado de morosos como ASNEF (salvo excepciones muy concretas)<\/li><li>Para recibir tu pr\u00e9stamo r\u00e1pido necesitas una cuenta bancaria a tu nombre.<\/li><\/ol>\n\n\n\n<p>Adem\u00e1s, es probable que al pedir un cr\u00e9dito r\u00e1pido tambi\u00e9n te pidan un n\u00famero de tel\u00e9fono al que llamarte, una direcci\u00f3n de correo electr\u00f3nico y una declaraci\u00f3n de intenciones. Esto no es habitual salvo que vayas a pedir un cr\u00e9dito r\u00e1pido por una cantidad elevada.<\/p>\n\n\n\n<h3 class=\"gb-headline gb-headline-b62cea1e gb-headline-text\">\u00bfDe qu\u00e9 depende el importe de un pr\u00e9stamo r\u00e1pido?<\/h3>\n\n\n\n<p>El importe m\u00e1ximo de un pr\u00e9stamo r\u00e1pido suele ser inferior a 1.000\u20ac, pero depende de cada empresa de pr\u00e9stamos. Principalmente el m\u00e1ximo que puedas pedir a trav\u00e9s de un pr\u00e9stamo r\u00e1pido online depender\u00e1 de la valoraci\u00f3n como cliente que marquen tus datos financieros (n\u00f3mina, edad, otras cargas como la hipoteca\u2026) para el prestamista.<\/p>\n\n\n\n<p>Si es la primera vez que pides un pr\u00e9stamo r\u00e1pido con una entidad, la cantidad m\u00e1ximo se ver\u00e1 reducida. Pero en pr\u00e9stamos sucesivos mejorar\u00e1n tus condiciones de cr\u00e9dito y tambi\u00e9n tus l\u00edmites por cantidad m\u00e1xima de dinero y plazo de devoluci\u00f3n.<\/p>\n\n\n\n<h3 class=\"gb-headline gb-headline-84ead1e0 gb-headline-text\">C\u00f3mo comparar pr\u00e9stamos online r\u00e1pidos<\/h3>\n\n\n\n<p>Pedir un pr\u00e9stamo r\u00e1pido es muy f\u00e1cil. Comienza por comparar entre varios cr\u00e9ditos online r\u00e1pidos que te ofrezcan lo que est\u00e1s buscando utilizando sus simuladores de pr\u00e9stamo. Esta es la mejor forma de ver c\u00f3mo funciona cada pr\u00e9stamo r\u00e1pido y comparar sus intereses.<\/p>\n\n\n\n<p>Luego busca en las condiciones otros posibles gastos y las penalizaciones por demora y por cancelaci\u00f3n.<\/p>\n\n\n\n<p>Es probable que a estas alturas ya est\u00e9s entre dos o tres pr\u00e9stamos r\u00e1pidos para decidirte. Ha llegado el momento de a\u00f1adir a tu lista de pros y contras extras como:<\/p>\n\n\n\n<ul class=\"wp-block-list\"><li>Si tienes opci\u00f3n de \u201csaltarte\u201d alguna de las cuotas y bajo qu\u00e9 condiciones.<\/li><li>Si puedes elegir el d\u00eda exacto en que se te cargar\u00e1\/cobrar\u00e1 la cuota.<\/li><li>Si el prestamista te ofrece ventajas interesantes a la hora de pedir otro pr\u00e9stamo r\u00e1pido despu\u00e9s de devolver \u00e9ste.<\/li><li>Si la forma de devolver el pr\u00e9stamo r\u00e1pido te resulta pr\u00e1ctica.<\/li><\/ul>\n\n\n\n<h3 class=\"gb-headline gb-headline-b63e939b gb-headline-text\">Pr\u00e9stamos r\u00e1pidos Espa\u00f1a: c\u00f3mo devolverlos<\/h3>\n\n\n\n<p>Los pr\u00e9stamos r\u00e1pidos en Espa\u00f1a ofrecen hasta 3 posibilidades diferentes para su devoluci\u00f3n. El pago de sus cuotas est\u00e1 determinado en el contrato. Las tres maneras m\u00e1s comunes de devolver pr\u00e9stamos r\u00e1pidos de dinero son:<\/p>\n\n\n\n<ol class=\"wp-block-list\"><li>Domiciliaci\u00f3n bancaria (para cr\u00e9dito al instante por una cantidad importante). Das permiso al prestamista para que cargue las cuotas directamente en tu cuenta bancaria. En la fecha acordada, se descuenta de tu saldo en el banco el dinero que corresponda a cada cuota mensual.<\/li><li>Pago por transferencia (para cr\u00e9ditos r\u00e1pidos online al instante por cantidades peque\u00f1as). T\u00fa te encargas de abonar la cuota del pago en la fecha puntual, haciendo una transferencia bancaria a la cuenta del prestamista.<\/li><li>Pago con tarjeta, directamente en la p\u00e1gina web. Es otra soluci\u00f3n ofrecida para devolver peque\u00f1os pr\u00e9stamos online al instante.<\/li><\/ol>\n\n\n\n<p>Todos los pr\u00e9stamos r\u00e1pidos inmediatos funcionan con ingreso del dinero del pr\u00e9stamo en tu cuenta primero. A partir de entonces y seg\u00fan lo acordado en el contrato, comenzar\u00e1s a devolverlo (con intereses) y pagar sus gastos asociados, comisiones y, en su caso, penalizaciones.<\/p>\n\n\n<div class=\"wp-block-image\">\n<figure class=\"aligncenter size-large\"><img loading=\"lazy\" decoding=\"async\" width=\"1280\" height=\"719\" src=\"https:\/\/www.moneybob.com\/wp-content\/uploads\/Prestamos-rapidos-online-edited.jpg\" alt=\"Pr\u00e9stamos r\u00e1pidos Espa\u00f1a\" class=\"wp-image-6032\" title=\"\" srcset=\"https:\/\/www.moneybob.com\/wp-content\/uploads\/Prestamos-rapidos-online-edited.jpg 1280w, https:\/\/www.moneybob.com\/wp-content\/uploads\/Prestamos-rapidos-online-edited-300x169.jpg 300w, https:\/\/www.moneybob.com\/wp-content\/uploads\/Prestamos-rapidos-online-edited-1024x575.jpg 1024w, https:\/\/www.moneybob.com\/wp-content\/uploads\/Prestamos-rapidos-online-edited-768x431.jpg 768w\" sizes=\"auto, (max-width: 1280px) 100vw, 1280px\" \/><figcaption>Pr\u00e9stamos r\u00e1pidos Espa\u00f1a.<\/figcaption><\/figure>\n<\/div>\n\n\n<h3 class=\"gb-headline gb-headline-5a10ca60 gb-headline-text\">\u00bfQu\u00e9 pasa por no devolver un pr\u00e9stamo r\u00e1pido online?<\/h3>\n\n\n\n<p id=\"E691\">Pedir pr\u00e9stamos r\u00e1pidos implica aceptar unas condiciones. En el caso de incumplirlas puedes enfrentarte a los siguientes problemas:<\/p>\n\n\n\n<p id=\"E693\">En primer lugar, ponte en contacto de inmediato con el prestamista para tratar de renegociar tu plan de pagos. Esto es muy importante para no incurrir en un impago, aunque las condiciones pasar\u00e1n a ser peores para ti y tendr\u00e1s que pagar m\u00e1s dinero por el pr\u00e9stamo que recibiste.<\/p>\n\n\n\n<p id=\"E695\">Si no devuelves tus pr\u00e9stamos r\u00e1pido y seguro el prestamista iniciar\u00e1 un protocolo de impago, que puede implicar:<\/p>\n\n\n\n<ul class=\"wp-block-list\"><li>M\u00e1s intereses (muy elevados) por demora.<\/li><li>Comisi\u00f3n por reclamaci\u00f3n. Significa que el prestamista te cobra por tramitar la reclamaci\u00f3n de tu deuda. El precio por tener que llevar a cabo esta gesti\u00f3n suele estar en unos 35\u20ac.<\/li><li>Inscripci\u00f3n en registros de morosos (normalmente desde el cuarto mes de impago) tras reclamarte en varias ocasiones la deuda (con el consiguiente pago por reclamaci\u00f3n)<\/li><li>Inicio de la v\u00eda judicial, que puede llevar al embargo de bienes presentes y futuros (te pueden embargar la n\u00f3mina hasta un l\u00edmite hasta que saldes el pago con intereses de tu deuda).<\/li><\/ul>\n\n\n\n<p>Desde el momento en el que aparezcas en ASNEF te ser\u00e1 pr\u00e1cticamente imposible encontrar pedir pr\u00e9stamos r\u00e1pidos ni de cualquier otro tipo en ninguna entidad, salvo con algunas excepciones como <strong><a href=\"https:\/\/www.moneybob.com\/es\/prestamos\/moneyman\/\" data-type=\"URL\" data-id=\"https:\/\/www.moneybob.com\/es\/prestamos\/moneyman\/\">MoneyMan<\/a><\/strong>.<\/p>\n\n\n\n<h2 class=\"gb-headline gb-headline-2be2f2ed gb-headline-text\">Cr\u00e9dito al instante en tu cuenta<\/h2>\n\n\n\n<p>Conseguir cr\u00e9dito al instante en tu cuenta con un pr\u00e9stamo r\u00e1pido es muy sencillo siempre y cuando cumplas con las condiciones. Realmente es un sistema de financiaci\u00f3n que gana clientes d\u00eda a d\u00eda porque funciona muy bien y es realmente efectivo cuando buscas pr\u00e9stamos online al momento.<\/p>\n\n\n\n<h3 class=\"gb-headline gb-headline-2ffb16a0 gb-headline-text\">\u00bfCu\u00e1nto tardan los cr\u00e9ditos r\u00e1pidos online al instante?<\/h3>\n\n\n\n<p>Los plazos de tiempo de los pr\u00e9stamos al instante son realmente cortos:<\/p>\n\n\n\n<ol class=\"wp-block-list\"><li>Informarte sobre las condiciones de tu cr\u00e9dito al instante ser\u00e1 cuesti\u00f3n de minutos gracias al simulador de pr\u00e9stamos y a que los portales para la tramitaci\u00f3n de pr\u00e9stamos seguros y r\u00e1pidos son realmente transparentes (tal y como exige la ley en Espa\u00f1a).<\/li><li>Rellenar el formulario con los datos personales te llevar\u00e1 menos de 5 minutos y eso que hemos a\u00f1adido tiempo porque tambi\u00e9n tendr\u00e1s que subir algunos documentos y contestar a algunas preguntas como si tienes hipoteca, en qu\u00e9 vas a invertir el dinero solicitado\u2026<\/li><li>Desde que pulsas el bot\u00f3n \u201csolicitar\u201d o \u201ccontratar\u201d hasta que la entidad te responde no pasar\u00e1n m\u00e1s de 15 minutos.<\/li><li>Desde que recibes una respuesta afirmativa, te descargas el contrato, lo firmas y lo env\u00edas otros 10 minutos y tendr\u00e1s el dinero listo en tu cuenta.<\/li><\/ol>\n\n\n\n<p>Los pr\u00e9stamos online al momento son realmente r\u00e1pidos. Suponen una forma de cr\u00e9dito al instante que debe entenderse como un servicio a mayores sobre los pr\u00e9stamos bancarios habituales.<\/p>\n\n\n\n<p>Desde el punto de vista del prestamista, la principal diferencia de los cr\u00e9ditos r\u00e1pidos online al instante es que se arriesgan m\u00e1s: que los tr\u00e1mites se hagan tan deprisa y pidiendo tan pocos datos implica que saben menos sobre a qui\u00e9n est\u00e1n prestando su dinero. Esta es la principal raz\u00f3n por la que los pr\u00e9stamos al instante suelen tener unos intereses m\u00e1s altos, aunque no siempre es as\u00ed.<\/p>\n\n\n\n<h2 class=\"gb-headline gb-headline-5ab3ba71 gb-headline-text\">Pr\u00e9stamos r\u00e1pidos 300 euros<\/h2>\n\n\n\n<p>A menudo, los pr\u00e9stamos r\u00e1pidos de 300 euros son la opci\u00f3n de cr\u00e9dito m\u00e1xima que los portales de cr\u00e9dito online est\u00e1n dispuestos a ofrecer a un cliente nuevo. Puede que 300\u20ac al instante no te parezca mucho, pero lo es si tienes en cuenta que los operadores de cr\u00e9ditos r\u00e1pidos prestan cuando la mayor\u00eda de los bancos no lo hacen.<\/p>\n\n\n\n<h3 class=\"gb-headline gb-headline-569efac9 gb-headline-text\">Qu\u00e9 webs ofrecen pr\u00e9stamos de 300 euros<\/h3>\n\n\n\n<p>Los pr\u00e9stamos de 300 euros son los m\u00e1s frecuentes para clientes que solicitan cr\u00e9dito por primera vez, aunque algunos portales de pr\u00e9stamos r\u00e1pidos tienen su l\u00edmite en 500e como m\u00ednimo. Actualmente puedes encontrar un primer pr\u00e9stamo de 300 euros inmediato (o una cantidad mayor si lo necesitas) en:<\/p>\n\n\n\n<ul class=\"wp-block-list\"><li><strong><a href=\"https:\/\/www.moneybob.com\/es\/prestamos\/welp\/\" data-type=\"URL\" data-id=\"https:\/\/www.moneybob.com\/es\/prestamos\/welp\/\">Welp<\/a><\/strong><\/li><li><strong><a href=\"https:\/\/www.moneybob.com\/es\/prestamos\/creditero\/\" data-type=\"URL\" data-id=\"https:\/\/www.moneybob.com\/es\/prestamos\/creditero\/\">Creditero<\/a><\/strong><\/li><li><strong><a href=\"https:\/\/www.moneybob.com\/es\/prestamos\/creditosi\/\" data-type=\"URL\" data-id=\"https:\/\/www.moneybob.com\/es\/prestamos\/creditosi\/\">CreditoSi<\/a><\/strong><\/li><li><strong><a href=\"https:\/\/www.moneybob.com\/es\/prestamos\/cofidis\/\" data-type=\"URL\" data-id=\"https:\/\/www.moneybob.com\/es\/prestamos\/cofidis\/\">Cofidis<\/a><\/strong><\/li><li><strong><a href=\"https:\/\/www.moneybob.com\/es\/prestamos\/creditea\/\" data-type=\"URL\" data-id=\"https:\/\/www.moneybob.com\/es\/prestamos\/creditea\/\">Creditea<\/a><\/strong><\/li><li><strong><a href=\"https:\/\/www.moneybob.com\/es\/prestamos\/cetelem\/\" data-type=\"URL\" data-id=\"https:\/\/www.moneybob.com\/es\/prestamos\/cetelem\/\">Cetelem<\/a><\/strong><\/li><\/ul>\n\n\n\n<p>Adem\u00e1s, puedes encontrar pr\u00e9stamos de 300 euros sin intereses para tu primer cr\u00e9dito en p\u00e1ginas como <strong><a href=\"https:\/\/www.moneybob.com\/es\/prestamos\/moneyman\/\" data-type=\"URL\" data-id=\"https:\/\/www.moneybob.com\/es\/prestamos\/moneyman\/\">Moneyman<\/a><\/strong> y <strong><a href=\"https:\/\/www.moneybob.com\/es\/prestamos\/wandoo\/\" data-type=\"URL\" data-id=\"https:\/\/www.moneybob.com\/es\/prestamos\/wandoo\/\">Wandoo<\/a><\/strong>. Si lo que necesitas son pr\u00e9stamos de 300\u20ac con ASNEF, no te ser\u00e1 f\u00e1cil encontrarlos y los intereses ser\u00e1n mucho m\u00e1s elevados. Por el momento, ninguno de los operadores que te proponemos entre los mejores ofrecen un pr\u00e9stamo de 300 euros con ASNEF salvo que:<\/p>\n\n\n\n<ol class=\"wp-block-list\"><li>Hayan pasado 6 a\u00f1os desde que te metieron en la lista de ASNEF y tu deuda haya caducado.<\/li><li>La deuda por la que te incluyeron en ASNEF sea inferior a 50\u20ac (esta cantidad es el l\u00edmite para poder inscribir a un particular)<\/li><li>Solicites una cuant\u00eda muy baja y cuentes con alg\u00fan tipo de aval que respalde tu deuda.<\/li><li>El plazo de devoluci\u00f3n sea en una cuota \u00fanica y en el m\u00ednimo plazo posible.<\/li><\/ol>\n\n\n\n<p>Dado tu historial crediticio negativo, es probable que la mayor\u00eda de plataformas de cr\u00e9dito online r\u00e1pido te nieguen la posibilidad de un pr\u00e9stamo con ASNEF. Si lo hacen, lo m\u00e1s seguro es que sus condiciones impliquen intereses m\u00e1s elevados que los de la media.<\/p>\n\n\n\n<h2 class=\"gb-headline gb-headline-a43d67da gb-headline-text\">Dinero en 10 minutos sin preguntas pr\u00e9stamo<\/h2>\n\n\n\n<p id=\"E823\">\u00bfEs posible conseguir pr\u00e9stamos en 10 minutos en tu cuenta con unas condiciones asequibles para la mayor\u00eda? La respuesta es s\u00ed: de hecho en eso consisten exactamente los pr\u00e9stamos r\u00e1pidos.<\/p>\n\n\n\n<p id=\"E827\">Cuando los operadores de cr\u00e9dito hablan de pr\u00e9stamos en 10 minutos, se refieren a que este es el tiempo que suelen tardar en ingresarte un pr\u00e9stamo r\u00e1pido correspondiente a una cantidad peque\u00f1a en tu cuenta bancaria, desde el momento en el que reciben el contrato de pr\u00e9stamo firmado.<\/p>\n\n\n\n<p id=\"E829\">Poder contar en tu cuenta bancaria con un pr\u00e9stamo en 10 minutos nada m\u00e1s, es uno de los servicios que caracterizan a los pr\u00e9stamos r\u00e1pidos y tambi\u00e9n una de las razones que los han hecho tan populares.<\/p>\n\n\n\n<h3 class=\"gb-headline gb-headline-f3e5d731 gb-headline-text\">\u00bfD\u00f3nde conseguir un pr\u00e9stamo 10 minutos?<\/h3>\n\n\n\n<p>Los pr\u00e9stamos 10 minutos o cr\u00e9ditos instant\u00e1neos se pueden solicitar en 4 tipos de establecimientos en Espa\u00f1a:<\/p>\n\n\n\n<ul class=\"wp-block-list\"><li>Bancos tradicionales (a partir de productos denominados cr\u00e9ditos preconcebidos o <strong><a href=\"https:\/\/www.moneybob.com\/es\/prestamos\/prestamos-personales\/\" data-type=\"URL\" data-id=\"https:\/\/www.moneybob.com\/es\/prestamos\/prestamos-personales\/\">pr\u00e9stamos personales<\/a><\/strong> online)<\/li><li>Entidades de cr\u00e9dito online<\/li><li>Operadoras financieras online especializadas en micropr\u00e9stamos.<\/li><li>Tiendas y grandes almacenes (a partir de las l\u00edneas de cr\u00e9dito abiertas con sus propias <strong><a href=\"https:\/\/www.moneybob.com\/es\/tarjetas\/tarjeta-de-credito\/\" data-type=\"URL\" data-id=\"https:\/\/www.moneybob.com\/es\/tarjetas\/tarjeta-de-credito\/\">tarjetas de cr\u00e9dito<\/a><\/strong>)<\/li><\/ul>\n\n\n\n<p>Tambi\u00e9n se conoce a este tipo de pr\u00e9stamos r\u00e1pidos como cr\u00e9ditos urgentes o pr\u00e9stamos al instante. Su importe suele estar entre 50\u20ac y 300\u20ac, aunque puede llegar hasta los 1.000\u20ac y en determinadas circunstancias y para clientes con experiencia elevarse hasta los 5.000\u20ac. Sin embargo, cuando las cantidades son tan altas lo m\u00e1s probable es que el pr\u00e9stamo r\u00e1pido no se haga efectivo hasta pasadas 24\/48 horas.<\/p>\n\n\n\n<h3 class=\"gb-headline gb-headline-497d8337 gb-headline-text\">Conclusi\u00f3n<\/h3>\n\n\n\n<p id=\"E856\">Los pr\u00e9stamos r\u00e1pidos se han convertido en los pr\u00e9stamos personales m\u00e1s populares y solicitados actualmente por una raz\u00f3n: se solicitan y obtienen de forma muy r\u00e1pida, con condiciones asequibles para la mayor\u00eda.<\/p>\n\n\n\n<p id=\"E858\">Un pr\u00e9stamo r\u00e1pido se puede utilizar con muchos fines, pero el m\u00e1s frecuente es cubrir un gasto urgente o una opci\u00f3n de compra ventajosa disponible durante un tiempo limitado. Solicitar un pr\u00e9stamo r\u00e1pido implica una planificaci\u00f3n a partir del total que deberemos pagar y cu\u00e1nto tiempo y recursos necesitaremos emplear en hacerlo.<\/p>\n\n\n\n<p id=\"E861\">Los pr\u00e9stamos r\u00e1pidos son flexibles, f\u00e1ciles de pedir y devolver pero sus cantidades m\u00e1ximas no suelen superar los 1.000\u20ac. Si necesitas un pr\u00e9stamo superior a esta cantidad, echa un vistazo a la secci\u00f3n de pr\u00e9stamos personales.<\/p>\n","protected":false},"excerpt":{"rendered":"<p>Los pr\u00e9stamos r\u00e1pidos son la mejor forma de conseguir dinero al instante cuando necesitas una cantidad peque\u00f1a y cuentas con una fuente de ingresos regular &#8230; <\/p>\n<p class=\"read-more-container\"><a title=\"Pr\u00e9stamos r\u00e1pidos\" class=\"read-more button\" href=\"https:\/\/www.moneybob.com\/es\/prestamos\/prestamos-rapidos\/#more-6013\" aria-label=\"Leer m\u00e1s sobre Pr\u00e9stamos r\u00e1pidos\">Leer m\u00e1s<\/a><\/p>\n","protected":false},"author":3,"featured_media":0,"parent":5969,"menu_order":0,"comment_status":"closed","ping_status":"closed","template":"","meta":{"_eb_attr":"","footnotes":""},"class_list":["post-6013","page","type-page","status-publish"],"_links":{"self":[{"href":"https:\/\/www.moneybob.com\/es\/wp-json\/wp\/v2\/pages\/6013","targetHints":{"allow":["GET"]}}],"collection":[{"href":"https:\/\/www.moneybob.com\/es\/wp-json\/wp\/v2\/pages"}],"about":[{"href":"https:\/\/www.moneybob.com\/es\/wp-json\/wp\/v2\/types\/page"}],"author":[{"embeddable":true,"href":"https:\/\/www.moneybob.com\/es\/wp-json\/wp\/v2\/users\/3"}],"replies":[{"embeddable":true,"href":"https:\/\/www.moneybob.com\/es\/wp-json\/wp\/v2\/comments?post=6013"}],"version-history":[{"count":0,"href":"https:\/\/www.moneybob.com\/es\/wp-json\/wp\/v2\/pages\/6013\/revisions"}],"up":[{"embeddable":true,"href":"https:\/\/www.moneybob.com\/es\/wp-json\/wp\/v2\/pages\/5969"}],"wp:attachment":[{"href":"https:\/\/www.moneybob.com\/es\/wp-json\/wp\/v2\/media?parent=6013"}],"curies":[{"name":"wp","href":"https:\/\/api.w.org\/{rel}","templated":true}]}}