{"id":6042,"date":"2022-10-25T11:49:54","date_gmt":"2022-10-25T11:49:54","guid":{"rendered":"https:\/\/www.moneybob.com\/?page_id=6042"},"modified":"2025-09-17T22:21:09","modified_gmt":"2025-09-17T22:21:09","slug":"minicreditos","status":"publish","type":"page","link":"https:\/\/www.moneybob.com\/es\/prestamos\/minicreditos\/","title":{"rendered":"Minicr\u00e9ditos"},"content":{"rendered":"\n<p>Los minicr\u00e9ditos son una de las opciones m\u00e1s interesantes para conseguir financiaci\u00f3n cuando necesitas solo una peque\u00f1a cantidad de dinero que vas a poder devolver en poco tiempo. A diferencia de los pr\u00e9stamos tradicionales y cr\u00e9ditos por cantidades m\u00e1s elevadas, los minicr\u00e9ditos r\u00e1pidos se caracterizan por:<\/p>\n\n\n\n<ul class=\"wp-block-list\">\n<li>No superar los 2.000\u20ac<\/li>\n\n\n\n<li>Estar dise\u00f1ados para que la mayor\u00eda de personas puedan acceder a ellos<\/li>\n\n\n\n<li>Contar con un protocolo de solicitud muy sencillo y f\u00e1cil de completar<\/li>\n\n\n\n<li>Exigir muy pocos requisitos obligatorios<\/li>\n\n\n\n<li>Tramitarse con mucha rapidez<\/li>\n<\/ul>\n\n\n\n<p>Pero si por algo destacan los minicr\u00e9ditos online es porque depositan el dinero en tu cuenta bancaria en solo unos minutos desde que firmas su contrato. Aunque dependiendo de tu entidad bancaria el dinero puede llegar a tardar entre 24 y 48 horas en hacerse efectivo, lo normal es que el mismo d\u00eda de la solicitud ya puedas disfrutar de tu dinero.<\/p>\n\n\n\n<h2 class=\"gb-headline gb-headline-ae78db19 gb-headline-text\">\u00bfQu\u00e9 son los mini cr\u00e9ditos inmediatos?<\/h2>\n\n\n\n<p>Se conoce como mini cr\u00e9ditos inmediatos a peque\u00f1os pr\u00e9stamos al consumo que:<\/p>\n\n\n\n<ul class=\"wp-block-list\">\n<li>Tienen como capital una cantidad peque\u00f1a entre 100\u20ac y 1.600\u20ac)<\/li>\n\n\n\n<li>Se solicitan, tramitan y conceden con gran celeridad.<\/li>\n\n\n\n<li>Est\u00e1n dise\u00f1ados para una devoluci\u00f3n r\u00e1pida.<\/li>\n<\/ul>\n\n\n\n<p>Pero \u00bfc\u00f3mo puede concederse un minicredito en menos de 30 minutos? Principalmente, gracias a que sus procesos de verificaci\u00f3n y concesi\u00f3n est\u00e1n automatizados. Es tan simple como que si toda la informaci\u00f3n que proporcionas al solicitar cualquier tipo de mini cr\u00e9ditos r\u00e1pidos es veraz y cumples con los 4 o 5 requisitos que te exigen, t\u00fa mismo puedes estar seguro de antemano que tienes un mini cr\u00e9dito aprobado incluso antes de pedirlo.<\/p>\n\n\n\n<h3 class=\"gb-headline gb-headline-02c7b51b gb-headline-text\">Cantidades y plazos de los minicr\u00e9ditos r\u00e1pidos<\/h3>\n\n\n\n<p>Aunque cada operador financiero tiene su propia definici\u00f3n de lo que considera un minicr\u00e9dito r\u00e1pido, la mayor\u00eda se mueven en estos ratios:<\/p>\n\n\n\n<ul class=\"wp-block-list\">\n<li>Cantidades que oscilan entre los 50\u20ac y los 1.5000\u20ac<\/li>\n\n\n\n<li>Plazos de devoluci\u00f3n entre 7 y 45 d\u00edas<\/li>\n\n\n\n<li>Una \u00fanica cuota de devoluci\u00f3n<\/li>\n\n\n\n<li>Tramitaci\u00f3n online o telef\u00f3nica<\/li>\n<\/ul>\n\n\n\n<p>Adem\u00e1s, pr\u00e1cticamente todos los portales que ofrecen mini prestamos online r\u00e1pidos otorgan condiciones mejoradas para los clientes que demuestran su fiabilidad al devolver a tiempo el primer microcr\u00e9dito que les ha sido concedido.<\/p>\n\n\n<div class=\"wp-block-image\">\n<figure class=\"aligncenter size-large\"><img loading=\"lazy\" decoding=\"async\" width=\"1280\" height=\"721\" src=\"https:\/\/www.moneybob.com\/wp-content\/uploads\/Minicredito-edited.jpg\" alt=\"Minicr\u00e9ditos\" class=\"wp-image-6050\" title=\"\" srcset=\"https:\/\/www.moneybob.com\/wp-content\/uploads\/Minicredito-edited.jpg 1280w, https:\/\/www.moneybob.com\/wp-content\/uploads\/Minicredito-edited-300x169.jpg 300w, https:\/\/www.moneybob.com\/wp-content\/uploads\/Minicredito-edited-1024x577.jpg 1024w, https:\/\/www.moneybob.com\/wp-content\/uploads\/Minicredito-edited-768x433.jpg 768w\" sizes=\"auto, (max-width: 1280px) 100vw, 1280px\" \/><figcaption class=\"wp-element-caption\">Minicr\u00e9ditos.<\/figcaption><\/figure>\n<\/div>\n\n\n<h2 class=\"gb-headline gb-headline-31ea1c8d gb-headline-text\">Tipos de mini pr\u00e9stamos r\u00e1pidos en el mercado<\/h2>\n\n\n\n<p>Los portales de pr\u00e9stamos online r\u00e1pidos ofrecen diferentes tipos de pr\u00e9stamos personales: para comprar un coche, para salud, estudios\u2026 incluso espec\u00edficos para comprar instrumentos musicales. Pero en el caso de los mini pr\u00e9stamos (sus pr\u00e9stamos por cantidades m\u00e1s peque\u00f1as), la oferta se suele reducir a una \u00fanica opci\u00f3n, eso s\u00ed, con opci\u00f3n de mejora cuando pides un segundo mini <strong><a href=\"https:\/\/www.moneybob.com\/es\/prestamos\/prestamos-rapidos\/\" data-type=\"URL\" data-id=\"https:\/\/www.moneybob.com\/es\/prestamos\/prestamos-rapidos\/\">pr\u00e9stamo r\u00e1pido<\/a><\/strong>.<\/p>\n\n\n\n<p>Esto se debe a que los intereses de la mayor\u00eda de mini pr\u00e9stamos online son fijos con independencia de que los devuelvas en 7 o 30 d\u00edas y pidas 50\u20ac o 300\u20ac. Las cantidades son tan peque\u00f1as y los plazos tan cortos que no se molestan en variarlos. Puedes comprobarlo por ti mismo utilizando los simuladores de pr\u00e9stamos que est\u00e1n disponibles en todos las webs de pr\u00e9stamos online.<\/p>\n\n\n\n<h3 class=\"gb-headline gb-headline-e64428dc gb-headline-text\">Requisitos imprescindibles para conseguir minicr\u00e9ditos<\/h3>\n\n\n\n<p>Los minicr\u00e9ditos reducen sus requisitos al m\u00ednimo y facilitan al m\u00e1ximo los procesos de solicitud, pero hay algunas cosas que resultarn imprescindibles para poder optar a ellos:<\/p>\n\n\n\n<ul class=\"wp-block-list\">\n<li>Ser residente en Espa\u00f1a (con el DNI o el NIE en vigor)<\/li>\n\n\n\n<li>Tener una cuenta bancaria en Espa\u00f1a en la que te ingresen el dinero.<\/li>\n\n\n\n<li>Estar dentro del l\u00edmite de edad (siempre por encima de los 18 a\u00f1os) que marque el prestamista.<\/li>\n\n\n\n<li>Contar con conexi\u00f3n a internet para poder hacer la solicitud.<\/li>\n<\/ul>\n\n\n\n<p>Adem\u00e1s si est\u00e1s pensando en solicitar minicr\u00e9ditos rapidos, lo m\u00e1s probable es que la mayor\u00eda de operadores te pidan tambi\u00e9n:<\/p>\n\n\n\n<ul class=\"wp-block-list\">\n<li>Un justificante de ingresos regulares (no es imprescindible para todos los minicr\u00e9ditos online, pero s\u00ed para la mayor\u00eda)<\/li>\n\n\n\n<li>Un aval, sobre todo si no tienes ingresos regulares (tampoco es imperativamente imprescindible pero s\u00ed muy frecuente)<\/li>\n\n\n\n<li>Un tel\u00e9fono al que llamarte y desde el que firmar el contrato a trav\u00e9s de un SMS<\/li>\n\n\n\n<li>No estar inscrito en un registros de morosos (aunque tambi\u00e9n hay algunos mini cr\u00e9ditos inmediatos con ASNEF, como los de <strong><a href=\"https:\/\/www.moneybob.com\/es\/prestamos\/moneyman\/\" data-type=\"URL\" data-id=\"https:\/\/www.moneybob.com\/es\/prestamos\/moneyman\/\">MoneyMan<\/a><\/strong>)<\/li>\n\n\n\n<li>Un seguro de vida, sobre todo si eres pensionista jubilado o mayor de cierta edad.<\/li>\n\n\n\n<li>Documentaci\u00f3n adicional que justifique por qu\u00e9 pides el minicr\u00e9dito (pero esto es m\u00e1s frecuente en los <strong><a href=\"https:\/\/www.moneybob.com\/es\/prestamos\/prestamos-personales\/\" data-type=\"URL\" data-id=\"https:\/\/www.moneybob.com\/es\/prestamos\/prestamos-personales\/\">pr\u00e9stamos personales<\/a><\/strong> que implican m\u00e1s dinero).<\/li>\n\n\n\n<li>Una direcci\u00f3n de correo electr\u00f3nico.<\/li>\n<\/ul>\n\n\n\n<p>Esto reduce significativamente el papeleo, por lo que pedir mini cr\u00e9ditos r\u00e1pidos es realmente sencillo. Sin embargo, no todo el monte es or\u00e9gano, y aunque puedes llegar a conseguir un mini cr\u00e9dito aprobado sin n\u00f3mina, con ASNEF y sin aval, tendr\u00e1s que enfrentarte a algunos inconvenientes importantes<\/p>\n\n\n\n<h3 class=\"gb-headline gb-headline-d24a324f gb-headline-text\">Desventajas de los minicr\u00e9ditos r\u00e1pidos<\/h3>\n\n\n\n<p>El mercado de los minicr\u00e9ditos r\u00e1pidos est\u00e1 copado por empresas privadas de servicios financieros (no por bancos, aunque <strong><a href=\"https:\/\/www.moneybob.com\/es\/prestamos\/cetelem\/\" data-type=\"URL\" data-id=\"https:\/\/www.moneybob.com\/es\/prestamos\/cetelem\/\">Cetelem<\/a><\/strong> es una excepci\u00f3n), por lo que:<\/p>\n\n\n\n<ul class=\"wp-block-list\">\n<li>Normalmente los intereses de un minicr\u00e9dito r\u00e1pido resultan mucho m\u00e1s caros que un pr\u00e9stamo r\u00e1pido o un cr\u00e9dito convencional, porque sus intereses son mucho m\u00e1s alto y tienen cuotas y tasas m\u00e1s elevadas destinadas a \u201csalvar el riesgo\u201d que supone prestar con tan pocas garant\u00edas.<\/li>\n\n\n\n<li>Entre las empresas que ofrecen mini <strong><a href=\"https:\/\/www.moneybob.com\/es\/prestamos\/\" data-type=\"URL\" data-id=\"https:\/\/www.moneybob.com\/es\/prestamos\/\">pr\u00e9stamos online<\/a><\/strong> r\u00e1pidos no es sencillo encontrar empresas reguladas por el Banco de Espa\u00f1a o <a href=\"https:\/\/www.cnmv.es\/portal\/home.aspx\" data-type=\"URL\" data-id=\"https:\/\/www.cnmv.es\/portal\/home.aspx\" target=\"_blank\" rel=\"noreferrer noopener\" data-schema-attribute=\"mentions\">la Comisi\u00f3n Nacional del Mercado de Valores<\/a>, a excepci\u00f3n de algunos casos concretos como <strong><a href=\"https:\/\/www.moneybob.com\/es\/prestamos\/cofidis\/\" data-type=\"URL\" data-id=\"https:\/\/www.moneybob.com\/es\/prestamos\/cofidis\/\">por ejemplo Cofidis<\/a><\/strong>.<\/li>\n<\/ul>\n\n\n\n<p>Entonces, \u00bfQui\u00e9n regula la actividad de los portales online que ofrecen minicr\u00e9ditos en Espa\u00f1a? La principal normativa al respecto es la Ley de contratos de cr\u00e9dito al consumo, junto con la Ley general para la Defensa de los Consumidores y Usuarios (Real Decreto Legislativo 1\/2007 de 16 de noviembre) y otras leyes como la Ley Org\u00e1nica de Protecci\u00f3n de Datos, la Ley de Contratos de Cr\u00e9ditos al consumo, la General de Publicidad y la que regula los servicios online y el comercio electr\u00f3nico, entre otras.<\/p>\n\n\n\n<h3 class=\"gb-headline gb-headline-c7ad3b20 gb-headline-text\">\u00bfQu\u00e9 sale mejor, un micro cr\u00e9dito o un mini pr\u00e9stamo?<\/h3>\n\n\n\n<p>Definitivamente, un mini pr\u00e9stamo online es por norma general mucho m\u00e1s barato que un micro cr\u00e9dito. Esto se debe a los cr\u00e9ditos tienen intereses mucho m\u00e1s altos, pero es que adem\u00e1s es posible encontrar mini pr\u00e9stamos online con 0% comisiones e intereses. Consulta nuestra lista de pr\u00e9stamos para comprobarlo.<\/p>\n\n\n\n<h2 class=\"gb-headline gb-headline-5af3fb05 gb-headline-text\">Minicr\u00e9ditos con ASNEF<\/h2>\n\n\n\n<p>Solicitar minicr\u00e9ditos con ASNEF es una de las pocas opciones de conseguir financiaci\u00f3n que tienen las personas que han sido inscritas en un registro de morosos. Si es tu caso, debes saber que no te ser\u00e1 f\u00e1cil encontrar muchos minicr\u00e9ditos con ASNEF entre los que elegir.<\/p>\n\n\n\n<p>Las empresas que conceden mini pr\u00e9stamos con ASNEF se basan en generar una confianza (y dependencia) para con quienes no tienen m\u00e1s opciones que recurrir a los minis pr\u00e9stamos online con ASNEF. Muchas son absolutamente abusivas en sus intereses, y pueden pedirte que:<\/p>\n\n\n\n<ul class=\"wp-block-list\">\n<li>Avales tu solicitud<\/li>\n\n\n\n<li>Les permitas conocer el estado de tus cuentas bancarias<\/li>\n\n\n\n<li>Justifiques que contar\u00e1s con ingresos regulares para asumir el minicr\u00e9dito con n\u00f3mina o pensi\u00f3n elevadas.<\/li>\n<\/ul>\n\n\n\n<h2 class=\"gb-headline gb-headline-12113683 gb-headline-text\">Diferencia entre mini pr\u00e9stamos con ASNEF y minicr\u00e9ditos con ASNEF<\/h2>\n\n\n\n<p>En p\u00e1rrafos anteriores hemos explicado en qu\u00e9 se diferencia un pr\u00e9stamo de un cr\u00e9dito. Recopilando, diremos que un pr\u00e9stamo termina cuando devuelves la \u00faltima cuota, pero un cr\u00e9dito puede volver a disponer del dinero hasta el m\u00e1ximo permitido.<\/p>\n\n\n\n<p>Esto explica por qu\u00e9 los minicr\u00e9ditos con ASNEF son pr\u00e1cticamente imposibles de contrastar (salvo excepciones muy concretas) mientras qu\u00e9 s\u00ed es posible dar como mini pr\u00e9stamos con ANSEF nuevos cada cierto tiempo.<\/p>\n\n\n\n<h3 class=\"gb-headline gb-headline-7067e42d gb-headline-text\">Mini prestamos online con ASNEF<\/h3>\n\n\n\n<p>Seremos sinceros: hay muy pocos portales que ofrezcan mini pr\u00e9stamos con ASNEF, y los que lo hacen tienen comisiones e intereses muy altos. Pero hay una excepci\u00f3n: MoneyMan. Con MoneyMan puedes solicitar un primer pr\u00e9stamo de hasta 300\u20ac sin intereses:<\/p>\n\n\n\n<ul class=\"wp-block-list\">\n<li>Con ANEF<\/li>\n\n\n\n<li>Sin n\u00f3mina<\/li>\n\n\n\n<li>Sin aval<\/li>\n<\/ul>\n\n\n\n<p>En el caso de los mini cr\u00e9ditos con ASNEF no queremos desilusionarte, pero las opciones son muy pocas, por lo que te aconsejamos que valores optar por solicitar mini pr\u00e9stamos con ASNEF en su lugar.<\/p>\n\n\n<div class=\"wp-block-image\">\n<figure class=\"aligncenter size-large\"><img loading=\"lazy\" decoding=\"async\" width=\"1280\" height=\"719\" src=\"https:\/\/www.moneybob.com\/wp-content\/uploads\/Minicreditos-edited.jpg\" alt=\"Minicr\u00e9ditos con ASNEF\" class=\"wp-image-6057\" title=\"\" srcset=\"https:\/\/www.moneybob.com\/wp-content\/uploads\/Minicreditos-edited.jpg 1280w, https:\/\/www.moneybob.com\/wp-content\/uploads\/Minicreditos-edited-300x169.jpg 300w, https:\/\/www.moneybob.com\/wp-content\/uploads\/Minicreditos-edited-1024x575.jpg 1024w, https:\/\/www.moneybob.com\/wp-content\/uploads\/Minicreditos-edited-768x431.jpg 768w\" sizes=\"auto, (max-width: 1280px) 100vw, 1280px\" \/><figcaption class=\"wp-element-caption\">Minicr\u00e9ditos con ASNEF.<\/figcaption><\/figure>\n<\/div>\n\n\n<h2 class=\"gb-headline gb-headline-ade94273 gb-headline-text\">Mini pr\u00e9stamos<\/h2>\n\n\n\n<p>Los mini prestamos son peque\u00f1os pr\u00e9stamos (que no cr\u00e9ditos) que se caracterizan porque entregan de una sola vez una cantidad de dinero relativamente peque\u00f1a. Pueden ser de s\u00f3lo 100\u20ac. En un pr\u00e9stamo, comienzas a pagar los intereses y comisiones DESPU\u00c9S de que el prestamista haya depositado el dinero en tu cuenta.<\/p>\n\n\n\n<p>Los mini pr\u00e9stamos se diferencian de los mini cr\u00e9ditos en que en los segundos, una instituci\u00f3n financiera (una tarjeta de cr\u00e9dito, un banco\u2026) ponen a disposici\u00f3n del cliente una cantidad m\u00e1xima de dinero, pero no se lo entregan a cuenta. Simplemente, el cliente puede contar con ese dinero si lo necesita o no disponer de \u00e9l en ning\u00fan momento.<\/p>\n\n\n\n<h3 class=\"gb-headline gb-headline-cd3861ae gb-headline-text\">Diferencias entre mini pr\u00e9stamos r\u00e1pidos y microcr\u00e9ditos<\/h3>\n\n\n\n<p>\u00bfC\u00f3mo saber si estoy contratando mini pr\u00e9stamos online o un microcr\u00e9dito? Porque cualquier mini pr\u00e9stamo que puedas contratar tendr\u00e1:<\/p>\n\n\n\n<ol class=\"wp-block-list\">\n<li>plazos de inicio y fin concretos<\/li>\n\n\n\n<li>cuotas a devolver con cantidades exactas<\/li>\n\n\n\n<li>cuotas regulares (a menos que haya una sola) a devolver en d\u00edas espec\u00edficos del calendario<\/li>\n<\/ol>\n\n\n\n<p>Ten en cuenta que no te puedes fiar ni siquiera del nombre del producto. Por ejemplo, uno de los productos m\u00e1s populares de Cofidis es un mini pr\u00e9stamo online que se llama Cr\u00e9dito Directo.<\/p>\n\n\n\n<h3 class=\"gb-headline gb-headline-d71e8086 gb-headline-text\">\u00bfPara qu\u00e9 sirven los mini pr\u00e9stamos inmediatos?<\/h3>\n\n\n\n<p>Los mini pr\u00e9stamos inmediatos son herramientas financieras de primera l\u00ednea en el d\u00eda a d\u00eda. Sirven para poder afrontar en muy poco tiempo urgencias econ\u00f3micas que implican una cantidad peque\u00f1a de dinero, como por ejemplo:<\/p>\n\n\n\n<ul class=\"wp-block-list\">\n<li>una factura que se ha disparado de forma inesperada<\/li>\n\n\n\n<li>una emergencia de salud (gafas, dentista\u2026)<\/li>\n\n\n\n<li>una promoci\u00f3n<\/li>\n<\/ul>\n\n\n\n<p>El secreto para que un mini pr\u00e9stamo r\u00e1pido sea realmente efectivo es que lo utilices como un adelanto de tu n\u00f3mina, pensi\u00f3n o subsidio: NUNCA como una forma de conseguir dinero extra. Adem\u00e1s, tendr\u00e1s que valorar si, por ejemplo al solicitar un mini pr\u00e9stamo online para beneficiarte de una promoci\u00f3n, la rebaja que consigues es mayor que la cantidad que te constar\u00e1 el mini pr\u00e9stamo.<\/p>\n\n\n\n<h3 class=\"gb-headline gb-headline-c49136a4 gb-headline-text\">\u00bfCualquier mini pr\u00e9stamo es inmediato?<\/h3>\n\n\n\n<p>No, solo los mini pr\u00e9stamos r\u00e1pidos incluyen como parte de su servicio poner a disposici\u00f3n del cliente el dinero del pr\u00e9stamo en los 15 minutos siguientes a que entregue el contrato firmado. Si necesitas un mini pr\u00e9stamo urgente, aseg\u00farate de que la \u201crapidez\u201d se refiera a que ellos van a tardar poco en poner el dinero en tu cuenta, no a lo r\u00e1pido que t\u00fa tendr\u00e1s que devolverlo (habitualmente en 30 d\u00edas o menos).<\/p>\n\n\n\n<h3 class=\"gb-headline gb-headline-b09edf0b gb-headline-text\">Mini pr\u00e9stamos solo DNI<\/h3>\n\n\n\n<p id=\"E936\">Un mini pr\u00e9stamo solo DNI es aquel en el que la \u00fanica documentaci\u00f3n que te piden es el DNI si eres espa\u00f1ol residente en Espa\u00f1a, o el NIE si eres extranjero residente en Espa\u00f1a.<\/p>\n\n\n\n<p id=\"E939\">Los pr\u00e9stamos r\u00e1pidos online solo con DNI son cada vez m\u00e1s frecuentes, hasta el punto de que algunos portales de minicr\u00e9ditos como <strong><a href=\"https:\/\/www.moneybob.com\/es\/prestamos\/vivus\/\" data-type=\"URL\" data-id=\"https:\/\/www.moneybob.com\/es\/prestamos\/vivus\/\">Vivus<\/a><\/strong> han desarrollado un sistema por el cual ni siquiera tienes que enviarles una foto de tu DNI si no quieres. Pueden verificar tu identidad de forma segura por otros sistemas.<\/p>\n\n\n\n<h3 class=\"gb-headline gb-headline-785a5d12 gb-headline-text\">\u00bfSe puede pedir pr\u00e9stamos solo con DNI?<\/h3>\n\n\n\n<p>S\u00ed, es posible pedir pr\u00e9stamos con DNI solo, lo que implica que entre la documentaci\u00f3n a presentar NO necesitar\u00e1s incluir:<\/p>\n\n\n\n<ul class=\"wp-block-list\">\n<li>Un justificante de ingresos como la n\u00f3mina.<\/li>\n\n\n\n<li>Un extracto bancario en el que aparezcas como titular de un IBAN en Espa\u00f1a<\/li>\n\n\n\n<li>Un documento que justifique en qu\u00e9 vas a emplear el dinero (como el presupuesto de una reforma)<\/li>\n<\/ul>\n\n\n\n<p>Actualmente es posible pedir pr\u00e9stamos con DNI exclusivamente porque los prestamistas online han desarrollado otros sistemas de verificaci\u00f3n. Cuando te piden que les muestre tu DNI, lo que quieren saber es que realmente eres t\u00fa (y no alguien que se hace pasar por ti de manera fraudulenta) quien solicita el pr\u00e9stamo.<\/p>\n\n\n\n<h3 class=\"gb-headline gb-headline-762a498e gb-headline-text\">Pr\u00e9stamos solo con DNI y ASNEF<\/h3>\n\n\n\n<p>Si est\u00e1s inscrito en un registro de morosos y buscas un portal que ofrezca pr\u00e9stamos solo con DNI y ASNEF, tu soluci\u00f3n pasa por MoneyMan, porque tampoco te pedir\u00e1n una n\u00f3mina como justificante. La pega es que el primer mini pr\u00e9stamo online con ellos est\u00e1 limitado a 300\u20ac, pero es sin intereses y con opci\u00f3n de solicitar m\u00e1s dinero en pr\u00e9stamos sucesivos.<\/p>\n\n\n\n<h3 class=\"gb-headline gb-headline-5e9e69d3 gb-headline-text\">Conclusi\u00f3n<\/h3>\n\n\n\n<p>Conocer la diferencia entre un minicr\u00e9dito y un minipr\u00e9stamo es importante, sobre todo para tener en cuenta que la mayor\u00eda de las veces los nombres se intercambian indistintamente.<\/p>\n\n\n\n<p>El mercado de los mini pr\u00e9stamos online es tan competitivo, que los operadores ofrecen cada vez m\u00e1s oportunidades para conseguir financiaci\u00f3n para peque\u00f1os proyectos con muy pocos requisitos. Los <strong><a href=\"https:\/\/www.moneybob.com\/es\/prestamos\/prestamos-rapidos\/\" data-type=\"URL\" data-id=\"https:\/\/www.moneybob.com\/es\/prestamos\/prestamos-rapidos\/\">pr\u00e9stamos r\u00e1pidos online<\/a><\/strong> solo con DNI y los mini pr\u00e9stamos con ANEF, sin aval o sin justificante de ingresos son todav\u00eda escasos, pero cada vez m\u00e1s abundantes.<\/p>\n","protected":false},"excerpt":{"rendered":"<p>Los minicr\u00e9ditos son una de las opciones m\u00e1s interesantes para conseguir financiaci\u00f3n cuando necesitas solo una peque\u00f1a cantidad de dinero que vas a poder devolver &#8230; <\/p>\n<p class=\"read-more-container\"><a title=\"Minicr\u00e9ditos\" class=\"read-more button\" href=\"https:\/\/www.moneybob.com\/es\/prestamos\/minicreditos\/#more-6042\" aria-label=\"Leer m\u00e1s sobre Minicr\u00e9ditos\">Leer m\u00e1s<\/a><\/p>\n","protected":false},"author":3,"featured_media":0,"parent":5969,"menu_order":0,"comment_status":"closed","ping_status":"closed","template":"","meta":{"_eb_attr":"","footnotes":""},"class_list":["post-6042","page","type-page","status-publish"],"_links":{"self":[{"href":"https:\/\/www.moneybob.com\/es\/wp-json\/wp\/v2\/pages\/6042","targetHints":{"allow":["GET"]}}],"collection":[{"href":"https:\/\/www.moneybob.com\/es\/wp-json\/wp\/v2\/pages"}],"about":[{"href":"https:\/\/www.moneybob.com\/es\/wp-json\/wp\/v2\/types\/page"}],"author":[{"embeddable":true,"href":"https:\/\/www.moneybob.com\/es\/wp-json\/wp\/v2\/users\/3"}],"replies":[{"embeddable":true,"href":"https:\/\/www.moneybob.com\/es\/wp-json\/wp\/v2\/comments?post=6042"}],"version-history":[{"count":0,"href":"https:\/\/www.moneybob.com\/es\/wp-json\/wp\/v2\/pages\/6042\/revisions"}],"up":[{"embeddable":true,"href":"https:\/\/www.moneybob.com\/es\/wp-json\/wp\/v2\/pages\/5969"}],"wp:attachment":[{"href":"https:\/\/www.moneybob.com\/es\/wp-json\/wp\/v2\/media?parent=6042"}],"curies":[{"name":"wp","href":"https:\/\/api.w.org\/{rel}","templated":true}]}}