{"id":6066,"date":"2022-10-25T13:18:00","date_gmt":"2022-10-25T13:18:00","guid":{"rendered":"https:\/\/www.moneybob.com\/?page_id=6066"},"modified":"2022-10-27T08:14:48","modified_gmt":"2022-10-27T08:14:48","slug":"microcreditos","status":"publish","type":"page","link":"https:\/\/www.moneybob.com\/es\/prestamos\/microcreditos\/","title":{"rendered":"Microcr\u00e9ditos"},"content":{"rendered":"\n<p>Los microcr\u00e9ditos son herramientas de financiaci\u00f3n para peque\u00f1os gastos imprevistos dise\u00f1adas de forma flexible para poder acomodarse a las necesidades de cada persona. Son uno de los productos de financiaci\u00f3n online a medida m\u00e1s populares y utilizados en Espa\u00f1a.<\/p>\n\n\n\n<p>Un microcr\u00e9dito se caracteriza porque:<\/p>\n\n\n\n<ul class=\"wp-block-list\"><li>Concede cantidades peque\u00f1as o incluso muy peque\u00f1as (desde 50\u20ac)<\/li><li>Tiene muy pocas cuotas (a menudo se devuelve en una \u00fanica cuota)<\/li><li>Se tramita muy <strong><a href=\"https:\/\/www.moneybob.com\/es\/prestamos\/prestamos-rapidos\/\" data-type=\"URL\" data-id=\"https:\/\/www.moneybob.com\/es\/prestamos\/prestamos-rapidos\/\">r\u00e1pido <\/a><\/strong>y con pocos requisitos<\/li><li>Se entrega de inmediato tras su concesi\u00f3n<\/li><\/ul>\n\n\n\n<p>Hay tantas opciones de microcr\u00e9ditos como solicitantes, porque tanto las cantidades como el plazo son seleccionables. S\u00ed, has le\u00eddo bien, incluso si se trata de un microcr\u00e9dito con una \u00fanica cuota en su plazo de devoluci\u00f3n, \u00e9sta puede ajustarse a 7, 14, 30 d\u00edas\u2026<\/p>\n\n\n\n<h3 class=\"gb-headline gb-headline-fff8cf11 gb-headline-text\">\u00bfPara qu\u00e9 sirve un microcr\u00e9dito?<\/h3>\n\n\n\n<p>Los microcr\u00e9ditos se han popularizado como un recurso para emergencias, pero lo cierto es que cada vez son m\u00e1s los usuarios que los usan como una herramienta para el d\u00eda a d\u00eda.<\/p>\n\n\n\n<ul class=\"wp-block-list\"><li>Disponer de efectivo en una situaci\u00f3n cr\u00edtica<\/li><li>Aprovechar una oportunidad de compra<\/li><li>Resolver un problema m\u00e9dico urgente<\/li><li>Reparar una aver\u00eda<\/li><li>Afrontar un pago puntual<\/li><\/ul>\n\n\n\n<p>Su inmediatez puede solventar un problema grave como por ejemplo un empaste o quitar los n\u00fameros rojos de cuenta bancaria tras una factura m\u00e1s alta de lo esperada, pero tambi\u00e9n sirven para conseguir oportunidades en precios rebajados antes de llegar a fin de mes y cobrar la n\u00f3mina.<\/p>\n\n\n\n<h2 class=\"gb-headline gb-headline-5148c9ad gb-headline-text\">\u00bfQu\u00e9 son los microcr\u00e9ditos?<\/h2>\n\n\n\n<p>Los microcr\u00e9ditos, pese a su nombre, son un tipo de peque\u00f1o pr\u00e9stamo. Como opci\u00f3n de financiaci\u00f3n instant\u00e1nea, se caracterizan por su flexibilidad, agilidad y los pocos tr\u00e1mites y papeleos necesarios para conseguirlos.<\/p>\n\n\n\n<p>Entre las principales ventajas de solicitar un microcr\u00e9dito est\u00e1n:<\/p>\n\n\n\n<ul class=\"wp-block-list\"><li>No suelen tener comisiones de apertura, gesti\u00f3n ni cancelaci\u00f3n, e incluso es posible encontrarlos para una primera solicitud sin intereses.<\/li><li>Permiten que el usuario escoja cu\u00e1ndo va a devolverlos, dentro de unos l\u00edmites<\/li><li>Pueden llegar a alcanzar varios miles de euros, aunque lo normal es que est\u00e9n entre los 50\u20ac y los 1.500\u20ac.<\/li><li>Tras su devoluci\u00f3n a tiempo, abren la posibilidad de solicitar microcr\u00e9ditos m\u00e1s ventajosos.<\/li><\/ul>\n\n\n\n<p>En resumen, lo que diferencia a <strong><a href=\"https:\/\/www.moneybob.com\/es\/prestamos\/minicreditos\/\" data-type=\"URL\" data-id=\"https:\/\/www.moneybob.com\/es\/prestamos\/minicreditos\/\">un minicr\u00e9dito<\/a><\/strong> de cualquier <strong><a href=\"https:\/\/www.moneybob.com\/es\/prestamos\/prestamos-personales\/\" data-type=\"URL\" data-id=\"https:\/\/www.moneybob.com\/es\/prestamos\/prestamos-personales\/\">otro pr\u00e9stamo personal<\/a><\/strong> es que es supone una soluci\u00f3n a corto plazo, que se resuelve con rapidez tanto en la tramitaci\u00f3n y el dep\u00f3sito del pr\u00e9stamo como a la hora de efectuar su devoluci\u00f3n.<\/p>\n\n\n<div class=\"wp-block-image\">\n<figure class=\"aligncenter size-large\"><img loading=\"lazy\" decoding=\"async\" width=\"1280\" height=\"721\" src=\"https:\/\/www.moneybob.com\/wp-content\/uploads\/Microcreditos-edited.jpg\" alt=\"Microcr\u00e9ditos\" class=\"wp-image-6072\" title=\"\" srcset=\"https:\/\/www.moneybob.com\/wp-content\/uploads\/Microcreditos-edited.jpg 1280w, https:\/\/www.moneybob.com\/wp-content\/uploads\/Microcreditos-edited-300x169.jpg 300w, https:\/\/www.moneybob.com\/wp-content\/uploads\/Microcreditos-edited-1024x577.jpg 1024w, https:\/\/www.moneybob.com\/wp-content\/uploads\/Microcreditos-edited-768x433.jpg 768w\" sizes=\"auto, (max-width: 1280px) 100vw, 1280px\" \/><figcaption>Microcr\u00e9ditos.<\/figcaption><\/figure>\n<\/div>\n\n\n<h2 class=\"gb-headline gb-headline-20d32509 gb-headline-text\">Microcr\u00e9ditos r\u00e1pidos<\/h2>\n\n\n\n<p>Los microcr\u00e9ditos r\u00e1pidos se solicitan exclusivamente online por una raz\u00f3n: sus requisitos est\u00e1n prefijados, de forma que los operadores solo necesitan verificar que cumples con 4 o 5 obligaciones para darte una respuesta. Esto es lo que hace que se les conozca tambi\u00e9n como microcr\u00e9ditos al instante.<\/p>\n\n\n\n<h3 class=\"gb-headline gb-headline-9449e6cb gb-headline-text\">Microcr\u00e9ditos r\u00e1pidos solo con DNI<\/h3>\n\n\n\n<p>Los microcr\u00e9ditos online est\u00e1n dise\u00f1ados para que cualquiera con un tel\u00e9fono y conexi\u00f3n a internet pueda solicitarlos, y sus requisitos se pueden llegar a limitar exclusivamente a:<\/p>\n\n\n\n<ul class=\"wp-block-list\"><li>Que seas mayor de edad, o en su caso est\u00e9n dentro de la franja de edad (entre 18 y 75 a\u00f1os) que indique el prestamista.<\/li><li>Que residas en Espa\u00f1a de forma legal (lo que demuestras con tu DNI o tu NIE)<\/li><li>Que tengas una cuenta con IBAN espa\u00f1ol (donde te ingresar\u00e1n el dinero del pr\u00e9stamo)<\/li><\/ul>\n\n\n\n<p>Para microcr\u00e9ditos al instante por cantidades que no superen los 300\u20ac es posible incluso encontrar portales online de entidades financieras privadas que te permitan solicitarlos pese a estar inscrito en un registro de morosos.<\/p>\n\n\n\n<h3 class=\"gb-headline gb-headline-f2806bb4 gb-headline-text\">Requisitos adicionales para conseguir microcr\u00e9ditos r\u00e1pidos<\/h3>\n\n\n\n<p>Algunos microcr\u00e9ditos r\u00e1pidos pueden llegar hasta los 5.000\u20ac (en <strong><a href=\"https:\/\/www.moneybob.com\/es\/prestamos\/cofidis\/\" data-type=\"URL\" data-id=\"https:\/\/www.moneybob.com\/es\/prestamos\/cofidis\/\">Cofidis<\/a><\/strong> los hay incluso por 6.000\u20ac). Estas cifras no son las habituales, pero en estos casos los prestamistas necesitan asegurarse de que eres solvente y cuentas con los medios para devolver tu pr\u00e9stamo. Por eso, adicionalmente pueden solicitarte tambi\u00e9n:<\/p>\n\n\n\n<ul class=\"wp-block-list\"><li>N\u00f3minas, recibos de pensi\u00f3n, de prestaciones o de la cuota del pago de aut\u00f3nomos.<\/li><li>No estar en ASNEF u otro registro similar y no tener cargas o deudas importantes (que superen los 1.500\u20ac) abiertas.<\/li><li>Que justifiques con un documento en qu\u00e9 vas a invertir el dinero del microcr\u00e9dito: una factura proforma, un presupuesto, un cat\u00e1logo de compra\u2026. Igual que se hace para <strong><a href=\"https:\/\/www.moneybob.com\/es\/prestamos\/\" data-type=\"URL\" data-id=\"https:\/\/www.moneybob.com\/es\/prestamos\/\">los pr\u00e9stamos<\/a><\/strong> personales.<\/li><li>Un seguro, si eres pensionista o mayor de 70 a\u00f1os (la edad puede variar con cada prestamista).<\/li><\/ul>\n\n\n\n<p id=\"E521\">Adem\u00e1s, para poder confirmar el contrato de los microcr\u00e9ditos al instante la mayor\u00eda de portales web de financiaci\u00f3n te pedir\u00e1n que les des tu n\u00famero de tel\u00e9fono para enviarte un SMS o consultarte en caso de que surja cualquier problema con la documentaci\u00f3n o los datos aportados.<\/p>\n\n\n\n<p id=\"E523\">Tambi\u00e9n es conveniente (si no obligatorio) facilitarles una direcci\u00f3n de correo electr\u00f3nico para que, en su caso, nos env\u00eden una copia del contrato o cualquier otra documentaci\u00f3n de nuestro inter\u00e9s.<\/p>\n\n\n\n<p id=\"E526\">Con independencia de todo lo anterior, para conseguir microcr\u00e9ditos online es un requisito obligado registrarse y crear una cuenta en la web del prestamista. Esto te proporcionar\u00e1 acceso online a todos los productos de acuerdo a tu estatus y nivel de confianza, adem\u00e1s de permitirte hacer un seguimiento de tus deudas, cu\u00e1ndo vencer\u00e1 la pr\u00f3xima cuota de tu pr\u00e9stamo o incluso abonar sus pagos c\u00f3modamente.<\/p>\n\n\n\n<p id=\"E533\">Muchos microcr\u00e9ditos online ofrecen la posibilidad de gestionarlos a trav\u00e9s de la app del operador. Pero para la mayor\u00eda, es necesario haberse registrado antes.<\/p>\n\n\n\n<h2 class=\"gb-headline gb-headline-fd239208 gb-headline-text\">Microcr\u00e9ditos con ASNEF<\/h2>\n\n\n\n<p>Los microcr\u00e9ditos con ASNEF implican que podr\u00e1s optar a solicitar un microcr\u00e9dito incluso aunque est\u00e9s registrado como moroso: es decir, que al prestamista le conste que tienes deudas pendientes.<\/p>\n\n\n\n<p>Esto es realmente importante porque en el protocolo de verificaci\u00f3n de la mayor\u00eda de prestamistas, se incluye una comprobaci\u00f3n de tu nombre completo y n\u00famero de DNI en registros de deudores como ASNEF o RAI, entre otros. Tambi\u00e9n comprueban si tienes alguna l\u00ednea de cr\u00e9dito abierta o deudas importantes que todav\u00eda est\u00e1s pagando.<\/p>\n\n\n\n<h3 class=\"gb-headline gb-headline-d70bb016 gb-headline-text\">\u00bfQui\u00e9n concede microcr\u00e9ditos con ASNEF?<\/h3>\n\n\n<div class=\"wp-block-image\">\n<figure class=\"aligncenter size-large\"><img loading=\"lazy\" decoding=\"async\" width=\"1024\" height=\"702\" src=\"https:\/\/www.moneybob.com\/wp-content\/uploads\/Microcredito-1024x702.jpg\" alt=\"Microcr\u00e9ditos con ASNEF\" class=\"wp-image-6075\" title=\"\" srcset=\"https:\/\/www.moneybob.com\/wp-content\/uploads\/Microcredito-1024x702.jpg 1024w, https:\/\/www.moneybob.com\/wp-content\/uploads\/Microcredito-300x206.jpg 300w, https:\/\/www.moneybob.com\/wp-content\/uploads\/Microcredito-768x526.jpg 768w, https:\/\/www.moneybob.com\/wp-content\/uploads\/Microcredito.jpg 1280w\" sizes=\"auto, (max-width: 1024px) 100vw, 1024px\" \/><figcaption>Microcr\u00e9ditos con ASNEF.<\/figcaption><\/figure>\n<\/div>\n\n\n<p id=\"E552\">Hay varias entidades financieras privadas que lo hacen, pero nuestro consejo es que antes de nada visites la web de <strong><a href=\"https:\/\/www.moneybob.com\/es\/prestamos\/moneyman\/\" data-type=\"URL\" data-id=\"https:\/\/www.moneybob.com\/es\/prestamos\/moneyman\/\">MoneyMan<\/a><\/strong>. La raz\u00f3n es porque las empresas que conceden microcr\u00e9ditos con ASNEF suelen cobrar intereses muy altos, tanto que es probable que no te merezca la pena solicitar tu pr\u00e9stamo con ellos.<\/p>\n\n\n\n<p id=\"E564\">Ten en cuenta que en mercado de los microcr\u00e9ditos r\u00e1pidos se puede alcanzar hasta el 30% del valor solo en intereses, y para algunos microcr\u00e9ditos con <a href=\"https:\/\/twitter.com\/asnef_\" target=\"_blank\" data-type=\"URL\" data-id=\"https:\/\/twitter.com\/asnef_\" rel=\"noreferrer noopener\">ASNEF<\/a> este porcentaje se supera con creces. Para que te hagas una idea, esto supone que un microcr\u00e9dito de 100\u20ac te podr\u00eda costar (en menos de 30 d\u00edas) cerca de 150\u20ac, si a las comisiones les sumamos cuotas, gastos y comisiones.<\/p>\n\n\n\n<h3 class=\"gb-headline gb-headline-a5a8e4b3 gb-headline-text\">Conclusi\u00f3n<\/h3>\n\n\n\n<p>Un microcr\u00e9dito es una soluci\u00f3n inteligente siempre que tengas la certeza de que podr\u00e1s empelar tu pr\u00f3xima n\u00f3mina o pensi\u00f3n para devolverlo. En casos as\u00ed, los microcr\u00e9ditos se convierten en herramientas realmente pr\u00e1cticas. Solo hay que saber c\u00f3mo utilizarlas y d\u00f3nde encontrar los mejores microcr\u00e9ditos r\u00e1pidos \u00a1Pero para eso ya estamos nosotros!<\/p>\n","protected":false},"excerpt":{"rendered":"<p>Los microcr\u00e9ditos son herramientas de financiaci\u00f3n para peque\u00f1os gastos imprevistos dise\u00f1adas de forma flexible para poder acomodarse a las necesidades de cada persona. Son uno &#8230; <\/p>\n<p class=\"read-more-container\"><a title=\"Microcr\u00e9ditos\" class=\"read-more button\" href=\"https:\/\/www.moneybob.com\/es\/prestamos\/microcreditos\/#more-6066\" aria-label=\"Leer m\u00e1s sobre Microcr\u00e9ditos\">Leer m\u00e1s<\/a><\/p>\n","protected":false},"author":3,"featured_media":0,"parent":5969,"menu_order":0,"comment_status":"closed","ping_status":"closed","template":"","meta":{"_eb_attr":"","footnotes":""},"class_list":["post-6066","page","type-page","status-publish"],"_links":{"self":[{"href":"https:\/\/www.moneybob.com\/es\/wp-json\/wp\/v2\/pages\/6066","targetHints":{"allow":["GET"]}}],"collection":[{"href":"https:\/\/www.moneybob.com\/es\/wp-json\/wp\/v2\/pages"}],"about":[{"href":"https:\/\/www.moneybob.com\/es\/wp-json\/wp\/v2\/types\/page"}],"author":[{"embeddable":true,"href":"https:\/\/www.moneybob.com\/es\/wp-json\/wp\/v2\/users\/3"}],"replies":[{"embeddable":true,"href":"https:\/\/www.moneybob.com\/es\/wp-json\/wp\/v2\/comments?post=6066"}],"version-history":[{"count":0,"href":"https:\/\/www.moneybob.com\/es\/wp-json\/wp\/v2\/pages\/6066\/revisions"}],"up":[{"embeddable":true,"href":"https:\/\/www.moneybob.com\/es\/wp-json\/wp\/v2\/pages\/5969"}],"wp:attachment":[{"href":"https:\/\/www.moneybob.com\/es\/wp-json\/wp\/v2\/media?parent=6066"}],"curies":[{"name":"wp","href":"https:\/\/api.w.org\/{rel}","templated":true}]}}