{"id":6089,"date":"2022-10-26T06:59:15","date_gmt":"2022-10-26T06:59:15","guid":{"rendered":"https:\/\/www.moneybob.com\/?page_id=6089"},"modified":"2022-10-26T06:59:17","modified_gmt":"2022-10-26T06:59:17","slug":"cofidis","status":"publish","type":"page","link":"https:\/\/www.moneybob.com\/es\/prestamos\/cofidis\/","title":{"rendered":"Cofidis opiniones"},"content":{"rendered":"<div class=\"wp-block-image\">\n<figure class=\"alignright size-full is-resized\"><img loading=\"lazy\" decoding=\"async\" src=\"https:\/\/www.moneybob.com\/wp-content\/uploads\/Cofidis.png\" alt=\"Cofidis\" class=\"wp-image-6091\" width=\"128\" height=\"128\" title=\"\" srcset=\"https:\/\/www.moneybob.com\/wp-content\/uploads\/Cofidis.png 512w, https:\/\/www.moneybob.com\/wp-content\/uploads\/Cofidis-300x300.png 300w, https:\/\/www.moneybob.com\/wp-content\/uploads\/Cofidis-150x150.png 150w\" sizes=\"auto, (max-width: 128px) 100vw, 128px\" \/><figcaption>Cofidis.<\/figcaption><\/figure>\n<\/div>\n\n\n<p>Cofidis es una entidad financiera de confianza para miles de clientes en Espa\u00f1a desde hace a\u00f1os. De hecho, es uno de los prestamistas online y por tel\u00e9fono m\u00e1s conocidos en nuestro pa\u00eds porque fueron pioneros del mercado de los pr\u00e9stamos r\u00e1pidos. Sus servicios destacan porque Cofridis ofrece:<\/p>\n\n\n\n<ul class=\"wp-block-list\"><li>Asesoramiento personalizado<\/li><li>Soluciones financieras a medida<\/li><li>M\u00faltiples canales de solicitud para dar facilidades a sus clientes<\/li><\/ul>\n\n\n\n<p>Cofidis Espa\u00f1a ha cumplido 30 a\u00f1os ofreciendo sus servicios, con m\u00e1s de 2,5 millones de clientes. Su actividad est\u00e1 supervisada por el Banco de Espa\u00f1a, lo que les convierte en un aut\u00e9ntico referente de seguridad y fiabilidad en cuanto a su funcionamiento. Forman parte de ASNEF y de <a href=\"https:\/\/www.adigital.org\/\" target=\"_blank\" data-type=\"URL\" data-id=\"https:\/\/www.adigital.org\/\" data-schema-attribute=\"mentions\" rel=\"noreferrer noopener\">ADIGITAL<\/a> (Federaci\u00f3n de Comercio Electr\u00f3nico y Marketing Directo).<\/p>\n\n\n\n<h2 class=\"gb-headline gb-headline-a68ae9e6 gb-headline-text\">Cofidis Pr\u00e9stamos, Seguros y Financiaci\u00f3n<\/h2>\n\n\n\n<p>Cofidis es una financiera muy completa, centrada en dos tipos principales de productos, que engloban por un lado Financiaci\u00f3n y por otros pr\u00e9stamos y cr\u00e9ditos. Con Cofidis Espa\u00f1a puedes contratar:<\/p>\n\n\n\n<ul class=\"wp-block-list\"><li>Pr\u00e9stamos personales<\/li><li>Tarjetas de cr\u00e9dito<\/li><li>Pago a plazos (4XCARD)<\/li><li>Compras financiadas (Cofidis Play)<\/li><\/ul>\n\n\n\n<p>Tambi\u00e9n cuentan con ofertas de seguros Cofidis con condiciones especiales para sus clientes.<\/p>\n\n\n\n<h3 class=\"gb-headline gb-headline-dadc2dbc gb-headline-text\">App Cofidis<\/h3>\n\n\n\n<p>Cofidis cuenta con su propia aplicaci\u00f3n m\u00f3vil para facilitar la tramitaci\u00f3n y pago de las cuotas de pr\u00e9stamos r\u00e1pidos a sus clientes. Est\u00e1 disponible en la App Store (iOS) y Google Play (Android), y permite:<\/p>\n\n\n\n<ol class=\"wp-block-list\"><li>Gestionar los productos contratados con Cofidis sin tener que acceder al Espacio Cliente introduciendo tu contrase\u00f1a de usuario desde la p\u00e1gina web.<\/li><li>Consultar los movimientos de tu pr\u00e9stamo con Cofidis, especialmente \u00fatil para estar al d\u00eda sobre el estado de los productos contratados, las cuotas de tu pr\u00e9stamo Cofidis, las fechas de pago\u2026<\/li><li>Realizar operaciones a distancia: subir documentaci\u00f3n descargar extractos, enviar solicitudes, ampliar cr\u00e9ditos, gestionar tr\u00e1mites\u2026<\/li><li>Contratar pr\u00e9stamos r\u00e1pidos con Cofidis.<\/li><\/ol>\n\n\n\n<p>La App Cofidis resulta realmente c\u00f3moda para pagar recibos, actualizar tus datos personales, modificar tus cuotas y subir la documentaci\u00f3n necesaria para tus solicitudes de pr\u00e9stamos.<\/p>\n\n\n\n<h3 class=\"gb-headline gb-headline-0bca8657 gb-headline-text\">Contacto Cofidis Espa\u00f1a<\/h3>\n\n\n\n<p>Si necesitas contactar con Cofidis, puedes hacerlo a trav\u00e9s de estos canales, que encontrar\u00e1s detallados dentro de la secci\u00f3n \u201cSobreCofidis\u201d &gt; \u201cAyuda y Contacto\u201d en la barra de men\u00fa principal de su portal online:<\/p>\n\n\n\n<ul class=\"wp-block-list\"><li>Buscador de Preguntas Frecuentes FAQS. Est\u00e1n organizadas por categor\u00edas pero tambi\u00e9n se pueden filtrar escribiendo lo que buscas exactamente.<\/li><li>Formulario de contacto Cofidis.<\/li><li>Chat online Cofidis disponible de lunes a viernes de 09.00 a 19.00 solo para clientes registrados.<\/li><li>Tel\u00e9fono Cofidis 900 85 60 60, 900 670 670: disponible de lunes a viernes de 09.00 a 19.00.<\/li><li>Direcci\u00f3n Postal Cofidis: Cofidis SA Sucursal en Espa\u00f1a. Plaza de la Pau s\/n Edifi.WTC AP1, 08940 Cornell\u00e0 de Llobregat. Barcelona.<\/li><\/ul>\n\n\n\n<h2 class=\"gb-headline gb-headline-55251d4a gb-headline-text\">Cofidis Pr\u00e9stamos<\/h2>\n\n\n\n<p>Cofidis pr\u00e9stamos ofrece pr\u00e9stamos personales en una gran variedad de rangos. Puedes solicitar con Cofidis pr\u00e9stamos desde 500\u20ac hasta 6.000\u20ac para solventar una emergencia y devolver de forma r\u00e1pida, o pr\u00e9stamos de entre 6.000\u20ac &#8211; 60.000e, destinados a compras importantes.<\/p>\n\n\n\n<p>Para utilizar con Cofidis pr\u00e9stamos de cualquiera de sus variedades, no tienes que cambiar de banco ni concertar una cita: todo el proceso se hace online y el abono de las cuotas se puede tramitar c\u00f3modamente desde la app Cofidis.<\/p>\n\n\n\n<h2 class=\"gb-headline gb-headline-0ad8d88d gb-headline-text\">Cofidis Pr\u00e9stamos Personales: tipos<\/h2>\n\n\n\n<p>Los pr\u00e9stamos r\u00e1pidos de Cofidis se dividen en cuatro grandes grupos, dependiendo del tipo de uso que se les vaya a dar. Esto permite ajustar la cantidad y los plazos de las cuotas, as\u00ed como perfilar mejor el tipo de cliente al que se dirigen y las cantidades, de acuerdo con lo que se vaya a comprar:<\/p>\n\n\n\n<ul class=\"wp-block-list\"><li><strong><a href=\"https:\/\/www.moneybob.com\/es\/prestamos\/prestamos-personales\/\" data-type=\"page\" data-id=\"5998\">Pr\u00e9stamo personal<\/a><\/strong><\/li><li>Pr\u00e9stamo reforma<\/li><li>Pr\u00e9stamo coche nuevo, de ocasi\u00f3n o moto<\/li><li>Equipamiento<\/li><li>Estudios<\/li><li>Dental<\/li><li>Viajes<\/li><li>Celebraciones<\/li><li>Instrumentos<\/li><li>Otros pr\u00e9stamos personales<\/li><\/ul>\n\n\n\n<p>Cofidis pr\u00e9stamos cuenta con su propio simulador especializado para cada tipo de pr\u00e9stamo que ofrece, adem\u00e1s de presentarte a un golpe de vista toda la informaci\u00f3n sobre:<\/p>\n\n\n\n<ul class=\"wp-block-list\"><li>los requisitos que necesitas cumplir para solicitarlos<\/li><li>sus intereses<\/li><li>su comisi\u00f3n de apertura<\/li><li>si tiene opciones de protecci\u00f3n del pago de sus cuotas<\/li><\/ul>\n\n\n\n<h3 class=\"gb-headline gb-headline-15e2f5fc gb-headline-text\">Cofidis Pr\u00e9stamo Personal o Cr\u00e9dito Directo<\/h3>\n\n\n\n<p>Si est\u00e1s pensando pedir con Cofidis un pr\u00e9stamo personal, debes saber que es el m\u00e1s popular de sus productos. Va desde 6.000\u20ac a 60.000\u20ac, a devolver entre 1 y 10 a\u00f1os.<\/p>\n\n\n\n<p>Pero si lo que realmente quieres es un pr\u00e9stamo r\u00e1pido Cofidis, entonces f\u00edjate en Cofidis Cr\u00e9dito Directo. Tiene un l\u00edmite de entre 500\u20ac y 6.000\u20ac a devolver entre 13 y 43 meses, con las siguientes caracter\u00edsticas:<\/p>\n\n\n\n<ol class=\"wp-block-list\"><li>Sin comisi\u00f3n de apertura<\/li><li>TIN 18,31% fijo (m\u00ednimo y m\u00e1ximo)<\/li><li>TAE 19,93% fijo (m\u00ednimo y m\u00e1ximo)<\/li><li>Sin comisi\u00f3n de estudio<\/li><li>Sin comisi\u00f3n de mantenimiento<\/li><li>Sin comisi\u00f3n de cancelaci\u00f3n total o parcial<\/li><\/ol>\n\n\n\n<p>Si ya eres cliente Cofidis, encontrar\u00e1s unas mejores condiciones al utilizar el simulador de Cofidis Pr\u00e9stamos desde tu Espacio Personal en su web o directamente en la aplicaci\u00f3n. Con Cofidis Cr\u00e9ditos Directos se pueden hacer solicitudes individuales o con cotitular.<\/p>\n\n\n\n<h3 class=\"gb-headline gb-headline-b0ede8c2 gb-headline-text\">Pr\u00e9stamos Cofidis: c\u00f3mo solicitarlos<\/h3>\n\n\n\n<p>Los cr\u00e9ditos directos y pr\u00e9stamos Cofidis est\u00e1n dise\u00f1ado para ser accesibles, por eso tienen muy pocos requisitos. Para pedir un pr\u00e9stamo Cofidis necesitar\u00e1s:<\/p>\n\n\n\n<ul class=\"wp-block-list\"><li>Ser mayor de edad<\/li><li>Ser residente en Espa\u00f1a (con NIE si eres extranjero)<\/li><li>Ser capaz de demostrar ingresos regulares (cuota de aut\u00f3nomos, n\u00f3minas, recibos de pensi\u00f3n o prestaci\u00f3n\u2026)<\/li><li>Ser solvente. Eso significa no estar incluido en ASNEF, RAI, BADEXCUG\u2026<\/li><\/ul>\n\n\n\n<p>En funci\u00f3n del tipo de pr\u00e9stamo personal Cofidis que solicites se te puede pedir tambi\u00e9n que adjuntes un presupuesto, una factura proforma\u2026 que justifiquen la cantidad que est\u00e1s solicitando. Esto es frecuente en pr\u00e9stamos para reformar el hogar, la compra de coches o equipamiento\u2026<\/p>\n\n\n\n<h2 class=\"gb-headline gb-headline-caf0aa49 gb-headline-text\">Cofidis pr\u00e9stamos simulador<\/h2>\n\n\n\n<p>En Cofidis pr\u00e9stamos el simulador es algo esencial. Seleccionando una de sus dos pesta\u00f1as superiores puedes configurarlo para utilizar en:<\/p>\n\n\n\n<ul class=\"wp-block-list\"><li>Cr\u00e9dito Directo (lo que ser\u00eda un cr\u00e9dito r\u00e1pido online a partir de 500\u20ac)<\/li><li>Pr\u00e9stamo Personal (para pr\u00e9stamos por cantidades mayores, a partir de 6.000\u20ac)<\/li><\/ul>\n\n\n\n<p id=\"E1174\">Solo tendr\u00e1s que elegir el importe y la mensualidad de cada cuota para determinar en cu\u00e1ntos meses vas a devolverlo. Autom\u00e1ticamente se te mostrar\u00e1 el gasto por comisi\u00f3n de apertura y los porcentajes del TAE y TIN, junto con el importe total adeudado.<\/p>\n\n\n\n<p id=\"E1176\">En Cofidis Cr\u00e9ditos Directos actualmente no hay variaciones en TAE ni el TIN: no importa si la cantidad que solicites ni si devuelves el dinero en 13 o 43 cuotas, porque el porcentaje de inter\u00e9s se mantendr\u00e1 fijo. Pero al utilizar el simulador Cofidis Pr\u00e9stamos Personales enseguida te dar\u00e1s cuenta de que la cosa cambia.<\/p>\n\n\n\n<p id=\"E1189\">Los porcentajes m\u00e1ximo y m\u00ednimo de TAE para Pr\u00e9stamos Personales Cofidis de entre 6.000\u20ac &#8211; 60.000\u20ac a devolver entre 12 meses y 48 meses van desde el 4,95% TIN y 5,06% TAE a 14,70% TIN y 15,73% TAE. En Cofidis Pr\u00e9stamos online los porcentajes de inter\u00e9s variar\u00e1n en funci\u00f3n de 3 criteros:<\/p>\n\n\n\n<ul class=\"wp-block-list\"><li>El tipo de proyecto al que se dedica el Pr\u00e9stamo Cofidis<\/li><li>Los plazos<\/li><li>El importe contratado con Cofidis Pr\u00e9stamos<\/li><\/ul>\n\n\n\n<p>Puedes ver la tabla de amortizaci\u00f3n de cr\u00e9dito Cofidis para cada cuota, con informaci\u00f3n sobre los intereses mes a mes, el saldo deudor, el capital amortizado y el saldo pendiente, entre otras cosas. Este desplegable es uno de los extras que incluye Cofidis simulador y lo diferencia de otros simuladores de pr\u00e9stamos.<\/p>\n\n\n\n<h2 class=\"gb-headline gb-headline-ed7d85b8 gb-headline-text\">Cofidis: Preguntas frecuentes<\/h2>\n\n\n\n<p>La secci\u00f3n de preguntas frecuentes de Cofidis se organiza en las siguientes categor\u00edas:<\/p>\n\n\n\n<ul class=\"wp-block-list\"><li>Sobre Cofidis, con informaci\u00f3n sobre la empresa, c\u00f3mo contactar y c\u00f3mo funciona.<\/li><li>Mi Espacio Cliente, sobre todas las opciones y tr\u00e1mites disponibles para clientes Cofidis.<\/li><li>Solicitud en tr\u00e1mite, para consultar el estado de tu solicitud de pr\u00e9stamo Cofidis<\/li><li>Productos financieros y seguros<\/li><li>Pagar una cuota, con informaci\u00f3n sobre m\u00e9todos de pago de cuotas disponibles y opciones de aplazamiento.<\/li><li>No soy cliente, con los requisitos para contratar Cofidis cr\u00e9dito y pr\u00e9stamos.<\/li><li>Mis compras financiadas, muy \u00fatiles para hacer un seguimiento de su estado.<\/li><li>Documentos necesarios, con informaci\u00f3n sobre el tipo de documento que necesitas seg\u00fan tus circunstancias, c\u00f3mo enviarlo\u2026.<\/li><\/ul>\n\n\n\n<h3 class=\"gb-headline gb-headline-366e6db5 gb-headline-text\">\u00bfC\u00f3mo se pueden pagar las cuotas de los cr\u00e9ditos Cofidis?<\/h3>\n\n\n\n<p><strong><a href=\"https:\/\/www.moneybob.com\/es\/prestamos\/\" data-type=\"URL\" data-id=\"https:\/\/www.moneybob.com\/es\/prestamos\/\">Los pr\u00e9stamos<\/a><\/strong> Cofidis se pueden pagar c\u00f3modamente a trav\u00e9s de la app Cofidis, pero si no quieres instal\u00e1rtela en el m\u00f3vil, tambi\u00e9n puedes optar por:<\/p>\n\n\n\n<ul class=\"wp-block-list\"><li>Por domiciliaci\u00f3n bancaria<\/li><li>En cajeros de BBVA<\/li><li>En cajeros de CaixaBank<\/li><li>Con tarjeta a trav\u00e9s de tu Espacio Cliente Cofidis<\/li><li>A trav\u00e9s de Paymefy (cuando se produce una devoluci\u00f3n del banco)<\/li><\/ul>\n\n\n\n<h3 class=\"gb-headline gb-headline-690df774 gb-headline-text\">\u00bfQu\u00e9 pasa si no puedo pagar a Cofidis un pr\u00e9stamo?<\/h3>\n\n\n\n<p>Si no puedes pagar una cuota de un cr\u00e9dito directo o pr\u00e9stamo Cofidis, puedes utilizar su servicio Comod\u00edn para aplazar un pago, contactando con Cofidis de lunes a viernes de 09.00 a 19.00 a trav\u00e9s:<\/p>\n\n\n\n<ul class=\"wp-block-list\"><li>Tel\u00e9fono pagos Cofidis: 900 670 670<\/li><li>Chat online, a trav\u00e9s de tu Espacio Cliente<\/li><\/ul>\n\n\n\n<p>Puedes utilizarlo para hasta 2 aplazamientos no consecutivos en un periodo de 12 meses, activ\u00e1ndolo al contactar con Cofidis y siempre y cuando hayan pasado 3 meses del \u00faltimo Comod\u00edn utilizado. Los aplazamientos con Comod\u00edn no modifican el importe de las siguientes cuotas, ni tampoco tus posibilidades de contratar con Cofidis pr\u00e9stamos u otros servicios en el futuro.<\/p>\n\n\n\n<h3 class=\"gb-headline gb-headline-a3c0edcb gb-headline-text\">Documentaci\u00f3n Cofidis aut\u00f3nomos<\/h3>\n\n\n\n<p>Si vas a pedir con Codifis pr\u00e9stamos y eres aut\u00f3nomo, la documentaci\u00f3n a presentar en tu caso incluye:<\/p>\n\n\n\n<ul class=\"wp-block-list\"><li>Modelo 100 o 130 del \u00faltimo trimestre<\/li><li>IAE, vida laboral o modelo 036\/037 de la declaraci\u00f3n censal<\/li><li>Recibo del \u00faltimo pago a la Seguridad Social<\/li><\/ul>\n\n\n\n<p>Con estos tres documentos quedar\u00e1n justificados tus ingresos frecuentes y ser\u00e1s elegible para solicitar pr\u00e9stamos Cofidis.<\/p>\n\n\n\n<h2 class=\"gb-headline gb-headline-504a2e05 gb-headline-text\">Cofidis opiniones<\/h2>\n\n\n\n<p>Es f\u00e1cil encontrar sobre Cofidis opiniones positivas en la web, De hecho, en Google Reviews consiguen 4.7 estrellas a partir de m\u00e1s de 8.000 revisiones de clientes verificados. Seg\u00fan el Instituto OPSIS 2021:<\/p>\n\n\n\n<ul class=\"wp-block-list\"><li>95% de los clientes de Cofidis est\u00e1n satisfechos.<\/li><li>85% de los clientes Cofid\u00eds lo recomendar\u00edan.<\/li><li>94% de clientes Cofidis siente que han cumplido sus expectativas con sus pr\u00e9stamos y asesoramiento.<\/li><\/ul>\n\n\n\n<p>Adem\u00e1s, el Servicio de Atenci\u00f3n al Cliente Cofidis ha conseguido sucesivos premios, el \u00faltimo en 2022.<\/p>\n\n\n\n<h3 class=\"gb-headline gb-headline-62f2f57f gb-headline-text\">Cofidis Qu\u00e9 es<\/h3>\n\n\n\n<p id=\"E1426\">\u00bfQu\u00e9 es Cofidis? Cofidis es una empresa de servicios financieros especializada en pr\u00e9stamos personales.<\/p>\n\n\n\n<p id=\"E1436\">Aunque a todos los efectos funciona como una empresa espa\u00f1ola, Cofidis Espa\u00f1a es parte del grupo empresarial C\u00e9dit Mutuel, con sede en Francia donde tiene m\u00e1s de 3.700 establecimientos y est\u00e1 considera el quinto banco en importancia del pa\u00eds.<\/p>\n\n\n\n<p>Es probable que encuentres sobre Cofidis opiniones m\u00e1s positivas que sobre cualquier otro portal de pr\u00e9stamos online por:<\/p>\n\n\n\n<ul class=\"wp-block-list\"><li>Su dilatada experiencia<\/li><li>Que ya se ha convertido en un recurso familiar para muchos espa\u00f1oles<\/li><li>Sus pr\u00e9stamos de inter\u00e9s bajo<\/li><\/ul>\n\n\n\n<p>Cofidis es un nombre reconocible para la mayor\u00eda de espa\u00f1oles y casi todos conocemos a alguien que alguna vez ha solicitado un pr\u00e9stamo con ellos. Esto genera una confianza con la que no cuenta ning\u00fan otro portal de pr\u00e9stamos online en nuestro pa\u00eds.<\/p>\n\n\n\n<h2 class=\"gb-headline gb-headline-99671c70 gb-headline-text\">Pr\u00e9stamos Cofidis opiniones<\/h2>\n\n\n\n<p>Puedes encontrar sobre pr\u00e9stamos Cofidis opiniones de muchos de sus clientes europeos, porque Cofidis est\u00e1 presente en Espa\u00f1a y Francia, adem\u00e1s de en Portugal, B\u00e9lgica, Rep\u00fablica Checa, Hungr\u00eda y Eslovaquia.<\/p>\n\n\n\n<p>Las opiniones sobre Cofidis m\u00e1s habituales se refieren a la buena asistencia que reciben (que incluye asesoramiento) y la eficiencia a la hora de dise\u00f1ar pr\u00e9stamos personales de forma sencilla y r\u00e1pida. Tambi\u00e9n acumulan muy buenas cr\u00edticas su:<\/p>\n\n\n\n<ul class=\"wp-block-list\"><li>servicio de atenci\u00f3n al cliente<\/li><li>aplicaci\u00f3n m\u00f3vil<\/li><li>facilidad para la consulta de productos contratados y condiciones<\/li><li>firma de contrato a trav\u00e9s de SMS<\/li><li>simplicidad en las tramitaciones<\/li><li>rapidez para depositar el dinero<\/li><\/ul>\n\n\n\n<p>Es habitual escuchar sobre pr\u00e9stamos Cofidis opiniones positivas en conversaciones diarias, porque los pr\u00e9stamos Cofidis son un herramienta financiera \u00fatil, f\u00e1cil de entender y dise\u00f1ada con un sentido totalmente pr\u00e1ctico y muy realista.<\/p>\n","protected":false},"excerpt":{"rendered":"<p>Cofidis es una entidad financiera de confianza para miles de clientes en Espa\u00f1a desde hace a\u00f1os. De hecho, es uno de los prestamistas online y &#8230; <\/p>\n<p class=\"read-more-container\"><a title=\"Cofidis opiniones\" class=\"read-more button\" href=\"https:\/\/www.moneybob.com\/es\/prestamos\/cofidis\/#more-6089\" aria-label=\"Leer m\u00e1s sobre Cofidis opiniones\">Leer m\u00e1s<\/a><\/p>\n","protected":false},"author":3,"featured_media":0,"parent":5969,"menu_order":0,"comment_status":"closed","ping_status":"closed","template":"","meta":{"_eb_attr":"","footnotes":""},"class_list":["post-6089","page","type-page","status-publish"],"_links":{"self":[{"href":"https:\/\/www.moneybob.com\/es\/wp-json\/wp\/v2\/pages\/6089","targetHints":{"allow":["GET"]}}],"collection":[{"href":"https:\/\/www.moneybob.com\/es\/wp-json\/wp\/v2\/pages"}],"about":[{"href":"https:\/\/www.moneybob.com\/es\/wp-json\/wp\/v2\/types\/page"}],"author":[{"embeddable":true,"href":"https:\/\/www.moneybob.com\/es\/wp-json\/wp\/v2\/users\/3"}],"replies":[{"embeddable":true,"href":"https:\/\/www.moneybob.com\/es\/wp-json\/wp\/v2\/comments?post=6089"}],"version-history":[{"count":0,"href":"https:\/\/www.moneybob.com\/es\/wp-json\/wp\/v2\/pages\/6089\/revisions"}],"up":[{"embeddable":true,"href":"https:\/\/www.moneybob.com\/es\/wp-json\/wp\/v2\/pages\/5969"}],"wp:attachment":[{"href":"https:\/\/www.moneybob.com\/es\/wp-json\/wp\/v2\/media?parent=6089"}],"curies":[{"name":"wp","href":"https:\/\/api.w.org\/{rel}","templated":true}]}}