{"id":6123,"date":"2022-10-27T08:11:48","date_gmt":"2022-10-27T08:11:48","guid":{"rendered":"https:\/\/www.moneybob.com\/?page_id=6123"},"modified":"2025-01-14T17:36:32","modified_gmt":"2025-01-14T17:36:32","slug":"moneyman","status":"publish","type":"page","link":"https:\/\/www.moneybob.com\/es\/prestamos\/moneyman\/","title":{"rendered":"Moneyman opiniones"},"content":{"rendered":"<div class=\"wp-block-image\">\n<figure class=\"alignright size-full\"><img loading=\"lazy\" decoding=\"async\" width=\"200\" height=\"200\" src=\"https:\/\/www.moneybob.com\/wp-content\/uploads\/Moneyman.png\" alt=\"Moneyman opiniones\" class=\"wp-image-6130\" title=\"\" srcset=\"https:\/\/www.moneybob.com\/wp-content\/uploads\/Moneyman.png 200w, https:\/\/www.moneybob.com\/wp-content\/uploads\/Moneyman-150x150.png 150w\" sizes=\"auto, (max-width: 200px) 100vw, 200px\" \/><figcaption class=\"wp-element-caption\">Moneyman.<\/figcaption><\/figure>\n<\/div>\n\n\n<p id=\"E392\">MoneyMan es una entidad financiera dedicada a conceder <strong><a href=\"https:\/\/www.moneybob.com\/es\/prestamos\/prestamos-personales\/\" data-type=\"URL\" data-id=\"https:\/\/www.moneybob.com\/es\/prestamos\/prestamos-personales\/\">pr\u00e9stamos personales<\/a><\/strong> y peque\u00f1os cr\u00e9ditos accesibles, con tramitaci\u00f3n online y un protocolo sencillo que hace que el dinero llegue a tu cuenta en el menor tiempo posible.<\/p>\n\n\n\n<p id=\"E397\">Money Man es la marca comercial de IDFinance Spain SAU (NIF A66487190). En Espa\u00f1a funciona desde 2015 y desde 2017 tambi\u00e9n en M\u00e9xico. En su primer a\u00f1o como prestamistas en nuestro pa\u00eds superaron los 3 millones emitidos en pr\u00e9stamos al consumo y para 2018 ya contaban con una media de registros mensuales de 20.000 usuarios.<\/p>\n\n\n\n<p>Con MoneyMan puedes contratar online:<\/p>\n\n\n\n<ul class=\"wp-block-list\">\n<li><strong><a href=\"https:\/\/www.moneybob.com\/es\/prestamos\/minicreditos\/\" data-type=\"URL\" data-id=\"https:\/\/www.moneybob.com\/es\/prestamos\/minicreditos\/\">Minicr\u00e9ditos online<\/a><\/strong><\/li>\n\n\n\n<li>Pr\u00e9stamos sin aval<\/li>\n\n\n\n<li>Pr\u00e9stamos sin intereses<\/li>\n\n\n\n<li>Pr\u00e9stamos urgentes<\/li>\n<\/ul>\n\n\n\n<p>Adem\u00e1s de pr\u00e9stamos MoneyMan tambi\u00e9n comercializa productos bancarios desde 2021, con la tarjeta Plazo <strong><a href=\"https:\/\/www.moneybob.com\/es\/tarjetas\/mastercard\/\" data-type=\"URL\" data-id=\"https:\/\/www.moneybob.com\/es\/tarjetas\/mastercard\/\">MasterCard<\/a><\/strong> como principal protagonista. Su sede en Espa\u00f1a est\u00e1 en <a href=\"https:\/\/goo.gl\/maps\/ZCPUYDcU9RH5TvDK7\" target=\"_blank\" data-type=\"URL\" data-id=\"https:\/\/goo.gl\/maps\/ZCPUYDcU9RH5TvDK7\" data-schema-attribute=\"mentions\" rel=\"noreferrer noopener\">Carrer de Moi\u00e0 1, 08006 Barcelona<\/a>.<\/p>\n\n\n\n<div class=\"nichetable_wrap\" style=\"--nt-border-lr:6px;--nt-border-tb:3px;--dfs:14px\"><table id=\"nichetablewpwp\" class=\"niche_table table_wrap pro ms_desable cpath1 btable btr tr_ballm t_brack\" width=\"100%\"><tbody class=\"nithetabletbody\">\n<tr class=\"nichetable__tr\">\n<td class=\"nichetable__td mc_img\" style=\"min-width:150px\"><div class=\"nichetable__td-wrap\"><div class=\"nichetable__content text-center\"><figure class=\"mcontent__img\"><img loading=\"lazy\" decoding=\"async\" class=\"mcimg\" src=\"https:\/\/www.moneybob.com\/wp-content\/uploads\/Moneyman.png\" alt=\"Moneyman\" width=\"212\" height=\"153\" title=\"\"><\/figure><\/div><\/div><\/td>\n\n\n\n<td class=\"nichetable__td mc_has_text\"><div class=\"nichetable__td-wrap\"><div class=\"nichetable__content\">\n<div class=\"tablelist pro list_icon-circle-small listicon_inline mt-5 mb-10\" style=\"--icon-color:#00143d;--list-space:3px\"><ul><li>Cantidad: 100 &#8211; 300 \u20ac<\/li><li>Plazo: 5 &#8211; 30 d\u00edas<\/li><li>Primer cr\u00e9dito de 300 \u20ac sin intereses<\/li><\/ul><\/div>\n<\/div><\/div><\/td>\n\n\n\n<td class=\"nichetable__td c-rating mc_rating\"><div class=\"nichetable__td-wrap\"><div class=\"nichetable__content\"><div class=\"rating-wrap inside has_circle\"><div class=\"rating-content\"><div class=\"rating-circle\"><svg viewBox=\"0 0 100 100\"><linearGradient id=\"gradient1\"><stop style=\"stop-color:#1900a7\" id=\"stop1\" offset=\"0%\"><\/stop><stop style=\"stop-color:#f0003c\" id=\"stop2\" offset=\"100%\"><\/stop><\/linearGradient><path d=\"M 50,50 m 0,-47 a 47,47 0 1 1 0,94 a 47,47 0 1 1 0, -94\" stroke=\"#ffffff\" stroke-width=\"6\" fill-opacity=\"0\"><\/path><path d=\"M 50,50 m 0,-47 a 47,47 0 1 1 0,94 a 47,47 0 1 1 0, -94\" stroke=\"#1900a7\" stroke-width=\"6\" fill-opacity=\"0\" style=\"stroke-dasharray:295.416, 295.416;stroke-dashoffset:51\"><\/path><\/svg><\/div><div class=\"rating-score-text-wrap\"><span class=\"score_text\" style=\"color:#000\">8.3<\/span><\/div><\/div><div class=\"rnislundefined\"><div class=\"rating-wrap type2\"><div class=\"star-ratings-top\" style=\"width:83%;color:#ffc900\"><span class=\"icon-star-full\"><\/span><span class=\"icon-star-full\"><\/span><span class=\"icon-star-full\"><\/span><span class=\"icon-star-full\"><\/span><span class=\"icon-star-full\"><\/span><\/div><div class=\"star-ratings-bottom\"><span class=\"icon-star-full\"><\/span><span class=\"icon-star-full\"><\/span><span class=\"icon-star-full\"><\/span><span class=\"icon-star-full\"><\/span><span class=\"icon-star-full\"><\/span><\/div><\/div><\/div><\/div><\/div><\/div><\/td>\n\n\n\n<td class=\"nichetable__td mc_has_link\" style=\"min-width:130px\"><div class=\"nichetable__td-wrap\"><div class=\"nichetable__content text-center\"><div class=\"btn_wrap\"><a class=\"mcontent__link mctext bi_right icon-arrow-right2 cp_style1 mc_has_htcolor mc_has_hbgcolor mc_has_iconcolor icon_slide_r btn_break_nowrap\" style=\"text-align:center;color:#fff;background-color:#0257ff;--btn-hcolor:#fff;--btn-hbg:#002266;--btnicon-color:#ffffff;--icon-dis:10px\" href=\"https:\/\/www.moneybob.com\/go\/moneyman\" target=\"_blank\" rel=\"sponsored\">Solicitar ahora<\/a><\/div><\/div><\/div><\/td>\n<\/tr>\n<\/tbody><\/table><\/div>\n\n\n\n<h2 class=\"gb-headline gb-headline-38eb6fd3 gb-headline-text\">Pr\u00e9stamos MoneyMan<\/h2>\n\n\n\n<p id=\"E451\">MoneyMan prestamos se caracteriza, sobre todo porque funciona con mucha rapidez. Desde que solicitas tu pr\u00e9stamo personal con ellos hasta que recibes el dinero en tu cuenta no pasa m\u00e1s de media hora. Y el proceso es incluso m\u00e1s r\u00e1pido cuando ya eres clientes de Money Man.<\/p>\n\n\n\n<p id=\"E467\">Las solicitudes de <strong><a href=\"https:\/\/www.moneybob.com\/es\/prestamos\/\" data-type=\"URL\" data-id=\"https:\/\/www.moneybob.com\/es\/prestamos\/\">pr\u00e9stamos<\/a><\/strong> MoneyMan constan de un total de 8 pasos, desde que te registras hasta que recibes el dinero en tu cuenta:<\/p>\n\n\n\n<ul class=\"wp-block-list\">\n<li>Utiliza el simulador de pr\u00e9stamos MoneyMan para calcular la cantidad que vas ha solicitar y los plazos. Pulsa sobre el link de Informaci\u00f3n del pr\u00e9stamo para visualizar todas sus condiciones, opciones de desistimiento, cancelaci\u00f3n y requisitos obligatorios adicionales para conseguirlo.<\/li>\n\n\n\n<li>Introduce tus datos personales, incluyendo tu tel\u00e9fono m\u00f3vil y tu correo electr\u00f3nico.<\/li>\n\n\n\n<li>Cu\u00e9ntanos sobre ti. Se trata de una serie de preguntas para saber a qu\u00e9 te dedicas, cu\u00e1l es tu situaci\u00f3n financiera y para qu\u00e9 solicitas un pr\u00e9stamo MoneyMan.<\/li>\n\n\n\n<li>Recibir pr\u00e9stamo. Adjunta la documentaci\u00f3n necesaria para recibir una respuesta sobre tu pr\u00e9stamo. Si todo est\u00e1 correcto ser\u00e1 aprobado en menos de 1 minuto.<\/li>\n\n\n\n<li>Banca online.<\/li>\n\n\n\n<li>Tarjeta de d\u00e9bito.<\/li>\n\n\n\n<li>Confirmaci\u00f3n, con la firma del contrato de pr\u00e9stamo MoneyMan.<\/li>\n\n\n\n<li>Ingreso del dinero del pr\u00e9stamo MoneyMan en tu cuenta bancaria.<\/li>\n<\/ul>\n\n\n\n<p>Podr\u00e1s gestionar tu pr\u00e9stamo MoneyMan a trav\u00e9s de la App MoneyMan, si la instalas en tu tel\u00e9fono m\u00f3vil o tableta con sistema operativo Android (Google Play) o iOS (App Store).<\/p>\n\n\n\n<h3 class=\"gb-headline gb-headline-dcc856a1 gb-headline-text\">Requisitos pr\u00e9stamos MoneyMan<\/h3>\n\n\n\n<p>Para solicitar un pr\u00e9stamo personal en Money Man necesitas dar los siguientes pasos y cumplir con estos requisitos obligatorios:<\/p>\n\n\n\n<ol class=\"wp-block-list\">\n<li>Ser mayor de edad (18 a\u00f1os)<\/li>\n\n\n\n<li>Entrar en el portal web de MoneyMan y cumplimentar el proceso de registro<\/li>\n\n\n\n<li>Tener un DNI o NIE en vigor<\/li>\n\n\n\n<li>Tener un n\u00famero de cuenta con IBAN espa\u00f1ol<\/li>\n\n\n\n<li>Tener un tel\u00e9fono m\u00f3vil en el que recibir los SMS de confirmaci\u00f3n<\/li>\n\n\n\n<li>Tener una direcci\u00f3n de correo electr\u00f3nico<\/li>\n<\/ol>\n\n\n\n<p>Para pedir un pr\u00e9stamo en Money Man no necesitas avales. Los pr\u00e9stamos MoneyMan son de los pocos que se puede solicitar pese a figurar en listados de moroso con ASNEF. Tampoco te pedir\u00e1n un justificante de ingresos regulares como una n\u00f3mina o pensi\u00f3n.<\/p>\n\n\n\n<h3 class=\"gb-headline gb-headline-47f11091 gb-headline-text\">MoneyMan Atenci\u00f3n al Cliente<\/h3>\n\n\n\n<ul class=\"wp-block-list\">\n<li>Tel\u00e9fono MoneyMan 900 533 827<\/li>\n\n\n\n<li>Tel\u00e9fono Money Man 937 277 354<\/li>\n\n\n\n<li>WatsApp MoneyMan 682 214 539<\/li>\n\n\n\n<li>Correo electr\u00f3nico Money Man info@moneyman.es<\/li>\n<\/ul>\n\n\n\n<p>Los tel\u00e9fonos de contacto Money Man funcionan de lunes a s\u00e1bado de 09.00 a 22.00.<\/p>\n\n\n\n<h2 class=\"gb-headline gb-headline-8f261ac7 gb-headline-text\">MoneyMan Pr\u00e9stamos<\/h2>\n\n\n\n<p>MoneyMan est\u00e1 especializado en micro pr\u00e9stamos, es decir: peque\u00f1os pr\u00e9stamos de dinero, tambi\u00e9n conocidos como pr\u00e9stamos r\u00e1pidos o pr\u00e9stamos online. Aunque inicialmente limitan la cantidad m\u00e1xima a solicitar a 300\u20ac, una vez que has devuelto este primer pr\u00e9stamo puedes optar a un m\u00e1ximo de 1.600\u20ac por pr\u00e9stamo.<\/p>\n\n\n\n<p>Sin embargo, a diferencia de los portales de pr\u00e9stamos personales por grandes cantidades como Celetem, en MoneyMan el m\u00e1ximo de cuotas a las que puedes optar para devolver un pr\u00e9stamo es de 4 mensualidades.<\/p>\n\n\n\n<h3 class=\"gb-headline gb-headline-39cbb73d gb-headline-text\">MoneyMan Pr\u00e9stamo por niveles<\/h3>\n\n\n\n<p>Money Man utiliza un sistema de niveles de confianza para mejorar las opciones de pr\u00e9stamo de sus clientes:<\/p>\n\n\n\n<ul class=\"wp-block-list\">\n<li>Primer pr\u00e9stamo MoneyMan: 100\u20ac &#8211; 300\u20ac para devolver entre 5 y 30 d\u00edas<\/li>\n\n\n\n<li>Inicio: 400\u20ac m\u00e1ximo a devolver entre 5 y 62 d\u00edas. Si lo devuelves en 30 d\u00edas es un pr\u00e9stamo sin intereses. Si solicitas 62 d\u00edas de plazo el tipo de inter\u00e9s diario es del 0,98%.<\/li>\n\n\n\n<li>Despegue: 900\u20ac m\u00e1ximo a devolver entre 5 y 62 d\u00edas. Si lo solicitas a devolver en 62 d\u00edas se aplica un inter\u00e9s medio diario del 0,89% con pago en 2 cuotas (1 cuota al mes).<\/li>\n\n\n\n<li>Ascenso: 1.100\u20ac m\u00e1ximo a devolver entre 5 y 62 d\u00edas. Con las mismas condiciones que el Despegue, pero un l\u00edmite m\u00e1ximo m\u00e1s alto.<\/li>\n\n\n\n<li>Turbo: 1.300\u20ac m\u00e1ximo a devolver entre 1 y 3 meses.<\/li>\n\n\n\n<li>Superturbo: 1.600\u20ac m\u00e1ximo a devolver entre 1 y 4 meses.<\/li>\n<\/ul>\n\n\n\n<p>La orden de transferencia desde MoneyMan para todos sus pr\u00e9stamos personales es inmediata tras la confirmaci\u00f3n de la firma del contrato, sin embargo para los pr\u00e9stamos con cantidades m\u00e1s grandes puede tardar en hacerse efectiva en tu cuenta hasta 24 horas.<\/p>\n\n\n\n<div class=\"nichetable_wrap\" style=\"--nt-border-lr:6px;--nt-border-tb:3px;--dfs:14px\"><table id=\"nichetablewpwp\" class=\"niche_table table_wrap pro ms_desable cpath1 btable btr tr_ballm t_brack\" width=\"100%\"><tbody class=\"nithetabletbody\">\n<tr class=\"nichetable__tr\">\n<td class=\"nichetable__td mc_img\" style=\"min-width:150px\"><div class=\"nichetable__td-wrap\"><div class=\"nichetable__content text-center\"><figure class=\"mcontent__img\"><img loading=\"lazy\" decoding=\"async\" class=\"mcimg\" src=\"https:\/\/www.moneybob.com\/wp-content\/uploads\/Moneyman.png\" alt=\"Moneyman\" width=\"212\" height=\"153\" title=\"\"><\/figure><\/div><\/div><\/td>\n\n\n\n<td class=\"nichetable__td mc_has_text\"><div class=\"nichetable__td-wrap\"><div class=\"nichetable__content\">\n<div class=\"tablelist pro list_icon-circle-small listicon_inline mt-5 mb-10\" style=\"--icon-color:#00143d;--list-space:3px\"><ul><li>Cantidad: 100 &#8211; 300 \u20ac<\/li><li>Plazo: 5 &#8211; 30 d\u00edas<\/li><li>Primer cr\u00e9dito de 300 \u20ac sin intereses<\/li><\/ul><\/div>\n<\/div><\/div><\/td>\n\n\n\n<td class=\"nichetable__td c-rating mc_rating\"><div class=\"nichetable__td-wrap\"><div class=\"nichetable__content\"><div class=\"rating-wrap inside has_circle\"><div class=\"rating-content\"><div class=\"rating-circle\"><svg viewBox=\"0 0 100 100\"><linearGradient id=\"gradient1\"><stop style=\"stop-color:#1900a7\" id=\"stop1\" offset=\"0%\"><\/stop><stop style=\"stop-color:#f0003c\" id=\"stop2\" offset=\"100%\"><\/stop><\/linearGradient><path d=\"M 50,50 m 0,-47 a 47,47 0 1 1 0,94 a 47,47 0 1 1 0, -94\" stroke=\"#ffffff\" stroke-width=\"6\" fill-opacity=\"0\"><\/path><path d=\"M 50,50 m 0,-47 a 47,47 0 1 1 0,94 a 47,47 0 1 1 0, -94\" stroke=\"#1900a7\" stroke-width=\"6\" fill-opacity=\"0\" style=\"stroke-dasharray:295.416, 295.416;stroke-dashoffset:51\"><\/path><\/svg><\/div><div class=\"rating-score-text-wrap\"><span class=\"score_text\" style=\"color:#000\">8.3<\/span><\/div><\/div><div class=\"rnislundefined\"><div class=\"rating-wrap type2\"><div class=\"star-ratings-top\" style=\"width:83%;color:#ffc900\"><span class=\"icon-star-full\"><\/span><span class=\"icon-star-full\"><\/span><span class=\"icon-star-full\"><\/span><span class=\"icon-star-full\"><\/span><span class=\"icon-star-full\"><\/span><\/div><div class=\"star-ratings-bottom\"><span class=\"icon-star-full\"><\/span><span class=\"icon-star-full\"><\/span><span class=\"icon-star-full\"><\/span><span class=\"icon-star-full\"><\/span><span class=\"icon-star-full\"><\/span><\/div><\/div><\/div><\/div><\/div><\/div><\/td>\n\n\n\n<td class=\"nichetable__td mc_has_link\" style=\"min-width:130px\"><div class=\"nichetable__td-wrap\"><div class=\"nichetable__content text-center\"><div class=\"btn_wrap\"><a class=\"mcontent__link mctext bi_right icon-arrow-right2 cp_style1 mc_has_htcolor mc_has_hbgcolor mc_has_iconcolor icon_slide_r btn_break_nowrap\" style=\"text-align:center;color:#fff;background-color:#0257ff;--btn-hcolor:#fff;--btn-hbg:#002266;--btnicon-color:#ffffff;--icon-dis:10px\" href=\"https:\/\/www.moneybob.com\/go\/moneyman\" target=\"_blank\" rel=\"sponsored\">Solicitar ahora<\/a><\/div><\/div><\/div><\/td>\n<\/tr>\n<\/tbody><\/table><\/div>\n\n\n\n<h3 class=\"gb-headline gb-headline-bc835e62 gb-headline-text\">MoneyMan pr\u00e9stamos para nuevos clientes<\/h3>\n\n\n\n<p>Los pr\u00e9stamos MoneyMan para nuevos clientes est\u00e1n limitados a un m\u00ednimo de 100\u20ac y un m\u00e1ximo de 300\u20ac a devolver en 30 d\u00edas como m\u00e1ximo, pero tienen la gran ventaja de que tienen 0\u20ac. Es lo que popularmente se conoce como un pr\u00e9stamo gratis o pr\u00e9stamo sin intereses, en el que pagas por tu pr\u00e9stamo la cantidad que has solicitado.<\/p>\n\n\n\n<p>Si por ejemplo solicitas un primer pr\u00e9stamo con MoneyMan por 300\u20ac, podr\u00e1s devolverlo entre 5 y 30 d\u00edas m\u00e1s tarde, sin que te cobren nada: el total a devolver ser\u00e1n 300\u20ac. Pero \u00bfpor qu\u00e9 Money Man ofrece este tipo de pr\u00e9stamos gratis? La respuesta es sencilla, porque es una manera excelente de captar nuevos clientes.<\/p>\n\n\n\n<h3 class=\"gb-headline gb-headline-f199c276 gb-headline-text\">MoneyMan pr\u00e9stamos sin n\u00f3mina<\/h3>\n\n\n\n<p>Con MoneyMan no es necesario que demuestres tener ingresos regulares para ser elegible para un pr\u00e9stamo. Tampoco te solicitar\u00e1n un aval.<\/p>\n\n\n\n<h3 class=\"gb-headline gb-headline-8a8768be gb-headline-text\">MoneyMan pr\u00e9stamo con ASNEF<\/h3>\n\n\n\n<p>Se pueden pedir pr\u00e9stamos MoneyMan con ASNEF. Aunque est\u00e9s en un listado de morosos tipo ASNEF, podr\u00e1s realizar tu solicitud de pr\u00e9stamo personal y ser elegible para que te lo concedan.<\/p>\n\n\n\n<h2 class=\"gb-headline gb-headline-9f964001 gb-headline-text\">MoneyMan opiniones<\/h2>\n\n\n\n<p>Puedes encontrar sobre MoneyMan opiniones de todo tipo, pero el 98% de las rese\u00f1as de m\u00e1s de 6.500 clientes verificados (a trav\u00e9s de Ekomi) que aparecen en su p\u00e1gina web son positivas. Las ventajas de los pr\u00e9stamos MoneyMan que destacan la mayor\u00eda de ellas se refieren a:<\/p>\n\n\n\n<ul class=\"wp-block-list\">\n<li>Opiniones MoneyMan positivas respecto a la rapidez de respuesta y disponibilidad del dinero<\/li>\n\n\n\n<li>Recomendaciones<\/li>\n\n\n\n<li>Proceso muy sencillo y sin apenas papeleo<\/li>\n\n\n\n<li>Posibilidad de pedir pr\u00e9stamos r\u00e1pidos online con ASNEF<\/li>\n\n\n\n<li>Pr\u00e9stamos r\u00e1pidos sin n\u00f3mina y sin aval<\/li>\n<\/ul>\n\n\n\n<p>En MoneyMan priman la fiabilidad demostrada de sus clientes sobre cualquier otro requisito. Por eso, cuantos m\u00e1s pr\u00e9stamos r\u00e1pidos solicites con ellos m\u00e1s aumentar\u00e1 tu nivel como cliente y mejores ser\u00e1n los pr\u00e9stamos a los que tengas acceso.<\/p>\n","protected":false},"excerpt":{"rendered":"<p>MoneyMan es una entidad financiera dedicada a conceder pr\u00e9stamos personales y peque\u00f1os cr\u00e9ditos accesibles, con tramitaci\u00f3n online y un protocolo sencillo que hace que el &#8230; <\/p>\n<p class=\"read-more-container\"><a title=\"Moneyman opiniones\" class=\"read-more button\" href=\"https:\/\/www.moneybob.com\/es\/prestamos\/moneyman\/#more-6123\" aria-label=\"Leer m\u00e1s sobre Moneyman opiniones\">Leer m\u00e1s<\/a><\/p>\n","protected":false},"author":3,"featured_media":0,"parent":5969,"menu_order":0,"comment_status":"closed","ping_status":"closed","template":"","meta":{"_eb_attr":"","footnotes":""},"class_list":["post-6123","page","type-page","status-publish"],"_links":{"self":[{"href":"https:\/\/www.moneybob.com\/es\/wp-json\/wp\/v2\/pages\/6123","targetHints":{"allow":["GET"]}}],"collection":[{"href":"https:\/\/www.moneybob.com\/es\/wp-json\/wp\/v2\/pages"}],"about":[{"href":"https:\/\/www.moneybob.com\/es\/wp-json\/wp\/v2\/types\/page"}],"author":[{"embeddable":true,"href":"https:\/\/www.moneybob.com\/es\/wp-json\/wp\/v2\/users\/3"}],"replies":[{"embeddable":true,"href":"https:\/\/www.moneybob.com\/es\/wp-json\/wp\/v2\/comments?post=6123"}],"version-history":[{"count":0,"href":"https:\/\/www.moneybob.com\/es\/wp-json\/wp\/v2\/pages\/6123\/revisions"}],"up":[{"embeddable":true,"href":"https:\/\/www.moneybob.com\/es\/wp-json\/wp\/v2\/pages\/5969"}],"wp:attachment":[{"href":"https:\/\/www.moneybob.com\/es\/wp-json\/wp\/v2\/media?parent=6123"}],"curies":[{"name":"wp","href":"https:\/\/api.w.org\/{rel}","templated":true}]}}