{"id":6141,"date":"2022-10-27T08:49:58","date_gmt":"2022-10-27T08:49:58","guid":{"rendered":"https:\/\/www.moneybob.com\/?page_id=6141"},"modified":"2025-01-14T17:54:11","modified_gmt":"2025-01-14T17:54:11","slug":"vivus","status":"publish","type":"page","link":"https:\/\/www.moneybob.com\/es\/prestamos\/vivus\/","title":{"rendered":"Vivus opiniones"},"content":{"rendered":"<div class=\"wp-block-image is-resized\">\n<figure class=\"alignright size-full\"><img loading=\"lazy\" decoding=\"async\" width=\"320\" height=\"320\" src=\"https:\/\/www.moneybob.com\/wp-content\/uploads\/Vivus.png\" alt=\"Vivus opiniones\" class=\"wp-image-6146\" style=\"width:160px;height:auto\" title=\"\" srcset=\"https:\/\/www.moneybob.com\/wp-content\/uploads\/Vivus.png 320w, https:\/\/www.moneybob.com\/wp-content\/uploads\/Vivus-300x300.png 300w, https:\/\/www.moneybob.com\/wp-content\/uploads\/Vivus-150x150.png 150w\" sizes=\"auto, (max-width: 320px) 100vw, 320px\" \/><figcaption class=\"wp-element-caption\">Vivus.<\/figcaption><\/figure>\n<\/div>\n\n\n<p id=\"E586\">Vivus es uno de los portales financieros de servicios online que ofrecen pr\u00e9stamos r\u00e1pidos m\u00e1s populares en Espa\u00f1a. Su especialidad es la concesi\u00f3n de micropr\u00e9stamos online, actividad en la que acumulan en torno a una d\u00e9cada de experiencia, ya que comenzaron en 2013. Su nombre oficial es 4finance Spain Financial Services SAU (CIF A86521309). No est\u00e1 sometido a la regulaci\u00f3n y supervisi\u00f3n de su actividad por parte del Banco de Espa\u00f1a.<\/p>\n\n\n\n<p id=\"E614\">Vivus pertenece a una compa\u00f1\u00eda de cr\u00e9dito al consumo con sede en Riga (Letonia) llamada 4finance Group, que adem\u00e1s de en Espa\u00f1a tambi\u00e9n ofrece servicios de pr\u00e9stamos personales en otros 11 pa\u00edses, la mayor\u00eda europeos.<\/p>\n\n\n\n<p id=\"E623\">Como parte de su compromiso de confianza, en nuestro pa\u00eds Vivus forma parte de la Asociaci\u00f3n Espa\u00f1ola de <strong><a href=\"https:\/\/www.moneybob.com\/es\/prestamos\/microcreditos\/\" data-type=\"URL\" data-id=\"https:\/\/www.moneybob.com\/es\/prestamos\/microcreditos\/\">Micropr\u00e9stamos<\/a><\/strong> <a href=\"https:\/\/www.aemip.es\/\" target=\"_blank\" data-type=\"URL\" data-id=\"https:\/\/www.aemip.es\/\" data-schema-attribute=\"mentions\" rel=\"noreferrer noopener\">AEMIP<\/a> y promueven servicios de financiaci\u00f3n:<\/p>\n\n\n\n<ul class=\"wp-block-list\">\n<li>Transparente<\/li>\n\n\n\n<li>Segura<\/li>\n\n\n\n<li>Responsable<\/li>\n\n\n\n<li>Sencilla<\/li>\n\n\n\n<li>Adaptada<\/li>\n<\/ul>\n\n\n\n<p>En Vivus puedes encontrar pr\u00e9stamos r\u00e1pidos, <strong><a href=\"https:\/\/www.moneybob.com\/es\/prestamos\/prestamos-personales\/\" data-type=\"URL\" data-id=\"https:\/\/www.moneybob.com\/es\/prestamos\/prestamos-personales\/\">pr\u00e9stamos personales online<\/a><\/strong>, cr\u00e9ditos sencillos para gestionar desde una aplicaci\u00f3n y tambi\u00e9n pr\u00e9stamos sin n\u00f3mina ni aval, facilitando tu informaci\u00f3n bancaria.<\/p>\n\n\n\n<div class=\"nichetable_wrap\" style=\"--nt-border-lr:6px;--nt-border-tb:3px;--dfs:14px\"><table id=\"nichetablewpwp\" class=\"niche_table table_wrap pro ms_desable cpath1 btable btr tr_ballm t_brack\" width=\"100%\"><tbody class=\"nithetabletbody\">\n<tr class=\"nichetable__tr\">\n<td class=\"nichetable__td mc_img\" style=\"min-width:150px\"><div class=\"nichetable__td-wrap\"><div class=\"nichetable__content text-center\"><figure class=\"mcontent__img\"><img loading=\"lazy\" decoding=\"async\" class=\"mcimg\" src=\"https:\/\/www.moneybob.com\/wp-content\/uploads\/Vivus.png\" alt=\"Vivus\" width=\"212\" height=\"153\" title=\"\"><\/figure><\/div><\/div><\/td>\n\n\n\n<td class=\"nichetable__td mc_has_text\"><div class=\"nichetable__td-wrap\"><div class=\"nichetable__content\">\n<div class=\"tablelist pro list_icon-circle-small listicon_inline mt-5 mb-10\" style=\"--icon-color:#00143d;--list-space:3px\"><ul><li>Cantidad: 50 &#8211; 1400 \u20ac<\/li><li>Plazo: 7 &#8211; 30 d\u00edas<\/li><li>Primer pr\u00e9stam hasta 300\u20ac sin intereses<\/li><\/ul><\/div>\n<\/div><\/div><\/td>\n\n\n\n<td class=\"nichetable__td c-rating mc_rating\"><div class=\"nichetable__td-wrap\"><div class=\"nichetable__content\"><div class=\"rating-wrap inside has_circle\"><div class=\"rating-content\"><div class=\"rating-circle\"><svg viewBox=\"0 0 100 100\"><linearGradient id=\"gradient1\"><stop style=\"stop-color:#1900a7\" id=\"stop1\" offset=\"0%\"><\/stop><stop style=\"stop-color:#f0003c\" id=\"stop2\" offset=\"100%\"><\/stop><\/linearGradient><path d=\"M 50,50 m 0,-47 a 47,47 0 1 1 0,94 a 47,47 0 1 1 0, -94\" stroke=\"#ffffff\" stroke-width=\"6\" fill-opacity=\"0\"><\/path><path d=\"M 50,50 m 0,-47 a 47,47 0 1 1 0,94 a 47,47 0 1 1 0, -94\" stroke=\"#1900a7\" stroke-width=\"6\" fill-opacity=\"0\" style=\"stroke-dasharray:295.416, 295.416;stroke-dashoffset:27\"><\/path><\/svg><\/div><div class=\"rating-score-text-wrap\"><span class=\"score_text\" style=\"color:#000\">9.1<\/span><\/div><\/div><div class=\"rnislundefined\"><div class=\"rating-wrap type2\"><div class=\"star-ratings-top\" style=\"width:91%;color:#ffc900\"><span class=\"icon-star-full\"><\/span><span class=\"icon-star-full\"><\/span><span class=\"icon-star-full\"><\/span><span class=\"icon-star-full\"><\/span><span class=\"icon-star-full\"><\/span><\/div><div class=\"star-ratings-bottom\"><span class=\"icon-star-full\"><\/span><span class=\"icon-star-full\"><\/span><span class=\"icon-star-full\"><\/span><span class=\"icon-star-full\"><\/span><span class=\"icon-star-full\"><\/span><\/div><\/div><\/div><\/div><\/div><\/div><\/td>\n\n\n\n<td class=\"nichetable__td mc_has_link\" style=\"min-width:130px\"><div class=\"nichetable__td-wrap\"><div class=\"nichetable__content text-center\"><div class=\"btn_wrap\"><a class=\"mcontent__link mctext bi_right icon-arrow-right2 cp_style1 mc_has_htcolor mc_has_hbgcolor mc_has_iconcolor icon_slide_r btn_break_nowrap\" style=\"text-align:center;color:#fff;background-color:#0257ff;--btn-hcolor:#fff;--btn-hbg:#002266;--btnicon-color:#ffffff;--icon-dis:10px\" href=\"https:\/\/www.moneybob.com\/go\/vivus\" target=\"_blank\" rel=\"sponsored\">Solicitar ahora<\/a><\/div><\/div><\/div><\/td>\n<\/tr>\n<\/tbody><\/table><\/div>\n\n\n\n<h2 class=\"gb-headline gb-headline-9e88cc5f gb-headline-text\">Vivus pr\u00e9stamos sin intereses<\/h2>\n\n\n\n<p id=\"E657\">Vivus <strong><a href=\"https:\/\/www.moneybob.com\/es\/prestamos\/\" data-type=\"URL\" data-id=\"https:\/\/www.moneybob.com\/es\/prestamos\/\">pr\u00e9stamos<\/a><\/strong> destaca entre el resto de opciones de pr\u00e9stamos personales porque, aunque a diferencia de otros portales como Cofidis o Cetelem no presta grandes cantidades, es realmente flexible \u00a1hasta el punto de no cobrar ni intereses ni comisiones por el primer cr\u00e9dito Vivus que solicites!<\/p>\n\n\n\n<p id=\"E685\">El primer pr\u00e9stamo Vivus tiene un l\u00edmite de entre 50\u20ac y 300\u20ac a devolver entre 7 y 30 d\u00edas. No tiene comisiones y tampoco tiene intereses. Eso significa que si pides 300\u20ac, devuelves 300\u20ac. En este sentido es muy similar al primer pr\u00e9stamo sin intereses que ofrece Money Man, pero a diferencia de \u00e9ste Vivus no concede pr\u00e9stamos con ASNEF.<\/p>\n\n\n\n<p id=\"E702\">Tras pedir tu primer pr\u00e9stamo con Vivus no est\u00e1s obligado a solicitar otros.<\/p>\n\n\n\n<h2 class=\"gb-headline gb-headline-5e59674a gb-headline-text\">Pr\u00e9stamos Vivus: c\u00f3mo conseguirlos<\/h2>\n\n\n\n<p>Para conseguir un pr\u00e9stamo Vivus basta con entrar en su web, registrarse y crear una cuenta con Vivus. Te solicitar\u00e1n tus datos personales pero a menos que t\u00fa lo elijas as\u00ed o sea necesario que presentes documentaci\u00f3n adicional, ni siquiera tendr\u00e1s que subas documentos adjuntos durante el proceso de solicitud de un pr\u00e9stamo.<\/p>\n\n\n\n<p>Adem\u00e1s contar\u00e1s con una herramienta de lo m\u00e1s \u00fatil para hacerte una idea de las condiciones del pr\u00e9stamo Vivus antes de solicitarlo: su simulador de pr\u00e9stamos te permite elegir la cantidad y el plazo, generando un informe de condiciones que podr\u00e1s revisar de inmediato en la pantalla de tu ordenador, tablet o tel\u00e9fono m\u00f3vil.<\/p>\n\n\n\n<h3 class=\"gb-headline gb-headline-148cc42a gb-headline-text\">Vivus pr\u00e9stamo condiciones<\/h3>\n\n\n\n<p>Vivus pr\u00e9stamo es un producto realmente accesible, pero aun as\u00ed mantiene algunas condiciones que tienes que cumplir obligatoriamente para resultar elegible al presentar tu solicitud de pr\u00e9stamo:<\/p>\n\n\n\n<ul class=\"wp-block-list\">\n<li>Tener entre 21 y 75 a\u00f1os<\/li>\n\n\n\n<li>Ser residente en Espa\u00f1a (DNI o NIE para extranjeros)<\/li>\n\n\n\n<li>Tener una cuenta bancaria a tu nombre en Espa\u00f1a<\/li>\n\n\n\n<li>Ser solvente: no puedes estar inscrito en una lista de morosos ni tener deudas o pagos pendientes.<\/li>\n\n\n\n<li>Si eliges la opci\u00f3n de identificaci\u00f3n manual, debes enviar una foto del DNI o del NIE.<\/li>\n<\/ul>\n\n\n\n<p>Para devolver un pr\u00e9stamo Vivus puedes optar por una de estas tres opciones:<\/p>\n\n\n\n<ol class=\"wp-block-list\">\n<li>Mediante ingreso en una de las cuentas de Vivus, en ventanilla del banco<\/li>\n\n\n\n<li>A trav\u00e9s de una transferencia desde tu cuenta a la de Vivus.<\/li>\n\n\n\n<li>Con cargo a tu tarjeta de cr\u00e9dito o d\u00e9bito.<\/li>\n<\/ol>\n\n\n\n<h2 class=\"gb-headline gb-headline-e6d89829 gb-headline-text\">Vivus Pr\u00e9stamos<\/h2>\n\n\n\n<p>Si solicitas con Vivus pr\u00e9stamos de forma recurrente, contar\u00e1s con algunas ventajas especiales a medida que demuestres que eres una persona fiable y digna de la confianza del operador. Ya hemos visto que la principal ventaja de Vivus si nunca antes has pedido un pr\u00e9stamo online con ellos es que no tendr\u00e1s que pagar ni comisiones ni intereses, pero hay muchas m\u00e1s:<\/p>\n\n\n\n<h3 class=\"gb-headline gb-headline-f985b30f gb-headline-text\">Ventajas de los pr\u00e9stamos Vivus<\/h3>\n\n\n\n<ul class=\"wp-block-list\">\n<li>Aunque no se pueden pedir dos pr\u00e9stamos Vivus a la vez, los pr\u00e9stamos son ampliables previa solicitud.<\/li>\n\n\n\n<li>Puedes pagar para ampliar el plazo de tu pr\u00e9stamo cuando prev\u00e9s que no podr\u00e1s hacer frente a una de sus cuotas.<\/li>\n\n\n\n<li>No hay cuota de alta por pedir un pr\u00e9stamo con Vivus.<\/li>\n\n\n\n<li>Una vez que firmas el contrato por SMS, el dinero se env\u00eda a tu cuenta en menos de 15 minutos y normalmente est\u00e1 disponible para que lo utilices el mismo d\u00eda.<\/li>\n\n\n\n<li>No necesitas aval ni n\u00f3mina.<\/li>\n\n\n\n<li>Si no vas a poder pagar, puedes solicitar una extensi\u00f3n de 7, 14 o 30 d\u00edas pagando una cantidad adicional.<\/li>\n<\/ul>\n\n\n\n<p>Vivus pr\u00e9stamos se caracteriza por su flexibilidad: al igual que otros portales como Cofidis, se nota que su principal objetivo es fidelizar a sus clientes y normalizar entre ellos el uso responsable de herramientas financieras para la econom\u00eda del d\u00eda a d\u00eda.<\/p>\n\n\n\n<div class=\"nichetable_wrap\" style=\"--nt-border-lr:6px;--nt-border-tb:3px;--dfs:14px\"><table id=\"nichetablewpwp\" class=\"niche_table table_wrap pro ms_desable cpath1 btable btr tr_ballm t_brack\" width=\"100%\"><tbody class=\"nithetabletbody\">\n<tr class=\"nichetable__tr\">\n<td class=\"nichetable__td mc_img\" style=\"min-width:150px\"><div class=\"nichetable__td-wrap\"><div class=\"nichetable__content text-center\"><figure class=\"mcontent__img\"><img loading=\"lazy\" decoding=\"async\" class=\"mcimg\" src=\"https:\/\/www.moneybob.com\/wp-content\/uploads\/Vivus.png\" alt=\"Vivus\" width=\"212\" height=\"153\" title=\"\"><\/figure><\/div><\/div><\/td>\n\n\n\n<td class=\"nichetable__td mc_has_text\"><div class=\"nichetable__td-wrap\"><div class=\"nichetable__content\">\n<div class=\"tablelist pro list_icon-circle-small listicon_inline mt-5 mb-10\" style=\"--icon-color:#00143d;--list-space:3px\"><ul><li>Cantidad: 50 &#8211; 1400 \u20ac<\/li><li>Plazo: 7 &#8211; 30 d\u00edas<\/li><li>Primer pr\u00e9stam hasta 300\u20ac sin intereses<\/li><\/ul><\/div>\n<\/div><\/div><\/td>\n\n\n\n<td class=\"nichetable__td c-rating mc_rating\"><div class=\"nichetable__td-wrap\"><div class=\"nichetable__content\"><div class=\"rating-wrap inside has_circle\"><div class=\"rating-content\"><div class=\"rating-circle\"><svg viewBox=\"0 0 100 100\"><linearGradient id=\"gradient1\"><stop style=\"stop-color:#1900a7\" id=\"stop1\" offset=\"0%\"><\/stop><stop style=\"stop-color:#f0003c\" id=\"stop2\" offset=\"100%\"><\/stop><\/linearGradient><path d=\"M 50,50 m 0,-47 a 47,47 0 1 1 0,94 a 47,47 0 1 1 0, -94\" stroke=\"#ffffff\" stroke-width=\"6\" fill-opacity=\"0\"><\/path><path d=\"M 50,50 m 0,-47 a 47,47 0 1 1 0,94 a 47,47 0 1 1 0, -94\" stroke=\"#1900a7\" stroke-width=\"6\" fill-opacity=\"0\" style=\"stroke-dasharray:295.416, 295.416;stroke-dashoffset:27\"><\/path><\/svg><\/div><div class=\"rating-score-text-wrap\"><span class=\"score_text\" style=\"color:#000\">9.1<\/span><\/div><\/div><div class=\"rnislundefined\"><div class=\"rating-wrap type2\"><div class=\"star-ratings-top\" style=\"width:91%;color:#ffc900\"><span class=\"icon-star-full\"><\/span><span class=\"icon-star-full\"><\/span><span class=\"icon-star-full\"><\/span><span class=\"icon-star-full\"><\/span><span class=\"icon-star-full\"><\/span><\/div><div class=\"star-ratings-bottom\"><span class=\"icon-star-full\"><\/span><span class=\"icon-star-full\"><\/span><span class=\"icon-star-full\"><\/span><span class=\"icon-star-full\"><\/span><span class=\"icon-star-full\"><\/span><\/div><\/div><\/div><\/div><\/div><\/div><\/td>\n\n\n\n<td class=\"nichetable__td mc_has_link\" style=\"min-width:130px\"><div class=\"nichetable__td-wrap\"><div class=\"nichetable__content text-center\"><div class=\"btn_wrap\"><a class=\"mcontent__link mctext bi_right icon-arrow-right2 cp_style1 mc_has_htcolor mc_has_hbgcolor mc_has_iconcolor icon_slide_r btn_break_nowrap\" style=\"text-align:center;color:#fff;background-color:#0257ff;--btn-hcolor:#fff;--btn-hbg:#002266;--btnicon-color:#ffffff;--icon-dis:10px\" href=\"https:\/\/www.moneybob.com\/go\/vivus\" target=\"_blank\" rel=\"sponsored\">Solicitar ahora<\/a><\/div><\/div><\/div><\/td>\n<\/tr>\n<\/tbody><\/table><\/div>\n\n\n\n<h2 class=\"gb-headline gb-headline-60d6d518 gb-headline-text\">Preguntas Frecuentes sobre Pr\u00e9stamos Vivus<\/h2>\n\n\n\n<p>Aunque puedes encontrar una recopilaci\u00f3n de las preguntas m\u00e1s frecuentes sobre Vivus en la secci\u00f3n de Ayuda de su portal, a continuaci\u00f3n recogemos informaci\u00f3n \u00fatiles sobre los problemas y dudas m\u00e1s habituales que pueden surgirte antes, durante y tras haber solicitado un pr\u00e9stamo Vivus:<\/p>\n\n\n<div id=\"rank-math-faq\" class=\"rank-math-block\">\n<div class=\"rank-math-list \">\n<div id=\"faq-question-1666860042472\" class=\"rank-math-list-item\">\n<h3 class=\"rank-math-question \">\u00bfCu\u00e1nto es el m\u00e1ximo que se puede pedir con Vivus Pr\u00e9stamos?<\/h3>\n<div class=\"rank-math-answer \">\n\n<p>300\u20ac el primer pr\u00e9stamo y hasta 1.400\u20ac una vez que eres cliente de fiabilidad demostrada tras haber devuelto el primer pr\u00e9stamo a tiempo.<\/p>\n\n<\/div>\n<\/div>\n<div id=\"faq-question-1666860051330\" class=\"rank-math-list-item\">\n<h3 class=\"rank-math-question \">\u00bfSe puede reembolsar anticipadamente un pr\u00e9stamo Vivus?<\/h3>\n<div class=\"rank-math-answer \">\n\n<p>S\u00ed, de hecho es un derecho que te otorga la ley. Puedes abonar tu pr\u00e9stamo total o parcialmente antes de la fecha fijada en el contrato para ahorrarte intereses, pero:<\/p>\n<p>1. Tendr\u00e1s que avisar previamente a Vivus<\/p>\n<p>2. Tendr\u00e1s que compensar a Vivus por una cantidad que no supere como m\u00e1ximo el 0,5% de importe del pr\u00e9stamo.<\/p>\n<p>Si todav\u00eda est\u00e1s dentro del plazo de desistimiento (14) d\u00edas es posible que te convenga m\u00e1s esta opci\u00f3n. Para ello debes dirigirte por escrito a Vivus. Calle Albasanz 14 Planta Baja, 28037 Madrid, o a su correo electr\u00f3nico info@vivus.es<\/p>\n\n<\/div>\n<\/div>\n<div id=\"faq-question-1666860077001\" class=\"rank-math-list-item\">\n<h3 class=\"rank-math-question \">\u00bfSe pueden ampliar los pr\u00e9stamos con Vivus?<\/h3>\n<div class=\"rank-math-answer \">\n\n<p>S\u00ed. Aunque nuestra recomendaci\u00f3n es que utilices la calculadora de pr\u00e9stamos y el simulador de Vivus para hacerte una idea de las condiciones de tu pr\u00e9stamo, si tras haber firmado el contrato te das cuenta de que te has quedado corto puedes solicitar una ampliaci\u00f3n de capital.<\/p>\n\n<\/div>\n<\/div>\n<div id=\"faq-question-1666860093716\" class=\"rank-math-list-item\">\n<h3 class=\"rank-math-question \">\u00bfQu\u00e9 pasa si no puedo pagar un pr\u00e9stamo Vivus?<\/h3>\n<div class=\"rank-math-answer \">\n\n<p>Antes de incurrir en un pago, ponte en contacto con Vivus para que te aprueben una extensi\u00f3n con la que ampliar el plazo de devoluci\u00f3n a cambio de una penalizaci\u00f3n. Si incurres en un impago Vivus te penalizar\u00e1 por contrato con un inter\u00e9s por demora de aplicaci\u00f3n diaria y el cobro de los gastos ocasionados por la gesti\u00f3n de deuda vencida. <\/p>\n<p>Adem\u00e1s, te incluir\u00e1n en ASNEF, Equifax y BADEXCUG. Si tras 4 avisos de impago contin\u00faas sin abonar tu deuda puedes ser denunciado y embargado.<\/p>\n\n<\/div>\n<\/div>\n<\/div>\n<\/div>\n\n\n<h3 class=\"gb-headline gb-headline-5be6cc42 gb-headline-text\">Atenci\u00f3n al cliente para pr\u00e9stamo Vivus<\/h3>\n\n\n\n<p>Si has pedido o vas a pedir un pr\u00e9stamo Vivus y necesitas ayuda o tienes alguna duda, puedes ponerte en contacto con su servicio de atenci\u00f3n al cliente utilizando uno de estos medios:<\/p>\n\n\n\n<ol class=\"wp-block-list\">\n<li>Tel\u00e9fono Vivus 91 290 77 88<\/li>\n\n\n\n<li>Tel\u00e9fono Vivus 900 81 22 81<\/li>\n\n\n\n<li>Correo electr\u00f3nico Vivus <a is=\"qowt-hyperlink\" href=\"mailto:info@vivus.es\" target=\"_blank\" rel=\"noreferrer noopener\">info@vivus.es<\/a><\/li>\n<\/ol>\n\n\n\n<p>El horario de atenci\u00f3n al cliente de Vivus es de:<\/p>\n\n\n\n<ul class=\"wp-block-list\">\n<li>lunes a viernes de 8.000 a 21.00<\/li>\n\n\n\n<li>s\u00e1bados de 09.00 a 20.00<\/li>\n\n\n\n<li>domingos de 09.00 a 19.00<\/li>\n\n\n\n<li>festivos nacionales de 09.00 a 14.00<\/li>\n<\/ul>\n\n\n\n<p>Tambi\u00e9n puedes consultar su secci\u00f3n de preguntas frecuentes FAQs entrando en la secci\u00f3n \u201cSobre Vivus\u201d de su p\u00e1gina principal y pinchando sobre el link \u201cPreguntas Frecuentes\u201d, que tambi\u00e9n se encuentra disponible en la barra de men\u00fa inferior.<\/p>\n\n\n\n<h2 class=\"gb-headline gb-headline-f912e809 gb-headline-text\">Vivus opiniones<\/h2>\n\n\n\n<p>Es muy f\u00e1cil encontrar sobre Vivus opiniones, porque el grupo financiero al que pertenece la marca (4finance Group) ha concedido a lo largo de su historia <strong><a href=\"https:\/\/www.moneybob.com\/es\/prestamos\/minicreditos\/\" data-type=\"URL\" data-id=\"https:\/\/www.moneybob.com\/es\/prestamos\/minicreditos\/\">minicr\u00e9ditos<\/a><\/strong> por valor de m\u00e1s de 8.000 millones de euros en unos 22 millones de pr\u00e9stamos.<\/p>\n\n\n\n<p>Lo que m\u00e1s valoran los clientes de Vivus en sus opiniones es:<\/p>\n\n\n\n<ol class=\"wp-block-list\">\n<li>Vivus opiniones positivas sobre la transparencia en la informaci\u00f3n<\/li>\n\n\n\n<li>Opiniones sobre Vivus que inciden en la rapidez de sus tr\u00e1mites y para depositar el dinero una vez concedido el pr\u00e9stamo.<\/li>\n\n\n\n<li>Opiniones que valoran mucho lo f\u00e1cil que es hacer una solicitud.<\/li>\n<\/ol>\n\n\n\n<p>En Espa\u00f1a el n\u00famero de clientes verificados que ha dejado una rese\u00f1a positiva sobre Vivus a trav\u00e9s de Ekomi ya supera los 12.000 con una media de 9.6\/10. La mayor\u00eda de las rese\u00f1as destacan las siguientes ventajas de los pr\u00e9stamos Vivus:<\/p>\n\n\n\n<ul class=\"wp-block-list\">\n<li>Buena atenci\u00f3n al cliente<\/li>\n\n\n\n<li>Solicitudes f\u00e1ciles de rellenar<\/li>\n\n\n\n<li>Es una p\u00e1gina de <strong><a href=\"https:\/\/www.moneybob.com\/es\/prestamos\/prestamos-rapidos\/\" data-type=\"URL\" data-id=\"https:\/\/www.moneybob.com\/es\/prestamos\/prestamos-rapidos\/\">pr\u00e9stamos online r\u00e1pidos<\/a><\/strong> fiable y segura, avalada por a\u00f1os de experiencia y muchas rese\u00f1as positivas contrastadas<\/li>\n\n\n\n<li>La p\u00e1gina ofrece much\u00edsima informaci\u00f3n detalla, con un lenguaje que todo el mundo puede entender y est\u00e1 muy bien organizada<\/li>\n<\/ul>\n\n\n\n<p>Adem\u00e1s, la mayor\u00eda recomiendan el servicio por su rapidez. Otro de sus puntos m\u00e1s destacados es aunque no son nuevos (y en realidad no necesitan abrirse al mercado para captar clientes) ofrecen un primer pr\u00e9stamo sin comisiones que solo se puede comparar con el de MoneyMan.<\/p>\n","protected":false},"excerpt":{"rendered":"<p>Vivus es uno de los portales financieros de servicios online que ofrecen pr\u00e9stamos r\u00e1pidos m\u00e1s populares en Espa\u00f1a. Su especialidad es la concesi\u00f3n de micropr\u00e9stamos &#8230; <\/p>\n<p class=\"read-more-container\"><a title=\"Vivus opiniones\" class=\"read-more button\" href=\"https:\/\/www.moneybob.com\/es\/prestamos\/vivus\/#more-6141\" aria-label=\"Leer m\u00e1s sobre Vivus opiniones\">Leer m\u00e1s<\/a><\/p>\n","protected":false},"author":3,"featured_media":0,"parent":5969,"menu_order":0,"comment_status":"closed","ping_status":"closed","template":"","meta":{"_eb_attr":"","footnotes":""},"class_list":["post-6141","page","type-page","status-publish"],"_links":{"self":[{"href":"https:\/\/www.moneybob.com\/es\/wp-json\/wp\/v2\/pages\/6141","targetHints":{"allow":["GET"]}}],"collection":[{"href":"https:\/\/www.moneybob.com\/es\/wp-json\/wp\/v2\/pages"}],"about":[{"href":"https:\/\/www.moneybob.com\/es\/wp-json\/wp\/v2\/types\/page"}],"author":[{"embeddable":true,"href":"https:\/\/www.moneybob.com\/es\/wp-json\/wp\/v2\/users\/3"}],"replies":[{"embeddable":true,"href":"https:\/\/www.moneybob.com\/es\/wp-json\/wp\/v2\/comments?post=6141"}],"version-history":[{"count":0,"href":"https:\/\/www.moneybob.com\/es\/wp-json\/wp\/v2\/pages\/6141\/revisions"}],"up":[{"embeddable":true,"href":"https:\/\/www.moneybob.com\/es\/wp-json\/wp\/v2\/pages\/5969"}],"wp:attachment":[{"href":"https:\/\/www.moneybob.com\/es\/wp-json\/wp\/v2\/media?parent=6141"}],"curies":[{"name":"wp","href":"https:\/\/api.w.org\/{rel}","templated":true}]}}