{"id":6175,"date":"2022-10-27T16:26:07","date_gmt":"2022-10-27T16:26:07","guid":{"rendered":"https:\/\/www.moneybob.com\/?page_id=6175"},"modified":"2022-10-27T16:26:08","modified_gmt":"2022-10-27T16:26:08","slug":"creditea","status":"publish","type":"page","link":"https:\/\/www.moneybob.com\/es\/prestamos\/creditea\/","title":{"rendered":"Creditea opiniones"},"content":{"rendered":"<div class=\"wp-block-image\">\n<figure class=\"alignright size-full is-resized\"><img loading=\"lazy\" decoding=\"async\" src=\"https:\/\/www.moneybob.com\/wp-content\/uploads\/Creditea.png\" alt=\"Creditea opiniones\" class=\"wp-image-6178\" width=\"188\" height=\"150\" title=\"\"><figcaption>Creditea.<\/figcaption><\/figure>\n<\/div>\n\n\n<p id=\"E570\">Creditea es una entidad financiera que ofrece l\u00edneas de cr\u00e9dito personales, v\u00eda online, sin necesidad de presentar demasiado papeleo. En un mundo cada vez m\u00e1s globalizado, donde las transacciones comerciales est\u00e1n a la orden del d\u00eda, no resulta extra\u00f1o que las personas necesiten acceder a minicr\u00e9ditos de emergencia en alg\u00fan momento. Para resolverlo de forma r\u00e1pida se encuentran plataformas como Creditea.<\/p>\n\n\n\n<p id=\"E587\">Creditea pertenece al grupo internacional Personal Finance Digital Spain S.A.U. Este grupo est\u00e1 presente en m\u00e1s de 14 pa\u00edses, cotiza en la Bolsa de Londres y cuenta con m\u00e1s 2,8 millones de clientes en el mundo. Los pr\u00e9stamos Creditea est\u00e1n disponibles en 8 pa\u00edses europeos, incluyendo Espa\u00f1a. Adem\u00e1s, recientemente Creditea Pr\u00e9stamos han llegado con \u00e9xito a Latinoam\u00e9rica, en concreto a M\u00e9xico.<\/p>\n\n\n\n<p id=\"E613\">En este contexto, los pr\u00e9stamos Creditea cuentan con un especial reconocimiento y han conseguido varios premios por sus servicios en los \u00faltimos a\u00f1os.<\/p>\n\n\n\n<h2 class=\"gb-headline gb-headline-6ece067c gb-headline-text\">Creditea: c\u00f3mo funciona<\/h2>\n\n\n\n<p id=\"E630\">Creditea es una empresa con experiencia e inter\u00e9s en el campo tecnol\u00f3gico. Cuenta con los mejores par\u00e1metros de seguridad para proteger los datos personales y financieros de sus clientes ante cualquier tipo de ataque cibern\u00e9tico. Est\u00e1 profundamente comprometida con la intimidad de sus clientes: nada mejor que poder solicitar un <strong><a href=\"https:\/\/www.moneybob.com\/es\/prestamos\/microcreditos\/\" data-type=\"URL\" data-id=\"https:\/\/www.moneybob.com\/es\/prestamos\/microcreditos\/\">microcr\u00e9dito<\/a><\/strong> desde la comodidad de tu hogar, sin tener que sentirte juzgado ni dar explicaciones.<\/p>\n\n\n\n<p id=\"E636\">La p\u00e1gina web de Creditea ofrece todo un abanico de informaci\u00f3n para el usuario, desde un principio, con el fin de que los posibles clientes tengan en cuenta todas las condiciones y ventajas de los pr\u00e9stamos Creditea, incluso antes de registrarse formalmente. Ofrece una infraestructura virtual estable y segura, adem\u00e1s apostar por la inmediatez en todas sus operaciones y tr\u00e1mites para solicitar:<\/p>\n\n\n\n<ul class=\"wp-block-list\"><li>Pr\u00e9stamos r\u00e1pidos de hasta 5.000\u20ac<\/li><li>L\u00edneas de cr\u00e9dito<\/li><li>Seguros<\/li><li>Refinanciaci\u00f3n de deuda<\/li><\/ul>\n\n\n\n<h3 class=\"gb-headline gb-headline-9a12f620 gb-headline-text\">Promociones Creditea<\/h3>\n\n\n\n<p>Una de las promociones de Creditea m\u00e1s curiosas es El bombazo, un concurso para clientes que tienen una l\u00ednea de cr\u00e9dito abierta. Para participar hay que explicar qu\u00e9 piensas hacer con tu cr\u00e9dito personal. El premio asciende a 5000\u20ac y se lo lleva el cliente que ofrezca la respuesta m\u00e1s original. La mejor parte es que hay un ganador todos los d\u00edas.<\/p>\n\n\n\n<h2 class=\"gb-headline gb-headline-6d6e0a4b gb-headline-text\">Creditea Pr\u00e9stamos<\/h2>\n\n\n\n<p>Los pr\u00e9stamos Creditea son una forma r\u00e1pida de conseguir dinero bajo condiciones razonables y con un l\u00edmite m\u00e1ximo que dif\u00edcilmente podr\u00eda ser superado por otras p\u00e1ginas de microcr\u00e9ditos similares. As\u00ed, Creditea se ha convertido en el money man de confianza de muchos espa\u00f1oles que requieren de pr\u00e9stamos r\u00e1pidos para resolver un amplio margen de emergencias financieras leves, pero que requieren de varios miles de euros para solucionarse.<\/p>\n\n\n\n<h3 class=\"gb-headline gb-headline-e2824709 gb-headline-text\">Pr\u00e9stamos Creditea hasta 5.000\u20ac<\/h3>\n\n\n\n<p id=\"E723\">Creditea pr\u00e9stamos destaca en el mercado de los pr\u00e9stamos r\u00e1pidos online por ofrecer algo que ninguna otra empresa similar ha ofrecido hasta el momento: <strong><a href=\"https:\/\/www.moneybob.com\/es\/prestamos\/minicreditos\/\" data-type=\"URL\" data-id=\"https:\/\/www.moneybob.com\/es\/prestamos\/minicreditos\/\">un minicr\u00e9dito<\/a><\/strong> de hasta 5.000\u20ac, de aprobaci\u00f3n r\u00e1pida y con muy pocos requisitos.<\/p>\n\n\n\n<p id=\"E741\">Este tipo de opciones financieras que implican unas cantidades altas est\u00e1n disponibles en los <strong><a href=\"https:\/\/www.moneybob.com\/es\/prestamos\/prestamos-personales\/\" data-type=\"URL\" data-id=\"https:\/\/www.moneybob.com\/es\/prestamos\/prestamos-personales\/\">pr\u00e9stamos personales<\/a><\/strong> de portales como <strong><a href=\"https:\/\/www.moneybob.com\/es\/prestamos\/cetelem\/\" data-type=\"page\" data-id=\"6105\">Cetelem<\/a><\/strong> o <strong><a href=\"https:\/\/www.moneybob.com\/es\/prestamos\/cofidis\/\" data-type=\"page\" data-id=\"6089\">Cofidis<\/a><\/strong>, pero no son habituales entre empresas dedicadas a los microcr\u00e9ditos.<\/p>\n\n\n\n<h3 class=\"gb-headline gb-headline-057a7c9a gb-headline-text\">C\u00f3mo pedir un pr\u00e9stamo Creditea<\/h3>\n\n\n\n<p>Creditea pr\u00e9stamos tienen un funcionamiento sencillo, por lo que el proceso de solicitud no se complica demasiado y cualquier persona habilitada legalmente puede acceder a ellos online. Al iniciar tu petici\u00f3n, tendr\u00e1s la posibilidad de elegir entre un amplio margen de <strong><a href=\"https:\/\/www.moneybob.com\/es\/prestamos\/\" data-type=\"URL\" data-id=\"https:\/\/www.moneybob.com\/es\/prestamos\/\">pr\u00e9stamos<\/a><\/strong> y modalidades de plazos para pagar:<\/p>\n\n\n\n<ul class=\"wp-block-list\"><li>Entra en la web de Creditea y utiliza su simulador de pr\u00e9stamos para elegir el tuyo.<\/li><li>Reg\u00edstrate indicando los datos solicitados en el formulario.<\/li><li>Verifica cuidadosamente todos los datos, ya que ser\u00e1n sometidos a evaluaci\u00f3n.<\/li><li>Env\u00eda tu solicitud.<\/li><li>Espera a que el equipo de Creditea se ponga en contacto v\u00eda correo electr\u00f3nico o SMS, indicando si el cr\u00e9dito est\u00e1 aprobado, o no.<\/li><li>Lee y acepta las condiciones del contrato antes de confirmar tu pr\u00e9stamo.<\/li><li>Recibe los fondos en tu cuenta bancaria.<\/li><\/ul>\n\n\n\n<p id=\"E793\">Adem\u00e1s de lo anterior, en el proceso de verificaci\u00f3n Creditea puede ponerse en contacto contigo v\u00eda telef\u00f3nica para verificar algunos datos.<\/p>\n\n\n\n<p id=\"E800\">Creditea cuenta con un abanico de opciones mucho m\u00e1s amplio que el est\u00e1ndar del mercado de pr\u00e9stamos, por lo que, si prestas atenci\u00f3n a las condiciones a la hora de dise\u00f1ar tu pr\u00e9stamo con el simulador, podr\u00e1s pedir un cr\u00e9dito que se adapte a las circunstancias m\u00e1s diversas.<\/p>\n\n\n\n<h3 class=\"gb-headline gb-headline-eb7c7800 gb-headline-text\">Para qu\u00e9 sirve un pr\u00e9stamo Creditea:<\/h3>\n\n\n\n<ul class=\"wp-block-list\"><li>Hacer frente a una emergencia dom\u00e9stica, como la ruptura de una tuber\u00eda o cualquier otra que suponga un gasto imprevisto y precise de una soluci\u00f3n r\u00e1pida.<\/li><li>Pagar una consulta m\u00e9dica, una reparaci\u00f3n de gafas o un empaste de inmediato, cuando no puedes esperar a que te ingreses la n\u00f3mina o pensi\u00f3n en el plazo de unas semans.<\/li><li>Financiar una peque\u00f1a inversi\u00f3n para tu negocio, como la compra de materiales, a sabiendas de que obtendr\u00e1s beneficios en breve y podr\u00e1s pagar a tiempo el pr\u00e9stamo solicitado.<\/li><\/ul>\n\n\n\n<p>Adem\u00e1s de pr\u00e9stamos, con Creditea tambi\u00e9n puedes optar por una l\u00ednea de cr\u00e9dito personal. Estas te permiten disponer de cierta cantidad de capital, la cual puedes utilizar en el momento que prefieras. Por ejemplo, si te aprueban una l\u00ednea de cr\u00e9dito de hasta 2.000\u20ac, pero de momento necesitas tan solo 500\u20ac, solo utilizas esa cantidad cantidad y pagas los intereses solo por esos 500\u20ac. Una vez devueltos contar\u00e1s de nuevo con 2.000\u20ac a tu entera disposici\u00f3n.<\/p>\n\n\n\n<h3 class=\"gb-headline gb-headline-00bd6949 gb-headline-text\">Requisitos Creditea:<\/h3>\n\n\n\n<ol class=\"wp-block-list\"><li>El solicitante debe contar con la mayor\u00eda de edad en Espa\u00f1a, que es de 18 a\u00f1os.<\/li><li>Ser residente en Espa\u00f1a y poder demostrarlo con el DNI o el NIE.<\/li><li>Disponer de un documento de identidad v\u00e1lido (DNI o pasaporte).<\/li><li>Tener una cuenta bancaria en Espa\u00f1a en la que figures como titular.<\/li><li>Disponer de un tel\u00e9fono m\u00f3vil u ordenador y conexi\u00f3n a internet.<\/li><li>Contar con ingresos mensuales demostrables de 800\u20ac fijos o m\u00e1s.<\/li><\/ol>\n\n\n\n<h3 class=\"gb-headline gb-headline-bd3192e1 gb-headline-text\">L\u00ednea de cr\u00e9dito Creditea<\/h3>\n\n\n\n<p id=\"E879\">La l\u00ednea de cr\u00e9dito Creditea es muy flexible, pudiendo solicitar desde 500\u20ac hasta un m\u00e1ximo de 5.000\u20ac, con devoluci\u00f3n estipulada en un plazo de 1 a 36 meses. Los intereses cobrados por Creditea son variables, dependiendo de cada cliente y de las especificaciones del pr\u00e9stamo.<\/p>\n\n\n\n<p id=\"E891\">Un aspecto positivo de los pr\u00e9stamos Creditea es que no cuentan con comisi\u00f3n de apertura ni con gastos de gesti\u00f3n. Por lo que solamente se te cobrar\u00e1n los intereses correspondientes a tu cr\u00e9dito.<\/p>\n\n\n\n<p id=\"E898\">A la hora de la devoluci\u00f3n, Creditea te enviar\u00e1 un recordatorio 7 d\u00edas antes de la fecha de pago y har\u00e1 llegar un segundo recordatorio el mismo d\u00eda de pago. Puedes pagar por medio de diferentes m\u00e9todos, siendo de las p\u00e1ginas de pr\u00e9stamos m\u00e1s interesantes en este aspecto. Por ejemplo, tienes la opci\u00f3n de domiciliar el pago en tu tarjeta, para que se descuente la cuota directamente.<\/p>\n\n\n\n<p id=\"E904\">En caso de que te retrases en la devoluci\u00f3n, estar\u00e1s sujeto a una comisi\u00f3n por mora. Dicha penalizaci\u00f3n asciende al 0,05% m\u00e1s un 20% sobre el importe impagado, adicionalmente otros 35\u20ac por reclamo.<\/p>\n\n\n\n<p id=\"E906\">Apartando esto, una de las grandes virtudes de los pr\u00e9stamos Creditea es la posibilidad de realizar devoluciones anticipadas, totales o parciales, sin ning\u00fan coste extra. En caso de hacerlo, pagar\u00e1s solamente los intereses hasta la fecha, por lo que, cuanto antes devuelvas el cr\u00e9dito, pagar\u00e1s menos intereses.<\/p>\n\n\n\n<h2 class=\"gb-headline gb-headline-19b9cf91 gb-headline-text\">Creditea opioniones<\/h2>\n\n\n\n<p>\u00bfEst\u00e1s buscando sobre Creditea opiniones fiables? En internet podr\u00e1s encontrar una diversidad de comentarios sobre esta empresa financiera, tanto positivas como algunas negativas, emitidos por usuarios que han accedido o intentado acceder a microcr\u00e9ditos de Creditea para resolver sus urgencias econ\u00f3micas. Es importante que compares los comentarios, distingas c\u00faales est\u00e1n verificados y puedas deducir si este servicio es conveniente para ti.<\/p>\n\n\n\n<h3 class=\"gb-headline gb-headline-1a83081c gb-headline-text\">Ventajas de Creditea<\/h3>\n\n\n\n<ul class=\"wp-block-list\"><li>L\u00ednea de cr\u00e9dito por hasta 5.000\u20ac.<\/li><li>Pr\u00e9stamos sin comisi\u00f3n por apertura.<\/li><li>Proceso realizado sin aval ni papeleo.<\/li><li>Luego de iniciar el proceso, en caso de que se te apruebe el cr\u00e9dito, tendr\u00e1s el dinero en tu cuenta en 15 minutos.<\/li><li>Acepta clientes que figuran en el listado ASNEF si el impago es de menos de 150\u20ac y no es a una financiera.<\/li><\/ul>\n\n\n\n<p>En el caso de las opiniones negativas, s\u00e9 tan precavido como al considerar las positivas: algunas son emitidas por clientes que no se informaron de las condiciones del servicio antes de pedir un cr\u00e9dito y no cumplieron con el contrato. Antes de solicitar un pr\u00e9stamo Creditea o con cualquier portal de <strong><a href=\"https:\/\/www.moneybob.com\/es\/prestamos\/prestamos-rapidos\/\" data-type=\"URL\" data-id=\"https:\/\/www.moneybob.com\/es\/prestamos\/prestamos-rapidos\/\">pr\u00e9stamos r\u00e1pidos<\/a><\/strong> online debes conocer todas las cl\u00e1usulas del contrato, prever posible imprevistos y sopesar las ventajas y desventajas.<\/p>\n\n\n\n<p>En l\u00edneas generales, podemos decir encontrar sobre Creditea opiniones positivas es f\u00e1cil. Las principales destacan:<\/p>\n\n\n\n<ul class=\"wp-block-list\"><li>El alcance de los pr\u00e9stamos, que pueden ascender hasta los 5.000\u20ac, sin afectar la rapidez del proceso.<\/li><li>Creditea es la \u00fanica plataforma que pone a disposici\u00f3n de los clientes una cantidad tan alta para un minicr\u00e9dito.<\/li><li>Rapidez, agilidad y sin papeleo f\u00edsico que hacen posible conseguir soluciones financieras casi de inmediato.<\/li><li>Creditea no exige comisiones extras por la apertura ni por la devoluci\u00f3n anticipada, algo que es habitual en este tipo de plataformas.<\/li><\/ul>\n\n\n\n<p id=\"E1023\">No hace mucho tiempo era incre\u00edble pensar en un pr\u00e9stamo r\u00e1pido tan elevado, otorgado sin un aval y a trav\u00e9s de un portal web. Otro de los aspectos preferidos por los clientes de Creditea es que al no penalizarte por devolver tus pr\u00e9stamos antes del plazo, te animan a pagar las deudas antes de tiempo y, de necesitarlo, a solicitar m\u00e1s pr\u00e9stamos Creditea.<\/p>\n\n\n\n<p id=\"E1044\">Creditea pr\u00e9stamos son una excelente opci\u00f3n para obtener fondos por varios miles de euros r\u00e1pidamente. Gracias a contar con un sistema de funcionamiento tan eficiente y bien dise\u00f1ado contribuyen a la construcci\u00f3n de un ecosistema financiero m\u00e1s sano, justo y s\u00f3lido; en el que los clientes cuentan con el escenario ideal para mejorar su r\u00e9cord crediticio y cumplir con sus compromisos de pago. <\/p>\n\n\n\n<p id=\"E1044\">Aunque todav\u00eda no alcanzan el nivel de confianza de plataformas tan conocidas como Cofidis, tienen su propia manera de hacer las cosas, con ventajas que no encontrar\u00e1s en ning\u00fan otro portal de pr\u00e9stamos online.<\/p>\n","protected":false},"excerpt":{"rendered":"<p>Creditea es una entidad financiera que ofrece l\u00edneas de cr\u00e9dito personales, v\u00eda online, sin necesidad de presentar demasiado papeleo. En un mundo cada vez m\u00e1s &#8230; <\/p>\n<p class=\"read-more-container\"><a title=\"Creditea opiniones\" class=\"read-more button\" href=\"https:\/\/www.moneybob.com\/es\/prestamos\/creditea\/#more-6175\" aria-label=\"Leer m\u00e1s sobre Creditea opiniones\">Leer m\u00e1s<\/a><\/p>\n","protected":false},"author":3,"featured_media":0,"parent":5969,"menu_order":0,"comment_status":"closed","ping_status":"closed","template":"","meta":{"_eb_attr":"","footnotes":""},"class_list":["post-6175","page","type-page","status-publish"],"_links":{"self":[{"href":"https:\/\/www.moneybob.com\/es\/wp-json\/wp\/v2\/pages\/6175","targetHints":{"allow":["GET"]}}],"collection":[{"href":"https:\/\/www.moneybob.com\/es\/wp-json\/wp\/v2\/pages"}],"about":[{"href":"https:\/\/www.moneybob.com\/es\/wp-json\/wp\/v2\/types\/page"}],"author":[{"embeddable":true,"href":"https:\/\/www.moneybob.com\/es\/wp-json\/wp\/v2\/users\/3"}],"replies":[{"embeddable":true,"href":"https:\/\/www.moneybob.com\/es\/wp-json\/wp\/v2\/comments?post=6175"}],"version-history":[{"count":0,"href":"https:\/\/www.moneybob.com\/es\/wp-json\/wp\/v2\/pages\/6175\/revisions"}],"up":[{"embeddable":true,"href":"https:\/\/www.moneybob.com\/es\/wp-json\/wp\/v2\/pages\/5969"}],"wp:attachment":[{"href":"https:\/\/www.moneybob.com\/es\/wp-json\/wp\/v2\/media?parent=6175"}],"curies":[{"name":"wp","href":"https:\/\/api.w.org\/{rel}","templated":true}]}}