{"id":6233,"date":"2022-10-27T18:20:01","date_gmt":"2022-10-27T18:20:01","guid":{"rendered":"https:\/\/www.moneybob.com\/?page_id=6233"},"modified":"2022-10-27T18:20:14","modified_gmt":"2022-10-27T18:20:14","slug":"welp","status":"publish","type":"page","link":"https:\/\/www.moneybob.com\/es\/prestamos\/welp\/","title":{"rendered":"Welp opiniones"},"content":{"rendered":"<div class=\"wp-block-image\">\n<figure class=\"alignright size-full is-resized\"><img loading=\"lazy\" decoding=\"async\" src=\"https:\/\/www.moneybob.com\/wp-content\/uploads\/Welp.png\" alt=\"Welp opiniones\" class=\"wp-image-6237\" width=\"219\" height=\"219\" title=\"\" srcset=\"https:\/\/www.moneybob.com\/wp-content\/uploads\/Welp.png 438w, https:\/\/www.moneybob.com\/wp-content\/uploads\/Welp-300x300.png 300w, https:\/\/www.moneybob.com\/wp-content\/uploads\/Welp-150x150.png 150w\" sizes=\"auto, (max-width: 219px) 100vw, 219px\" \/><figcaption>Welp.<\/figcaption><\/figure>\n<\/div>\n\n\n<p>Welp es una plataforma financiera destinada a ofrecer a sus usuarios la posibilidad de adquirir microcr\u00e9ditos online con gran liquidez, de forma inmediata y sencilla.&nbsp;<\/p>\n\n\n\n<p>P\u00e9stamos Welp opera por medio de la infraestructura financiera del Banco Santander. Por lo que se puede considerar una opci\u00f3n fiable para acceder a dinero real, legal e instant\u00e1neo.<\/p>\n\n\n\n<p>La visi\u00f3n de Welp se centra en una nueva forma de concebir los entornos financieros, en la posibilidad de que sus clientes puedan cumplir sus sue\u00f1os y afianzar la consolidaci\u00f3n de un proyecto, sin tener que esperar a un futuro \u201cm\u00e1s adelante\u201d, que tal vez nunca llegue.&nbsp;<\/p>\n\n\n\n<p>En otras palabras: pr\u00e9stamos Welp ofrece soluciones al alcance de la mano.<\/p>\n\n\n\n<p>Puedes solicitar con Welp pr\u00e9stamos de diferentes cuant\u00edas y tipos de cr\u00e9ditos, dependiendo de lo que necesites en cada momento.&nbsp;<\/p>\n\n\n\n<p>En esta gu\u00eda sobre pr\u00e9stamos Welp te contaremos:<\/p>\n\n\n\n<ol class=\"wp-block-list\"><li>cu\u00e1les son las caracter\u00edsticas de Welp pr\u00e9stamos<\/li><li>por qu\u00e9 los pr\u00e9stamos Welp son tan populares<\/li><li>c\u00f3mo solicitar un pr\u00e9stamo Welp online<\/li><\/ol>\n\n\n\n<h2 class=\"gb-headline gb-headline-abb0bcbb gb-headline-text\"><strong>C\u00f3mo funciona Pr\u00e9stamos Welp<\/strong><\/h2>\n\n\n\n<p>Para Welp, una de las principales premisas a la hora de ofrecer sus servicios es la comodidad del cliente. No se trata \u00fanicamente de que puedas acceder a tu pr\u00e9stamo Welp con rapidez, sino de implementar la menor cantidad posible de procedimientos y papeleos, siempre dentro del marco de la legalidad.&nbsp;<\/p>\n\n\n\n<p>Welp <strong><a href=\"https:\/\/www.moneybob.com\/es\/prestamos\/\" data-type=\"URL\" data-id=\"https:\/\/www.moneybob.com\/es\/prestamos\/\">pr\u00e9stamos<\/a><\/strong> ofrece financiaci\u00f3n desde 50\u20ac hasta 5.000\u20ac, una cantidad m\u00e1xima bastante elevada en comparaci\u00f3n con otros servicios de <strong><a href=\"https:\/\/www.moneybob.com\/es\/prestamos\/prestamos-personales\/\" data-type=\"URL\" data-id=\"https:\/\/www.moneybob.com\/es\/prestamos\/prestamos-personales\/\">pr\u00e9stamos personales<\/a><\/strong>. Como parte de las pol\u00edticas de Welp, todas las solicitudes se realizan a trav\u00e9s de internet, sin necesidad de acudir a ning\u00fan establecimiento f\u00edsico para concretar la transacci\u00f3n.\u00a0<\/p>\n\n\n\n<p>Por este motivo, Welp no cuenta con sucursales f\u00edsicas de atenci\u00f3n al p\u00fablico. Los canales de comunicaci\u00f3n est\u00e1n disponibles a trav\u00e9s de estas tres v\u00edas:<\/p>\n\n\n\n<ol class=\"wp-block-list\"><li>el correo electr\u00f3nico de Welp info@welp.es<\/li><li>redes sociales (Facebook e Instagram)<\/li><li>el n\u00famero de tel\u00e9fono de Welp 91 143 6390<\/li><\/ol>\n\n\n\n<p>El horario de Atenci\u00f3n al cliente Welp es de lunes a viernes de 08.000 a 20.00 y los s\u00e1bados de 14.00 a 18.00. Esto, en caso de que necesites realizar consultas o reportar problemas, ya que los procedimientos financieros son automatizados y bastante flexibles, por lo que no est\u00e1n sujetos a un horario espec\u00edfico.&nbsp;<\/p>\n\n\n\n<p>La p\u00e1gina de Welp est\u00e1 protegida (candado delante de la direcci\u00f3n URL) y certificada contra miradas de terceros. Cuenta con un sistema de cifrado que evita que los datos que compartas con Welp puedan ser vistos por nadie m\u00e1s que la gestora de la p\u00e1gina. Sin embargo, siempre es recomendable que hagas los tr\u00e1mites para solicitar tu pr\u00e9stamo Welp a trav\u00e9s de tu propio dispositivo personal y con una red privada.<\/p>\n\n\n\n<h3 class=\"gb-headline gb-headline-d151fc63 gb-headline-text\"><strong>\u00bfPor qu\u00e9 mi pr\u00e9stamo Welp es diferente al de otras personas?<\/strong><\/h3>\n\n\n\n<p>Los pr\u00e9stamos Welp han ganado popularidad en los \u00faltimos a\u00f1os, ya que son una forma r\u00e1pida, sencilla y pr\u00e1ctica de conseguir dinero, bajo condiciones realistas y accesibles para todos.&nbsp;<\/p>\n\n\n\n<p>El servicio de Welp pr\u00e9stamo se ha convertido en el money man de confianza para miles de personas de todas las edades; porque, empleado en forma responsable, permite disponer de efectivo pr\u00e1cticamente en cualquier momento.&nbsp;<\/p>\n\n\n\n<p>Welp cuenta con un \u00edndice de responsabilidad crediticia con el que analiza a sus clientes para \u201crankear\u201d a los que cuentan con las mejores condiciones y los mayores beneficios. Eso significa que dependiendo de la valoraci\u00f3n que consigas, Welp te asignar\u00e1 una opci\u00f3n de cr\u00e9dito m\u00e1ximo personalizada.<\/p>\n\n\n\n<p>Este sistema fue desarrollado por Welp con tecnolog\u00eda propia, permitiendo elegir ofertas personalizadas para cada cliente y mejorando las condiciones de pr\u00e9stamos Welp para sus usuarios m\u00e1s fieles y responsables.<\/p>\n\n\n\n<h2 class=\"gb-headline gb-headline-e833285d gb-headline-text\">Welp pr\u00e9stamos<\/h2>\n\n\n\n<p>Welp pr\u00e9stamos funciona de manera muy sencilla e intuitiva, facilitando as\u00ed todo el proceso. El procedimiento es completamente online, e inicia completando un formulario de solicitud para pr\u00e9stamo con respuesta inmediata.&nbsp;<\/p>\n\n\n\n<p>En este paso se indica el importe aprobado, de acuerdo a tu perfil crediticio. Existe la posibilidad de elegir entre un amplio margen, tanto del pr\u00e9stamo como de la cantidad de cuotas a cancelar.<\/p>\n\n\n\n<h3 class=\"gb-headline gb-headline-c391cc25 gb-headline-text\"><strong>Pedir un pr\u00e9stamo Welp paso a paso:<\/strong><\/h3>\n\n\n\n<p>Los requisitos de Welp pr\u00e9stamos son los siguientes:&nbsp;<\/p>\n\n\n\n<ul class=\"wp-block-list\"><li>Residir en territorio espa\u00f1ol (indispensable).<\/li><li>Tener m\u00ednimo 25 y m\u00e1ximo 75 a\u00f1os de edad.&nbsp;<\/li><li>Disponer de un documento de identidad v\u00e1lido y vigente (DNI, NIE o pasaporte).&nbsp;<\/li><li>Tener una cuenta bancaria nacional y dos tel\u00e9fonos a nombre propio.<\/li><li>Tener a mano los datos de acceso a su banca digital.&nbsp;<\/li><\/ul>\n\n\n\n<p>Otro requisito del pr\u00e9stamo Welp es percibir ingresos recurrentes en tu trabajo actual y tener una antig\u00fcedad m\u00ednima de 12 meses. Si cumples todos estos requisitos, puedes acceder a un pr\u00e9stamo Welp de forma sencilla y r\u00e1pida. El proceso de registro de solicitud y la respuesta no tardar\u00e1n m\u00e1s de media hora:<\/p>\n\n\n\n<ol class=\"wp-block-list\"><li>Accede a la p\u00e1gina de Welp pr\u00e9stamos, desde tu m\u00f3vil, tablet u ordenador, e inicia la solicitud del cr\u00e9dito.&nbsp;<\/li><li>Rellena todos los datos personales<\/li><li>A\u00f1ade los datos financieros solicitados en el formulario.&nbsp;<\/li><li>Selecciona la cantidad de cuotas de pago.<\/li><li>Elige el d\u00eda espec\u00edfico de cada mes en el que ser\u00e1 debitada la cuota del pr\u00e9stamo.&nbsp;<\/li><\/ol>\n\n\n\n<p>\u00a1Eso es todo! El proceso de solicitud es de pr\u00e9stamo Welp es as\u00ed de sencillo.<\/p>\n\n\n\n<h3 class=\"gb-headline gb-headline-c027ced7 gb-headline-text\"><strong>\u00bfPara qu\u00e9 sirve Welp pr\u00e9stamos?<\/strong><\/h3>\n\n\n\n<p>Los pr\u00e9stamos Welp son una oportunidad para disponer de efectivo en momentos puntuales. Descarta solicitar <strong><a href=\"https:\/\/www.moneybob.com\/es\/prestamos\/minicreditos\/\" data-type=\"URL\" data-id=\"https:\/\/www.moneybob.com\/es\/prestamos\/minicreditos\/\">minicr\u00e9ditos<\/a><\/strong> personales para cubrir una deuda o como una forma de ingresos adicional. Los pr\u00e9stamos Welp\u00a0 est\u00e1n dise\u00f1ados para actuar como un adelanto, no como una v\u00eda para conseguir dinero extra.\u00a0<\/p>\n\n\n\n<p>Encuentra el pr\u00e9stamo Welp que mejor se adapte a tus circunstancias. Puedes solicitar un pr\u00e9stamo Welp para:<\/p>\n\n\n\n<ul class=\"wp-block-list\"><li>Obtener financiamiento de manera inmediata para un proyecto personal que no requiera un gran capital&nbsp;<\/li><li>Aprovechar una oportunidad, como por ejemplo una compra en las rebajas o una promoci\u00f3n puntual.<\/li><li>Acceder a financiaci\u00f3n sin necesidad de un fiador que avale la operaci\u00f3n; condici\u00f3n requerida por la mayor\u00eda de instituciones bancarias tradicionales.&nbsp;<\/li><li>Cubrir gastos de emergencia con necesidad de desembolso inmediato, para los cuales no puedes esperar el tiempo prolongado que tarda la aprobaci\u00f3n de un pr\u00e9stamo convencional.&nbsp;<\/li><\/ul>\n\n\n\n<p>Aantes de valorar qu\u00e9 pr\u00e9stamo Welp vas a solicitar, considera cualquier otro posible imprevisto que pueda surgir antes de que finalice la devoluci\u00f3n total del pr\u00e9stamo, ya que te resultar\u00e1 m\u00e1s dif\u00edcil lograr financiaci\u00f3n adicional si ya cuentas con una l\u00ednea de cr\u00e9dito abierta.<\/p>\n\n\n\n<h3 class=\"gb-headline gb-headline-6841080c gb-headline-text\"><strong>Cu\u00e1nto dinero se puede pedir con un pr\u00e9stamo Welp<\/strong><\/h3>\n\n\n\n<p>En la primera solicitud de un pr\u00e9stamo Welp podr\u00e1s optar por entre 100\u20ac y 500\u20ac. Una vez que hayas liquidado ese primer cr\u00e9dito, el l\u00edmite m\u00e1ximo a alcanza son 5.000\u20ac, contando con hasta 24 cuotas mensuales para pagarlo. En caso de que lo desees, puedes cancelar tu pr\u00e9stamo en una sola cuota mensual.<\/p>\n\n\n\n<h3 class=\"gb-headline gb-headline-64905fbb gb-headline-text\"><strong>Cu\u00e1nto cuesta con Welp un pr\u00e9stamo:<\/strong><\/h3>\n\n\n\n<p>La Tasa Anual Equivalente o TAE establece un m\u00ednimo de 41,00% y hasta un m\u00e1ximo de 400%. La Tasa de Inter\u00e9s Nominal asciende a un m\u00ednimo de 35,00% y un m\u00e1ximo de 3056%. Estas tasas pueden ser variables. En el momento de responder a tu solicitud se te indicar\u00e1 autom\u00e1ticamente la tasa exacta que se aplicar\u00e1 a tu pr\u00e9stamo.<\/p>\n\n\n\n<p>Por ejemplo, en caso de que solicites un cr\u00e9dito de 400\u20ac, con un plazo de 3 meses, en total tendr\u00e1s que devolver 482,54\u20ac. En caso de que dejes de pagar una cuota, se te penalizar\u00e1 con 1,20% diario del importe sin pagar.&nbsp;<\/p>\n\n\n\n<p>Una vez que hayas amortizado el 50% de tu pr\u00e9stamo, en caso de que necesites m\u00e1s financiaci\u00f3n, puedes solicitar otro pr\u00e9stamo Welp, lo ideal es finalizar el pago una solicitud antes de iniciar otro proceso de pr\u00e9stamo..<\/p>\n\n\n\n<p>De acuerdo a las pol\u00edticas de flexibilidad de Welp pr\u00e9stamos, es posible cancelar de forma anticipada el pr\u00e9stamo. Esto te traer\u00e1 beneficios personales, reduciendo el importe total a base de intereses mensuales y te otorgar\u00e1 la solvencia necesaria para solicitar un siguiente cr\u00e9dito.<\/p>\n\n\n\n<h2 class=\"gb-headline gb-headline-efbbd851 gb-headline-text\">Welp opiniones<\/h2>\n\n\n\n<p>Es posible encontrar sobre Welp opiniones muy positivas, de usuarios realmente agradecidos por acceder a la financiaci\u00f3n que necesitan para hacer frente a los imprevistos del d\u00eda a d\u00eda, darse un capricho o incluso salir de alguna situaci\u00f3n cr\u00edtica.<\/p>\n\n\n\n<p>Algunas de las plataformas financieras online y blogs informativos cuentan con apartados dedicados a rese\u00f1ar a la compa\u00f1\u00eda y mostrar sobre Welp opiniones de los usuarios que han accedido a sus servicios. Por lo que encontrar informaci\u00f3n neutral sobre el servicio es f\u00e1cil.&nbsp;<\/p>\n\n\n\n<p>Los servicios de financiamiento y de <strong><a href=\"https:\/\/www.moneybob.com\/es\/prestamos\/microcreditos\/\" data-type=\"URL\" data-id=\"https:\/\/www.moneybob.com\/es\/prestamos\/microcreditos\/\">micropr\u00e9stamos<\/a><\/strong> online son cada vez m\u00e1s populares, acumulando clientes en toda Espa\u00f1a y el resto del mundo. Un gran n\u00famero de espa\u00f1oles ya hacen uso de Welp y de servicios similares, por lo que las opiniones al respecto est\u00e1n a la orden del d\u00eda.<\/p>\n\n\n\n<h3 class=\"gb-headline gb-headline-e7bdb9c4 gb-headline-text\">Ventajas de Welp opiniones<\/h3>\n\n\n\n<p>Sus clientes consideran a Welp una compa\u00f1\u00eda s\u00f3lida y transparente. Las opiniones de los usuarios de Welp sirven para conocer directamente las ventajas y desventajas del servicio.&nbsp;<\/p>\n\n\n\n<p>La p\u00e1gina web de Welp cuenta con un blog en el que ofrece informaci\u00f3n sobre sus productos financieros y, sobre todo, contenido de inter\u00e9s en el \u00e1mbito de las peque\u00f1as inversiones y de la econom\u00eda dom\u00e9stica. Adem\u00e1s, cuenta con una secci\u00f3n de preguntas frecuentes que puede ayudarte a aclarar alguna duda espec\u00edfica que tengas sobre los pr\u00e9stamos Welp.&nbsp;<\/p>\n\n\n\n<p>Las principales ventajas de acceder a un pr\u00e9stamo Welp seg\u00fan las opiniones de sus usuarios verificados son:<\/p>\n\n\n\n<ol class=\"wp-block-list\"><li>Facilidad para presentar la solicitud<\/li><li>Rapidez de respuesta (inmediata)<\/li><li>Ventajas adicionales tras devolver el primer pr\u00e9stamo Welp<\/li><\/ol>\n\n\n\n<p>La mayor\u00eda de opiniones sobre Welp la rapidez con la que se ejecutan las operaciones, algo muy apreciado por los usuarios. A la hora de pedir un pr\u00e9stamo Welp conoces de antemano qu\u00e9 requisitos debes cumplir, por lo que es f\u00e1cil saber si obtendr\u00e1s una respuesta positiva.<\/p>\n","protected":false},"excerpt":{"rendered":"<p>Welp es una plataforma financiera destinada a ofrecer a sus usuarios la posibilidad de adquirir microcr\u00e9ditos online con gran liquidez, de forma inmediata y sencilla.&nbsp; &#8230; <\/p>\n<p class=\"read-more-container\"><a title=\"Welp opiniones\" class=\"read-more button\" href=\"https:\/\/www.moneybob.com\/es\/prestamos\/welp\/#more-6233\" aria-label=\"Leer m\u00e1s sobre Welp opiniones\">Leer m\u00e1s<\/a><\/p>\n","protected":false},"author":3,"featured_media":0,"parent":5969,"menu_order":0,"comment_status":"closed","ping_status":"closed","template":"","meta":{"_eb_attr":"","footnotes":""},"class_list":["post-6233","page","type-page","status-publish"],"_links":{"self":[{"href":"https:\/\/www.moneybob.com\/es\/wp-json\/wp\/v2\/pages\/6233","targetHints":{"allow":["GET"]}}],"collection":[{"href":"https:\/\/www.moneybob.com\/es\/wp-json\/wp\/v2\/pages"}],"about":[{"href":"https:\/\/www.moneybob.com\/es\/wp-json\/wp\/v2\/types\/page"}],"author":[{"embeddable":true,"href":"https:\/\/www.moneybob.com\/es\/wp-json\/wp\/v2\/users\/3"}],"replies":[{"embeddable":true,"href":"https:\/\/www.moneybob.com\/es\/wp-json\/wp\/v2\/comments?post=6233"}],"version-history":[{"count":0,"href":"https:\/\/www.moneybob.com\/es\/wp-json\/wp\/v2\/pages\/6233\/revisions"}],"up":[{"embeddable":true,"href":"https:\/\/www.moneybob.com\/es\/wp-json\/wp\/v2\/pages\/5969"}],"wp:attachment":[{"href":"https:\/\/www.moneybob.com\/es\/wp-json\/wp\/v2\/media?parent=6233"}],"curies":[{"name":"wp","href":"https:\/\/api.w.org\/{rel}","templated":true}]}}