{"id":6249,"date":"2022-10-27T18:34:52","date_gmt":"2022-10-27T18:34:52","guid":{"rendered":"https:\/\/www.moneybob.com\/?page_id=6249"},"modified":"2022-10-27T18:34:53","modified_gmt":"2022-10-27T18:34:53","slug":"quebueno","status":"publish","type":"page","link":"https:\/\/www.moneybob.com\/es\/prestamos\/quebueno\/","title":{"rendered":"Qu\u00e9Bueno opiniones"},"content":{"rendered":"<div class=\"wp-block-image\">\n<figure class=\"alignright size-full is-resized\"><img loading=\"lazy\" decoding=\"async\" src=\"https:\/\/www.moneybob.com\/wp-content\/uploads\/QueBueno.png\" alt=\"Qu\u00e9Bueno opiniones\" class=\"wp-image-6254\" width=\"250\" height=\"250\" title=\"\" srcset=\"https:\/\/www.moneybob.com\/wp-content\/uploads\/QueBueno.png 250w, https:\/\/www.moneybob.com\/wp-content\/uploads\/QueBueno-150x150.png 150w\" sizes=\"auto, (max-width: 250px) 100vw, 250px\" \/><figcaption>Qu\u00e9Bueno.<\/figcaption><\/figure>\n<\/div>\n\n\n<p>Qu\u00e9Bueno es un producto financiero perteneciente a la sociedad NBQ Technology, S.A.U, una entidad registrada que opera online ofreciendo a clientes del mercado espa\u00f1ol la posibilidad de adquirir microcr\u00e9ditos por hasta 900\u20ac, casi de forma inmediata.<\/p>\n\n\n\n<p>Fundada en el a\u00f1o 2011 Qu\u00e9Bueno supera una d\u00e9cada de experiencia, siendo su reputaci\u00f3n parte de lo que sostiene su popularidad en el servicio. Desde que empezaron sus operaciones, miles de clientes han disfrutados de microcr\u00e9ditos personales Qu\u00e9Bueno de manera f\u00e1cil y sencilla. Por eso Qu\u00e9Bueno ocupa un puesto privilegiado entre las entidades de micropr\u00e9stamos online m\u00e1s reconocidas de Espa\u00f1a.<\/p>\n\n\n\n<h3 class=\"gb-headline gb-headline-3d4313a7 gb-headline-text\">\u00bfPor qu\u00e9 elegir Qu\u00e9Bueno Pr\u00e9stamos?<\/h3>\n\n\n\n<p>Qu\u00e9Bueno Pr\u00e9stamos destaca porque proporciona financiaci\u00f3n personales de forma r\u00e1pida, c\u00f3moda y eficiente. Los clientes que adquieren sus servicios disfrutan de capital de gran liquidez sin necesidad de presentar requisitos estrictos o mucha documentaci\u00f3n. De hecho, con Qu\u00e9Bueno Pr\u00e9stamos puedes tener los fondos en tu cuenta de banco en tan solo 15 minutos, e incluso en menos tiempo si eres un cliente habitual.<\/p>\n\n\n\n<p>Cabe destacar que gran parte del \u00e9xito en la visi\u00f3n de negocios de Qu\u00e9Bueno reside en que esta empresa apuesta por&nbsp;<\/p>\n\n\n\n<ul class=\"wp-block-list\"><li>acercarse a la realidad personal de los potenciales clientes de Qu\u00e9Bueno pr\u00e9stamos<\/li><li>conocer sus necesidades para adaptar los <strong><a href=\"https:\/\/www.moneybob.com\/es\/prestamos\/\" data-type=\"URL\" data-id=\"https:\/\/www.moneybob.com\/es\/prestamos\/\">pr\u00e9stamos<\/a><\/strong> Qu\u00e9Bueno a ellos<\/li><li>ofrecer diferentes cr\u00e9ditos Qu\u00e9Bueno que se adapten a las circunstancias m\u00e1s diversas.\u00a0<\/li><\/ul>\n\n\n\n<p>De esta forma, conectan a diario con miles de usuarios potenciales de manera completamente natural y directa: utilizando siempre un lenguaje sencillo y condiciones que todos pueden entender.<\/p>\n\n\n\n<h3 class=\"gb-headline gb-headline-829b394a gb-headline-text\"><strong>\u00bfPara qu\u00e9 sirve un pr\u00e9stamo Qu\u00e9Bueno?<\/strong><\/h3>\n\n\n\n<p>Los pr\u00e9stamos Qu\u00e9Bueno deben su popularidad a que este tipo de servicios son cada vez m\u00e1s empleados en Espa\u00f1a; sin embargo, a la luz de su reconocida celeridad y eficiencia, muchos clientes eligen a Qu\u00e9Bueno para solicitar sus microcr\u00e9ditos personales para:&nbsp;<\/p>\n\n\n\n<ul class=\"wp-block-list\"><li>cubrir un imprevisto<\/li><li>aprovechar una oferta<\/li><li>contar con efecto extra en viajes<\/li><\/ul>\n\n\n\n<p>El objetivo de los microcr\u00e9ditos otorgados por Qu\u00e9Bueno es solventar necesidades personales urgentes, sea cual sea el caso. Los diferentes tipos de cr\u00e9ditos buscan adaptarse a estas emergencias financieras; por tanto, Qu\u00e9Bueno Pr\u00e9stamos otorga gran importancia al an\u00e1lisis de los potenciales clientes, e igualmente toma en consideraci\u00f3n las opiniones de los que ya han accedido al servicio. Todo esto, con el fin de mejorar y perfeccionar la experiencia del usuario.<\/p>\n\n\n\n<h3 class=\"gb-headline gb-headline-fa603fc3 gb-headline-text\"><strong>\u00bfC\u00f3mo solicitar pr\u00e9stamos Qu\u00e9Bueno?<\/strong><\/h3>\n\n\n\n<p>En este sentido, solicitar un pr\u00e9stamo Qu\u00e9Bueno es muy sencillo, adem\u00e1s de seguro. Incluso puedes realizar este proceso desde tu tel\u00e9fono m\u00f3vil, en la comodidad de tu casa, ya que la p\u00e1gina es totalmente compatible con dispositivos m\u00f3viles como tablets o smartphones<\/p>\n\n\n\n<p>Esta entidad financiera online pone a disponibilidad de los clientes diversos canales de comunicaci\u00f3n para establecer contacto con el equipo de atenci\u00f3n al usuario. Esto ser\u00e1 bastante \u00fatil en caso de que tengas un inconveniente para realizar el pago o decidas presentar alg\u00fan reclamo o sugerencia respecto al servicio.<\/p>\n\n\n\n<h3 class=\"gb-headline gb-headline-340b7de4 gb-headline-text\"><strong>\u00bfC\u00f3mo funciona Qu\u00e9Bueno?<\/strong><\/h3>\n\n\n\n<p>En Qu\u00e9Bueno no existen las pr\u00f3rrogas, sino que se te cobrar\u00e1 una penalizaci\u00f3n m\u00e1s un porcentaje de inter\u00e9s por cada d\u00eda de vencimiento de tu fecha de pago.&nbsp;<\/p>\n\n\n\n<p>Otro de los aspectos positivos de Qu\u00e9Bueno es que posee un respaldo garantizado. La seguridad es uno de los valores m\u00e1s importantes de una empresa financiera, porque esta garant\u00eda aumenta la popularidad y los comentarios positivos por parte de los usuarios que acceden a <strong><a href=\"https:\/\/www.moneybob.com\/es\/prestamos\/prestamos-rapidos\/\" data-type=\"URL\" data-id=\"https:\/\/www.moneybob.com\/es\/prestamos\/prestamos-rapidos\/\">pr\u00e9stamos r\u00e1pidos<\/a><\/strong>.<\/p>\n\n\n\n<h2 class=\"gb-headline gb-headline-8c651af9 gb-headline-text\"><strong>Tipos de pr\u00e9stamos Qu\u00e9Bueno<\/strong><\/h2>\n\n\n\n<p>Los tipos de pr\u00e9stamos Qu\u00e9Bueno est\u00e1n pensados para adaptarse a distintos tipos de clientes:&nbsp;<\/p>\n\n\n\n<ul class=\"wp-block-list\"><li>Qu\u00e9Bueno Pr\u00e9stamos online: se trata de peque\u00f1os financiamientos que se solicitan online sin papeleo y con bastante rapidez. Son ideales para conseguir <strong><a href=\"https:\/\/www.moneybob.com\/es\/prestamos\/microcreditos\/\" data-type=\"URL\" data-id=\"https:\/\/www.moneybob.com\/es\/prestamos\/microcreditos\/\">microcr\u00e9ditos<\/a><\/strong> personales.\u00a0<\/li><li>Qu\u00e9Bueno Pr\u00e9stamos mini: este producto crediticio est\u00e1 orientado a financiar proyectos que requieran un capital m\u00ednimo. Ofrece facilidades de pago y est\u00e1 sujeto a ciertas condiciones especiales.\u00a0<\/li><li>Qu\u00e9Bueno Pr\u00e9stamos hipotecarios: cr\u00e9dito pensado para aquellos clientes que necesitan completar el capital necesario para adquirir una vivienda principal.\u00a0<\/li><\/ul>\n\n\n\n<p>Qu\u00e9Bueno pr\u00e9stamos puede convertirse en tu money man de confianza, con ventajas adicionales, m\u00e1s cr\u00e9dito disponible y una mayor rapidez en los procesos de solicitud.<\/p>\n\n\n\n<h2 class=\"gb-headline gb-headline-df04c163 gb-headline-text\">Qu\u00e9Bueno pr\u00e9stamos<\/h2>\n\n\n\n<p>Qu\u00e9Bueno pr\u00e9stamos ofrece una gran cantidad de opciones de pr\u00e9stamos asequibles, pensadas para satisfacer las necesidades de muchos tipos de personas diferentes. Te ayudamos a encontrar el pr\u00e9stamo Qu\u00e9Bueno que mejor se adapta a ti.<\/p>\n\n\n\n<h3 class=\"gb-headline gb-headline-e73be98b gb-headline-text\"><strong>Ventajas pr\u00e9stamos Qu\u00e9Bueno:<\/strong><\/h3>\n\n\n\n<ul class=\"wp-block-list\"><li>Al ser un servicio completamente online y automatizado, se pueden solicitar pr\u00e9stamos Qu\u00e9Bueno las 24 horas del d\u00eda y los 365 d\u00edas del a\u00f1o.<\/li><li>Aunque el primer pr\u00e9stamo Qu\u00e9Bueno es de solo 200\u20ac, posteriormente podr\u00e1s solicitar hasta 900\u20ac.\u00a0<\/li><li>Al poder obtener el capital en tan solo 15 minutos, Qu\u00e9Bueno pr\u00e9stamos es perfecto para solventar cualquier imprevisto de una forma sencilla y r\u00e1pida.\u00a0<\/li><li>La devoluci\u00f3n del dinero con Qu\u00e9Bueno es bastante pr\u00e1ctica: todo se gestiona online. Adem\u00e1s, puedes solicitar la cancelaci\u00f3n anticipada de la deuda con Qu\u00e9Bueno, sin tener que pagar ninguna penalizaci\u00f3n por la transacci\u00f3n.\u00a0<\/li><li>El dinero solicitado con Qu\u00e9Bueno es depositado directamente en tu cuenta.\u00a0<\/li><li>Qu\u00e9Bueno exige pocos datos personales, \u00fanicamente los necesarios para verificar tu identidad y tu solvencia financiera.<\/li><\/ul>\n\n\n\n<h3 class=\"gb-headline gb-headline-744d57a8 gb-headline-text\"><strong>Condiciones pr\u00e9stamos Qu\u00e9Bueno<\/strong><\/h3>\n\n\n\n<p>Como cualquier entidad destinada a los pr\u00e9stamos Qu\u00e9Bueno solicita ciertos requisitos a sus clientes antes de proceder al dep\u00f3sito del capital requerido. Las condiciones para solicitar un pr\u00e9stamo Qu\u00e9Bueno son las siguientes:&nbsp;<\/p>\n\n\n\n<ol class=\"wp-block-list\"><li>Debes tener una direcci\u00f3n fija en territorio espa\u00f1ol (indispensable).<\/li><li>Tienes que contar con al menos 18 a\u00f1os y no superar los 65 a\u00f1os.\u00a0<\/li><li>La cuenta que ingreses debe ser corriente, estar a tu nombre y debe poseer liquidez constante. Tambi\u00e9n debes presentar un historial crediticio comprobable.\u00a0<\/li><li>No debes tener ning\u00fan impedimento legal para adquirir pr\u00e9stamos.\u00a0<\/li><li>Tienes que tener un trabajo con ingresos estables y debes demostrarlo.<\/li><\/ol>\n\n\n\n<h2 class=\"gb-headline gb-headline-113da6db gb-headline-text\"><strong>C\u00f3mo pedir un pr\u00e9stamo Qu\u00e9Bueno<\/strong><\/h2>\n\n\n\n<p>Aunque solicitar un pr\u00e9stamo Qu\u00e9Bueno es bastante sencillo, si tienes dudas y quieres estar m\u00e1s familiarizado con el proceso, te presentaremos una lista con los cinco pasos que tienes que seguir para completar tu solicitud y recibir el pr\u00e9stamo:<\/p>\n\n\n\n<h4 class=\"wp-block-heading\"><strong>1. Ingresa al portal web de Qu\u00e9Bueno:<\/strong><\/h4>\n\n\n\n<p>La p\u00e1gina web Qu\u00e9Bueno destaca por su c\u00f3moda interfaz, f\u00e1cil de navegar y compatible con el m\u00f3vil. En la p\u00e1gina principal encontrar\u00e1s un bot\u00f3n con la leyenda \u201cC\u00f3mo Funciona\u201d, en la que podr\u00e1s acceder a m\u00e1s informaci\u00f3n acerca del servicio.<\/p>\n\n\n\n<p>Adem\u00e1s del apartado destinado a solicitar un pr\u00e9stamo Qu\u00e9Bueno, en esta p\u00e1gina encontrar\u00e1s:<\/p>\n\n\n\n<ul class=\"wp-block-list\"><li>una secci\u00f3n de preguntas frecuentes<\/li><li>una opci\u00f3n que dirige al blog de Qu\u00e9Bueno<\/li><li>mucha m\u00e1s informaci\u00f3n sobre la atenci\u00f3n al cliente<\/li><\/ul>\n\n\n\n<p>Una vez que te hayas informado completamente sobre los servicios de pr\u00e9stamos Qu\u00e9Bueno y las condiciones para obtener el cr\u00e9dito, puedes proceder con la solicitud.<\/p>\n\n\n\n<h4 class=\"wp-block-heading\"><strong>2. Selecciona el tiempo y la cantidad del pr\u00e9stamo:<\/strong><\/h4>\n\n\n\n<p>En la p\u00e1gina encontrar\u00e1s un simulador de pr\u00e9stamos con dos barras m\u00f3viles en las que puedes definir&nbsp;<\/p>\n\n\n\n<ol class=\"wp-block-list\"><li>la cantidad que quieres pedir con Qu\u00e9Bueno<\/li><li>el tiempo que tardar\u00e1s en devolver tu pr\u00e9stamo Qu\u00e9Bueno<\/li><\/ol>\n\n\n\n<p>De Inicio podr\u00e1s solicitar un m\u00e1ximo de 200\u20ac, por ser tu primera vez, y pagarlo en hasta 30 d\u00edas.<\/p>\n\n\n\n<p>Una vez hayas elegido los l\u00edmites del microcr\u00e9dito, se te mostrar\u00e1n los intereses y la fecha de vencimiento. Presta mucha atenci\u00f3n a dichas condiciones, rev\u00edsalas cuidadosamente y luego presiona el bot\u00f3n \u201cSolicitar\u201d.&nbsp;<\/p>\n\n\n\n<h4 class=\"wp-block-heading\"><strong>3. Llenar el Formulario:<\/strong><\/h4>\n\n\n\n<p>Se te presentar\u00e1 un formulario digital, solicitando los datos necesarios para que se pueda verificar tu identidad y tu solvencia econ\u00f3mica, que incluye:<\/p>\n\n\n\n<ul class=\"wp-block-list\"><li>nombre completo, tal y como aparece en tu DNI o NIE<\/li><li>fecha de nacimiento<\/li><li>n\u00famero de tu DNI o NIE<\/li><li>datos de tu cuenta bancaria<\/li><li>direcci\u00f3n de correo electr\u00f3nico<\/li><\/ul>\n\n\n\n<p>En el formulario encontrar\u00e1s un panel de selecci\u00f3n con varias opciones. Aqu\u00ed podr\u00e1s elegir el motivo para solicitar tu pr\u00e9stamo Qu\u00e9Bueno. A pesar de no ser un requisito indispensable, se utilizar\u00e1 para determinar el microcr\u00e9dito que se adapta mejor a tus necesidades.&nbsp;<\/p>\n\n\n\n<h4 class=\"wp-block-heading\"><strong>4. Confirmar tu identidad v\u00eda correo electr\u00f3nico<\/strong><\/h4>\n\n\n\n<p>Luego de rellenar el formulario, Qu\u00e9Bueno se tomar\u00e1 unos minutos para analizar tus datos y aprobar el cr\u00e9dito. En caso de que el resultado sea positivo, se te enviar\u00e1 un correo electr\u00f3nico para verificar tu identidad y para que aceptes definitivamente el cr\u00e9dito.&nbsp;<\/p>\n\n\n\n<p>En este correo electr\u00f3nico se te presentar\u00e1n por \u00faltima vez las condiciones de tu pr\u00e9stamo Qu\u00e9Bueno. Rev\u00edsalos detalladamente antes de confirmar.<\/p>\n\n\n\n<p>Si no cumples alguna de las condiciones obligatorias y tu <strong><a href=\"https:\/\/www.moneybob.com\/es\/prestamos\/minicreditos\/\" data-type=\"URL\" data-id=\"https:\/\/www.moneybob.com\/es\/prestamos\/minicreditos\/\">minicr\u00e9dito<\/a><\/strong> es rechazado, tambi\u00e9n recibir\u00e1s una notificaci\u00f3n por esta v\u00eda. Pero no te preocupes, podr\u00e1s volver a solicitarlo al instante aportando la documentaci\u00f3n necesaria; aunque se recomienda esperar un par de d\u00edas.<\/p>\n\n\n\n<h4 class=\"wp-block-heading\"><strong>5. Recibe tu dinero.<\/strong><\/h4>\n\n\n\n<p>\u00a1Enhorabuena! Una vez que hayas seguido todos los pasos anteriores y se haya confirmado tu identidad, el dinero llegar\u00e1 desde Qu\u00e9Bueno a tu cuenta casi de inmediato, para que puedas utilizarlo al momento.<\/p>\n\n\n\n<h2 class=\"gb-headline gb-headline-ec47a463 gb-headline-text\">Qu\u00e9Bueno opiniones<\/h2>\n\n\n\n<p>\u00bfBuscas sobre Qu\u00e9Bueno opiniones verificadas? Hemos encontrado muchas valoraciones sobre Qu\u00e9Bueno en la red, y la mayor\u00eda son positivas. Queda claro que Qu\u00e9Bueno dispone de una de las plataformas de pr\u00e9stamos m\u00e1s accesibles, en cuanto a condiciones y rapidez, porque:<\/p>\n\n\n\n<ul class=\"wp-block-list\"><li>No se te exigir\u00e1 ning\u00fan aval para solicitar un cr\u00e9dito.&nbsp;<\/li><li>No se te pedir\u00e1 presentar documentaci\u00f3n en f\u00edsico.&nbsp;<\/li><li>Luego de haber pedido y cancelado a tiempo tu primer pr\u00e9stamo, ser\u00e1s un cliente prioritario para la aprobaci\u00f3n de nuevos cr\u00e9ditos con mejores condiciones.<\/li><li>Cuenta con un l\u00edmite m\u00ednimo de edad (18 a\u00f1os) m\u00e1s bajo que la mayor\u00eda de los entes financieros que realizan pr\u00e9stamos online.&nbsp;<\/li><\/ul>\n\n\n\n<p>Tambi\u00e9n es posible encontrar sobre Qu\u00e9Bueno opiniones negativas, principalmente en foros p\u00fablicos online. Sin embargo, conviene ser precavidos al respecto porque muchas personas solicitan sus pr\u00e9stamos sin apenas informarse sobre las condiciones. Adem\u00e1s, en el c\u00f3mputo global la cantidad de informaci\u00f3n p\u00fablica sobre Qu\u00e9Bueno opiniones es mucho m\u00e1s positiva que negativa.<\/p>\n\n\n\n<p>En caso de que quieras leer los comentarios de otros usuarios, la recomendaci\u00f3n es que tomes en cuenta la mayor cantidad de rese\u00f1as de clientes, para que puedas comparar diversas opiniones. Encontrar\u00e1s comentarios positivos en referencia a la facilidad y rapidez para procesar los pr\u00e9stamos, de parte de usuarios que han logrado solucionar urgencias financieras gracias a los pr\u00e9stamos Qu\u00e9Bueno.&nbsp;<\/p>\n\n\n\n<p>Es de esperar que un usuario que sufre un imprevisto y requiere una soluci\u00f3n que incluya un gasto de unos 200\u20ac, vea como un aspecto positivo poder contar con dichos fondos tan solo 15 minutos despu\u00e9s de haber iniciado la solicitud.&nbsp;<\/p>\n\n\n\n<p>Algunas de las opiniones que puedes encontrar en la web por parte de clientes de Qu\u00e9Bueno son las siguientes:<\/p>\n\n\n\n<ul class=\"wp-block-list\"><li>\u201cRapidez y eficacia. Muy buen servicio de soporte, por parte de las personas que atienden, amables y efectivas\u201d.<\/li><li>\u201c\u00a1Excelente! Muy transparente, f\u00e1cil y sin muchos requisitos para ayudarte a llegar a fin de mes, el pago de alguna factura o para cualquier otro peque\u00f1o apoyo econ\u00f3mico que nos pueda hacer falta. \u00a1Yo no elijo otro!\u201d.&nbsp;<\/li><li>\u201cServicio r\u00e1pido y eficaz\u201d.&nbsp;<\/li><li>\u201cComo siempre, todo perfecto. F\u00e1cil, r\u00e1pido, comisiones bajas\u2026 La mejor plataforma de micropr\u00e9stamos para m\u00ed. Muchas gracias por todo\u201d.&nbsp;<\/li><li>\u201cEn mi opini\u00f3n el servicio que ofrecen es perfecto. Todo es r\u00e1pido y seguro, en lo que a m\u00ed respecta el dinero lo tengo en la cuenta a los pocos segundos, inmejorable\u201d.<\/li><\/ul>\n\n\n\n<p>El valor de este tipo de opiniones Qu\u00e9Bueno radica en que se trata de las impresiones directas de usuarios comunes que accedieron al servicio, que realizaron todo el proceso, obtuvieron los fondos que solicitaron y completaron todos los pasos que t\u00fa podr\u00edas iniciar ahora mismo.<\/p>\n\n\n\n<p>Ahora bien, en caso de que quieras acceder a informaci\u00f3n especializada, no te ser\u00e1 dif\u00edcil encontrar rese\u00f1as en p\u00e1ginas webs y blogs dedicados a los servicios financieros. Teniendo en cuenta que Qu\u00e9Bueno cuenta con m\u00e1s de una d\u00e9cada ofreciendo sus productos crediticios en el mercado espa\u00f1ol, ha sido objeto de atenci\u00f3n de diferentes expertos en asuntos econ\u00f3micos.&nbsp;<\/p>\n\n\n\n<p>En consenso general, tanto en opiniones de usuarios como en rese\u00f1as especializadas, es posible determinar que la plataforma Qu\u00e9Bueno ofrece uno de los servicios de microcr\u00e9ditos m\u00e1s accesibles del mercado espa\u00f1ol.<\/p>\n","protected":false},"excerpt":{"rendered":"<p>Qu\u00e9Bueno es un producto financiero perteneciente a la sociedad NBQ Technology, S.A.U, una entidad registrada que opera online ofreciendo a clientes del mercado espa\u00f1ol la &#8230; <\/p>\n<p class=\"read-more-container\"><a title=\"Qu\u00e9Bueno opiniones\" class=\"read-more button\" href=\"https:\/\/www.moneybob.com\/es\/prestamos\/quebueno\/#more-6249\" aria-label=\"Leer m\u00e1s sobre Qu\u00e9Bueno opiniones\">Leer m\u00e1s<\/a><\/p>\n","protected":false},"author":3,"featured_media":0,"parent":5969,"menu_order":0,"comment_status":"closed","ping_status":"closed","template":"","meta":{"_eb_attr":"","footnotes":""},"class_list":["post-6249","page","type-page","status-publish"],"_links":{"self":[{"href":"https:\/\/www.moneybob.com\/es\/wp-json\/wp\/v2\/pages\/6249","targetHints":{"allow":["GET"]}}],"collection":[{"href":"https:\/\/www.moneybob.com\/es\/wp-json\/wp\/v2\/pages"}],"about":[{"href":"https:\/\/www.moneybob.com\/es\/wp-json\/wp\/v2\/types\/page"}],"author":[{"embeddable":true,"href":"https:\/\/www.moneybob.com\/es\/wp-json\/wp\/v2\/users\/3"}],"replies":[{"embeddable":true,"href":"https:\/\/www.moneybob.com\/es\/wp-json\/wp\/v2\/comments?post=6249"}],"version-history":[{"count":0,"href":"https:\/\/www.moneybob.com\/es\/wp-json\/wp\/v2\/pages\/6249\/revisions"}],"up":[{"embeddable":true,"href":"https:\/\/www.moneybob.com\/es\/wp-json\/wp\/v2\/pages\/5969"}],"wp:attachment":[{"href":"https:\/\/www.moneybob.com\/es\/wp-json\/wp\/v2\/media?parent=6249"}],"curies":[{"name":"wp","href":"https:\/\/api.w.org\/{rel}","templated":true}]}}