{"id":2833,"date":"2021-01-09T12:49:24","date_gmt":"2021-01-09T17:49:24","guid":{"rendered":"https:\/\/www.moneybob.com\/about-us\/"},"modified":"2021-11-18T11:52:47","modified_gmt":"2021-11-18T11:52:47","slug":"over-ons","status":"publish","type":"page","link":"https:\/\/www.moneybob.com\/nl\/over-ons\/","title":{"rendered":"Over ons"},"content":{"rendered":"<div class=\"gb-container gb-container-4eed515f\"><div class=\"gb-inside-container\">\n<div class=\"gb-grid-wrapper gb-grid-wrapper-5cc28016\">\n<div class=\"gb-grid-column gb-grid-column-a838af9a\"><div class=\"gb-container gb-container-a838af9a\"><div class=\"gb-inside-container\">\n\n<h2 class=\"gb-headline gb-headline-88929f80 gb-headline-text\">Onze missie<\/h2>\n\n\n\n<p><a href=\"httsp:\/\/www.moneybob.com\/\" data-type=\"URL\" data-id=\"https:\/\/www.moneybob.com\/\">Moneybob<\/a> is een onafhankelijke wereldwijde financi\u00eble vergelijkingswebsite met als doel om persoonlijke financi\u00eble vergelijkingstools aan te bieden aan gebruikers wereldwijd. Wij hebben veel ervaring met het runnen van financi\u00eble vergelijkingswebsites in verschillende landen en streven er nu naar om mensen wereldwijd te helpen.<\/p>\n\n\n\n<p>Wij zijn niet verbonden aan \u00e9\u00e9n enkele aanbieder en zijn dus volledig onafhankelijk.<\/p>\n\n\n\n<h2 class=\"wp-block-heading\">Hoe wij geld verdienen<\/h2>\n\n<\/div><\/div><\/div>\n\n<div class=\"gb-grid-column gb-grid-column-4dd313f4\"><div class=\"gb-container gb-container-4dd313f4\"><div class=\"gb-inside-container\">\n\n<div class=\"wp-block-image\"><figure class=\"aligncenter size-large is-resized\"><img loading=\"lazy\" decoding=\"async\" src=\"https:\/\/www.moneybob.com\/wp-content\/uploads\/about_moneybob.svg\" alt=\"Over Moneybob.com\" class=\"wp-image-2779\" width=\"316\" height=\"260\" title=\"\"><\/figure><\/div>\n\n<\/div><\/div><\/div>\n<\/div>\n\n\n<p>De tools op onze website zijn volledig gratis te gebruiken voor onze bezoekers en wij zullen je nooit iets in rekening brengen voor het gebruik ervan. Wij verdienen geld wanneer je je aanmeldt bij een bepaalde aanbieder, een product koopt of wanneer u doorklikt naar een aanbieder. Dit heet affiliate marketing en wij werken ofwel rechtstreeks met aanbieders van producten ofwel via een tussenpersoon die affiliate netwerk heet.<\/p>\n\n\n\n<p>Wij vermelden ook producten op onze website waarvoor wij geen commissie ontvangen om ervoor te zorgen dat je een beslissing kunt nemen op basis van onbevooroordeelde informatie.<\/p>\n\n\n\n<p>Om meer te lezen over deze website en hoe wij werken, kun je de onderstaande bronnen raadplegen:<\/p>\n\n\n\n<ul class=\"wp-block-list\"><li><a href=\"https:\/\/www.moneybob.com\/nl\/over-ons\/\">Over ons<\/a><\/li><li><a href=\"https:\/\/www.moneybob.com\/nl\/cookiebeleid\/\">Cookiebeleid<\/a><\/li><li><a href=\"https:\/\/www.moneybob.com\/nl\/disclaimer\/\">Disclaimer<\/a><\/li><li><a href=\"https:\/\/www.moneybob.com\/nl\/privacybeleid\/\">Privacybeleid<\/a><\/li><\/ul>\n\n\n\n<p>Moneybob.com is eigendom van en wordt beheerd door:<\/p>\n\n\n\n<p>Sterk Digital Limited<br>Moneybob.com<br>Reg: NI676988<br>Titanic Suites, 55-59 Adelaide Street<br>BT2 8 FE, Belfast<br>United Kingdom<\/p>\n\n<\/div><\/div>\n\n<div class=\"gb-container gb-container-924bd821\"><div class=\"gb-inside-container\">\n\n<h2 class=\"gb-headline gb-headline-0210277e gb-headline-text\">Heb je een vraag of suggestie? We horen graag van je<\/h2>\n\n\n<div class=\"gb-button-wrapper gb-button-wrapper-afc1ea4d\">\n\n<a class=\"gb-button gb-button-19ee8466 gb-button-text\" href=\"https:\/\/www.moneybob.com\/nl\/contact\/\">Contact Opnemen<\/a>\n\n<\/div>\n<\/div><\/div>","protected":false},"excerpt":{"rendered":"<p>De tools op onze website zijn volledig gratis te gebruiken voor onze bezoekers en wij zullen je nooit iets in rekening brengen voor het gebruik &#8230; <\/p>\n<p class=\"read-more-container\"><a title=\"Over ons\" class=\"read-more button\" href=\"https:\/\/www.moneybob.com\/nl\/over-ons\/#more-2833\" aria-label=\"Lees meer over Over ons\">Lees meer<\/a><\/p>\n","protected":false},"author":2,"featured_media":0,"parent":0,"menu_order":0,"comment_status":"closed","ping_status":"closed","template":"","meta":{"_eb_attr":"","footnotes":""},"class_list":["post-2833","page","type-page","status-publish"],"_links":{"self":[{"href":"https:\/\/www.moneybob.com\/nl\/wp-json\/wp\/v2\/pages\/2833","targetHints":{"allow":["GET"]}}],"collection":[{"href":"https:\/\/www.moneybob.com\/nl\/wp-json\/wp\/v2\/pages"}],"about":[{"href":"https:\/\/www.moneybob.com\/nl\/wp-json\/wp\/v2\/types\/page"}],"author":[{"embeddable":true,"href":"https:\/\/www.moneybob.com\/nl\/wp-json\/wp\/v2\/users\/2"}],"replies":[{"embeddable":true,"href":"https:\/\/www.moneybob.com\/nl\/wp-json\/wp\/v2\/comments?post=2833"}],"version-history":[{"count":0,"href":"https:\/\/www.moneybob.com\/nl\/wp-json\/wp\/v2\/pages\/2833\/revisions"}],"wp:attachment":[{"href":"https:\/\/www.moneybob.com\/nl\/wp-json\/wp\/v2\/media?parent=2833"}],"curies":[{"name":"wp","href":"https:\/\/api.w.org\/{rel}","templated":true}]}}