{"id":5364,"date":"2022-05-09T10:49:31","date_gmt":"2022-05-09T10:49:31","guid":{"rendered":"https:\/\/www.moneybob.com\/?page_id=5364"},"modified":"2025-01-15T14:32:26","modified_gmt":"2025-01-15T14:32:26","slug":"mexem","status":"publish","type":"page","link":"https:\/\/www.moneybob.com\/nl\/beleggen\/brokers-vergelijken\/mexem\/","title":{"rendered":"MeXem Review"},"content":{"rendered":"<div class=\"wp-block-image is-resized\">\n<figure class=\"alignright size-full\"><img loading=\"lazy\" decoding=\"async\" width=\"300\" height=\"296\" src=\"https:\/\/www.moneybob.com\/wp-content\/uploads\/MeXem.png\" alt=\"MeXem review\" class=\"wp-image-5367\" title=\"\"><figcaption class=\"wp-element-caption\">MeXem review.<\/figcaption><\/figure>\n<\/div>\n\n\n<p>MeXem is een internationale broker die reeds een behoorlijke tijd meedraait op de markt. Ze werd op zowel de Nederlandse als de Belgische markt ge\u00efntroduceerd in de zomer van 2018. In andere delen van de wereld is ze op moment van schrijven reeds meer dan 30 jaar actief als broker. Het platform waar gebruikers bij deze broker toegang tot krijgen voldoet aan de EU-regulering. Bovendien beschikt deze broker over een <a href=\"https:\/\/afm.nl\/\" target=\"_blank\" data-type=\"URL\" data-id=\"https:\/\/afm.nl\/\" data-schema-attribute=\"mentions\" rel=\"noreferrer noopener\">licentie verkregen door de AFM<\/a>.<\/p>\n\n\n\n<p>Voor MeXem geldt dat ze vergelijkbaar met TradersOnly en Lynx deel uitmaakt van het Amerikaanse Interactive Brokers collectief. Het is ook Interactive Brokers Nederland die verantwoordelijk is voor het beheer van het handelsplatform waar MeXem over beschikt. Zij staat bovendien onder de controle van de Amerikaanse SEC wat ervoor zorgt dat een optimale betrouwbaarheid is gegarandeerd. <\/p>\n\n\n\n<p>Wil jij ook graag beleggen bij MeXem, maar zou je graag in eerste instantie meer te weten willen komen over deze broker? Dan moet je vooral verder blijven lezen!<\/p>\n\n\n\n<div class=\"nichetable_wrap\" style=\"--nt-border-lr:6px;--nt-border-tb:3px;--nt-rhbg:#f9f9f9;--dfs:14px;--pnb-tyle:solid;--pnb-width:1px\"><table id=\"nichetablewpwp\" class=\"niche_table table_wrap pro ms_desable cpath1 btable btr tr_ballm t_brack has_rhbg\" width=\"100%\"><tbody class=\"nithetabletbody\">\n<tr class=\"nichetable__tr\">\n<td class=\"nichetable__td mc_img\" style=\"min-width:150px\"><div class=\"nichetable__td-wrap\"><div class=\"nichetable__content text-center\"><figure class=\"mcontent__img\"><img loading=\"lazy\" decoding=\"async\" class=\"mcimg\" src=\"https:\/\/www.moneybob.com\/wp-content\/uploads\/mexem-logo-1.png\" alt=\"Mexem\" width=\"212\" height=\"153\" title=\"\"><\/figure><\/div><\/div><\/td>\n\n\n\n<td class=\"nichetable__td mc_has_text\"><div class=\"nichetable__td-wrap\"><div class=\"nichetable__content\">\n<div class=\"tablelist pro list_icon-circle-small listicon_inline mt-5 mb-5\" style=\"--icon-color:#00143d;--list-space:3px\"><ul><li>Aandelen, ETF\u2019s, Obligaties, Opties<\/li><li>CYSEC vergunning<\/li><li>\u20ac 1000 aandelen: \u20ac 1,80<\/li><\/ul><\/div>\n<\/div><\/div><\/td>\n\n\n\n<td class=\"nichetable__td c-rating mc_rating\"><div class=\"nichetable__td-wrap\"><div class=\"nichetable__content\"><div class=\"rating-wrap inside\"><div class=\"rating-content\"><\/div><div class=\"rnislundefined\"><div class=\"rating-wrap type2\"><div class=\"star-ratings-top\" style=\"width:80%;color:#ffc900\"><span class=\"icon-star-full\"><\/span><span class=\"icon-star-full\"><\/span><span class=\"icon-star-full\"><\/span><span class=\"icon-star-full\"><\/span><span class=\"icon-star-full\"><\/span><\/div><div class=\"star-ratings-bottom\"><span class=\"icon-star-full\"><\/span><span class=\"icon-star-full\"><\/span><span class=\"icon-star-full\"><\/span><span class=\"icon-star-full\"><\/span><span class=\"icon-star-full\"><\/span><\/div><\/div><\/div><\/div><\/div><\/div><\/td>\n\n\n\n<td class=\"nichetable__td mc_has_link\" style=\"min-width:130px\"><div class=\"nichetable__td-wrap\"><div class=\"nichetable__content text-center\"><div class=\"btn_wrap\"><a class=\"mcontent__link mctext bi_right icon-arrow-right2 cp_style1 mc_has_htcolor mc_has_hbgcolor mc_has_iconcolor icon_slide_r btn_break_nowrap\" style=\"text-align:center;color:#ffffff;background-color:#0257ff;--btn-hcolor:#fff;--btn-hbg:#002266;--btnicon-color:#ffffff;--icon-dis:10px\" href=\"https:\/\/www.moneybob.com\/go\/mexem\" target=\"_blank\" rel=\"sponsored\"><strong><strong>Naar Mexem<\/strong><\/strong><\/a><\/div><\/div><\/div><\/td>\n<\/tr>\n<\/tbody><\/table><\/div>\n\n\n\n<h2 class=\"gb-headline gb-headline-644ad597 gb-headline-text\">In welke producten kan je beleggen bij MeXem?<\/h2>\n\n\n\n<p>In eerste instantie is het natuurlijk de moeite waard om even te kijken naar de verschillende beleggingsproducten die worden aangeboden door de broker MeXem. Wat dit betreft zal je kunnen vaststellen dat nagenoeg alle populaire beleggingsproducten worden aangeboden door deze broker. Denk hierbij dan niet alleen aan aandelen en <strong><a href=\"https:\/\/www.moneybob.com\/nl\/beleggen\/etf-beleggen\/\" data-type=\"page\" data-id=\"5243\">ETF\u2019s<\/a><\/strong>, maar ook aan bijvoorbeeld:<\/p>\n\n\n\n<p>Obligaties;<br>Sprinters;<br>Turbo\u2019s;<br>Futures;<br>CFD\u2019s;<\/p>\n\n\n\n<p>Het ruime aanbod van MeXem zorgt er in de praktijk uiteraard voor dat zowel traders als lange termijn beleggers bij deze broker aan de slag kunnen. Op moment van schrijven is het bij deze broker mogelijk om te beleggen op meer dan 120 beurzen verspreid over 30 landen.<\/p>\n\n\n\n<h2 class=\"wp-block-heading\">Bij MeXem beleggen is mogelijk met verschillende accounts<\/h2>\n\n\n\n<p>Om zo optimaal mogelijk tegemoet te kunnen komen aan de wensen van haar gebruikers heeft de broker MeXem ervoor gekozen om verschillende soorten accounts in het leven te roepen. Concreet betekent dit dat je bij deze broker een keuze kan maken uit de onderstaande mogelijkheden:<\/p>\n\n\n\n<ul class=\"wp-block-list\">\n<li>Particulier of priv\u00e9 account;<\/li>\n\n\n\n<li>Family account;<\/li>\n\n\n\n<li>Family office account;<\/li>\n\n\n\n<li>Zakelijk account;<\/li>\n<\/ul>\n\n\n\n<p>Het is perfect mogelijk dat jij er als <strong><a href=\"https:\/\/www.moneybob.com\/nl\/beleggen\/\" data-type=\"page\" data-id=\"5101\">belegger<\/a><\/strong> voor wil kiezen om op verschillende manieren te beleggen. Misschien wil je bijvoorbeeld wel graag \u00e9\u00e9n account maken puur voor jezelf terwijl je met een ander account graag samen met je partner wil beleggen. Dat is geen enkel probleem. Voor zakelijke beleggers is het zelfs mogelijk om een speciaal zakelijk account aan te maken bij MeXem.<\/p>\n\n\n\n<h2 class=\"gb-headline gb-headline-4cb11a86 gb-headline-text\">Hoeveel bedragen de kosten bij MeXem?<\/h2>\n\n\n\n<p>Het spreekt voor zich dat elke broker op een bepaalde manier geld moet kunnen verdienen met de diensten die zij aanbiedt. Dat geldt ook voor MeXem. In eerste instantie is het zo dat deze broker er graag alles aan wil doen om beleggen voor haar gebruikers zo voordelig mogelijk te houden. Dat blijkt ook meteen uit de verschillende zaken die gratis worden aangeboden. Zowel het openen van een rekening als het doorgeven van telefonische orders (wat dus nog steeds mogelijk is) is gratis. Bovendien valt het op dat ook de andere kosten van deze broker op z\u2019n minst zeer concurrentieel te noemen zijn. Een overzichtje van de belangrijkste kosten is hieronder terug te vinden.<\/p>\n\n\n\n<ul class=\"wp-block-list\">\n<li>0,06% bij Nederlandse aandelen;<\/li>\n\n\n\n<li>0,06% bij andere Europese aandelen;<\/li>\n\n\n\n<li>0,005% bij Amerikaanse aandelen;<\/li>\n\n\n\n<li>0,15% bij beleggen in obligaties;<\/li>\n<\/ul>\n\n\n\n<p>Er dient rekening mee te worden gehouden dat er voor alle transactiekosten ook minimumkosten gelden. Deze minimumkost is bij Europese aandelen (dus ook bij Nederlandse) vastgesteld op 1,80 euro. Voor Amerikaanse aandelen geldt een minimale transactiekost van 2,50 euro. Wie graag wil beleggen in obligaties dient rekening te houden met een vereiste kostprijs van ten minste 5 euro.<\/p>\n\n\n\n<h2 class=\"gb-headline gb-headline-d495bd96 gb-headline-text\">Welke valutakosten brengt MeXem in rekening?<\/h2>\n\n\n\n<p>Bij MeXem beleggen betekent dat je geconfronteerd kan worden met bepaalde valutakosten. Deze kosten worden in rekening gebracht wanneer er bijvoorbeeld een conversie dient te gebeuren van de euro naar de Amerikaanse dollar. Op moment van schrijven geldt dat er hiervoor een kost wordt aangerekend van 0,05 procent. Let wel, voor deze kost geldt een minimumbedrag van 5 Amerikaanse dollar per order. Dit is een niet onbelangrijke kost waar je bij beleggen in internationale aandelen uiteraard zeker en vast rekening mee zal willen (en moeten) houden.<\/p>\n\n\n\n<h2 class=\"gb-headline gb-headline-2c8a40d5 gb-headline-text\">Op welke features kan je rekenen bij MeXem?<\/h2>\n\n\n\n<p>In zowat elke MeXem review die je op het internet terug kan vinden wordt er wel gesproken over de uitgebreide features die het handelsplatform van deze broker aanbiedt. Wat dit betreft kan je concreet denken aan de features die we hieronder voor je op een rijtje hebben gezet:<\/p>\n\n\n\n<ul class=\"wp-block-list\">\n<li>Stockscreeners;<\/li>\n\n\n\n<li>Fundamentele data;<\/li>\n\n\n\n<li>Technische analyse;<\/li>\n\n\n\n<li>Optietrading tool;<\/li>\n\n\n\n<li>Risico analyse;<\/li>\n<\/ul>\n\n\n\n<p>Voor alle bovenstaande tools geldt dat er gratis gebruik van kan worden gemaakt door gebruikers van het MeXem platform. Voordat je gaat investeren in \u00e9\u00e9n of meerdere beleggingsproducten spreekt het voor zich dat je als belegger graag een grondige analyse zal willen kunnen uitvoeren. Dat is perfect mogelijk bij MeXem. Op deze manier kan je, ongeacht waarin je precies wenst te beleggen, altijd je zuurverdiende euro\u2019s met een echt gerust hart gaan investeren.<\/p>\n\n\n\n<h2 class=\"gb-headline gb-headline-70fd9d62 gb-headline-text\">Traders Workstation, het beste handelsplatform?<\/h2>\n\n\n\n<p>In het verleden werd het handelsplatform waar door MeXem gebruik van wordt gemaakt reeds meerdere malen bestempeld als beste platform ter wereld. Voor dit platform geldt dan ook dat ze is ontwikkeld door en voor beleggers. Indien je gebruik gaat maken van dit platform krijg je onder meer toegang tot de zogenaamde TWS Moza\u00efek. Deze tool maakt het mogelijk om in \u00e9\u00e9n klap toegang te krijgen tot niet alleen uitgebreide handelsmogelijkheden, maar ook tot orderbeheer evenals watchlist- en portfoliotools.<\/p>\n\n\n\n<p>Eveneens een niet onbelangrijke feature waar je op kan rekenen bij de MeXem broker is de zogenaamde SmartRouting Software. Voor deze software geldt dat ze continue op zoek gaat naar de beste prijzen die beschikbaar zijn op het ogenblik dat er een order wordt doorgegeven. Van zodra het systeem de goedkoopste prijs heeft gevonden zal je order automatisch worden doorgevoerd. In ieder geval, het omvangrijke aanbod aan features waar je op kan rekenen bij het handelsplatform waar door MeXem gebruik van wordt gemaakt zorgt er ongetwijfeld voor dat er aan zowat alle wensen en verwachtingen van jou als belegger tegemoet kan worden gekomen.<\/p>\n\n\n\n<h2 class=\"gb-headline gb-headline-976fa969 gb-headline-text\">Autotrading mogelijkheden bij MeXem<\/h2>\n\n\n\n<p>MeXem is een broker die het mogelijk maakt om aan autotrading te doen. Dit is het gevolg van de mogelijkheid om te handelen met behulp van een zogenaamde API. Een API of een Application Programming Interface is een automatisch handelssysteem die zoals de naam reeds aangeeft automatisch orders kan versturen naar de beurs. Het versturen van deze orders gebeurt op basis van regels die op voorhand zijn geprogrammeerd. MeXem beschikt over een uitgebreide API bibliotheek waarin codevoorbeelden zijn terug te vinden die door deze broker worden ondersteund. Het spreekt voor zich dat autotrading niet voor alle beleggers even geschikt is. Wanneer jij op zoek bent naar een broker die dit ondersteunt hoef je echter duidelijk niet meer verder te zoeken.<\/p>\n\n\n\n<h2 class=\"gb-headline gb-headline-b5429440 gb-headline-text\">Mobiel beleggen met behulp van de MeXem app<\/h2>\n\n\n\n<p>Voor veel beleggers geldt dat ze vaak onderweg zijn. Tegenwoordig is het vrij eenvoudig mogelijk om waar en wanneer je dat maar wenst toegang te kunnen hebben tot je beleggingsportefeuille. Dit kan bijvoorbeeld gebeuren door gebruik te maken van de MeXem app. Deze handige mobiele applicatie is zowel beschikbaar voor iOS als voor Android systemen. Niet alleen maakt deze mobiele applicatie het mogelijk om op eender welk gewenst ogenblik posities te openen of te sluiten, daarnaast kan je ook altijd de actuele inhoud (en rendementen) van je portefeuille raadplegen. Ook de aanwezigheid van deze mobiele app is dan ook beslist een niet onbelangrijk voordeel van de broker MeXem.<\/p>\n\n\n\n<h2 class=\"gb-headline gb-headline-16531041 gb-headline-text\">Gratis demo-account aanmaken bij MeXem<\/h2>\n\n\n\n<p>Wanneer je de MeXem ervaringen leest die op het internet zijn terug te vinden zal je kunnen vaststellen dat deze over het algemeen zeer lovend zijn. Dit gezegd hebbende is het wel zo dat menig aantal gebruikers van mening zijn dat het handelsplatform van deze broker vrij complex ineen zit. Dat hoeft niet meteen een groot probleem te zijn. Vaak is dit in de praktijk immers vooral een kwestie van gewenning. Dit gezegd hebbende geldt voor (nieuwe) gebruikers van deze broker dat zij altijd over de mogelijkheid beschikken om een gratis demo-account aan te maken.<\/p>\n\n\n\n<p>Wanneer er een gratis demo-account wordt aangemaakt bij MeXem betekent dit dat je aan de slag kan gaan met fictief geld. Op deze manier kan je zonder dat je financi\u00eble risico\u2019s moet lopen kennismaken met het platform evenals met alle features die door MeXem worden aangeboden.<\/p>\n\n\n\n<div class=\"nichetable_wrap\" style=\"--nt-border-lr:6px;--nt-border-tb:3px;--nt-rhbg:#f9f9f9;--dfs:14px;--pnb-tyle:solid;--pnb-width:1px\"><table id=\"nichetablewpwp\" class=\"niche_table table_wrap pro ms_desable cpath1 btable btr tr_ballm t_brack has_rhbg\" width=\"100%\"><tbody class=\"nithetabletbody\">\n<tr class=\"nichetable__tr\">\n<td class=\"nichetable__td mc_img\" style=\"min-width:150px\"><div class=\"nichetable__td-wrap\"><div class=\"nichetable__content text-center\"><figure class=\"mcontent__img\"><img loading=\"lazy\" decoding=\"async\" class=\"mcimg\" src=\"https:\/\/www.moneybob.com\/wp-content\/uploads\/mexem-logo-1.png\" alt=\"Mexem\" width=\"212\" height=\"153\" title=\"\"><\/figure><\/div><\/div><\/td>\n\n\n\n<td class=\"nichetable__td mc_has_text\"><div class=\"nichetable__td-wrap\"><div class=\"nichetable__content\">\n<div class=\"tablelist pro list_icon-circle-small listicon_inline mt-5 mb-5\" style=\"--icon-color:#00143d;--list-space:3px\"><ul><li>Aandelen, ETF\u2019s, Obligaties, Opties<\/li><li>CYSEC vergunning<\/li><li>\u20ac 1000 aandelen: \u20ac 1,80<\/li><\/ul><\/div>\n<\/div><\/div><\/td>\n\n\n\n<td class=\"nichetable__td c-rating mc_rating\"><div class=\"nichetable__td-wrap\"><div class=\"nichetable__content\"><div class=\"rating-wrap inside\"><div class=\"rating-content\"><\/div><div class=\"rnislundefined\"><div class=\"rating-wrap type2\"><div class=\"star-ratings-top\" style=\"width:80%;color:#ffc900\"><span class=\"icon-star-full\"><\/span><span class=\"icon-star-full\"><\/span><span class=\"icon-star-full\"><\/span><span class=\"icon-star-full\"><\/span><span class=\"icon-star-full\"><\/span><\/div><div class=\"star-ratings-bottom\"><span class=\"icon-star-full\"><\/span><span class=\"icon-star-full\"><\/span><span class=\"icon-star-full\"><\/span><span class=\"icon-star-full\"><\/span><span class=\"icon-star-full\"><\/span><\/div><\/div><\/div><\/div><\/div><\/div><\/td>\n\n\n\n<td class=\"nichetable__td mc_has_link\" style=\"min-width:130px\"><div class=\"nichetable__td-wrap\"><div class=\"nichetable__content text-center\"><div class=\"btn_wrap\"><a class=\"mcontent__link mctext bi_right icon-arrow-right2 cp_style1 mc_has_htcolor mc_has_hbgcolor mc_has_iconcolor icon_slide_r btn_break_nowrap\" style=\"text-align:center;color:#ffffff;background-color:#0257ff;--btn-hcolor:#fff;--btn-hbg:#002266;--btnicon-color:#ffffff;--icon-dis:10px\" href=\"https:\/\/www.moneybob.com\/go\/mexem\" target=\"_blank\" rel=\"sponsored\"><strong><strong>Naar Mexem<\/strong><\/strong><\/a><\/div><\/div><\/div><\/td>\n<\/tr>\n<\/tbody><\/table><\/div>\n\n\n\n<h3 class=\"gb-headline gb-headline-8bac21a7 gb-headline-text\">Alle voordelen van de broker MeXem op een rijtje<\/h3>\n\n\n\n<p>Bij MeXem beleggen zorgt ervoor dat je als gebruiker kan rekenen op best een aantal interessante voordelen. In eerste instantie zijn er de lage tarieven die door deze broker worden gehanteerd. Voor iedereen die gaat beleggen geldt dat het ontzettend belangrijk is om zich er van bewust te zijn dat de kosten die je bij beleggen moet betalen zomaar van doorslaggevend belang kunnen zijn bij het uiteindelijke rendement dat je kan behalen.<\/p>\n\n\n\n<p>Gebruikmaken van een broker die zo laag mogelijke kosten hanteert is dan ook zeker geen overbodige luxe, in tegendeel. Voor MeXem geldt dat ze er alles aan doet om haar tarieven zo beperkt mogelijk te houden wat als gevolg heeft dat ze zowel voor de beginnende als voor de ervaren belegger als een interessante broker kan worden bestempeld.<\/p>\n\n\n\n<p>Wanneer je de mogelijkheden van MeXem van naderbij gaat bekijken zal je kunnen vaststellen dat ze op dit vlak alles biedt waar je als belegger ook maar enigszins naar op zoek kan zijn. Dit betekent in eerste instantie dat er een keuze kan worden gemaakt uit zeer veel verschillende beleggingsproducten. Dat is echter niet alles. <\/p>\n\n\n\n<p>Daarnaast is er namelijk natuurlijk ook nog het ontzettend featurerijke handelsplatform waar deze broker gebruik van maakt. Ondanks het feit dat de leercurve van het platform misschien wel wat langer is dan je mogelijks in eerste instantie zou verwachten biedt ze je toch alle mogelijkheden waar jij naar op zoek bent.<\/p>\n\n\n\n<h3 class=\"gb-headline gb-headline-fda6094f gb-headline-text\">Voor welke nadelen moet je aandachtig zijn?<\/h3>\n\n\n\n<p>Wanneer je een MeXem review gaat doornemen is de kans ontzettend groot dat er telkens \u00e9\u00e9n vaak gehoord nadeel aan bod zal komen. Dit nadeel heeft betrekking tot het handelsplatform waar MeXem gebruik van maakt. Dat klinkt misschien wat vreemd, niet in het minst omdat dit platform door de jaren heen reeds verschillende keren in de prijzen is gevallen. Begrijp ons niet verkeerd, het handelsplatform van MeXem is in het geheel niet slecht, maar beschikt door de vormgeving en het gigantische aanbod aan features wel over een langere leercurve. Dat is geen probleem voor de wat meer ervaren belegger, maar voor de absolute beginner kan dit wel vervelend zijn.<\/p>\n\n\n\n<p>Gelukkig is het zo dat je als nieuwe gebruiker gewoon op een ongedwongen en vooral risicoloze manier vertrouwd kan geraken met het handelsplatform van MeXem. Het is namelijk voor elke gebruiker mogelijk om een compleet gratis demo-account aan te maken. Op deze manier kan je met een fictieve geldsom reeds alvast een aantal trades of beleggingen uitproberen. Dit nadeel hoeft dus eigenlijk jouw keuze voor MeXem niet echt te be\u00efnvloeden.<\/p>\n\n\n\n<h2 class=\"gb-headline gb-headline-fb43283d gb-headline-text\">Een voordelige broker met ontzettend veel ervaring<\/h2>\n\n\n\n<p>Het vinden van een geschikte broker om gebruik van te maken voor jouw beleggingsavontuur is tegenwoordig lang niet altijd even eenvoudig. Door de jaren heen zijn er op de markt menig aantal nieuwe brokers ge\u00efntroduceerd. Op zich is dat natuurlijk niet slecht, het concurrenti\u00eble aspect is hierdoor immers alleen maar sterk toegenomen. Anderzijds spreekt het voor zich dat het grotere aanbod met brokers ook heeft geleid tot een situatie waarin veel potenti\u00eble beleggers door de bomen het bos niet meer zien. De keuze voor MeXem is er \u00e9\u00e9n die je in de praktijk twee concrete voordelen oplevert. Niet alleen hanteert deze broker lekker lage kosten, daarnaast kan je toch rekenen op ontzettend veel beleggingsmogelijkheden en een zeer geavanceerd handelsplatform.<\/p>\n\n\n\n<p>Ben je nog niet helemaal overtuigd van het feit of MeXem voor jou nu wel echt de beste broker is? Dan kan je jezelf overtuigen door ervoor te kiezen om een gratis demo-account te openen. Op deze manier kan je met fictief geld alle mogelijkheden van het MeXem handelsplatform uitproberen. Ook even de verschillende ervaringen MeXem nalezen die op het internet zijn terug te vinden is uiteraard de moeite waard. Zo kan je precies voor jezelf bepalen of <strong><a href=\"https:\/\/www.moneybob.com\/nl\/beleggen\/brokers-vergelijken\/\" data-type=\"page\" data-id=\"5201\">deze broker geschikt is voor jou<\/a><\/strong> of niet.<\/p>\n","protected":false},"excerpt":{"rendered":"<p>MeXem is een internationale broker die reeds een behoorlijke tijd meedraait op de markt. Ze werd op zowel de Nederlandse als de Belgische markt ge\u00efntroduceerd &#8230; <\/p>\n<p class=\"read-more-container\"><a title=\"MeXem Review\" class=\"read-more button\" href=\"https:\/\/www.moneybob.com\/nl\/beleggen\/brokers-vergelijken\/mexem\/#more-5364\" aria-label=\"Lees meer over MeXem Review\">Lees meer<\/a><\/p>\n","protected":false},"author":2,"featured_media":0,"parent":5201,"menu_order":0,"comment_status":"closed","ping_status":"closed","template":"","meta":{"_eb_attr":"","footnotes":""},"class_list":["post-5364","page","type-page","status-publish"],"_links":{"self":[{"href":"https:\/\/www.moneybob.com\/nl\/wp-json\/wp\/v2\/pages\/5364","targetHints":{"allow":["GET"]}}],"collection":[{"href":"https:\/\/www.moneybob.com\/nl\/wp-json\/wp\/v2\/pages"}],"about":[{"href":"https:\/\/www.moneybob.com\/nl\/wp-json\/wp\/v2\/types\/page"}],"author":[{"embeddable":true,"href":"https:\/\/www.moneybob.com\/nl\/wp-json\/wp\/v2\/users\/2"}],"replies":[{"embeddable":true,"href":"https:\/\/www.moneybob.com\/nl\/wp-json\/wp\/v2\/comments?post=5364"}],"version-history":[{"count":0,"href":"https:\/\/www.moneybob.com\/nl\/wp-json\/wp\/v2\/pages\/5364\/revisions"}],"up":[{"embeddable":true,"href":"https:\/\/www.moneybob.com\/nl\/wp-json\/wp\/v2\/pages\/5201"}],"wp:attachment":[{"href":"https:\/\/www.moneybob.com\/nl\/wp-json\/wp\/v2\/media?parent=5364"}],"curies":[{"name":"wp","href":"https:\/\/api.w.org\/{rel}","templated":true}]}}